{"id":955,"date":"2021-03-04T18:48:58","date_gmt":"2021-03-04T17:48:58","guid":{"rendered":"https:\/\/www.desouches-chirurgien-esthetique.com\/?page_id=955"},"modified":"2023-09-08T14:53:09","modified_gmt":"2023-09-08T12:53:09","slug":"chirurgia-estetica-per-le-rughe","status":"publish","type":"page","link":"https:\/\/www.desouches-chirurgien-esthetique.com\/it\/medecine-esthetique\/medecine-esthetique-du-visage\/medecine-esthetique-des-rides\/","title":{"rendered":"Medicina estetica per le rughe"},"content":{"rendered":"<p class=\"intro\">Oltre a uno stile di vita adattato, \u00e8 disponibile una gamma di mezzi efficaci che migliorano l&#039;aspetto delle rughe.<\/p>\n<h2>Botox (tossina botulinica)<\/h2>\n<p>Il Botox \u00e8 una sostanza che riduce la contrazione muscolare. Ridurre il tono di alcuni muscoli facciali pu\u00f2 aiutare a ridurre le rughe d&#039;espressione, ringiovanire l&#039;aspetto e ridurre il rilassamento cutaneo nella parte inferiore del viso e del collo.<\/p>\n<p>&gt;&gt;&gt;Maggiori dettagli su <a href=\"https:\/\/www.desouches-chirurgien-esthetique.com\/it\/medicina-estetica\/medicina-estetica-del-viso-2\/chirurgia-estetica-per-le-rughe\/iniezione-di-tossina-botulinica-antirughe\/\">iniezioni di botox<\/a><\/p>\n<h2>Filler e iniezioni di acido ialuronico<\/h2>\n<p>L&#039;<strong>acido ialuronico<\/strong> \u00e8 una sostanza naturalmente presente nella pelle. \u00c8 un polisaccaride la cui funzione principale \u00e8 quella di idratare il derma.<\/p>\n<p>&gt;&gt;&gt;Maggiori dettagli sui trattamenti a cura di <a href=\"https:\/\/www.desouches-chirurgien-esthetique.com\/it\/medicina-estetica\/medicina-estetica-del-viso-2\/chirurgia-estetica-per-le-rughe\/iniezione-di-acido-ialuronico-viso-collo\/\">acido ialuronico<\/a><\/p>\n<h2>Peeling medio e profondo<\/h2>\n<p>Il ringiovanimento della pelle del viso si pu\u00f2 fare applicando un acido sull&#039;epidermide: questo \u00e8 il\u00a0<strong>peeling<\/strong>, che pu\u00f2 essere medio o profondo, a seconda della forza della soluzione utilizzata.<\/p>\n<p>&gt;&gt;&gt;Maggiori dettagli su <a href=\"https:\/\/www.desouches-chirurgien-esthetique.com\/it\/medicina-estetica\/medicina-estetica-del-viso-2\/chirurgia-estetica-per-le-rughe\/peeling-chimico-medio-e-profondo\/\">buccia media e profonda<\/a><\/p>\n<h2>Laser frazionato antirughe non ablativo<\/h2>\n<p>il\u00a0<strong>laser frazionato non ablativo<\/strong> \u00e8 una nuova tecnica che permette in poche sedute di ritrovare un&#039;epidermide ringiovanita e liberarsi dei segni del tempo.<\/p>\n<p>&gt;&gt;&gt;Maggiori dettagli su <a href=\"https:\/\/www.desouches-chirurgien-esthetique.com\/it\/medicina-estetica\/medicina-estetica-del-viso-2\/chirurgia-estetica-per-le-rughe\/laser-frazionato-antirughe-di-origine-non-ablativa\/\">laser frazionato non ablativo<\/a><\/p>\n<h2>Microneedling<\/h2>\n<p>IL &quot;<strong>micro agugliatura<\/strong>\u201d permette di stimolare la pelle mediante l\u2019applicazione di una penna motorizzata dotata di mini-aghi che agiscono su zone specifiche del viso o del d\u00e9collet\u00e9.<\/p>\n<p>&gt;&gt;&gt;Maggiori dettagli su <a href=\"https:\/\/www.desouches-chirurgien-esthetique.com\/it\/medicina-estetica\/medicina-estetica-del-viso-2\/chirurgia-estetica-per-le-rughe\/micro-agugliatura\/\">micro agugliatura<\/a><\/p>","protected":false},"excerpt":{"rendered":"<p>En compl\u00e9ment d\u2019une hygi\u00e8ne de vie adapt\u00e9e, une palette de moyens efficaces qui am\u00e9liorent l\u2019aspect de vos rides est \u00e0 votre disposition. Botox (Toxine Botulique) Le Botox\u00a0est une substance qui r\u00e9duit la contraction des muscles. La diminution de la tonicit\u00e9 de certains muscles du visage permet d&#8217;att\u00e9nuer les rides d&#8217;expression, de rajeunir le regard et [&hellip;]<\/p>\n","protected":false},"author":1,"featured_media":0,"parent":17007,"menu_order":0,"comment_status":"closed","ping_status":"closed","template":"","meta":{"_et_pb_use_builder":"off","_et_pb_old_content":"","_et_gb_content_width":"","footnotes":""},"dipi_cpt_category":[],"class_list":["post-955","page","type-page","status-publish","hentry"],"_links":{"self":[{"href":"https:\/\/www.desouches-chirurgien-esthetique.com\/it\/wp-json\/wp\/v2\/pages\/955","targetHints":{"allow":["GET"]}}],"collection":[{"href":"https:\/\/www.desouches-chirurgien-esthetique.com\/it\/wp-json\/wp\/v2\/pages"}],"about":[{"href":"https:\/\/www.desouches-chirurgien-esthetique.com\/it\/wp-json\/wp\/v2\/types\/page"}],"author":[{"embeddable":true,"href":"https:\/\/www.desouches-chirurgien-esthetique.com\/it\/wp-json\/wp\/v2\/users\/1"}],"replies":[{"embeddable":true,"href":"https:\/\/www.desouches-chirurgien-esthetique.com\/it\/wp-json\/wp\/v2\/comments?post=955"}],"version-history":[{"count":10,"href":"https:\/\/www.desouches-chirurgien-esthetique.com\/it\/wp-json\/wp\/v2\/pages\/955\/revisions"}],"predecessor-version":[{"id":23418821,"href":"https:\/\/www.desouches-chirurgien-esthetique.com\/it\/wp-json\/wp\/v2\/pages\/955\/revisions\/23418821"}],"up":[{"embeddable":true,"href":"https:\/\/www.desouches-chirurgien-esthetique.com\/it\/wp-json\/wp\/v2\/pages\/17007"}],"wp:attachment":[{"href":"https:\/\/www.desouches-chirurgien-esthetique.com\/it\/wp-json\/wp\/v2\/media?parent=955"}],"wp:term":[{"taxonomy":"dipi_cpt_category","embeddable":true,"href":"https:\/\/www.desouches-chirurgien-esthetique.com\/it\/wp-json\/wp\/v2\/dipi_cpt_category?post=955"}],"curies":[{"name":"parola chiave","href":"https:\/\/api.w.org\/{rel}","templated":true}]}}