{"id":517,"date":"2021-03-01T18:33:18","date_gmt":"2021-03-01T17:33:18","guid":{"rendered":"https:\/\/www.desouches-chirurgien-esthetique.com\/?page_id=517"},"modified":"2025-02-24T09:48:41","modified_gmt":"2025-02-24T08:48:41","slug":"intima-chirurgia","status":"publish","type":"page","link":"https:\/\/www.desouches-chirurgien-esthetique.com\/it\/chirurgie-esthetique\/chirurgie-intime\/","title":{"rendered":"Chirurgia estetica intima"},"content":{"rendered":"<p>Il dottor Desouches pratica la chirurgia intima per donne e uomini.<\/p>\n<p>Alcuni pazienti soffrono di disturbi funzionali o di complessi estetici nella loro vita sessuale. La chirurgia estetica intima, che comprende interventi sui genitali, permette di apprezzarsi meglio e di ritornare ad una vita di coppia appagante. Aiuta a superare questi blocchi per vivere meglio le relazioni intime a livello fisico e psicologico. Che tu sia uomo o donna, il dottor Desouches ti offre la sua esperienza e soluzioni basate sui tuoi sentimenti e aspettative.<\/p>\n<p>Sono possibili diversi approcci.<\/p>\n<h2>Chirurgia intima maschile (penoplastica)<\/h2>\n<p>Un pene piccolo pu\u00f2 causare notevoli disagi nella vita quotidiana. Con la chirurgia genitale maschile, la falloplastica o la chirurgia del pene, il Dott. Christophe Desouches restituisce la fiducia in se stesso ai suoi pazienti.<br \/>\n&gt;&gt;&gt; Maggiori dettagli su <a href=\"https:\/\/www.desouches-chirurgien-esthetique.com\/it\/chirurgia-estetica\/intima-chirurgia\/intima-maschio-sesso-chirurgia-penoplastica\/\">chirurgia intima per gli uomini<\/a><\/p>\n<h2>Chirurgia intima femminile a Marsiglia<\/h2>\n<p>La chirurgia intima femminile pu\u00f2 essere ricostruttiva o estetica. Con la labioplastica o le iniezioni di acido ialuronico, il Dott. Christophe Desouches pu\u00f2 liberarti dalle tue insicurezze intime.<br \/>\n&gt;&gt;&gt; Maggiori dettagli su <a href=\"https:\/\/www.desouches-chirurgien-esthetique.com\/it\/chirurgia-estetica\/intima-chirurgia\/chirurgia-intima-femminile\/\">chirurgia intima per il sesso femminile<\/a><\/p>\n<p><!--more--><\/p>\n<div class='et-learn-more clearfix'>\n\t\t\t\t\t<h3 class='heading-more'>Scopri le possibilit\u00e0 offerte dalla medicina estetica<span class='et_learnmore_arrow'><span><\/span><\/span><\/h3>\n\t\t\t\t\t<div class='learn-more-content'><h2>Medicina estetica intima<\/h2>\n<p>Scopri gli interventi non chirurgici della <a href=\"https:\/\/www.desouches-chirurgien-esthetique.com\/it\/medicina-estetica\/medicina-intima\/\">medicina estetica intima<\/a> per uomini e donne, in particolare con l&#039;uso dell&#039;acido ialuronico.<\/p><\/div>\n\t\t\t\t<\/div>","protected":false},"excerpt":{"rendered":"<p>Le Dr Desouches pratique la chirurgie intime pour femme et homme. Certain(e)s patient(e)s souffrent d\u2019une g\u00eane fonctionnelle ou d\u2019un complexe esth\u00e9tique dans leur vie sexuelle. La chirurgie esth\u00e9tique intime qui regroupe les intervention au niveau des organes g\u00e9nitaux permet de mieux s\u2019appr\u00e9cier et de retrouver une vie de couple \u00e9panouie. Elle aide \u00e0 surmonter ces [&hellip;]<\/p>\n","protected":false},"author":1,"featured_media":0,"parent":16949,"menu_order":3,"comment_status":"closed","ping_status":"closed","template":"","meta":{"_et_pb_use_builder":"off","_et_pb_old_content":"","_et_gb_content_width":"","footnotes":""},"dipi_cpt_category":[],"class_list":["post-517","page","type-page","status-publish","hentry"],"_links":{"self":[{"href":"https:\/\/www.desouches-chirurgien-esthetique.com\/it\/wp-json\/wp\/v2\/pages\/517","targetHints":{"allow":["GET"]}}],"collection":[{"href":"https:\/\/www.desouches-chirurgien-esthetique.com\/it\/wp-json\/wp\/v2\/pages"}],"about":[{"href":"https:\/\/www.desouches-chirurgien-esthetique.com\/it\/wp-json\/wp\/v2\/types\/page"}],"author":[{"embeddable":true,"href":"https:\/\/www.desouches-chirurgien-esthetique.com\/it\/wp-json\/wp\/v2\/users\/1"}],"replies":[{"embeddable":true,"href":"https:\/\/www.desouches-chirurgien-esthetique.com\/it\/wp-json\/wp\/v2\/comments?post=517"}],"version-history":[{"count":15,"href":"https:\/\/www.desouches-chirurgien-esthetique.com\/it\/wp-json\/wp\/v2\/pages\/517\/revisions"}],"predecessor-version":[{"id":23419712,"href":"https:\/\/www.desouches-chirurgien-esthetique.com\/it\/wp-json\/wp\/v2\/pages\/517\/revisions\/23419712"}],"up":[{"embeddable":true,"href":"https:\/\/www.desouches-chirurgien-esthetique.com\/it\/wp-json\/wp\/v2\/pages\/16949"}],"wp:attachment":[{"href":"https:\/\/www.desouches-chirurgien-esthetique.com\/it\/wp-json\/wp\/v2\/media?parent=517"}],"wp:term":[{"taxonomy":"dipi_cpt_category","embeddable":true,"href":"https:\/\/www.desouches-chirurgien-esthetique.com\/it\/wp-json\/wp\/v2\/dipi_cpt_category?post=517"}],"curies":[{"name":"parola chiave","href":"https:\/\/api.w.org\/{rel}","templated":true}]}}