{"id":378,"date":"2021-02-28T20:25:58","date_gmt":"2021-02-28T19:25:58","guid":{"rendered":"https:\/\/www.desouches-chirurgien-esthetique.com\/?page_id=378"},"modified":"2025-10-14T11:00:13","modified_gmt":"2025-10-14T09:00:13","slug":"prima-dopo-chirurgia-estetica-mammella","status":"publish","type":"page","link":"https:\/\/www.desouches-chirurgien-esthetique.com\/it\/chirurgie-esthetique\/chirurgie-esthetique-des-seins\/","title":{"rendered":"Chirurgia estetica del seno"},"content":{"rendered":"<h2>Operazione al seno a Marsiglia<\/h2>\n<p>Come molte donne, probabilmente ti preoccupi dell&#039;aspetto del tuo seno, della forma del tuo seno, della loro simmetria o del loro volume.<\/p>\n<p>La chirurgia di abbellimento del seno \u00e8 la chirurgia pi\u00f9 eseguita in chirurgia estetica. Che si tratti di aumento del seno mediante protesi o iniezione di grasso (lipofilling), sollevamento del seno da solo o associato ad un aumento di volume, questo intervento pu\u00f2 darti grandi soddisfazioni. Un petto abbellito ti fa sentire pi\u00f9 attraente, pi\u00f9 sicuro.<\/p>\n<p>Se state considerando l&#039;aumento o il lifting del seno, il dottor Desouches, chirurgo estetico a Marsiglia, potr\u00e0 offrirvi la sua esperienza e consigliarvi su come eseguire con successo il vostro intervento.<\/p>\n<h3>Interventi per abbellire il seno<\/h3>\n<p>Per migliorare la forma, le dimensioni e il contorno del seno, il Dr. Christophe Desouches offre le seguenti soluzioni:<\/p>\n<h3>Aumento del seno con protesi<\/h3>\n<p>Grazie ai progressi nella tecnologia delle protesi mammarie, l&#039;aumento del seno mediante protesi fornisce una soluzione estetica ai piccoli seni utilizzando protesi in gel di silicone o, in alcuni casi, riempite con soluzione fisiologica.<\/p>\n<p>&gt;&gt;&gt;Maggiori dettagli sul<a href=\"https:\/\/www.desouches-chirurgien-esthetique.com\/it\/chirurgia-estetica\/prima-dopo-chirurgia-estetica-mammella\/aumento-del-seno-mediante-protesi-2\/\">aumento del seno con protesi<\/a><\/p>\n<h3>Aumento del seno mediante lipofilling<\/h3>\n<p>Il lipofilling al seno \u00e8 una tecnica naturale per aumentare il volume del seno mediante il trasferimento di grasso, offrendo un risultato armonioso e duraturo senza l&#039;utilizzo di protesi.<\/p>\n<p>&gt;&gt;&gt;Maggiori dettagli sul<a href=\"https:\/\/www.desouches-chirurgien-esthetique.com\/it\/chirurgia-estetica\/prima-dopo-chirurgia-estetica-mammella\/aumento-del-seno-mediante-lipofilling-2\/\">aumento del seno mediante lipofilling<\/a><\/p>\n<h3>Sollevamento del seno<\/h3>\n<p>Conosciuto anche come mastopessi o cura della ptosi mammaria, questo intervento chirurgico al seno migliora la forma e la posizione dell&#039;areola del seno. Alzare il torace d\u00e0 un profilo pi\u00f9 attraente.<\/p>\n<p>&gt;&gt;&gt;Maggiori dettagli su <a href=\"https:\/\/www.desouches-chirurgien-esthetique.com\/it\/chirurgia-estetica\/prima-dopo-chirurgia-estetica-mammella\/sollevamento-del-seno\/\">sollevamento del seno<\/a><\/p>\n<h3>Riduzione chirurgica del capezzolo<\/h3>\n<p>I capezzoli ingranditi naturalmente o dopo l&#039;allattamento possono essere ridotti con un intervento chirurgico molto semplice in anestesia locale.<\/p>\n<p>&gt;&gt;&gt;Maggiori dettagli su <a href=\"https:\/\/www.desouches-chirurgien-esthetique.com\/it\/chirurgia-estetica\/prima-dopo-chirurgia-estetica-mammella\/chirurgia-riduzione-del-capezzolo\/\">riduzione del capezzolo<\/a><\/p>\n<h3>Correzione del capezzolo invertito<\/h3>\n<p>L&#039;invaginazione del capezzolo pu\u00f2 creare disagio estetico e funzionale prevenendo l&#039;allattamento al seno. Un intervento chirurgico pu\u00f2 correggere il difetto.<\/p>\n<p>&gt;&gt;&gt;Maggiori dettagli su <a href=\"https:\/\/www.desouches-chirurgien-esthetique.com\/it\/chirurgia-estetica\/prima-dopo-chirurgia-estetica-mammella\/intussuscezione\/\">correzione del capezzolo invaginato<\/a><\/p>\n<h3>Domande frequenti sull&#039;aumento del seno<\/h3>\n<p>Vuoi aumentare il volume del tuo petto ed esiti, ti fai delle domande. Ecco le risposte del Dr. Christophe Desouches alle domande pi\u00f9 frequenti su protesi mammarie, lipofilling, lifting del seno e chirurgia estetica del seno in generale.<\/p>\n<p>&gt;&gt;&gt;<a href=\"https:\/\/www.desouches-chirurgien-esthetique.com\/it\/chirurgia-estetica\/faq-chirurgia-estetica\/domande-frequenti-sul-miglioramento-del-seno\/\">Domande frequenti sull&#039;aumento del seno<\/a><\/p>","protected":false},"excerpt":{"rendered":"<p>Chirurgie mammaire \u00e0 Marseille Comme beaucoup de femme vous \u00eates probablement concern\u00e9es par l\u2019aspect de votre poitrine, la forme de vos seins, leur sym\u00e9trie ou leur volume. La chirurgie d\u2019embellissement de la poitrine est la chirurgie la plus pratiqu\u00e9e en chirurgie esth\u00e9tique. Que ce soit l\u2019augmentation mammaire par proth\u00e8se ou par injection de graisse (lipofilling), [&hellip;]<\/p>\n","protected":false},"author":1,"featured_media":0,"parent":16949,"menu_order":1,"comment_status":"closed","ping_status":"closed","template":"","meta":{"_et_pb_use_builder":"","_et_pb_old_content":"","_et_gb_content_width":"","footnotes":""},"dipi_cpt_category":[],"class_list":["post-378","page","type-page","status-publish","hentry"],"_links":{"self":[{"href":"https:\/\/www.desouches-chirurgien-esthetique.com\/it\/wp-json\/wp\/v2\/pages\/378","targetHints":{"allow":["GET"]}}],"collection":[{"href":"https:\/\/www.desouches-chirurgien-esthetique.com\/it\/wp-json\/wp\/v2\/pages"}],"about":[{"href":"https:\/\/www.desouches-chirurgien-esthetique.com\/it\/wp-json\/wp\/v2\/types\/page"}],"author":[{"embeddable":true,"href":"https:\/\/www.desouches-chirurgien-esthetique.com\/it\/wp-json\/wp\/v2\/users\/1"}],"replies":[{"embeddable":true,"href":"https:\/\/www.desouches-chirurgien-esthetique.com\/it\/wp-json\/wp\/v2\/comments?post=378"}],"version-history":[{"count":28,"href":"https:\/\/www.desouches-chirurgien-esthetique.com\/it\/wp-json\/wp\/v2\/pages\/378\/revisions"}],"predecessor-version":[{"id":23420487,"href":"https:\/\/www.desouches-chirurgien-esthetique.com\/it\/wp-json\/wp\/v2\/pages\/378\/revisions\/23420487"}],"up":[{"embeddable":true,"href":"https:\/\/www.desouches-chirurgien-esthetique.com\/it\/wp-json\/wp\/v2\/pages\/16949"}],"wp:attachment":[{"href":"https:\/\/www.desouches-chirurgien-esthetique.com\/it\/wp-json\/wp\/v2\/media?parent=378"}],"wp:term":[{"taxonomy":"dipi_cpt_category","embeddable":true,"href":"https:\/\/www.desouches-chirurgien-esthetique.com\/it\/wp-json\/wp\/v2\/dipi_cpt_category?post=378"}],"curies":[{"name":"parola chiave","href":"https:\/\/api.w.org\/{rel}","templated":true}]}}