{"id":374,"date":"2021-02-28T20:23:54","date_gmt":"2021-02-28T19:23:54","guid":{"rendered":"https:\/\/www.desouches-chirurgien-esthetique.com\/?page_id=374"},"modified":"2023-09-06T16:41:00","modified_gmt":"2023-09-06T14:41:00","slug":"prima-dopo-chirurgia-estetica-facciale","status":"publish","type":"page","link":"https:\/\/www.desouches-chirurgien-esthetique.com\/it\/chirurgie-esthetique\/chirurgie-esthetique-du-visage\/","title":{"rendered":"Chirurgia estetica del viso"},"content":{"rendered":"<p>Il viso \u00e8 la nostra parte pi\u00f9 visibile del corpo. Sono quindi particolarmente esposti disgrazie o segni del tempo (naso sproporzionato, rughe e pelle distesa, palpebre cadenti o borse sotto gli occhi, ecc.). Quali sono le soluzioni per abbellire e ringiovanire questo volto che ci rappresenta? Sia con <b>chirurgia estetica dettagliata di seguito <\/b>o con la medicina estetica, il dottor Desouches ti consiglia in un approccio personalizzato per combinare al meglio le azioni che ti permetteranno di avere il viso che desideri.<\/p>\n<h2>Sollevamento della fronte<\/h2>\n<p>Le rughe e il rilassamento cutaneo della fronte incidono sull&#039;estetica generale del viso e sullo sguardo. Il lifting della fronte permette di correggere questi aspetti per ritrovare armonia e un aspetto pi\u00f9 giovanile.<\/p>\n<p>&gt;&gt;&gt;Maggiori dettagli su <a href=\"https:\/\/www.desouches-chirurgien-esthetique.com\/it\/chirurgia-estetica\/prima-dopo-chirurgia-estetica-facciale\/chirurgia-estetica-della-fronte\/\">chirurgia estetica della fronte<\/a><\/p>\n<h2>Lo sguardo e gli occhi<\/h2>\n<p><img decoding=\"async\" class=\"aligncenter wp-image-5718 size-medium\" src=\"https:\/\/www.desouches-chirurgien-esthetique.com\/wp-content\/uploads\/2021\/03\/avant-apres-blepharo-300x300.jpg\" alt=\"Chirurgia palpebrale a Marsiglia\" width=\"300\" height=\"300\" \/> Le palpebre, come il contorno occhi, sono zone fragili sensibili all&#039;et\u00e0, all&#039;alcol, al sole... Lo sguardo cambia con l&#039;abbassamento delle palpebre o la comparsa delle occhiaie.<br \/>\nLa chirurgia delle palpebre corregge questi difetti per darti un aspetto pi\u00f9 chiaro e giovane.<\/p>\n<p>&gt;&gt;&gt;Maggiori dettagli su <a href=\"https:\/\/www.desouches-chirurgien-esthetique.com\/it\/chirurgia-estetica\/prima-dopo-chirurgia-estetica-facciale\/chirurgia-estetica-degli-occhi-e-delle-palpebre\/\">chirurgia oculare<\/a><\/p>\n<h2>Chirurgia estetica del naso<\/h2>\n<p><img decoding=\"async\" class=\"aligncenter wp-image-5876 size-medium\" src=\"https:\/\/www.desouches-chirurgien-esthetique.com\/wp-content\/uploads\/2021\/03\/avant-apres-profilogior-300x300.jpg\" alt=\"Chirurgia estetica del viso a Marsiglia \" width=\"300\" height=\"300\" \/> Il naso \u00e8 uno dei tratti pi\u00f9 visibili del viso. La rinoplastica \u00e8 un intervento di chirurgia estetica del naso che crea un naso armonioso, donando maggiore equilibrio al viso.<\/p>\n<p>&gt;&gt;&gt;Maggiori dettagli su <a href=\"https:\/\/www.desouches-chirurgien-esthetique.com\/it\/chirurgia-estetica\/prima-dopo-chirurgia-estetica-facciale\/chirurgia-plastica-del-naso\/\">chirurgia estetica del naso<\/a><\/p>\n<h2>Abbellimento delle labbra<\/h2>\n<p><img decoding=\"async\" class=\"aligncenter wp-image-5702 size-medium\" src=\"https:\/\/www.desouches-chirurgien-esthetique.com\/wp-content\/uploads\/2021\/03\/avant-apres-aug-levre-2-300x300.jpg\" alt=\"Iniezioni di acido ialuronico labbro di Marsiglia\" width=\"300\" height=\"300\" \/> Simboli di seduzione e attrazione, le labbra perdono volume e profondit\u00e0 con l&#039;et\u00e0. Il sole e le sigarette possono accelerare i segni dell\u2019invecchiamento.<br \/>\nIl lifting delle labbra ne migliora la forma e l&#039;armonia.<\/p>\n<p>&gt;&gt;&gt;Maggiori dettagli su <a href=\"https:\/\/www.desouches-chirurgien-esthetique.com\/it\/chirurgia-estetica\/prima-dopo-chirurgia-estetica-facciale\/chirurgia-estetica-labbra\/\">chirurgia estetica delle labbra<\/a><\/p>\n<h2>Ridisegna gli zigomi<\/h2>\n<p>Gli zigomi contribuiscono all&#039;armonia generale del nostro viso. Rimodellando i contorni e i volumi degli zigomi \u00e8 possibile migliorare del tutto l&#039;equilibrio.<\/p>\n<p>&gt;&gt;&gt;Maggiori dettagli su <a href=\"https:\/\/www.desouches-chirurgien-esthetique.com\/it\/chirurgia-estetica\/prima-dopo-chirurgia-estetica-facciale\/chirurgia-plastica-zigomo\/\">intervento di chirurgia estetica dello zigomo<\/a><\/p>\n<h2>L&#039;ovale e il collo<\/h2>\n<p>L&#039;intervento di chirurgia estetica proposto dal Dr. Desouches rimodella l&#039;ovale del viso e del collo. Ritroverai quindi un aspetto pi\u00f9 giovane e dinamico.<\/p>\n<p>&gt;&gt;&gt;Maggiori dettagli su <a href=\"https:\/\/www.desouches-chirurgien-esthetique.com\/it\/chirurgia-estetica\/prima-dopo-chirurgia-estetica-facciale\/chirurgia-estetica-dellovale-e-del-collo\/\">chirurgia estetica dell&#039;ovale del viso e del collo<\/a><\/p>\n<p><!--more--><\/p>\n<div class='et-learn-more clearfix'>\n\t\t\t\t\t<h3 class='heading-more'>Scopri le possibilit\u00e0 offerte dalla medicina estetica<span class='et_learnmore_arrow'><span><\/span><\/span><\/h3>\n\t\t\t\t\t<div class='learn-more-content'><h2>Medicina estetica del viso<\/h2>\n<p>Scopri anche gli interventi non chirurgici sul viso: trattamento delle occhiaie, rinoplastica medica, Russian Lips e aumento del volume delle labbra, profiloplastica medica, aumento degli zigomi, Jawline Contouring, Nefertiti facelift e tanti altri.<\/p>\n<p>&gt;&gt;&gt;Maggiori dettagli su <a href=\"https:\/\/www.desouches-chirurgien-esthetique.com\/it\/medicina-estetica\/medicina-estetica-del-viso-2\/\">medicina estetica del viso<\/a><\/p><\/div>\n\t\t\t\t<\/div>","protected":false},"excerpt":{"rendered":"<p>Le visage est notre partie du corps la plus visible. Les disgr\u00e2ces ou les signes de vieillissement sont donc particuli\u00e8rement expos\u00e9s (nez mal proportionn\u00e9, rides et peau distendue, paupi\u00e8res tombantes ou poches sous les yeux \u2026). Quelles sont les solutions pour embellir et rajeunir ce visage qui nous repr\u00e9sente ? Que ce soit avec la [&hellip;]<\/p>\n","protected":false},"author":1,"featured_media":0,"parent":16949,"menu_order":0,"comment_status":"open","ping_status":"closed","template":"","meta":{"_et_pb_use_builder":"off","_et_pb_old_content":"","_et_gb_content_width":"","footnotes":""},"dipi_cpt_category":[],"class_list":["post-374","page","type-page","status-publish","hentry"],"_links":{"self":[{"href":"https:\/\/www.desouches-chirurgien-esthetique.com\/it\/wp-json\/wp\/v2\/pages\/374","targetHints":{"allow":["GET"]}}],"collection":[{"href":"https:\/\/www.desouches-chirurgien-esthetique.com\/it\/wp-json\/wp\/v2\/pages"}],"about":[{"href":"https:\/\/www.desouches-chirurgien-esthetique.com\/it\/wp-json\/wp\/v2\/types\/page"}],"author":[{"embeddable":true,"href":"https:\/\/www.desouches-chirurgien-esthetique.com\/it\/wp-json\/wp\/v2\/users\/1"}],"replies":[{"embeddable":true,"href":"https:\/\/www.desouches-chirurgien-esthetique.com\/it\/wp-json\/wp\/v2\/comments?post=374"}],"version-history":[{"count":35,"href":"https:\/\/www.desouches-chirurgien-esthetique.com\/it\/wp-json\/wp\/v2\/pages\/374\/revisions"}],"predecessor-version":[{"id":23418798,"href":"https:\/\/www.desouches-chirurgien-esthetique.com\/it\/wp-json\/wp\/v2\/pages\/374\/revisions\/23418798"}],"up":[{"embeddable":true,"href":"https:\/\/www.desouches-chirurgien-esthetique.com\/it\/wp-json\/wp\/v2\/pages\/16949"}],"wp:attachment":[{"href":"https:\/\/www.desouches-chirurgien-esthetique.com\/it\/wp-json\/wp\/v2\/media?parent=374"}],"wp:term":[{"taxonomy":"dipi_cpt_category","embeddable":true,"href":"https:\/\/www.desouches-chirurgien-esthetique.com\/it\/wp-json\/wp\/v2\/dipi_cpt_category?post=374"}],"curies":[{"name":"parola chiave","href":"https:\/\/api.w.org\/{rel}","templated":true}]}}