{"id":23419068,"date":"2024-01-10T12:15:54","date_gmt":"2024-01-10T11:15:54","guid":{"rendered":"https:\/\/www.desouches-chirurgien-esthetique.com\/?page_id=23419068"},"modified":"2025-07-07T17:08:04","modified_gmt":"2025-07-07T15:08:04","slug":"aspetto-botox","status":"publish","type":"page","link":"https:\/\/www.desouches-chirurgien-esthetique.com\/it\/medecine-esthetique\/medecine-esthetique-du-visage\/medecine-esthetique-regard-cernes\/botox-regard\/","title":{"rendered":"Botox e occhi"},"content":{"rendered":"<p>Il tuo sguardo \u00e8 un riflesso della tua anima e della tua vitalit\u00e0.<br \/>\nTuttavia, con l&#039;et\u00e0, le rughe di espressione, le zampe di gallina o le palpebre cadenti possono offuscarne la luminosit\u00e0.<br \/>\nQueste tracce lasciate dal tempo contribuiscono ad un aspetto pi\u00f9 severo o austero degli occhi.<\/p>\n<p>Scopri come il Botox, una delle principali soluzioni estetiche, pu\u00f2 aiutarti ad &quot;aprire gli occhi&quot; e a restituire freschezza al tuo sguardo.<\/p>\n<h2>Cos&#039;\u00e8 il Botox e come agisce sugli occhi?<\/h2>\n<p><span style=\"font-weight: 400;\">Il botox, o tossina botulinica, \u00e8 una soluzione apprezzata in medicina estetica per la sua efficacia nel rilassare i muscoli responsabili delle rughe. Quando applicato intorno agli occhi sul muscolo orbicolare dell&#039;occhio, aiuta a contrastare l&#039;effetto di questo muscolo che abbassa le sopracciglia e quindi aiuta ad aprire gli occhi. Inoltre leviga le rughe a zampe di gallina, riducendo cos\u00ec i segni dell&#039;invecchiamento. <\/span><span style=\"font-weight: 400;\"><br \/>\n<\/span><span style=\"font-weight: 400;\">Questo trattamento rapido e minimamente invasivo \u00e8 ideale per coloro che cercano un miglioramento significativo senza intervento chirurgico.<\/span><\/p>\n<h2>Benefici del Botox per ringiovanire gli occhi<\/h2>\n<p><span style=\"font-weight: 400;\">L&#039;applicazione del Botox sugli occhi offre diversi benefici:<\/span><\/p>\n<ul>\n<li style=\"font-weight: 400;\" aria-level=\"1\"><span style=\"font-weight: 400;\">Riduzione delle zampe di gallina: riduce le piccole rughe dinamiche che solcano gli angoli degli occhi.<\/span><\/li>\n<li style=\"font-weight: 400;\" aria-level=\"1\"><span style=\"font-weight: 400;\">Levigare le rughe sulla fronte: evitare che le rughe sulla fronte appesantiscano le palpebre.<\/span><\/li>\n<li style=\"font-weight: 400;\" aria-level=\"1\"><span style=\"font-weight: 400;\">Migliorare l&#039;aspetto delle sopracciglia: il Botox pu\u00f2 sollevare delicatamente la coda delle sopracciglia per un aspetto pi\u00f9 giovane.<\/span><\/li>\n<\/ul>\n<h2>Il processo di trattamento Botox<\/h2>\n<p><span style=\"font-weight: 400;\">Ogni trattamento \u00e8 personalizzato dal Dott. Desouches.<a href=\"https:\/\/www.desouches-chirurgien-esthetique.com\/it\/medicina-estetica\/medicina-estetica-del-viso-2\/chirurgia-estetica-per-le-rughe\/iniezione-di-tossina-botulinica-antirughe\/\">Iniezione di botulino<\/a> \u00e8 veloce, con risultati visibili entro pochi giorni e senza tempi di convalescenza richiesti.<\/span><\/p>\n<h2>Perch\u00e9 scegliere Dr Desouches per il tuo Botox?<\/h2>\n<p><span style=\"font-weight: 400;\">Con pi\u00f9 di 15 anni di esperienza in chirurgia e medicina estetica, il dottor Desouches, chirurgo estetico a Marsiglia, vi garantisce un risultato naturale e all&#039;altezza delle vostre aspettative, grazie ad una tecnica raffinata e ad una conoscenza approfondita dell&#039;anatomia del viso.<\/span><\/p>\n<h2>Domande frequenti su Botox per un aspetto ringiovanito<\/h2>\n<h4><span style=\"font-weight: 400;\">Quanto durano gli effetti del Botox?<\/span><\/h4>\n<p><span style=\"font-weight: 400;\">I risultati durano in media dai 4 ai 6 mesi.<\/span><\/p>\n<h4><span style=\"font-weight: 400;\">Il trattamento con Botox \u00e8 doloroso?<\/span><\/h4>\n<p><span style=\"font-weight: 400;\">Il trattamento \u00e8 generalmente ben tollerato, con disagio minimo.<\/span><\/p>\n<h4><span style=\"font-weight: 400;\">Quali sono le precauzioni post-trattamento?<\/span><\/h4>\n<p><span style=\"font-weight: 400;\">Si raccomanda di evitare il trucco e di svolgere attivit\u00e0 faticose per alcune ore dopo l&#039;iniezione.<\/span><\/p>\n<p><a href=\"\/it\/medicina-estetica\/faq-medicina-estetica\/faq-domanda-frequente-botox-tossina-botulinica\/\">Tutte le domande pi\u00f9 frequenti sul Botox &gt;<\/a><\/p>\n<h2>Acido ialuronico: un&#039;alternativa per uno sguardo sublime<\/h2>\n<p><span style=\"font-weight: 400;\">Oltre al Botox, un altro approccio efficace per valorizzare e aprire gli occhi \u00e8 il attraverso <a href=\"https:\/\/www.desouches-chirurgien-esthetique.com\/it\/medicina-estetica\/medicina-estetica-del-viso-2\/chirurgia-estetica-per-le-rughe\/iniezione-di-acido-ialuronico-viso-collo\/\">iniezioni di acido ialuronico<\/a>. Questo metodo \u00e8 perfettamente padroneggiato e preferito dal Dr. Desouches per i suoi risultati duraturi e naturali.<\/span><\/p>\n<p><span style=\"font-weight: 400;\">Prima di effettuare qualsiasi intervento \u00e8 fondamentale un primo consulto medico.<br \/>\n<\/span><span style=\"font-weight: 400;\">Il dottor Desouches, grazie alla sua esperienza in estetica facciale, effettuer\u00e0 un&#039;analisi globale del vostro viso.<br \/>\nQuesta valutazione ti aiuter\u00e0 a determinare la tecnica migliore per soddisfare le tue esigenze specifiche, che si tratti di iniezioni di Botox o di acido ialuronico, con l&#039;obiettivo di aprire e valorizzare il tuo sguardo.<\/span><\/p>","protected":false},"excerpt":{"rendered":"<p>Votre regard est le reflet de votre \u00e2me et de votre vitalit\u00e9. Cependant, avec l&#8217;\u00e2ge, des rides d&#8217;expression, des pattes d&#8217;oie, ou un rel\u00e2chement des paupi\u00e8res peuvent ternir son \u00e9clat. Ces traces laiss\u00e9es par le temps contribuent \u00e0 une apparence plus stricte ou aust\u00e8re du regard. D\u00e9couvrez comment le Botox, une solution esth\u00e9tique de premier [&hellip;]<\/p>\n","protected":false},"author":1,"featured_media":0,"parent":17016,"menu_order":2,"comment_status":"closed","ping_status":"closed","template":"","meta":{"_et_pb_use_builder":"","_et_pb_old_content":"","_et_gb_content_width":"","footnotes":""},"dipi_cpt_category":[],"class_list":["post-23419068","page","type-page","status-publish","hentry"],"_links":{"self":[{"href":"https:\/\/www.desouches-chirurgien-esthetique.com\/it\/wp-json\/wp\/v2\/pages\/23419068","targetHints":{"allow":["GET"]}}],"collection":[{"href":"https:\/\/www.desouches-chirurgien-esthetique.com\/it\/wp-json\/wp\/v2\/pages"}],"about":[{"href":"https:\/\/www.desouches-chirurgien-esthetique.com\/it\/wp-json\/wp\/v2\/types\/page"}],"author":[{"embeddable":true,"href":"https:\/\/www.desouches-chirurgien-esthetique.com\/it\/wp-json\/wp\/v2\/users\/1"}],"replies":[{"embeddable":true,"href":"https:\/\/www.desouches-chirurgien-esthetique.com\/it\/wp-json\/wp\/v2\/comments?post=23419068"}],"version-history":[{"count":5,"href":"https:\/\/www.desouches-chirurgien-esthetique.com\/it\/wp-json\/wp\/v2\/pages\/23419068\/revisions"}],"predecessor-version":[{"id":23419999,"href":"https:\/\/www.desouches-chirurgien-esthetique.com\/it\/wp-json\/wp\/v2\/pages\/23419068\/revisions\/23419999"}],"up":[{"embeddable":true,"href":"https:\/\/www.desouches-chirurgien-esthetique.com\/it\/wp-json\/wp\/v2\/pages\/17016"}],"wp:attachment":[{"href":"https:\/\/www.desouches-chirurgien-esthetique.com\/it\/wp-json\/wp\/v2\/media?parent=23419068"}],"wp:term":[{"taxonomy":"dipi_cpt_category","embeddable":true,"href":"https:\/\/www.desouches-chirurgien-esthetique.com\/it\/wp-json\/wp\/v2\/dipi_cpt_category?post=23419068"}],"curies":[{"name":"parola chiave","href":"https:\/\/api.w.org\/{rel}","templated":true}]}}