{"id":23418990,"date":"2023-10-31T18:50:21","date_gmt":"2023-10-31T17:50:21","guid":{"rendered":"https:\/\/www.desouches-chirurgien-esthetique.com\/?page_id=23418990"},"modified":"2026-01-19T16:50:36","modified_gmt":"2026-01-19T15:50:36","slug":"aumento-del-seno-intraareolare","status":"publish","type":"page","link":"https:\/\/www.desouches-chirurgien-esthetique.com\/it\/chirurgie-esthetique\/chirurgie-esthetique-des-seins\/augmentation-mammaire-par-prothese\/augmentation-mammaire-par-voie-intra-areolaire\/","title":{"rendered":"Mastoplastica additiva intraareolare a Marsiglia"},"content":{"rendered":"<p><span style=\"font-weight: 400;\">Il Dott. Christophe Desouches, chirurgo estetico a Marsiglia con oltre 20 anni di esperienza, \u00e8 specializzato in interventi<\/span><a href=\"\/it\/chirurgie-esthetique-marseille-aix-en-provence\/prima-dopo-chirurgia-estetica-mammella\/aumento-del-seno-mediante-protesi-2\/\"><span style=\"font-weight: 400;\">aumento del seno mediante impianti o protesi<\/span><\/a><span style=\"font-weight: 400;\">Di fronte alla crescente richiesta da parte dei suoi pazienti, una delle tecniche che utilizza \u00e8 l&#039;aumento del seno intra-areolare, un metodo che lascia cicatrici piccole e discrete.<\/span><\/p>\n<h2>Che cos&#039;\u00e8 l&#039;aumento del seno intra-areolare?<\/h2>\n<p>L&#039;aumento del seno intra-areolare prevede un&#039;incisione effettuata all&#039;interno dell&#039;areola, che consente di nascondere efficacemente le cicatrici.<br \/>\nQuesta tecnica \u00e8 particolarmente adatta alle donne che desiderano un miglioramento discreto con risultati naturali.<\/p>\n<h2>Vantaggi della via intraareolare<\/h2>\n<ul>\n<li style=\"font-weight: 400;\" aria-level=\"1\"><span style=\"font-weight: 400;\">Cicatrici discrete: l&#039;incisione viene praticata in una zona naturalmente pigmentata, il che aiuta a nascondere le cicatrici poich\u00e9 la cicatrice tende generalmente a pigmentarsi.<\/span><\/li>\n<li style=\"font-weight: 400;\" aria-level=\"1\"><span style=\"font-weight: 400;\">Cicatrici minime: il percorso intra-areolare \u00e8 pi\u00f9 breve rispetto a un approccio tradizionale, l&#039;uso di un introduttore tipo Keller Funnel consente una cicatrice pi\u00f9 corta<\/span><\/li>\n<li style=\"font-weight: 400;\" aria-level=\"1\"><span style=\"font-weight: 400;\">Approccio che consente l&#039;installazione di una protesi premuscolare, retrofacciale, retromuscolare o \u201cdual plane\u201d<\/span><\/li>\n<li style=\"font-weight: 400;\" aria-level=\"1\"><span style=\"font-weight: 400;\">Risultati naturali: il Dr. Desouches favorisce un approccio naturale, assicurando che l&#039;aumento del seno si integri armoniosamente con la vostra figura.<\/span><\/li>\n<\/ul>\n<h2>Simulazione 3D e aumento del seno tramite approccio intra-areolare<\/h2>\n<p>Prima di un intervento di mastoplastica additiva, molte donne sono indecise sul volume, sulla forma o sulla proiezione degli impianti.<\/p>\n<p>Grazie al\u00a0<a href=\"https:\/\/www.desouches-chirurgien-esthetique.com\/it\/innovazioni\/simulazione-3d\/\">Simulazione 3D<\/a>, puoi\u00a0<strong>visualizza il tuo risultato futuro<\/strong>\u00a0prima della procedura.<br \/>\nQuesto strumento innovativo ti consente di confrontare diverse opzioni e di scegliere con calma la protesi mammaria pi\u00f9 adatta alla tua figura.<\/p>\n<p>Durante la visita, verranno scattate diverse foto ad alta definizione per creare un modello tridimensionale del tuo seno. Il Dott. Desouches modificher\u00e0 quindi virtualmente le dimensioni, la forma e la posizione degli impianti per proiettare un risultato realistico, naturale e personalizzato. Potrai visualizzare il risultato da diverse angolazioni e perfezionare le tue preferenze prima di prendere qualsiasi decisione.<\/p>\n<p>Questo approccio risponde alle principali domande che potresti avere:<\/p>\n<ul>\n<li>Quale volume di impianto \u00e8 pi\u00f9 adatto a me?<\/li>\n<li>La mia scollatura apparir\u00e0 naturale?<\/li>\n<li>Qual \u00e8 la differenza tra forme rotonde e anatomiche?<\/li>\n<li>Il risultato sar\u00e0 equilibrato e adatto alla mia corporatura?<\/li>\n<\/ul>\n<p>La simulazione 3D fornisce un prezioso supporto al processo decisionale, riduce le incertezze e rafforza la fiducia prima dell&#039;operazione.<br \/>\n\u00c8 incluso nel costo della consulenza iniziale, senza costi aggiuntivi per l&#039;utilizzo della tecnologia Quantificare 3D.<\/p>\n<p><img decoding=\"async\" class=\"aligncenter wp-image-1573\" src=\"https:\/\/www.desouches-chirurgien-esthetique.com\/wp-content\/uploads\/2021\/03\/simulation-3d-pour-la-poitrine-desouches-2.jpg\" alt=\"Simulazione 3D per l&#039;aumento del seno\" width=\"910\" height=\"280\" srcset=\"https:\/\/www.desouches-chirurgien-esthetique.com\/wp-content\/uploads\/2021\/03\/simulation-3d-pour-la-poitrine-desouches-2.jpg 910w, https:\/\/www.desouches-chirurgien-esthetique.com\/wp-content\/uploads\/2021\/03\/simulation-3d-pour-la-poitrine-desouches-2-480x148.jpg 480w\" sizes=\"(min-width: 0px) and (max-width: 480px) 480px, (min-width: 481px) 910px, 100vw\" \/><\/p>\n<h2>Procedura di aumento del seno<\/h2>\n<p><span style=\"font-weight: 400;\">L\u2019intervento di aumento del seno intraareolare viene eseguito in anestesia generale e dura circa 1 o 2 ore. Il dottor Desouches e il suo team esperto ti guideranno attraverso il processo, dalla consultazione iniziale al recupero postoperatorio.<\/span><\/p>\n<h2>Consultazione<\/h2>\n<p><span style=\"font-weight: 400;\">Vi invitiamo a fissare un appuntamento per una consulenza con il dottor Desouches, chirurgo estetico a Marsiglia. Ti fornir\u00e0 informazioni dettagliate sulla procedura, risponder\u00e0 alle tue domande e ti aiuter\u00e0 a prendere una decisione informata.<\/span><\/p>\n<p><span style=\"font-weight: 400;\">Il dottor Desouches ha una significativa esperienza nei vari metodi di<a href=\"\/it\/chirurgie-esthetique-marseille-aix-en-provence\/prima-dopo-chirurgia-estetica-mammella\/aumento-del-seno-mediante-protesi-2\/\">aumento dei mammiferi<\/a>. Qualunque sia la forma degli impianti che preferisci o la posizione degli impianti desiderata, ti dar\u00e0 i migliori consigli per darti i risultati che desideri.<br \/>\n<\/span><span style=\"font-weight: 400;\">Se stai pensando di aumentare il seno, contattaci per vedere se l\u2019aumento del seno intraareolare \u00e8 la scelta giusta per te.<\/span><\/p>\n<p><a href=\"https:\/\/www.desouches-chirurgien-esthetique.com\/it\/chirurgia-estetica\/faq-chirurgia-estetica\/domande-frequenti-sul-miglioramento-del-seno\/\">Domande frequenti sull&#039;aumento del seno &gt;<\/a><\/p>","protected":false},"excerpt":{"rendered":"<p>Le Dr Christophe Desouches, chirurgien esth\u00e9tique \u00e0 Marseille avec plus de 20 ans d&#8217;exp\u00e9rience, est sp\u00e9cialis\u00e9 dans les proc\u00e9dures d&#8217;augmentation mammaire par implants ou proth\u00e8ses. Face \u00e0 l&#8217;accroissement de la demande de ses patientes, l&#8217;une des techniques qu&#8217;il emploie est l&#8217;augmentation mammaire par voie intra-ar\u00e9olaire, une m\u00e9thode qui laisse des cicatrices r\u00e9duites et discr\u00e8tes. Qu&#8217;est-ce [&hellip;]<\/p>\n","protected":false},"author":1,"featured_media":0,"parent":1362,"menu_order":4,"comment_status":"closed","ping_status":"closed","template":"","meta":{"_et_pb_use_builder":"","_et_pb_old_content":"","_et_gb_content_width":"","footnotes":""},"dipi_cpt_category":[],"class_list":["post-23418990","page","type-page","status-publish","hentry"],"_links":{"self":[{"href":"https:\/\/www.desouches-chirurgien-esthetique.com\/it\/wp-json\/wp\/v2\/pages\/23418990","targetHints":{"allow":["GET"]}}],"collection":[{"href":"https:\/\/www.desouches-chirurgien-esthetique.com\/it\/wp-json\/wp\/v2\/pages"}],"about":[{"href":"https:\/\/www.desouches-chirurgien-esthetique.com\/it\/wp-json\/wp\/v2\/types\/page"}],"author":[{"embeddable":true,"href":"https:\/\/www.desouches-chirurgien-esthetique.com\/it\/wp-json\/wp\/v2\/users\/1"}],"replies":[{"embeddable":true,"href":"https:\/\/www.desouches-chirurgien-esthetique.com\/it\/wp-json\/wp\/v2\/comments?post=23418990"}],"version-history":[{"count":5,"href":"https:\/\/www.desouches-chirurgien-esthetique.com\/it\/wp-json\/wp\/v2\/pages\/23418990\/revisions"}],"predecessor-version":[{"id":23420574,"href":"https:\/\/www.desouches-chirurgien-esthetique.com\/it\/wp-json\/wp\/v2\/pages\/23418990\/revisions\/23420574"}],"up":[{"embeddable":true,"href":"https:\/\/www.desouches-chirurgien-esthetique.com\/it\/wp-json\/wp\/v2\/pages\/1362"}],"wp:attachment":[{"href":"https:\/\/www.desouches-chirurgien-esthetique.com\/it\/wp-json\/wp\/v2\/media?parent=23418990"}],"wp:term":[{"taxonomy":"dipi_cpt_category","embeddable":true,"href":"https:\/\/www.desouches-chirurgien-esthetique.com\/it\/wp-json\/wp\/v2\/dipi_cpt_category?post=23418990"}],"curies":[{"name":"parola chiave","href":"https:\/\/api.w.org\/{rel}","templated":true}]}}