{"id":2159,"date":"2021-03-07T11:12:09","date_gmt":"2021-03-07T10:12:09","guid":{"rendered":"https:\/\/www.desouches-chirurgien-esthetique.com\/?page_id=2159"},"modified":"2025-08-07T18:04:03","modified_gmt":"2025-08-07T16:04:03","slug":"appuntamento-online","status":"publish","type":"page","link":"https:\/\/www.desouches-chirurgien-esthetique.com\/it\/rendez-vous-en-ligne\/","title":{"rendered":"Incontra online"},"content":{"rendered":"<p>[et_pb_section fb_built=&#8221;1&#8243; _builder_version=&#8221;4.27.4&#8243; animation_style=&#8221;fade&#8221; hover_enabled=&#8221;0&#8243; global_colors_info=&#8221;{}&#8221; custom_padding=&#8221;0px||0px||true|false&#8221; sticky_enabled=&#8221;0&#8243;][et_pb_row _builder_version=&#8221;4.27.4&#8243; _module_preset=&#8221;default&#8221; width=&#8221;95%&#8221; max_width=&#8221;1400px&#8221; hover_enabled=&#8221;0&#8243; locked=&#8221;off&#8221; global_colors_info=&#8221;{}&#8221; use_custom_gutter=&#8221;on&#8221; gutter_width=&#8221;2&#8243; sticky_enabled=&#8221;0&#8243;][et_pb_column type=&#8221;4_4&#8243; _builder_version=&#8221;4.16&#8243; _module_preset=&#8221;default&#8221; global_colors_info=&#8221;{}&#8221;][dipi_breadcrumbs bc_custom_home=&#8221;on&#8221; bc_home_text=&#8221;Accueil&#8221; bc_home_url=&#8221;\/&#8221; bc_home_icon=&#8221;on&#8221; bc_post_taxonomy=&#8221;dipi_cpt_category&#8221; bc_schema=&#8221;on&#8221; bc_separator_color=&#8221;#000000&#8243; admin_label=&#8221;Pixel Breadcrumbs&#8221; _builder_version=&#8221;4.27.4&#8243; _module_preset=&#8221;default&#8221; items_font=&#8221;Montserrat||||||||&#8221; items_text_color=&#8221;#000000&#8243; active_font=&#8221;Montserrat|500|||||||&#8221; custom_padding=&#8221;||15px||false|false&#8221; custom_css_bc_items_link=&#8221;text-decoration: underline;&#8221; global_module=&#8221;23418405&#8243; locked=&#8221;off&#8221; global_colors_info=&#8221;{}&#8221;][\/dipi_breadcrumbs][et_pb_post_title meta=&#8221;off&#8221; featured_image=&#8221;off&#8221; admin_label=&#8221;Titre du poste&#8221; _builder_version=&#8221;4.27.4&#8243; _module_preset=&#8221;default&#8221; title_font=&#8221;Autography||||||||&#8221; title_font_size=&#8221;60px&#8221; locked=&#8221;off&#8221; global_colors_info=&#8221;{}&#8221;][\/et_pb_post_title][\/et_pb_column][\/et_pb_row][et_pb_row _builder_version=&#8221;4.27.2&#8243; width=&#8221;95%&#8221; max_width=&#8221;1400px&#8221; hover_enabled=&#8221;0&#8243; global_colors_info=&#8221;{}&#8221; use_custom_gutter=&#8221;on&#8221; gutter_width=&#8221;2&#8243;][et_pb_column type=&#8221;4_4&#8243; _builder_version=&#8221;4.16&#8243; custom_padding=&#8221;|||&#8221; global_colors_info=&#8221;{}&#8221; custom_padding__hover=&#8221;|||&#8221;][et_pb_text _builder_version=&#8221;4.27.4&#8243; text_font=&#8221;Montserrat||||||||&#8221; text_text_color=&#8221;#000000&#8243; text_font_size=&#8221;17px&#8221; link_font=&#8221;||||on||||&#8221; link_text_color=&#8221;#000000&#8243; header_2_font=&#8221;Sackers Gothic Family||||||||&#8221; background_size=&#8221;initial&#8221; background_position=&#8221;top_left&#8221; background_repeat=&#8221;repeat&#8221; text_orientation=&#8221;justified&#8221; locked=&#8221;off&#8221; global_colors_info=&#8221;{}&#8221;]<\/p>\n<p>Les d\u00e9lais pour une consultation peuvent \u00eatre longs. Pour ne pas manquer les cr\u00e9neaux disponibles en cas d\u2019annulation, cr\u00e9ez une alerte sur Doctolib. Chaque soir, vous pouvez aussi consulter les rendez-vous de derni\u00e8re minute pour le lendemain, qui ne sont pas toujours imm\u00e9diatement visibles.<\/p>\n<h3>Rendez-vous pour une chirurgie mammaire, faciale ou de la silhouette<\/h3>\n<p>Des cr\u00e9neaux sp\u00e9cifiques sont r\u00e9serv\u00e9s pour les premi\u00e8res consultations de chirurgie (comme la chirurgie mammaire, faciale ou de la silhouette). Pour y acc\u00e9der, contactez-nous directement par e-mail \u00e0 : <a href=\"mailto:assistante@dr-desouches.com\" target=\"_blank\" rel=\"noopener\">assistante@<\/a><a href=\"http:\/\/dr-desouches.com\/\" target=\"_blank\" rel=\"noopener\" data-saferedirecturl=\"https:\/\/www.google.com\/url?q=http:\/\/dr-desouches.com&amp;source=gmail&amp;ust=1744176572579000&amp;usg=AOvVaw0FMN_N28i-Gfi7qsrYkS8h\">dr-<span class=\"il\">desouches<\/span>.com<\/a>.<\/p>\n<p>&nbsp;<\/p>\n<p>[\/et_pb_text][et_pb_code _builder_version=&#8221;4.27.4&#8243; _module_preset=&#8221;default&#8221; global_colors_info=&#8221;{}&#8221;]<iframe scrolling=\"no\" src=\"https:\/\/partners.doctolib.fr\/chirurgien-plastique\/marseille\/christophe-desouches?locale=fr\" teidentifier=\"samli0nrevklqeeq9r\" style=\"height:800px; min-height: 744px; width: 100%\"><\/iframe><script src=\"https:\/\/www.doctolib.fr:443\/js\/iframeResizer.js\" type=\"text\/javascript\"><\/script><script>iFrameResize()<\/script>[\/et_pb_code][\/et_pb_column][\/et_pb_row][et_pb_row _builder_version=&#8221;4.27.2&#8243; width=&#8221;95%&#8221; max_width=&#8221;1400px&#8221; hover_enabled=&#8221;0&#8243; disabled=&#8221;on&#8221; global_colors_info=&#8221;{}&#8221; use_custom_gutter=&#8221;on&#8221; gutter_width=&#8221;2&#8243; sticky_enabled=&#8221;0&#8243;][et_pb_column type=&#8221;4_4&#8243; _builder_version=&#8221;4.16&#8243; custom_padding=&#8221;|||&#8221; global_colors_info=&#8221;{}&#8221; custom_padding__hover=&#8221;|||&#8221;][et_pb_text _builder_version=&#8221;4.27.2&#8243; _module_preset=&#8221;default&#8221; header_font=&#8221;Autography||||||||&#8221; header_font_size=&#8221;60px&#8221; header_2_font=&#8221;Sackers Gothic Family||||||||&#8221; custom_margin=&#8221;||||false|false&#8221; locked=&#8221;off&#8221; global_colors_info=&#8221;{}&#8221;]<\/p>\n<h2>Actes M\u00e9dico Esth\u00e9tique<\/h2>\n<p>[\/et_pb_text][et_pb_text _builder_version=&#8221;4.27.2&#8243; text_font=&#8221;Montserrat||||||||&#8221; text_text_color=&#8221;#000000&#8243; text_font_size=&#8221;17px&#8221; header_2_font=&#8221;Sackers Gothic Family||||||||&#8221; background_size=&#8221;initial&#8221; background_position=&#8221;top_left&#8221; background_repeat=&#8221;repeat&#8221; text_orientation=&#8221;justified&#8221; locked=&#8221;off&#8221; global_colors_info=&#8221;{}&#8221;]<\/p>\n<p><span style=\"font-weight: 400;\">Nous vous proposons \u00e9galement une <\/span><b>gamme compl\u00e8te de soins m\u00e9dico-esth\u00e9tiques avanc\u00e9s<\/b><span style=\"font-weight: 400;\">, utilisant des technologies de pointe pour sublimer votre peau et affiner votre silhouette :<\/span><\/p>\n<ul>\n<li style=\"font-weight: 400;\" aria-level=\"1\"><b>VIRTUERF<\/b><span style=\"font-weight: 400;\"> : soin de raffermissement cutan\u00e9 par radiofr\u00e9quence fractionn\u00e9e.<\/span><\/li>\n<li style=\"font-weight: 400;\" aria-level=\"1\"><b>Laser Origin<\/b><span style=\"font-weight: 400;\"> : traitement laser Erbium Glass fractionn\u00e9 cibl\u00e9.<\/span><\/li>\n<li style=\"font-weight: 400;\" aria-level=\"1\"><b>Dermapen World<\/b><span style=\"font-weight: 400;\"> : dispositif de microneedling de grade m\u00e9dical.<\/span><\/li>\n<li style=\"font-weight: 400;\" aria-level=\"1\"><b>HIFU<\/b><span style=\"font-weight: 400;\"> : utilisation d&#8217;ultrasons focalis\u00e9s de haute intensit\u00e9 pour un effet liftant.<\/span><\/li>\n<li style=\"font-weight: 400;\" aria-level=\"1\"><b>Cryolipolyse<\/b><span style=\"font-weight: 400;\"> : technologie non invasive de r\u00e9duction des graisses par le froid.<\/span><\/li>\n<li style=\"font-weight: 400;\" aria-level=\"1\"><b>Stimulation Musculaire \u00c9lectromagn\u00e9tique<\/b><span style=\"font-weight: 400;\"> : pour tonifier et sculpter votre corps.<\/span><\/li>\n<\/ul>\n<p><span style=\"font-weight: 400;\">Gr\u00e2ce \u00e0 notre agenda en ligne, vous pouvez r\u00e9server directement ces rendez-vous.<\/span><\/p>\n<p>[\/et_pb_text][et_pb_button button_url=&#8221;\/prise-de-rendez-vous-planity\/&#8221; button_text=&#8221;Prendre rendez-vous en ligne&#8221; _builder_version=&#8221;4.27.2&#8243; _module_preset=&#8221;default&#8221; custom_button=&#8221;on&#8221; button_text_color=&#8221;#000000&#8243; hover_enabled=&#8221;0&#8243; global_colors_info=&#8221;{}&#8221; button_text_color__hover_enabled=&#8221;on|desktop&#8221; button_text_color__hover=&#8221;rgba(0,0,0,0.5)&#8221; sticky_enabled=&#8221;0&#8243;][\/et_pb_button][\/et_pb_column][\/et_pb_row][\/et_pb_section]<\/p>\n","protected":false},"excerpt":{"rendered":"<p><div class=\"et_pb_module dipi_breadcrumbs dipi_breadcrumbs_0\">\n\t\t\t\t\n\t\t\t\t\n\t\t\t\t\n\t\t\t\t\n\t\t\t\t\n\t\t\t\t\n\t\t\t\t<div class=\"et_pb_module_inner\">\n\t\t\t\t\t<div class=\"dipi-breadcrumbs dipi-bc-left\">\n                <ul itemscope itemtype=\"https:\/\/schema.org\/BreadcrumbList\">\n                    \n                                                        <li itemprop=\"itemListElement\" itemscope itemtype=\"https:\/\/schema.org\/ListItem\" class=\"dipi-breadcrumb-item dipi-breadcrumb-home\">\n\n                        \n                            <a itemprop=\"item\" href=\"\/\">\n                                <span itemprop=\"name\" content=\"Home\">\n                                    <span class=\"et-pb-icon dipi-home-icon\"><\/span>                                    Accueil                                <\/span>\n                            <\/a>\n\n                                                <meta itemprop=\"position\" content=\"1\"\/>                    <\/li>\n\n                    <li class=\"dipi-breadcrumb-separator\">\n                    <span class=\"et-pb-icon dipi-separator-icon\">$<\/span>\n                <\/li>                            \n                <\/ul>\n            <\/div>\n\t\t\t\t<\/div>\n\t\t\t<\/div>Les d\u00e9lais pour une consultation peuvent \u00eatre longs. Pour ne pas manquer les cr\u00e9neaux disponibles en cas d\u2019annulation, cr\u00e9ez une alerte sur Doctolib. Chaque soir, vous pouvez aussi consulter les rendez-vous de derni\u00e8re minute pour [&hellip;]<\/p>\n","protected":false},"author":1,"featured_media":0,"parent":0,"menu_order":11,"comment_status":"closed","ping_status":"closed","template":"","meta":{"_et_pb_use_builder":"on","_et_pb_old_content":"<code><iframe scrolling=\"no\" src=\"https:\/\/partners.doctolib.fr\/chirurgien-plastique\/marseille\/christophe-desouches?locale=fr\" teidentifier=\"samli0nrevklqeeq9r\" style=\"height:304px; min-height: 304px; width: 80%\"><\/iframe><script src=\"https:\/\/www.doctolib.fr:443\/js\/iframeResizer.js\" type=\"text\/javascript\"><\/script><script>iFrameResize()<\/script><\/code>","_et_gb_content_width":"","footnotes":""},"dipi_cpt_category":[],"class_list":["post-2159","page","type-page","status-publish","hentry"],"_links":{"self":[{"href":"https:\/\/www.desouches-chirurgien-esthetique.com\/it\/wp-json\/wp\/v2\/pages\/2159","targetHints":{"allow":["GET"]}}],"collection":[{"href":"https:\/\/www.desouches-chirurgien-esthetique.com\/it\/wp-json\/wp\/v2\/pages"}],"about":[{"href":"https:\/\/www.desouches-chirurgien-esthetique.com\/it\/wp-json\/wp\/v2\/types\/page"}],"author":[{"embeddable":true,"href":"https:\/\/www.desouches-chirurgien-esthetique.com\/it\/wp-json\/wp\/v2\/users\/1"}],"replies":[{"embeddable":true,"href":"https:\/\/www.desouches-chirurgien-esthetique.com\/it\/wp-json\/wp\/v2\/comments?post=2159"}],"version-history":[{"count":28,"href":"https:\/\/www.desouches-chirurgien-esthetique.com\/it\/wp-json\/wp\/v2\/pages\/2159\/revisions"}],"predecessor-version":[{"id":23420438,"href":"https:\/\/www.desouches-chirurgien-esthetique.com\/it\/wp-json\/wp\/v2\/pages\/2159\/revisions\/23420438"}],"wp:attachment":[{"href":"https:\/\/www.desouches-chirurgien-esthetique.com\/it\/wp-json\/wp\/v2\/media?parent=2159"}],"wp:term":[{"taxonomy":"dipi_cpt_category","embeddable":true,"href":"https:\/\/www.desouches-chirurgien-esthetique.com\/it\/wp-json\/wp\/v2\/dipi_cpt_category?post=2159"}],"curies":[{"name":"parola chiave","href":"https:\/\/api.w.org\/{rel}","templated":true}]}}