{"id":17478,"date":"2023-07-11T11:37:09","date_gmt":"2023-07-11T09:37:09","guid":{"rendered":"https:\/\/www.desouches-chirurgien-esthetique.com\/?page_id=17478"},"modified":"2023-09-08T15:12:44","modified_gmt":"2023-09-08T13:12:44","slug":"mento-medicina-estetica","status":"publish","type":"page","link":"https:\/\/www.desouches-chirurgien-esthetique.com\/it\/medecine-esthetique\/medecine-esthetique-du-visage\/medecine-esthetique-du-menton\/","title":{"rendered":"Medicina estetica del mento"},"content":{"rendered":"<div class=\"et_pb_module et_pb_post_title et_pb_post_title_0_tb_body et_pb_bg_layout_light et_pb_text_align_left\">\n<div class=\"et_pb_title_container\"><span style=\"color: #333333; font-size: 26px;\">Come ridisegnare il mento e abbellire il profilo del viso?<\/span><\/div>\n<\/div>\n<div class=\"et_pb_module et_pb_post_content et_pb_post_content_0_tb_body\">\n<p>Il mento \u00e8 un elemento importante dell&#039;armonia di un volto. Se \u00e8 troppo marcato d\u00e0 un&#039;impressione di fermezza, mentre troppo sfuggente priva il profilo del necessario equilibrio.<br \/>\nE al di l\u00e0 del mento, \u00e8 l&#039;armonia complessiva del viso con il riequilibrio degli zigomi, del naso, della mascella, che \u00e8 generalmente ricercata.<br \/>\nIl Dr. Christophe Desouches ti offre un approccio medico, minimamente invasivo e senza chirurgia, per rimodellare il tuo mento e migliorare la bellezza di tutto il tuo viso.<\/p>\n<h2>Profiloplastica medica per il profilo del viso<\/h2>\n<p>Tutti sogniamo di avere la struttura del viso perfetta, con zigomi alti, un naso proporzionato e un mento perfettamente sporgente. Tuttavia, molti di noi non hanno questo equilibrio.<br \/>\nEcco cosa ti pu\u00f2 portare una profiloplastica medica!<\/p>\n<p>&gt;&gt;&gt;Maggiori dettagli su <a href=\"https:\/\/www.desouches-chirurgien-esthetique.com\/it\/medicina-estetica\/medicina-estetica-del-viso-2\/mento-medicina-estetica\/medico-profoplastica-2\/\">profiloplastica medica<\/a><\/p>\n<h2>Genioplastica medica (mentoplastica)<\/h2>\n<p>Hai intenzione di ridisegnare il tuo mento per abbellire il tuo profilo?<br \/>\nLa genioplastica medica consente di correggere alcuni difetti estetici del mento senza necessit\u00e0 di intervento chirurgico.<\/p>\n<p>&gt;&gt;&gt;Maggiori dettagli su <a href=\"https:\/\/www.desouches-chirurgien-esthetique.com\/it\/medicina-estetica\/medicina-estetica-del-viso-2\/mento-medicina-estetica\/medico-genioplastica\/\">genioplastica medica<\/a><\/p>\n<\/div>","protected":false},"excerpt":{"rendered":"<p>Comment redessiner son menton et embellir le profil de son visage ? Le menton est un \u00e9l\u00e9ment majeur de l\u2019harmonie d\u2019un visage. S\u2019il est trop marqu\u00e9, il donne une impression de fermet\u00e9, alors que trop fuyant, il prive le profil d\u2019un \u00e9quilibre n\u00e9cessaire. Et au del\u00e0 du menton, c\u2019est l\u2019harmonie globale du visage avec le [&hellip;]<\/p>\n","protected":false},"author":1,"featured_media":0,"parent":17007,"menu_order":5,"comment_status":"closed","ping_status":"closed","template":"","meta":{"_et_pb_use_builder":"","_et_pb_old_content":"","_et_gb_content_width":"","footnotes":""},"dipi_cpt_category":[],"class_list":["post-17478","page","type-page","status-publish","hentry"],"_links":{"self":[{"href":"https:\/\/www.desouches-chirurgien-esthetique.com\/it\/wp-json\/wp\/v2\/pages\/17478","targetHints":{"allow":["GET"]}}],"collection":[{"href":"https:\/\/www.desouches-chirurgien-esthetique.com\/it\/wp-json\/wp\/v2\/pages"}],"about":[{"href":"https:\/\/www.desouches-chirurgien-esthetique.com\/it\/wp-json\/wp\/v2\/types\/page"}],"author":[{"embeddable":true,"href":"https:\/\/www.desouches-chirurgien-esthetique.com\/it\/wp-json\/wp\/v2\/users\/1"}],"replies":[{"embeddable":true,"href":"https:\/\/www.desouches-chirurgien-esthetique.com\/it\/wp-json\/wp\/v2\/comments?post=17478"}],"version-history":[{"count":5,"href":"https:\/\/www.desouches-chirurgien-esthetique.com\/it\/wp-json\/wp\/v2\/pages\/17478\/revisions"}],"predecessor-version":[{"id":23418827,"href":"https:\/\/www.desouches-chirurgien-esthetique.com\/it\/wp-json\/wp\/v2\/pages\/17478\/revisions\/23418827"}],"up":[{"embeddable":true,"href":"https:\/\/www.desouches-chirurgien-esthetique.com\/it\/wp-json\/wp\/v2\/pages\/17007"}],"wp:attachment":[{"href":"https:\/\/www.desouches-chirurgien-esthetique.com\/it\/wp-json\/wp\/v2\/media?parent=17478"}],"wp:term":[{"taxonomy":"dipi_cpt_category","embeddable":true,"href":"https:\/\/www.desouches-chirurgien-esthetique.com\/it\/wp-json\/wp\/v2\/dipi_cpt_category?post=17478"}],"curies":[{"name":"parola chiave","href":"https:\/\/api.w.org\/{rel}","templated":true}]}}