{"id":17275,"date":"2023-07-10T16:39:17","date_gmt":"2023-07-10T14:39:17","guid":{"rendered":"https:\/\/www.desouches-chirurgien-esthetique.com\/?page_id=17275"},"modified":"2023-08-02T10:56:15","modified_gmt":"2023-08-02T08:56:15","slug":"medicina-estetica-della-silhouette-2","status":"publish","type":"page","link":"https:\/\/www.desouches-chirurgien-esthetique.com\/it\/medecine-esthetique\/medecine-esthetique-de-la-silhouette\/","title":{"rendered":"Medicina estetica della silhouette"},"content":{"rendered":"<p><span style=\"font-weight: 400;\">La silhouette \u00e8 il linguaggio del corpo della seduzione femminile.<\/span><\/p>\n<p><span style=\"font-weight: 400;\">Il Dr. Christophe Desouches pu\u00f2 aiutarti ad affinare la tua silhouette e renderla pi\u00f9 armoniosa, con la medicina estetica, senza intervento chirurgico.<\/span><\/p>\n<p><span style=\"font-weight: 400;\">Che si tratti di criolipolisi, laser freddo, protesi o anche stimolazione muscolare elettromagnetica, il Dr. Desouches offre la sua esperienza per aiutarti a ritrovare l&#039;aspetto che desideri.<\/span><\/p>\n<h2>Lipolisi laser a freddo<\/h2>\n<p><span style=\"font-weight: 400;\">Dimagrire e scolpire il tuo corpo senza intervento, senza dolore, senza effetti collaterali, con sedute brevi?<\/span><span style=\"font-weight: 400;\"><br \/>\n<\/span><span style=\"font-weight: 400;\">Il laser freddo elimina la cellulite ovunque sia: pancia, cosce, glutei, ecc.<\/span><\/p>\n<p><span style=\"font-weight: 400;\">&gt;&gt;&gt; Maggiori dettagli su <a href=\"https:\/\/www.desouches-chirurgien-esthetique.com\/it\/medicina-estetica\/medicina-estetica-della-silhouette-2\/lipolisi-laser-a-freddo\/\">Lipolisi laser freddo<\/a><\/span><\/p>\n<h2><span style=\"font-weight: 400;\">Criolipolisi<\/span><\/h2>\n<p><span style=\"font-weight: 400;\">\u00e8 un nuovo metodo medico per il trattamento del grasso in eccesso localizzato applicando un criodo a bassa temperatura per un&#039;ora.<\/span><\/p>\n<p><span style=\"font-weight: 400;\">&gt;&gt;&gt; Maggiori dettagli su <a href=\"https:\/\/www.desouches-chirurgien-esthetique.com\/it\/medicina-estetica\/medicina-estetica-della-silhouette-2\/criolipolisi\/\">criolipolisi<\/a><\/span><\/p>\n<h2><span style=\"font-weight: 400;\">Stimolazione muscolare elettromagnetica<\/span><\/h2>\n<p><span style=\"font-weight: 400;\">Per chi vuole affinare la propria silhouette e sviluppare la propria muscolatura senza soffrire di lunghe sessioni di ginnastica o sport.<\/span><\/p>\n<p><span style=\"font-weight: 400;\">&gt;&gt;&gt; Maggiori dettagli su <a href=\"https:\/\/www.desouches-chirurgien-esthetique.com\/it\/innovazioni\/elettro-stimolazione-muscolare\/\">stimolazione muscolare elettromagnetica<\/a><\/span><\/p>\n<p><!--more--><\/p>\n<div class='et-learn-more clearfix'>\n\t\t\t\t\t<h3 class='heading-more'>Scopri le possibilit\u00e0 offerte dalla chirurgia estetica<span class='et_learnmore_arrow'><span><\/span><\/span><\/h3>\n\t\t\t\t\t<div class='learn-more-content'><h2>Chirurgia estetica della silhouette<\/h2>\n<p>\u00c8 possibile migliorare anche la silhouette con il <a href=\"https:\/\/www.desouches-chirurgien-esthetique.com\/it\/chirurgia-estetica\/chirurgia-estetica-della-silhouette\/\">chirurgia estetica della silhouette<\/a>, tra cui liposuzione, lifting brasiliano dei glutei, addominoplastica o chirurgia dei polpacci.<\/p><\/div>\n\t\t\t\t<\/div>","protected":false},"excerpt":{"rendered":"<p>La silhouette est le langage corporel de la s\u00e9duction f\u00e9minine. Le Dr. Christophe Desouches peut vous aider \u00e0 affiner votre silhouette et la rendre plus harmonieuse, avec la m\u00e9decine esth\u00e9tique, sans chirurgie. Que ce soit par la cryolipolyse, le laser froid, les proth\u00e8ses ou encore la stimulation musculaire \u00e9lectromagn\u00e9tique, le Dr Desouches vous propose son [&hellip;]<\/p>\n","protected":false},"author":1,"featured_media":0,"parent":16993,"menu_order":1,"comment_status":"closed","ping_status":"closed","template":"","meta":{"_et_pb_use_builder":"","_et_pb_old_content":"","_et_gb_content_width":"","footnotes":""},"dipi_cpt_category":[],"class_list":["post-17275","page","type-page","status-publish","hentry"],"_links":{"self":[{"href":"https:\/\/www.desouches-chirurgien-esthetique.com\/it\/wp-json\/wp\/v2\/pages\/17275","targetHints":{"allow":["GET"]}}],"collection":[{"href":"https:\/\/www.desouches-chirurgien-esthetique.com\/it\/wp-json\/wp\/v2\/pages"}],"about":[{"href":"https:\/\/www.desouches-chirurgien-esthetique.com\/it\/wp-json\/wp\/v2\/types\/page"}],"author":[{"embeddable":true,"href":"https:\/\/www.desouches-chirurgien-esthetique.com\/it\/wp-json\/wp\/v2\/users\/1"}],"replies":[{"embeddable":true,"href":"https:\/\/www.desouches-chirurgien-esthetique.com\/it\/wp-json\/wp\/v2\/comments?post=17275"}],"version-history":[{"count":5,"href":"https:\/\/www.desouches-chirurgien-esthetique.com\/it\/wp-json\/wp\/v2\/pages\/17275\/revisions"}],"predecessor-version":[{"id":23418729,"href":"https:\/\/www.desouches-chirurgien-esthetique.com\/it\/wp-json\/wp\/v2\/pages\/17275\/revisions\/23418729"}],"up":[{"embeddable":true,"href":"https:\/\/www.desouches-chirurgien-esthetique.com\/it\/wp-json\/wp\/v2\/pages\/16993"}],"wp:attachment":[{"href":"https:\/\/www.desouches-chirurgien-esthetique.com\/it\/wp-json\/wp\/v2\/media?parent=17275"}],"wp:term":[{"taxonomy":"dipi_cpt_category","embeddable":true,"href":"https:\/\/www.desouches-chirurgien-esthetique.com\/it\/wp-json\/wp\/v2\/dipi_cpt_category?post=17275"}],"curies":[{"name":"parola chiave","href":"https:\/\/api.w.org\/{rel}","templated":true}]}}