{"id":17007,"date":"2023-07-07T16:55:00","date_gmt":"2023-07-07T14:55:00","guid":{"rendered":"https:\/\/www.desouches-chirurgien-esthetique.com\/?page_id=17007"},"modified":"2023-09-08T15:11:16","modified_gmt":"2023-09-08T13:11:16","slug":"medicina-estetica-del-viso-2","status":"publish","type":"page","link":"https:\/\/www.desouches-chirurgien-esthetique.com\/it\/medecine-esthetique\/medecine-esthetique-du-visage\/","title":{"rendered":"Medicina estetica del viso"},"content":{"rendered":"<p>Il viso \u00e8 la nostra parte pi\u00f9 visibile del corpo. Sono quindi particolarmente esposti disgrazie o segni del tempo (naso sproporzionato, rughe e pelle dilatata, palpebre cadenti o borse sotto gli occhi, ecc.).<\/p>\n<p>Quali sono le soluzioni per abbellire e ringiovanire questo volto che ci rappresenta?<br \/>\nSia con la chirurgia estetica che con <strong>medicina estetica dettagliata di seguito<\/strong>, La dottoressa Desouches ti consiglia in un approccio personalizzato per combinare al meglio le azioni che ti permetteranno di avere il viso che desideri.<\/p>\n<h2>Medicina estetica e trattamento delle rughe<\/h2>\n<p>Oltre a uno stile di vita adattato, \u00e8 disponibile una gamma di mezzi efficaci per migliorare l&#039;aspetto delle rughe.<\/p>\n<p>&gt;&gt;&gt; Maggiori dettagli su <a href=\"https:\/\/www.desouches-chirurgien-esthetique.com\/it\/medicina-estetica\/medicina-estetica-del-viso-2\/chirurgia-estetica-per-le-rughe\/\">trattamento delle rughe<\/a><\/p>\n<h2>Medicina estetica della fronte<\/h2>\n<p>Le rughe e il rilassamento cutaneo della fronte incidono sull&#039;estetica generale del viso e sullo sguardo. La medicina estetica della fronte permette di correggere questi aspetti per ritrovare armonia e un aspetto pi\u00f9 giovanile.<\/p>\n<p>&gt;&gt;&gt; Maggiori dettagli su <a href=\"https:\/\/www.desouches-chirurgien-esthetique.com\/it\/medicina-estetica\/medicina-estetica-del-viso-2\/medicina-estetica-fronte\/\">medicina estetica della fronte<\/a><\/p>\n<h2>Medicina estetica dell&#039;occhio<\/h2>\n<p><img decoding=\"async\" class=\"aligncenter wp-image-5718 size-medium\" src=\"https:\/\/www.desouches-chirurgien-esthetique.com\/wp-content\/uploads\/2021\/03\/avant-apres-blepharo-300x300.jpg\" alt=\"Chirurgia palpebrale a Marsiglia\" width=\"300\" height=\"300\" \/> Le palpebre, come il contorno occhi, sono zone fragili sensibili all&#039;et\u00e0, all&#039;alcol, al sole... Lo sguardo cambia con l&#039;abbassamento delle palpebre o la comparsa delle occhiaie.<br \/>\nLa correzione delle occhiaie (blefaroplastica) permette di correggere questi difetti per ritrovare un aspetto pi\u00f9 chiaro e ringiovanito.<\/p>\n<p>&gt;&gt;&gt; Maggiori dettagli su <a href=\"https:\/\/www.desouches-chirurgien-esthetique.com\/it\/medicina-estetica\/medicina-estetica-del-viso-2\/medicina-estetica-sguardo-occhiaie\/\">medicina oculistica estetica<\/a><\/p>\n<h2>Medicina estetica del naso<\/h2>\n<p><img decoding=\"async\" class=\"aligncenter wp-image-5876 size-medium\" src=\"https:\/\/www.desouches-chirurgien-esthetique.com\/wp-content\/uploads\/2021\/03\/avant-apres-profilogior-300x300.jpg\" alt=\"Chirurgia estetica del viso a Marsiglia \" width=\"300\" height=\"300\" \/> Il naso \u00e8 uno dei tratti pi\u00f9 visibili del viso. La rinoplastica \u00e8 un intervento di chirurgia estetica del naso che crea un naso armonioso, donando maggiore equilibrio al viso. La rinoplastica medica raggiunge risultati spettacolari senza chirurgia, con una semplice iniezione di filler.<\/p>\n<p>&gt;&gt;&gt; Maggiori dettagli su <a href=\"https:\/\/www.desouches-chirurgien-esthetique.com\/it\/medicina-estetica\/medicina-estetica-del-viso-2\/medicina-estetica-del-naso\/\">medicina estetica del naso<\/a><\/p>\n<h2>Abbellimento delle labbra<\/h2>\n<p><img decoding=\"async\" class=\"aligncenter wp-image-5702 size-medium\" src=\"https:\/\/www.desouches-chirurgien-esthetique.com\/wp-content\/uploads\/2021\/03\/avant-apres-aug-levre-2-300x300.jpg\" alt=\"Iniezioni di acido ialuronico labbro di Marsiglia\" width=\"300\" height=\"300\" \/> Simboli di seduzione e attrazione, le labbra perdono volume e sollievo con l&#039;et\u00e0. Il sole e le sigarette possono accelerare i segni del tempo. Diversi approcci estetici ne migliorano il design e l&#039;armonia.<\/p>\n<p>&gt;&gt;&gt; Maggiori dettagli su <a href=\"https:\/\/www.desouches-chirurgien-esthetique.com\/it\/medicina-estetica\/medicina-estetica-del-viso-2\/medicina-estetica-labbra\/\">medicina estetica delle labbra<\/a><\/p>\n<h2>Migliora il mento<\/h2>\n<p>Il mento gioca un ruolo cruciale nell&#039;equilibrio del viso. Il Dott. Christophe Desouches offre una soluzione medica delicata per valorizzare il mento e ripristinare l&#039;armonia del viso.<\/p>\n<p>&gt;&gt;&gt; Maggiori dettagli su <a href=\"https:\/\/www.desouches-chirurgien-esthetique.com\/it\/medicina-estetica\/medicina-estetica-del-viso-2\/mento-medicina-estetica\/\">medicina estetica del mento<\/a><\/p>\n<h2>Ridisegna gli zigomi<\/h2>\n<p>Gli zigomi contribuiscono all&#039;armonia generale del nostro viso. Rimodellando i contorni e i volumi degli zigomi \u00e8 possibile migliorare del tutto l&#039;equilibrio.<\/p>\n<p>&gt;&gt;&gt; Maggiori dettagli su <a href=\"https:\/\/www.desouches-chirurgien-esthetique.com\/it\/medicina-estetica\/medicina-estetica-del-viso-2\/medicina-cosmetica-per-gli-zigomi\/\">medicina estetica per gli zigomi<\/a><\/p>\n<h2>L&#039;ovale e il collo<\/h2>\n<p>La medicina estetica proposta dal Dott. Desouches rimodella l&#039;ovale del viso e del collo senza ricorrere alla chirurgia.<br \/>\nRitroverai quindi un aspetto pi\u00f9 giovane e dinamico.<\/p>\n<p>&gt;&gt;&gt; Maggiori dettagli su\u00a0<a href=\"https:\/\/www.desouches-chirurgien-esthetique.com\/it\/medicina-estetica\/medicina-estetica-del-viso-2\/medicina-estetica-del-lobo-e-del-collo\/\">medicina estetica dell&#039;ovale e del collo<\/a><\/p>\n<h2>Domande frequenti sull&#039;acido ialuronico<\/h2>\n<p>Vuoi usare iniezioni di acido ialuronico ed esiti, ti poni delle domande. Ecco le risposte del Dr. Christophe Desouches alle domande pi\u00f9 frequenti sull&#039;acido ialuronico.<\/p>\n<p>&gt;&gt;&gt;<a href=\"https:\/\/www.desouches-chirurgien-esthetique.com\/it\/medicina-estetica\/faq-medicina-estetica\/acido-ialuronico-frequentemente-interrogato\/\">FAQ sull&#039;acido ialuronico<\/a><\/p>\n<h2>Domande frequenti su Botox (tossina botulinica)<\/h2>\n<p>Vuoi usare le iniezioni di Botox per il tuo viso ed esiti, ti poni delle domande.<br \/>\nEcco le risposte del Dr. Desouches alle domande pi\u00f9 frequenti sul Botox.<\/p>\n<p>&gt;&gt;&gt;<a href=\"https:\/\/www.desouches-chirurgien-esthetique.com\/it\/medicina-estetica\/faq-medicina-estetica\/faq-domanda-frequente-botox-tossina-botulinica\/\">Domande frequenti sul Botox<\/a><\/p>\n<p><!--more--><\/p>\n<div class='et-learn-more clearfix'>\n\t\t\t\t\t<h3 class='heading-more'>Scopri le possibilit\u00e0 offerte dalla chirurgia estetica<span class='et_learnmore_arrow'><span><\/span><\/span><\/h3>\n\t\t\t\t\t<div class='learn-more-content'><h2>Chirurgia estetica del viso<\/h2>\n<p>\u00c8 possibile abbellire il proprio viso anche con interventi di chirurgia estetica del viso: chirurgia delle palpebre, rinoplastica, lifting delle labbra, lifting della fronte o cervico-facciale e molti altri.<\/p>\n<p>Scopri tutti gli interventi proposti dal Dr Desouches in <a href=\"https:\/\/www.desouches-chirurgien-esthetique.com\/it\/chirurgia-estetica\/prima-dopo-chirurgia-estetica-facciale\/\">chirurgia estetica del viso<\/a>.<\/p><\/div>\n\t\t\t\t<\/div>","protected":false},"excerpt":{"rendered":"<p>Le visage est notre partie du corps la plus visible. Les disgr\u00e2ces ou les signes de vieillissement sont donc particuli\u00e8rement expos\u00e9s (nez mal proportionn\u00e9, rides et peau distendue, paupi\u00e8res tombantes ou poches sous les yeux \u2026). Quelles sont les solutions pour embellir et rajeunir ce visage qui nous repr\u00e9sente ? Que ce soit avec la [&hellip;]<\/p>\n","protected":false},"author":1,"featured_media":0,"parent":16993,"menu_order":0,"comment_status":"closed","ping_status":"closed","template":"","meta":{"_et_pb_use_builder":"","_et_pb_old_content":"","_et_gb_content_width":"","footnotes":""},"dipi_cpt_category":[],"class_list":["post-17007","page","type-page","status-publish","hentry"],"_links":{"self":[{"href":"https:\/\/www.desouches-chirurgien-esthetique.com\/it\/wp-json\/wp\/v2\/pages\/17007","targetHints":{"allow":["GET"]}}],"collection":[{"href":"https:\/\/www.desouches-chirurgien-esthetique.com\/it\/wp-json\/wp\/v2\/pages"}],"about":[{"href":"https:\/\/www.desouches-chirurgien-esthetique.com\/it\/wp-json\/wp\/v2\/types\/page"}],"author":[{"embeddable":true,"href":"https:\/\/www.desouches-chirurgien-esthetique.com\/it\/wp-json\/wp\/v2\/users\/1"}],"replies":[{"embeddable":true,"href":"https:\/\/www.desouches-chirurgien-esthetique.com\/it\/wp-json\/wp\/v2\/comments?post=17007"}],"version-history":[{"count":5,"href":"https:\/\/www.desouches-chirurgien-esthetique.com\/it\/wp-json\/wp\/v2\/pages\/17007\/revisions"}],"predecessor-version":[{"id":23418826,"href":"https:\/\/www.desouches-chirurgien-esthetique.com\/it\/wp-json\/wp\/v2\/pages\/17007\/revisions\/23418826"}],"up":[{"embeddable":true,"href":"https:\/\/www.desouches-chirurgien-esthetique.com\/it\/wp-json\/wp\/v2\/pages\/16993"}],"wp:attachment":[{"href":"https:\/\/www.desouches-chirurgien-esthetique.com\/it\/wp-json\/wp\/v2\/media?parent=17007"}],"wp:term":[{"taxonomy":"dipi_cpt_category","embeddable":true,"href":"https:\/\/www.desouches-chirurgien-esthetique.com\/it\/wp-json\/wp\/v2\/dipi_cpt_category?post=17007"}],"curies":[{"name":"parola chiave","href":"https:\/\/api.w.org\/{rel}","templated":true}]}}