{"id":16949,"date":"2023-07-07T15:02:05","date_gmt":"2023-07-07T13:02:05","guid":{"rendered":"https:\/\/www.desouches-chirurgien-esthetique.com\/?page_id=16949"},"modified":"2023-11-10T18:26:19","modified_gmt":"2023-11-10T17:26:19","slug":"chirurgia-estetica","status":"publish","type":"page","link":"https:\/\/www.desouches-chirurgien-esthetique.com\/it\/chirurgie-esthetique\/","title":{"rendered":"Chirurgia estetica a Marsiglia e Aix-en-Provence"},"content":{"rendered":"<p>Gli interventi di chirurgia estetica eseguiti dal Dott. Desouches, chirurgo estetico a Marsiglia e Aix-en-Provence, mirano a migliorare l&#039;aspetto fisico e l&#039;immagine di s\u00e9, contribuendo cos\u00ec a una migliore qualit\u00e0 della vita.<br \/>\nLe procedure pi\u00f9 comuni includono la chirurgia del viso, del seno e del contorno occhi, con specializzazione nell&#039;aumento del seno con protesi e nel lifting del viso.<\/p>\n<h2>Chirurgia facciale<\/h2>\n<p>Che si tratti di chirurgia delle palpebre, labbra, zigomi, rinoplastica o lifting, il Dr. Desouches offre soluzioni per ringiovanire e abbellire il tuo viso.<\/p>\n<p>&gt;&gt;&gt;Maggiori dettagli su <a href=\"https:\/\/www.desouches-chirurgien-esthetique.com\/it\/chirurgia-estetica\/prima-dopo-chirurgia-estetica-facciale\/\">chirurgia estetica del viso<\/a><\/p>\n<h2>Intervento chirurgico al seno<\/h2>\n<p>Che tu stia considerando le protesi mammarie o il lifting del seno, il Dr. Desouches \u00e8 qui per guidarti.<\/p>\n<p>&gt;&gt;&gt;Maggiori dettagli su <a href=\"https:\/\/www.desouches-chirurgien-esthetique.com\/it\/chirurgia-estetica\/prima-dopo-chirurgia-estetica-mammella\/\">chirurgia estetica del seno<\/a><\/p>\n<h2>Chirurgia della figura<\/h2>\n<p>Sono disponibili procedure come la liposuzione, l&#039;addominoplastica o l&#039;impianto del polpaccio per aiutarti a raggiungere la figura che desideri.<\/p>\n<p>&gt;&gt;&gt;Maggiori dettagli su <a href=\"https:\/\/www.desouches-chirurgien-esthetique.com\/it\/chirurgia-estetica\/chirurgia-estetica-della-silhouette\/\">chirurgia estetica della silhouette<\/a><\/p>\n<h2>Chirurgia intima<\/h2>\n<p>Sia per gli uomini che per le donne, il Dr. Desouches offre soluzioni per migliorare la fiducia in se stessi e il benessere nell&#039;intimit\u00e0.<\/p>\n<p>&gt;&gt;&gt;Maggiori dettagli su <a href=\"https:\/\/www.desouches-chirurgien-esthetique.com\/it\/chirurgia-estetica\/intima-chirurgia\/\">chirurgia estetica intima<\/a><\/p>\n<h2>Trapianto di capelli FUE<\/h2>\n<p>Per coloro che lottano contro la caduta dei capelli, il Dr. Desouches offre soluzioni di trapianto di capelli per ripristinare una chioma piena e naturale.<\/p>\n<p>&gt;&gt;&gt;Maggiori dettagli su <a href=\"https:\/\/www.desouches-chirurgien-esthetique.com\/it\/chirurgia-estetica\/intima-chirurgia\/\">Trapianto di capelli<\/a><\/p>\n<h2>Domande frequenti sulla chirurgia estetica<\/h2>\n<p>Se avete domande o dubbi riguardanti la chirurgia estetica, il Dr. Desouches fornisce risposte chiare e informative alle domande pi\u00f9 frequenti.<\/p>\n<p>&gt;&gt;&gt;Scopri il <a href=\"https:\/\/www.desouches-chirurgien-esthetique.com\/it\/chirurgia-estetica\/faq-chirurgia-estetica\/\">domande frequenti sulla chirurgia estetica<\/a><\/p>\n<p><!--more--><\/p>\n<div class='et-learn-more clearfix'>\n\t\t\t\t\t<h3 class='heading-more'>Scopri le possibilit\u00e0 offerte dalla medicina estetica<span class='et_learnmore_arrow'><span><\/span><\/span><\/h3>\n\t\t\t\t\t<div class='learn-more-content'><h2>Medicina estetica<\/h2>\n<p>Oltre alla chirurgia estetica, il dottor Desouches si dedica anche alla medicina estetica, offrendo trattamenti come Botox e iniezioni di acido ialuronico. Si sforza di comprendere le vostre esigenze e di offrire soluzioni personalizzate senza intervento chirurgico per una soddisfazione totale.<\/p>\n<p>&gt;&gt;&gt;Maggiori dettagli su <a href=\"https:\/\/www.desouches-chirurgien-esthetique.com\/it\/medicina-estetica\/\">chirurgia plastica<\/a><\/p><\/div>\n\t\t\t\t<\/div>","protected":false},"excerpt":{"rendered":"<p>La chirurgie esth\u00e9tique pratiqu\u00e9e par le Dr Desouches, chirurgien esth\u00e9tique \u00e0 Marseille et \u00e0 Aix-en-Provence, vise \u00e0 am\u00e9liorer l&#8217;apparence physique et l&#8217;image de soi, contribuant ainsi \u00e0 une meilleure qualit\u00e9 de vie. Les interventions courantes comprennent la chirurgie du visage, des seins et de la silhouette, avec une sp\u00e9cialisation dans l&#8217;augmentation mammaire par proth\u00e8se et [&hellip;]<\/p>\n","protected":false},"author":1,"featured_media":0,"parent":0,"menu_order":1,"comment_status":"closed","ping_status":"closed","template":"","meta":{"_et_pb_use_builder":"off","_et_pb_old_content":"","_et_gb_content_width":"","footnotes":""},"dipi_cpt_category":[],"class_list":["post-16949","page","type-page","status-publish","hentry"],"_links":{"self":[{"href":"https:\/\/www.desouches-chirurgien-esthetique.com\/it\/wp-json\/wp\/v2\/pages\/16949","targetHints":{"allow":["GET"]}}],"collection":[{"href":"https:\/\/www.desouches-chirurgien-esthetique.com\/it\/wp-json\/wp\/v2\/pages"}],"about":[{"href":"https:\/\/www.desouches-chirurgien-esthetique.com\/it\/wp-json\/wp\/v2\/types\/page"}],"author":[{"embeddable":true,"href":"https:\/\/www.desouches-chirurgien-esthetique.com\/it\/wp-json\/wp\/v2\/users\/1"}],"replies":[{"embeddable":true,"href":"https:\/\/www.desouches-chirurgien-esthetique.com\/it\/wp-json\/wp\/v2\/comments?post=16949"}],"version-history":[{"count":9,"href":"https:\/\/www.desouches-chirurgien-esthetique.com\/it\/wp-json\/wp\/v2\/pages\/16949\/revisions"}],"predecessor-version":[{"id":23419035,"href":"https:\/\/www.desouches-chirurgien-esthetique.com\/it\/wp-json\/wp\/v2\/pages\/16949\/revisions\/23419035"}],"wp:attachment":[{"href":"https:\/\/www.desouches-chirurgien-esthetique.com\/it\/wp-json\/wp\/v2\/media?parent=16949"}],"wp:term":[{"taxonomy":"dipi_cpt_category","embeddable":true,"href":"https:\/\/www.desouches-chirurgien-esthetique.com\/it\/wp-json\/wp\/v2\/dipi_cpt_category?post=16949"}],"curies":[{"name":"parola chiave","href":"https:\/\/api.w.org\/{rel}","templated":true}]}}