{"id":15667,"date":"2022-08-29T17:55:15","date_gmt":"2022-08-29T15:55:15","guid":{"rendered":"https:\/\/www.desouches-chirurgien-esthetique.com\/?page_id=15667"},"modified":"2023-07-11T11:38:28","modified_gmt":"2023-07-11T09:38:28","slug":"medico-genioplastica","status":"publish","type":"page","link":"https:\/\/www.desouches-chirurgien-esthetique.com\/it\/medecine-esthetique\/medecine-esthetique-du-visage\/medecine-esthetique-du-menton\/genioplastie-medicale\/","title":{"rendered":"Genioplastica medica"},"content":{"rendered":"<h2>Non ti piace il tuo mento?<\/h2>\n<p>Per la sua posizione centrale, come il naso e le labbra, il mento deve rispettare proporzioni ideali per essere armonico con il resto del viso (base della fronte, proiezione degli zigomi, angolo delle mascelle). A volte \u00e8 troppo avanzato o troppo indietro (in fuga). Che il suo aspetto, pi\u00f9 o meno squadrato o appuntito, a volte si accorda sgraziatamente con il resto del viso.<\/p>\n<p>Allora come correggere i difetti del mento? Con la genioplastica medica, il Dr. Christophe Desouches ti offre una soluzione efficace senza intervento chirurgico.<\/p>\n<h2>Cos&#039;\u00e8 la genioplastica medica (o mentoplastica)?<\/h2>\n<p>La genioplastica medica \u00e8 una procedura medica mini-invasiva e non chirurgica per migliorare l&#039;aspetto del mento e\/o della mandibola. Viene eseguita utilizzando iniezioni di filler come l&#039;acido ialuronico.<\/p>\n<p>Questa procedura combina visione artistica, sensibilit\u00e0 estetica e conoscenza anatomica per rimodellare il mento in modo non chirurgico. Il Dr. Christophe Desouches ha un occhio esperto frutto dell&#039;esperienza che gli permette di valutare le proporzioni ideali del mento e di ogni zona del viso (larghezza, altezza, sporgenza, angoli, ecc.) e quindi migliorare il proprio profilo.<\/p>\n<h2>Come viene eseguita la genioplastica senza intervento chirurgico?<\/h2>\n<p>La genioplastica o mentoplastica medica, senza intervento chirurgico, viene eseguita in anestesia locale e richiede un&#039;ora di permanenza presso il Centro Medico.<br \/>\nPotresti avere lividi, arrossamenti o un leggero gonfiore per alcuni giorni dopo.<\/p>\n<h2>Benefici<\/h2>\n<p>I vantaggi di questa procedura medica sono molteplici:<\/p>\n<ul>\n<li>Risultati immediati a livello di profilo<\/li>\n<li>Mento pi\u00f9 scolpito<\/li>\n<li>Nessun intervento chirurgico<\/li>\n<li>Utilizzo di prodotti conosciuti e perfettamente tollerati (Acido Ialuronico)<\/li>\n<li>Pochissimi effetti collaterali<\/li>\n<li>Durata da un anno a un anno e mezzo<\/li>\n<\/ul>\n<h2>Domande frequenti<\/h2>\n<h3>Qual \u00e8 il costo della genioplastica medica?<\/h3>\n<p>Il prezzo di una genioplastica medica dipende dalla quantit\u00e0 necessaria per ottenere un risultato soddisfacente. Di solito sono sufficienti una o due siringhe da 1 ml.<\/p>\n<h3>Quali prodotti vengono utilizzati per la genioplastica medica?<\/h3>\n<p>Il Dr. Desouches utilizza esclusivamente Acido Ialuronico.<\/p>","protected":false},"excerpt":{"rendered":"<p>Votre menton ne vous pla\u00eet pas ? En raison de sa position centrale, tout comme le nez et les l\u00e8vres, le menton doit respecter des proportions id\u00e9ales pour \u00eatre harmonieux avec le reste du visage (base du front, projection des pommettes, angle des m\u00e2choires). Il arrive qu\u2019il soit trop avanc\u00e9 ou trop en retrait (fuyant). [&hellip;]<\/p>\n","protected":false},"author":1,"featured_media":0,"parent":17478,"menu_order":0,"comment_status":"closed","ping_status":"closed","template":"","meta":{"_et_pb_use_builder":"","_et_pb_old_content":"","_et_gb_content_width":"","footnotes":""},"dipi_cpt_category":[],"class_list":["post-15667","page","type-page","status-publish","hentry"],"_links":{"self":[{"href":"https:\/\/www.desouches-chirurgien-esthetique.com\/it\/wp-json\/wp\/v2\/pages\/15667","targetHints":{"allow":["GET"]}}],"collection":[{"href":"https:\/\/www.desouches-chirurgien-esthetique.com\/it\/wp-json\/wp\/v2\/pages"}],"about":[{"href":"https:\/\/www.desouches-chirurgien-esthetique.com\/it\/wp-json\/wp\/v2\/types\/page"}],"author":[{"embeddable":true,"href":"https:\/\/www.desouches-chirurgien-esthetique.com\/it\/wp-json\/wp\/v2\/users\/1"}],"replies":[{"embeddable":true,"href":"https:\/\/www.desouches-chirurgien-esthetique.com\/it\/wp-json\/wp\/v2\/comments?post=15667"}],"version-history":[{"count":4,"href":"https:\/\/www.desouches-chirurgien-esthetique.com\/it\/wp-json\/wp\/v2\/pages\/15667\/revisions"}],"predecessor-version":[{"id":16146,"href":"https:\/\/www.desouches-chirurgien-esthetique.com\/it\/wp-json\/wp\/v2\/pages\/15667\/revisions\/16146"}],"up":[{"embeddable":true,"href":"https:\/\/www.desouches-chirurgien-esthetique.com\/it\/wp-json\/wp\/v2\/pages\/17478"}],"wp:attachment":[{"href":"https:\/\/www.desouches-chirurgien-esthetique.com\/it\/wp-json\/wp\/v2\/media?parent=15667"}],"wp:term":[{"taxonomy":"dipi_cpt_category","embeddable":true,"href":"https:\/\/www.desouches-chirurgien-esthetique.com\/it\/wp-json\/wp\/v2\/dipi_cpt_category?post=15667"}],"curies":[{"name":"parola chiave","href":"https:\/\/api.w.org\/{rel}","templated":true}]}}