{"id":14938,"date":"2022-03-15T17:46:53","date_gmt":"2022-03-15T16:46:53","guid":{"rendered":"https:\/\/www.desouches-chirurgien-esthetique.com\/?page_id=14938"},"modified":"2023-09-08T11:59:59","modified_gmt":"2023-09-08T09:59:59","slug":"faq-chirurgia-estetica","status":"publish","type":"page","link":"https:\/\/www.desouches-chirurgien-esthetique.com\/it\/chirurgie-esthetique\/faq-chirurgie-esthetique\/","title":{"rendered":"Domande frequenti sulla chirurgia estetica"},"content":{"rendered":"<p>[et_pb_section fb_built=&#8221;1&#8243; admin_label=&#8221;section&#8221; _builder_version=&#8221;4.16&#8243; global_colors_info=&#8221;{}&#8221;][et_pb_row disabled_on=&#8221;off|off|off&#8221; admin_label=&#8221;row&#8221; _builder_version=&#8221;4.16&#8243; width=&#8221;100%&#8221; global_colors_info=&#8221;{}&#8221;][et_pb_column type=&#8221;4_4&#8243; _builder_version=&#8221;4.16&#8243; custom_padding=&#8221;|||&#8221; global_colors_info=&#8221;{}&#8221; custom_padding__hover=&#8221;|||&#8221;][et_pb_text _builder_version=&#8221;4.21.0&#8243; _module_preset=&#8221;default&#8221; locked=&#8221;off&#8221; global_colors_info=&#8221;{}&#8221;]<\/p>\n<p>L\u2019acte de chirurgie esth\u00e9tique est \u00e0 la fois pr\u00e9cieux, capital et d\u00e9licat. Il soul\u00e8ve g\u00e9n\u00e9ralement de nombreuses questions, sur les motivations, les r\u00e9sultats, les suites. Le Dr Christophe Desouches r\u00e9pond ici aux questions les plus fr\u00e9quentes en mati\u00e8re de chirurgie esth\u00e9tique et de chirurgie plastique ou r\u00e9paratrice.<\/p>\n<p>[\/et_pb_text][et_pb_text _builder_version=&#8221;4.21.0&#8243; _module_preset=&#8221;default&#8221; locked=&#8221;off&#8221; global_colors_info=&#8221;{}&#8221;]<\/p>\n<h2>Questions fr\u00e9quentes sur l\u2019augmentation mammaire<\/h2>\n<p>Quelle diff\u00e9rence entre un lipofilling et un implant mammaire ? Comment choisir le bon volume ? Un implant peut-il se rompre ? Les cicatrices seront-elles visibles ?<br \/>Vous vous posez des questions car vous envisagez de recourir \u00e0 la chirurgie esth\u00e9tique pour augmenter le volume de votre poitrine. D\u00e9couvrez les r\u00e9ponses du Dr Christophe Desouches aux questions les plus fr\u00e9quentes concernant les implants mammaires, le lipofilling, le lifting des seins et la chirurgie esth\u00e9tique des seins en g\u00e9n\u00e9ral.<\/p>\n<p><a href=\"https:\/\/www.desouches-chirurgien-esthetique.com\/chirurgie-esthetique\/faq-chirurgie-esthetique\/faq-questions-frequentes-augmentation-mammaire\/\">FAQ augmentation mammaire &gt;<\/a><\/p>\n<p>[\/et_pb_text][et_pb_text _builder_version=&#8221;4.21.0&#8243; _module_preset=&#8221;default&#8221; locked=&#8221;off&#8221; global_colors_info=&#8221;{}&#8221;]<\/p>\n<h2>Les questions \u00e0 poser pour choisir le meilleur chirurgien esth\u00e9tique<\/h2>\n<p>En r\u00e9alit\u00e9, il ne s\u2019agit pas de choisir le meilleur chirurgien esth\u00e9tique, ce qui restera toujours subjectif, mais un professionnel qui maitrise parfaitement l\u2019intervention que vous envisagez, avec qui vous aurez le plus d\u2019affinit\u00e9s et en qui vous aurez confiance.<\/p>\n<p><a href=\"https:\/\/www.desouches-chirurgien-esthetique.com\/chirurgie-esthetique\/faq-chirurgie-esthetique\/faq-questions-frequentes-meilleur-chirurgien-esthetique\/\">FAQ meilleur chirurgien esth\u00e9tique &gt;<\/a><\/p>\n<p>[\/et_pb_text][et_pb_text _builder_version=&#8221;4.21.0&#8243; _module_preset=&#8221;default&#8221; hover_enabled=&#8221;0&#8243; locked=&#8221;off&#8221; global_colors_info=&#8221;{}&#8221; sticky_enabled=&#8221;0&#8243;]<\/p>\n<h2>Pourquoi faire une chirurgie esth\u00e9tique \u00e0 Marseille ?<\/h2>\n<p>Marseille, une ville \u00e9tonnante avec de multiples facettes, troisi\u00e8me ville de France, un grand port ouvert sur la M\u00e9diterran\u00e9e, une baie magnifique avec ses calanques exceptionnelles, des petits ports de p\u00eacheurs avec leurs restaurants typiques, des mus\u00e9es avant-gardistes comme le MUCEM, un art de vivre en plein air\u2026<\/p>\n<p>Et aussi un haut lieu de la chirurgie esth\u00e9tique.<\/p>\n<p><a href=\"https:\/\/www.desouches-chirurgien-esthetique.com\/chirurgie-esthetique\/faq-chirurgie-esthetique\/pourquoi-faire-une-chirurgie-esthetique-a-marseille\/\">FAQ sur Marseille et la chirurgie esth\u00e9tique &gt;<\/a><\/p>\n<p>[\/et_pb_text][et_pb_text _builder_version=&#8221;4.21.0&#8243; _module_preset=&#8221;default&#8221; hover_enabled=&#8221;0&#8243; locked=&#8221;off&#8221; global_colors_info=&#8221;{}&#8221; sticky_enabled=&#8221;0&#8243;]<\/p>\n<p><!--more--><\/p>\n<div class='et-learn-more clearfix'>\n\t\t\t\t\t<h3 class='heading-more'>Voir les questions fr\u00e9quentes en m\u00e9decine esth\u00e9tique<span class='et_learnmore_arrow'><span><\/span><\/span><\/h3>\n\t\t\t\t\t<div class='learn-more-content'><h2>FAQ m\u00e9decine esth\u00e9tique<\/h2>\n<p>Le Dr Desouches r\u00e9pond aux questions fr\u00e9quentes sur les injections d&#8217;acide hyaluronique et de Botox. Obtenez des r\u00e9ponses claires \u00e0 vos pr\u00e9occupations.<\/p>\n<p>&gt;&gt;&gt;Plus de d\u00e9tails sur les <a href=\"https:\/\/www.desouches-chirurgien-esthetique.com\/medecine-esthetique\/faq-medecine-esthetique\/\">questions fr\u00e9quentes de m\u00e9decine esth\u00e9tique<\/a><\/p><\/div>\n\t\t\t\t<\/div>\n<p>[\/et_pb_text][\/et_pb_column][\/et_pb_row][\/et_pb_section]<\/p>\n","protected":false},"excerpt":{"rendered":"<p>L\u2019acte de chirurgie esth\u00e9tique est \u00e0 la fois pr\u00e9cieux, capital et d\u00e9licat. Il soul\u00e8ve g\u00e9n\u00e9ralement de nombreuses questions, sur les motivations, les r\u00e9sultats, les suites. Le Dr Christophe Desouches r\u00e9pond ici aux questions les plus fr\u00e9quentes en mati\u00e8re de chirurgie esth\u00e9tique et de chirurgie plastique ou r\u00e9paratrice.Questions fr\u00e9quentes sur l\u2019augmentation mammaire Quelle diff\u00e9rence entre un [&hellip;]<\/p>\n","protected":false},"author":1,"featured_media":0,"parent":16949,"menu_order":5,"comment_status":"closed","ping_status":"closed","template":"","meta":{"_et_pb_use_builder":"on","_et_pb_old_content":"","_et_gb_content_width":"","footnotes":""},"dipi_cpt_category":[],"class_list":["post-14938","page","type-page","status-publish","hentry"],"_links":{"self":[{"href":"https:\/\/www.desouches-chirurgien-esthetique.com\/it\/wp-json\/wp\/v2\/pages\/14938","targetHints":{"allow":["GET"]}}],"collection":[{"href":"https:\/\/www.desouches-chirurgien-esthetique.com\/it\/wp-json\/wp\/v2\/pages"}],"about":[{"href":"https:\/\/www.desouches-chirurgien-esthetique.com\/it\/wp-json\/wp\/v2\/types\/page"}],"author":[{"embeddable":true,"href":"https:\/\/www.desouches-chirurgien-esthetique.com\/it\/wp-json\/wp\/v2\/users\/1"}],"replies":[{"embeddable":true,"href":"https:\/\/www.desouches-chirurgien-esthetique.com\/it\/wp-json\/wp\/v2\/comments?post=14938"}],"version-history":[{"count":30,"href":"https:\/\/www.desouches-chirurgien-esthetique.com\/it\/wp-json\/wp\/v2\/pages\/14938\/revisions"}],"predecessor-version":[{"id":23418817,"href":"https:\/\/www.desouches-chirurgien-esthetique.com\/it\/wp-json\/wp\/v2\/pages\/14938\/revisions\/23418817"}],"up":[{"embeddable":true,"href":"https:\/\/www.desouches-chirurgien-esthetique.com\/it\/wp-json\/wp\/v2\/pages\/16949"}],"wp:attachment":[{"href":"https:\/\/www.desouches-chirurgien-esthetique.com\/it\/wp-json\/wp\/v2\/media?parent=14938"}],"wp:term":[{"taxonomy":"dipi_cpt_category","embeddable":true,"href":"https:\/\/www.desouches-chirurgien-esthetique.com\/it\/wp-json\/wp\/v2\/dipi_cpt_category?post=14938"}],"curies":[{"name":"parola chiave","href":"https:\/\/api.w.org\/{rel}","templated":true}]}}