{"id":1485,"date":"2021-03-05T19:12:07","date_gmt":"2021-03-05T18:12:07","guid":{"rendered":"https:\/\/www.desouches-chirurgien-esthetique.com\/?page_id=1485"},"modified":"2023-07-10T17:10:23","modified_gmt":"2023-07-10T15:10:23","slug":"trattamento-delleiaculazione-precoce","status":"publish","type":"page","link":"https:\/\/www.desouches-chirurgien-esthetique.com\/it\/medecine-esthetique\/medecine-intime\/medecine-intime-du-sexe-masculin\/traitement-de-lejaculation-precoce\/","title":{"rendered":"Trattamento dell&#039;eiaculazione precoce"},"content":{"rendered":"<p class=\"intro\">Alcuni uomini soffrono di eiaculare troppo presto e di non essere in grado di controllare il momento dell&#039;eiaculazione.<br class=\"intro\" \/>Il dottor Christophe Desouches, chirurgo estetico di Marsiglia, propone loro un trattamento per l&#039;eiaculazione precoce nell&#039;ambito di un intervento volto ad aiutarli a migliorare la libido e a ritrovare rapporti sessuali soddisfacenti.<\/p>\n<h2>Come trattare l&#039;eiaculazione precoce con le iniezioni di acido ialuronico?<\/h2>\n<p>L&#039;eiaculazione precoce \u00e8 un disturbo sessuale che genera frustrazione nel rapporto di coppia.<\/p>\n<p>Questo disturbo, che interessa circa il 20% degli uomini, \u00e8 caratterizzato dall&#039;eiaculazione che si manifesta improvvisamente, involontariamente, entro i primi 2 minuti del rapporto sessuale.<\/p>\n<p>L&#039;obiettivo di questa procedura eseguita dal tuo chirurgo estetico a Marsiglia \u00e8 quello di iniettare acido ialuronico nel glande, il che pu\u00f2 curare l&#039;eiaculazione precoce.<br \/>\nInfatti l\u2019acido ialuronico, sostanza naturale e riassorbibile, riduce la sensibilit\u00e0 del glande.<\/p>\n<h2>L&#039;intervento<\/h2>\n<p>Questa operazione utilizza l&#039;acido ialuronico, un prodotto naturale fisiologicamente presente nel corpo, che viene utilizzato come volumizzante per varie zone del viso e della silhouette. Per una procedura intima per la quale il paziente si aspetta un&#039;eccellente resistenza nel tempo, il Dr. Christophe Desouches seleziona l&#039;acido ialuronico della migliore qualit\u00e0 possibile.<\/p>\n<p>Lo scopo dell&#039;intervento \u00e8 eseguire questa iniezione di acido ialuronico attraverso una cannula di piccolo diametro (ago a punta tonda), attorno alla corona del glande, in modo da aumentare la calibrazione del glande in maniera uniforme.<\/p>\n<p>Si consiglia di fornire una o due siringhe di acido ialuronico durante la seduta per ottenere un risultato soddisfacente.<\/p>\n<p>L&#039;anestesia utilizzata \u00e8 generalmente locale con crema.<\/p>\n<p>L&#039;operazione indolore dura da 30 minuti a 1 ora, a seconda della quantit\u00e0 di acido ialuronico da iniettare.<\/p>\n<p>Se hai domande sul trattamento dell&#039;eiaculazione precoce, puoi fissare un appuntamento con il Dr. Christophe Desouches, chirurgo estetico con sede a Marsiglia, che sar\u00e0 in grado di risponderti.<\/p>\n<h2>La prima consultazione<\/h2>\n<p>La prima visita \u00e8 un&#039;opportunit\u00e0 per esaminarti, discutere del tuo disagio e spiegarti i risultati attesi.<\/p>\n<h2>Complicazioni<\/h2>\n<p>Qualsiasi intervento chirurgico, anche di minore entit\u00e0, comporta dei rischi. Queste complicazioni sono estremamente rare e solitamente di lieve entit\u00e0 in questo caso. Il rischio di reazioni all&#039;anestesia non pu\u00f2 essere escluso. Tra le complicazioni occasionali si annoverano infezioni o ematomi.<\/p>\n<p>L&#039;edema pu\u00f2 persistere per diversi mesi ma \u00e8 generalmente autolimitante.<\/p>\n<h2>Risultato e decorso postoperatorio<\/h2>\n<p>Il risultato \u00e8 immediato.<\/p>\n<p>La diminuzione della sensibilit\u00e0 del glande si osserva dal primo rapporto sessuale, il che consente di allungarne la durata.<\/p>\n<p>Nessun disagio sar\u00e0 osservato durante l&#039;erezione.<\/p>\n<p>L&#039;iniezione di acido ialuronico \u00e8 perfettamente tollerata, non c&#039;\u00e8 rigetto e la pratica di tutte le consuete attivit\u00e0 fisiche e sportive pu\u00f2 essere ripresa in tutta sicurezza.<\/p>\n<p>Poich\u00e9 l&#039;acido ialuronico \u00e8 un prodotto assorbibile, i suoi effetti svaniscono dopo 12-18 mesi.Il Dr. Christophe Desouches studier\u00e0 con te l&#039;opzione di iniezioni di mantenimento ogni 6-12 mesi a seconda dell&#039;efficacia del trattamento. .<\/p>\n<p>&nbsp;<\/p>","protected":false},"excerpt":{"rendered":"<p>Certains hommes souffrent d\u2019\u00e9jaculer trop t\u00f4t et de ne pas ma\u00eetriser le moment de l\u2019\u00e9jaculation.Le Dr Christophe Desouches, chirurgien esth\u00e9tique \u00e0 Marseille, leur propose un traitement de l&#8217;\u00e9jaculaton pr\u00e9coce dans le cadre d&#8217;une intervention, afin de les aider \u00e0 am\u00e9liorer leur libido et \u00e0 retrouver des relations sexuelles satisfaisantes. Comment traiter l\u2019\u00e9jaculation pr\u00e9coce par injection [&hellip;]<\/p>\n","protected":false},"author":1,"featured_media":0,"parent":17279,"menu_order":2,"comment_status":"closed","ping_status":"closed","template":"","meta":{"_et_pb_use_builder":"","_et_pb_old_content":"","_et_gb_content_width":"","footnotes":""},"dipi_cpt_category":[],"class_list":["post-1485","page","type-page","status-publish","hentry"],"_links":{"self":[{"href":"https:\/\/www.desouches-chirurgien-esthetique.com\/it\/wp-json\/wp\/v2\/pages\/1485","targetHints":{"allow":["GET"]}}],"collection":[{"href":"https:\/\/www.desouches-chirurgien-esthetique.com\/it\/wp-json\/wp\/v2\/pages"}],"about":[{"href":"https:\/\/www.desouches-chirurgien-esthetique.com\/it\/wp-json\/wp\/v2\/types\/page"}],"author":[{"embeddable":true,"href":"https:\/\/www.desouches-chirurgien-esthetique.com\/it\/wp-json\/wp\/v2\/users\/1"}],"replies":[{"embeddable":true,"href":"https:\/\/www.desouches-chirurgien-esthetique.com\/it\/wp-json\/wp\/v2\/comments?post=1485"}],"version-history":[{"count":1,"href":"https:\/\/www.desouches-chirurgien-esthetique.com\/it\/wp-json\/wp\/v2\/pages\/1485\/revisions"}],"predecessor-version":[{"id":1486,"href":"https:\/\/www.desouches-chirurgien-esthetique.com\/it\/wp-json\/wp\/v2\/pages\/1485\/revisions\/1486"}],"up":[{"embeddable":true,"href":"https:\/\/www.desouches-chirurgien-esthetique.com\/it\/wp-json\/wp\/v2\/pages\/17279"}],"wp:attachment":[{"href":"https:\/\/www.desouches-chirurgien-esthetique.com\/it\/wp-json\/wp\/v2\/media?parent=1485"}],"wp:term":[{"taxonomy":"dipi_cpt_category","embeddable":true,"href":"https:\/\/www.desouches-chirurgien-esthetique.com\/it\/wp-json\/wp\/v2\/dipi_cpt_category?post=1485"}],"curies":[{"name":"parola chiave","href":"https:\/\/api.w.org\/{rel}","templated":true}]}}