{"id":1481,"date":"2021-03-05T19:07:15","date_gmt":"2021-03-05T18:07:15","guid":{"rendered":"https:\/\/www.desouches-chirurgien-esthetique.com\/?page_id=1481"},"modified":"2023-07-10T17:04:15","modified_gmt":"2023-07-10T15:04:15","slug":"iniezione-di-acido-ialuronico-del-pene","status":"publish","type":"page","link":"https:\/\/www.desouches-chirurgien-esthetique.com\/it\/medecine-esthetique\/medecine-intime\/medecine-intime-du-sexe-masculin\/injection-dacide-hyaluronique-penien\/","title":{"rendered":"Iniezione di acido ialuronico nel pene"},"content":{"rendered":"<p>Un pene piccolo pu\u00f2 causare notevoli disagi nella vita quotidiana. Il pene \u00e8 ricoperto da una guaina cutanea chiamata guaina peniena. L&#039;obiettivo di questa procedura, eseguita dal chirurgo estetico di Marsiglia, \u00e8 iniettare acido ialuronico sotto la guaina peniena e il glande.<\/p>\n<p>In alcuni casi, questa falloplastica pu\u00f2 essere combinata con un intervento di ingrandimento del pene. Potrebbero essere necessarie diverse sedute per ottenere il risultato desiderato. Permette un aumento di 20-30 cm della circonferenza iniziale.<\/p>\n<p>Importante: dopo l&#039;operazione, una volta stabilizzati i risultati, il paziente ritrova il rapporto sessuale senza alcun disagio, con la stessa sensibilit\u00e0 del pene che riacquista completamente il suo aspetto naturale.<\/p>\n<h2>L&#039;intervento<\/h2>\n<p>Questa operazione utilizza l&#039;acido ialuronico, un prodotto naturale fisiologicamente presente nell&#039;organismo; che viene utilizzato come volumizzante per varie zone del viso e della silhouette. Per una penoplastica estetica per la quale il paziente si aspetta un&#039;eccellente resistenza nel tempo, il Dr. Christophe Desouches seleziona l&#039;acido ialuronico della migliore qualit\u00e0 possibile.<\/p>\n<p>Lo scopo dell&#039;intervento \u00e8 eseguire questa iniezione di acido ialuronico sotto la guaina peniena tramite una cannula di piccolo diametro (ago a punta tonda), in modo da lasciare intatti il pene e i tessuti circostanti.<\/p>\n<p>Il chirurgo inizia l&#039;operazione con iniezioni regolari di acido ialuronico dal pene al glande. L&#039;obiettivo \u00e8 ottenere una distribuzione armoniosa nel rispetto dell&#039;anatomia del pene.In una seconda fase, il praticante esegue iniezioni regolari di acido ialuronico nella direzione opposta, e sui lati, al fine di ottenere un risultato il pi\u00f9 equilibrato, che il paziente potr\u00e0 apprezzare sia a riposo che in erezione.<\/p>\n<p>Si consiglia di fornire da 5 a 10 siringhe di acido ialuronico durante la sessione per vedere un miglioramento significativo della circonferenza del pene.<\/p>\n<p>Una seconda sessione pu\u00f2 essere presa in considerazione dopo 1 mese se il paziente desidera pi\u00f9 volume.<\/p>\n<p>L&#039;anestesia utilizzata \u00e8 generalmente locale senza sedazione. La procedura viene spesso eseguita in regime ambulatoriale, con dimissioni in giornata.<\/p>\n<p>L&#039;operazione dura da 30 minuti a 1 ora, a seconda della quantit\u00e0 di acido ialuronico da iniettare.<\/p>\n<h2>La prima consultazione<\/h2>\n<p>La consultazione iniziale \u00e8 un&#039;opportunit\u00e0 per esaminarti, discutere del tuo disagio e spiegare i risultati attesi. Consente di cercare antecedenti che potrebbero richiedere regole di cautela come l&#039;herpes genitale o il fumo.<\/p>\n<h2>Complicazioni<\/h2>\n<p>Qualsiasi intervento chirurgico, anche di minore entit\u00e0, comporta dei rischi. Queste complicazioni sono estremamente rare e solitamente di lieve entit\u00e0 in questo caso. Il rischio di reazioni all&#039;anestesia non pu\u00f2 essere escluso. Tra le complicazioni occasionali si annoverano infezioni o ematomi.<\/p>\n<p>In casi eccezionali pu\u00f2 verificarsi una necrosi cutanea parziale. L&#039;edema pu\u00f2 persistere per diversi mesi ma \u00e8 generalmente autolimitante.<\/p>\n<h2>Prima dell&#039;intervento chirurgico<\/h2>\n<p>\u00c8 fondamentale smettere di fumare almeno due mesi prima dell&#039;intervento, poich\u00e9 il tabacco \u00e8 un fattore che pu\u00f2 causare il fallimento del trapianto di grasso. L&#039;aspirina non deve essere assunta nei 10 giorni precedenti l&#039;intervento. Prima dell&#039;intervento, \u00e8 necessario lavarsi con un sapone antisettico.<\/p>\n<p>Il giorno della procedura, \u00e8 consigliabile prevedere il tempo necessario per arrivare puntuali senza stress. \u00c8 importante organizzare un&#039;auto per il rientro a casa dopo il ricovero in ospedale.<\/p>\n<h2>Follow up post operatorio<\/h2>\n<p>Il decorso postoperatorio \u00e8 generalmente indolore.<\/p>\n<p>Pu\u00f2 comparire un edema significativo e generalmente impiegano da 10 a 15 giorni per placarsi.<\/p>\n<p>L&#039;astinenza sessuale \u00e8 indispensabile per 4 settimane.<\/p>\n<p>L&#039;attivit\u00e0 professionale, se non particolarmente fisica, pu\u00f2 essere ripresa dopo 24 ore.<\/p>\n<p>Il guadagno di circonferenza \u00e8 in media compreso tra 2 cm e 2,5 cm.<\/p>\n<p>L&#039;iniezione di acido ialuronico \u00e8 perfettamente tollerata, non c&#039;\u00e8 rigetto e la pratica di tutte le consuete attivit\u00e0 fisiche e sportive pu\u00f2 essere ripresa in tutta sicurezza. Allo stesso modo, non si osserver\u00e0 alcun disagio durante l&#039;erezione.<\/p>","protected":false},"excerpt":{"rendered":"<p>Un p\u00e9nis d&#8217;un petit volume peut entra\u00eener une g\u00eane importante au quotidien. Le p\u00e9nis est recouvert d&#8217;un \u00e9tui cutan\u00e9 appel\u00e9 fourreau p\u00e9nien. Le but de cette intervention par votre Chirurgien Esth\u00e9tique \u00e0 Marseille est de r\u00e9aliser des injections d\u2019acide hyaluronique sous le fourreau p\u00e9nien et le gland. Cette phalloplastie peut dans certains cas \u00eatre associ\u00e9e [&hellip;]<\/p>\n","protected":false},"author":1,"featured_media":0,"parent":17279,"menu_order":0,"comment_status":"closed","ping_status":"closed","template":"","meta":{"_et_pb_use_builder":"","_et_pb_old_content":"","_et_gb_content_width":"","footnotes":""},"dipi_cpt_category":[],"class_list":["post-1481","page","type-page","status-publish","hentry"],"_links":{"self":[{"href":"https:\/\/www.desouches-chirurgien-esthetique.com\/it\/wp-json\/wp\/v2\/pages\/1481","targetHints":{"allow":["GET"]}}],"collection":[{"href":"https:\/\/www.desouches-chirurgien-esthetique.com\/it\/wp-json\/wp\/v2\/pages"}],"about":[{"href":"https:\/\/www.desouches-chirurgien-esthetique.com\/it\/wp-json\/wp\/v2\/types\/page"}],"author":[{"embeddable":true,"href":"https:\/\/www.desouches-chirurgien-esthetique.com\/it\/wp-json\/wp\/v2\/users\/1"}],"replies":[{"embeddable":true,"href":"https:\/\/www.desouches-chirurgien-esthetique.com\/it\/wp-json\/wp\/v2\/comments?post=1481"}],"version-history":[{"count":1,"href":"https:\/\/www.desouches-chirurgien-esthetique.com\/it\/wp-json\/wp\/v2\/pages\/1481\/revisions"}],"predecessor-version":[{"id":1482,"href":"https:\/\/www.desouches-chirurgien-esthetique.com\/it\/wp-json\/wp\/v2\/pages\/1481\/revisions\/1482"}],"up":[{"embeddable":true,"href":"https:\/\/www.desouches-chirurgien-esthetique.com\/it\/wp-json\/wp\/v2\/pages\/17279"}],"wp:attachment":[{"href":"https:\/\/www.desouches-chirurgien-esthetique.com\/it\/wp-json\/wp\/v2\/media?parent=1481"}],"wp:term":[{"taxonomy":"dipi_cpt_category","embeddable":true,"href":"https:\/\/www.desouches-chirurgien-esthetique.com\/it\/wp-json\/wp\/v2\/dipi_cpt_category?post=1481"}],"curies":[{"name":"parola chiave","href":"https:\/\/api.w.org\/{rel}","templated":true}]}}