{"id":1469,"date":"2021-03-05T18:34:40","date_gmt":"2021-03-05T17:34:40","guid":{"rendered":"https:\/\/www.desouches-chirurgien-esthetique.com\/?page_id=1469"},"modified":"2023-07-10T16:47:54","modified_gmt":"2023-07-10T14:47:54","slug":"criolipolisi","status":"publish","type":"page","link":"https:\/\/www.desouches-chirurgien-esthetique.com\/it\/medecine-esthetique\/medecine-esthetique-de-la-silhouette\/cryolipolyse\/","title":{"rendered":"Criolipolisi"},"content":{"rendered":"<p>La criolipolisi \u00e8 un nuovo processo per il trattamento del grasso in eccesso localizzato che si basa sulla sensibilit\u00e0 degli adipociti al freddo.<\/p>\n<p>La liposuzione \u00e8 sempre stata la procedura pi\u00f9 utilizzata per rimuovere il grasso indesiderato e persistente. Negli ultimi anni, la tecnologia si \u00e8 evoluta e sono emerse opzioni non chirurgiche. Oggi questa tecnica non invasiva ha un nome: Cryolipolysis.<\/p>\n<p>L&#039;obiettivo \u00e8 congelare ed eliminare le cellule adipose senza ricorrere alla chirurgia. La procedura consiste nella cristallizzazione delle cellule adipose che muoiono e vengono poi eliminate naturalmente dall&#039;organismo. La criolipolisi \u00e8 efficace, \u00e8 oggetto di molti articoli scientifici.<\/p>\n<h2>Per chi ?<\/h2>\n<p>L&#039;operazione \u00e8 rivolta a coloro che non riescono a eliminare il grasso indesiderato con la dieta o l&#039;attivit\u00e0 fisica. Un buon candidato \u00e8 una persona magra con zone ostinate di grasso localizzato (come le borse a sella o una pancia che &quot;si ribella&quot; durante la dieta).<\/p>\n<p>A condizione che tu abbia un minimo di grasso per trattare la criolipolisi \u00e8 un buon modo per migliorare:<\/p>\n<ul>\n<li>doppio mento<\/li>\n<li>maniglie dell&#039;amore<\/li>\n<li>pieghe posteriori<\/li>\n<li>braccio<\/li>\n<li>cosce<\/li>\n<li>piega glutea<\/li>\n<\/ul>\n<p>Le aspettative devono essere realistiche, non si pu\u00f2 eliminare tutto il grasso (che a volte svolge un ruolo ormonale) ma migliorarne l&#039;aspetto riducendone il volume.<\/p>\n<h2>Sessione di criolipolisi<\/h2>\n<p>La durata della seduta dipende dal numero di aree trattate durante la visita. Ci vuole circa un&#039;ora per area.<\/p>\n<p>I risultati consentono una perdita di circa 20% del volume iniziale.<\/p>\n<p>Una sessione dura circa un&#039;ora durante la quale viene applicato un criodo (-5\u00b0C) che abbassa la temperatura dell&#039;area interessata. Quando inizia il raffreddamento, senti pressione e un freddo intenso che si dissipa rapidamente. I primi risultati sono visibili da tre settimane dopo il trattamento. Circa 20% di adipociti nell&#039;area trattata verranno eliminati entro 4 mesi.<\/p>\n<h2>La prima consultazione<\/h2>\n<p>La prima consulenza \u00e8 un&#039;opportunit\u00e0 per esaminare il tuo corpo, discutere le tue motivazioni e spiegare i risultati attesi.<\/p>\n<p>Consente di ricercare patologie che possono controindicare la tecnica o l&#039;anamnesi che possono richiedere regole di cautela.<\/p>\n<h2>I rischi<\/h2>\n<p>Sebbene la criolipolisi sia sicura, \u00e8 possibile avvertire disagio, oppressione o profonda tensione durante l&#039;operazione. Non \u00e8 necessario alcun periodo di recupero.<\/p>\n<p>Gli effetti collaterali sono rari. I pi\u00f9 comuni dopo la sessione sono sensazioni di rigidit\u00e0, dolore, lividi, bruciore e gonfiore. Sono possibili ustioni cutanee, ma una macchina per uso medico con controlli permanenti della temperatura cutanea e una tecnica controllata pu\u00f2 limitare questo tipo di rischio.<\/p>","protected":false},"excerpt":{"rendered":"<p>La Cryolipolyse est un nouveau proc\u00e9d\u00e9 de traitement des surcharges graisseuses localis\u00e9es qui repose sur la sensibilit\u00e9 des adipocytes au froid. Depuis toujours, la liposuccion est l&#8217;intervention la plus utilis\u00e9e pour faire disparaitre la graisse ind\u00e9sirable et persistante. Ces derni\u00e8res ann\u00e9es, la technologie a \u00e9volu\u00e9 et des options non-chirurgicales ont \u00e9merg\u00e9es. Aujourd\u2019hui, cette technique non-invasive [&hellip;]<\/p>\n","protected":false},"author":1,"featured_media":0,"parent":17275,"menu_order":1,"comment_status":"closed","ping_status":"closed","template":"","meta":{"_et_pb_use_builder":"","_et_pb_old_content":"","_et_gb_content_width":"","footnotes":""},"dipi_cpt_category":[],"class_list":["post-1469","page","type-page","status-publish","hentry"],"_links":{"self":[{"href":"https:\/\/www.desouches-chirurgien-esthetique.com\/it\/wp-json\/wp\/v2\/pages\/1469","targetHints":{"allow":["GET"]}}],"collection":[{"href":"https:\/\/www.desouches-chirurgien-esthetique.com\/it\/wp-json\/wp\/v2\/pages"}],"about":[{"href":"https:\/\/www.desouches-chirurgien-esthetique.com\/it\/wp-json\/wp\/v2\/types\/page"}],"author":[{"embeddable":true,"href":"https:\/\/www.desouches-chirurgien-esthetique.com\/it\/wp-json\/wp\/v2\/users\/1"}],"replies":[{"embeddable":true,"href":"https:\/\/www.desouches-chirurgien-esthetique.com\/it\/wp-json\/wp\/v2\/comments?post=1469"}],"version-history":[{"count":1,"href":"https:\/\/www.desouches-chirurgien-esthetique.com\/it\/wp-json\/wp\/v2\/pages\/1469\/revisions"}],"predecessor-version":[{"id":1470,"href":"https:\/\/www.desouches-chirurgien-esthetique.com\/it\/wp-json\/wp\/v2\/pages\/1469\/revisions\/1470"}],"up":[{"embeddable":true,"href":"https:\/\/www.desouches-chirurgien-esthetique.com\/it\/wp-json\/wp\/v2\/pages\/17275"}],"wp:attachment":[{"href":"https:\/\/www.desouches-chirurgien-esthetique.com\/it\/wp-json\/wp\/v2\/media?parent=1469"}],"wp:term":[{"taxonomy":"dipi_cpt_category","embeddable":true,"href":"https:\/\/www.desouches-chirurgien-esthetique.com\/it\/wp-json\/wp\/v2\/dipi_cpt_category?post=1469"}],"curies":[{"name":"parola chiave","href":"https:\/\/api.w.org\/{rel}","templated":true}]}}