{"id":1467,"date":"2021-03-05T18:33:47","date_gmt":"2021-03-05T17:33:47","guid":{"rendered":"https:\/\/www.desouches-chirurgien-esthetique.com\/?page_id=1467"},"modified":"2023-07-10T16:43:27","modified_gmt":"2023-07-10T14:43:27","slug":"lipolisi-laser-a-freddo","status":"publish","type":"page","link":"https:\/\/www.desouches-chirurgien-esthetique.com\/it\/medecine-esthetique\/medecine-esthetique-de-la-silhouette\/lipolyse-par-laser-froid\/","title":{"rendered":"Lipolisi laser a freddo"},"content":{"rendered":"<p>Questo trattamento \u00e8 destinato a uomini e donne in sovrappeso e\/o affetti da cellulite (pelle a buccia d&#039;arancia), che desiderano migliorare la propria silhouette attraverso un intervento delicato.<\/p>\n<p>In poche sedute programmate nell&#039;arco di uno o due mesi entro un <a href=\"https:\/\/www.desouches-chirurgien-esthetique.com\/it\/\">pratica estetica<\/a>, la lipolisi laser a freddo fornisce una significativa riduzione della circonferenza della vita, dei fianchi, delle cosce o di qualsiasi area trattata.<\/p>\n<p>Questo apprezzabile beneficio non richiede alcun intervento invasivo, avviene senza aghi, il che evita qualsiasi ematoma, qualsiasi arrossamento, qualsiasi trauma. \u00c8 un trattamento personalizzato delicato ed efficace.<\/p>\n<p>Non vi \u00e8 infatti alcuna distruzione del tessuto adiposo, ma solo un destocking dei grassi che vengono poi disciolti in modo naturale. con uno svuotamento del contenuto delle cellule adipose.<\/p>\n<h2>Aree da trattare con lipolaser<\/h2>\n<ul>\n<li>Addome<\/li>\n<li>Maniglie dell&#039;amore<\/li>\n<li>Pioli<\/li>\n<li>Ginocchia<\/li>\n<li>Cosce<\/li>\n<li>Braccio<\/li>\n<li>Collo<\/li>\n<li>guance<\/li>\n<li>Doppio mento<\/li>\n<li>viso ovale<\/li>\n<li>Borse laterali<\/li>\n<li>Doppio mento<\/li>\n<li>Fianchi<\/li>\n<li>Stomaco<\/li>\n<\/ul>\n<h2>Le sessioni<\/h2>\n<p>La lipolisi laser a freddo utilizza un laser rosso a bassa intensit\u00e0 per un tempo di applicazione di trenta minuti. Le sonde sono in numero di 8 e possono trattare grandi aree. Molto maneggevole, una sonda pu\u00f2 trattare tutte le aree sensibili o inaccessibili.<\/p>\n<p>Sei comodamente installato durante la sessione e sentirai un leggerissimo calore nelle zone trattate. Una sessione di un&#039;ora tratta 2 aree per sequenza di trenta minuti.<\/p>\n<p>Il rimodellamento di un&#039;area richiede in media da 4 a 8 sequenze di trenta minuti, distribuite su una o due sessioni a settimana, per 4 settimane.<\/p>\n<p>Le misure verranno prese a seconda dei casi ogni 3-4 sessioni con un reportage fotografico.<\/p>\n<h2>La prima consultazione<\/h2>\n<p>Durante il tuo primo appuntamento con il Dr. Desouches, verr\u00e0 stabilita una diagnosi per studiare le aree da affinare, convalidare l&#039;interesse del trattamento per la tua morfologia e prendere le misure per fissare gli obiettivi in termini di cm e peso.<\/p>\n<p>Successivamente, ti verr\u00e0 offerto un programma (da 4 a 8 sessioni di Lipolaser al ritmo di 1 o 2 sessioni a settimana) e un preventivo.<\/p>\n<h2>Complicazioni<\/h2>\n<p>Non si osservano complicazioni su questo tipo di intervento delicato.<\/p>\n<h2>Dopo le sessioni di lipolaser<\/h2>\n<p>Entro 12 ore dalla seduta e per evacuare il grasso rilasciato dal laser, si consiglia di praticare attivit\u00e0 fisica per 30 minuti.<\/p>\n<p>Il miglioramento della silhouette e la riduzione della cellulite si osservano in 1 mese di trattamento. A volte possono essere necessarie una o due sessioni aggiuntive.<\/p>\n<h2>Controindicazioni<\/h2>\n<p>Gravidanza, allattamento, pacemaker, ipertensione non controllata, disfunzione tiroidea, malattie della pelle.<\/p>","protected":false},"excerpt":{"rendered":"<p>Ce traitement s\u2019adresse aux hommes et aux femmes en surpoids et\/ou souffrant de cellulites (peau d\u2019orange), qui souhaitent am\u00e9liorer leur silhouette par une proc\u00e9dure douce. En quelques s\u00e9ances programm\u00e9es sur un \u00e0 deux mois au sein d&#8217;un cabinet esth\u00e9tique, la lipolyse par laser froid procure une r\u00e9duction significative du tour de taille, de hanche, des [&hellip;]<\/p>\n","protected":false},"author":1,"featured_media":0,"parent":17275,"menu_order":0,"comment_status":"closed","ping_status":"closed","template":"","meta":{"_et_pb_use_builder":"","_et_pb_old_content":"","_et_gb_content_width":"","footnotes":""},"dipi_cpt_category":[],"class_list":["post-1467","page","type-page","status-publish","hentry"],"_links":{"self":[{"href":"https:\/\/www.desouches-chirurgien-esthetique.com\/it\/wp-json\/wp\/v2\/pages\/1467","targetHints":{"allow":["GET"]}}],"collection":[{"href":"https:\/\/www.desouches-chirurgien-esthetique.com\/it\/wp-json\/wp\/v2\/pages"}],"about":[{"href":"https:\/\/www.desouches-chirurgien-esthetique.com\/it\/wp-json\/wp\/v2\/types\/page"}],"author":[{"embeddable":true,"href":"https:\/\/www.desouches-chirurgien-esthetique.com\/it\/wp-json\/wp\/v2\/users\/1"}],"replies":[{"embeddable":true,"href":"https:\/\/www.desouches-chirurgien-esthetique.com\/it\/wp-json\/wp\/v2\/comments?post=1467"}],"version-history":[{"count":2,"href":"https:\/\/www.desouches-chirurgien-esthetique.com\/it\/wp-json\/wp\/v2\/pages\/1467\/revisions"}],"predecessor-version":[{"id":13484,"href":"https:\/\/www.desouches-chirurgien-esthetique.com\/it\/wp-json\/wp\/v2\/pages\/1467\/revisions\/13484"}],"up":[{"embeddable":true,"href":"https:\/\/www.desouches-chirurgien-esthetique.com\/it\/wp-json\/wp\/v2\/pages\/17275"}],"wp:attachment":[{"href":"https:\/\/www.desouches-chirurgien-esthetique.com\/it\/wp-json\/wp\/v2\/media?parent=1467"}],"wp:term":[{"taxonomy":"dipi_cpt_category","embeddable":true,"href":"https:\/\/www.desouches-chirurgien-esthetique.com\/it\/wp-json\/wp\/v2\/dipi_cpt_category?post=1467"}],"curies":[{"name":"parola chiave","href":"https:\/\/api.w.org\/{rel}","templated":true}]}}