{"id":1464,"date":"2021-03-05T18:32:16","date_gmt":"2021-03-05T17:32:16","guid":{"rendered":"https:\/\/www.desouches-chirurgien-esthetique.com\/?page_id=1464"},"modified":"2023-07-11T09:52:03","modified_gmt":"2023-07-11T07:52:03","slug":"impianto-di-vitello","status":"publish","type":"page","link":"https:\/\/www.desouches-chirurgien-esthetique.com\/it\/chirurgie-esthetique\/chirurgie-esthetique-de-la-silhouette\/implant-pour-mollet\/","title":{"rendered":"Impianto di vitello"},"content":{"rendered":"<h2>Informazioni importanti<\/h2>\n<p>Questo testo fornisce informazioni di base sui principi e sulla procedura dell&#039;intervento di aumento del polpaccio con l&#039;utilizzo di una protesi. Una buona comprensione della procedura e dei risultati attesi \u00e8 essenziale prima di prenderla in considerazione. \u00c8 importante sottolineare che l&#039;obiettivo di questo intervento \u00e8 il miglioramento, non la perfezione. Se i vostri obiettivi sono realistici, il risultato vi soddisfer\u00e0.<\/p>\n<h2>La prima consultazione<\/h2>\n<p>La prima consulenza ci permetter\u00e0 di valutare il vostro stato di salute, di definire i termini dell&#039;intervento e la localizzazione delle future cicatrici.<\/p>\n<p>Ti verr\u00e0 chiesto di smettere completamente di fumare almeno un mese prima della data dell&#039;intervento.<\/p>\n<h2>Prima dell&#039;intervento chirurgico<\/h2>\n<p>L&#039;anestesista verr\u00e0 consultato meno di un mese prima della procedura. Non si devono assumere farmaci contenenti aspirina nei 10 giorni precedenti la procedura. \u00c8 obbligatorio il digiuno (non mangiare n\u00e9 bere nulla) per 6 ore prima della procedura. Prima della procedura e nei due giorni precedenti, verr\u00e0 utilizzato un sapone antisettico per la doccia.<\/p>\n<p>Il giorno dell&#039;intervento, dovresti calcolare il tempo necessario per arrivare puntuale senza stress eccessivo. \u00c8 importante organizzare un accompagnatore per tornare a casa dopo il ricovero in ospedale e per assisterti nei primi giorni successivi all&#039;intervento.<\/p>\n<h2>L&#039;intervento<\/h2>\n<p>Il principio consiste nell&#039;inserire una protesi flessibile attraverso un&#039;incisione davanti al muscolo gastrocnemio del polpaccio. La protesi \u00e8 composta da un guscio di silicone e da un riempitivo in gel di silicone. L&#039;incisione viene praticata orizzontalmente nella fossa poplitea (la piega dietro il ginocchio). La procedura viene eseguita in anestesia generale. Il ricovero ambulatoriale \u00e8 generalmente sufficiente.<\/p>\n<h2>Dopo l&#039;intervento<\/h2>\n<p>Potresti provare fastidio e stanchezza per 2 o 3 giorni.<\/p>\n<p>Il dolore \u00e8 generalmente alleviato da analgesici convenzionali. Il ricovero \u00e8 di breve durata. La prima medicazione viene applicata dopo 24-48 ore. Se si verifica il drenaggio, lo scarico verr\u00e0 rimosso in questo momento. Le suture riassorbibili sono solitamente nascoste nella cicatrice e non devono essere rimosse. Una pausa dal lavoro per un periodo di una settimana \u00e8 generalmente necessaria a seconda della tua attivit\u00e0 fisica. Si raccomanda una sospensione di 2 mesi da ogni attivit\u00e0 sportiva. \u00c8 importante non esporre la cicatrice al sole per almeno 6 mesi e dopo questo periodo proteggerla con uno schermo totale. Il risultato finale viene valutato dal 3\u00b0 mese.<\/p>\n<h2>Complicazioni<\/h2>\n<p>Qualsiasi intervento chirurgico, anche se eseguito con competenza e in condizioni di massima sicurezza, comporta un rischio di complicanze. Esiste il rischio di reazioni all&#039;anestesia.<\/p>\n<p>\u00c8 importante sapere che le tecniche anestetiche, i prodotti utilizzati e i metodi di monitoraggio hanno compiuto enormi progressi. Offrono una sicurezza ottimale, soprattutto quando la procedura viene eseguita al di fuori del pronto soccorso e su una persona sana, ma comportano comunque il rischio di gravi complicazioni. La comparsa di un ematoma attorno alla protesi nei primi giorni dopo l&#039;intervento pu\u00f2 portare a una nuova procedura. La comparsa di un&#039;infezione \u00e8 una complicanza rara. Si verifica pi\u00f9 spesso nelle settimane successive all&#039;intervento. L&#039;impianto deve essere generalmente rimosso. Ci vorranno diversi mesi prima che sia possibile inserire un nuovo impianto.<\/p>\n<p>Il fenomeno della capsula fibrosa intorno all&#039;impianto \u00e8 una reazione naturale del corpo a un corpo estraneo. In alcuni casi questo fenomeno \u00e8 esagerato e porta ad un aspetto fisso della protesi. L&#039;aspetto di questo scafo \u00e8 imprevedibile e pu\u00f2 portare a un nuovo intervento. La rottura della protesi pu\u00f2 manifestarsi dopo un trauma oa causa della normale usura di questa. Ci\u00f2 comporta la rimozione e la sostituzione della protesi. Uno spostamento della protesi \u00e8 possibile nel primo mese. In questo caso \u00e8 preferibile un breve intervento per riposizionarlo.<\/p>\n<p>La chirurgia di aumento del polpaccio lascia cicatrici. L&#039;evoluzione di queste cicatrici \u00e8 imprevedibile e pu\u00f2 essere sfavorevole con la comparsa di pigmentazioni, ipertrofia (cicatrice rossa e infiammatoria) o addirittura cheloidi (cuscinetto violaceo indurito). Queste complicazioni cicatriziali possono compromettere l&#039;aspetto estetico del risultato finale. Se compare una complicazione, \u00e8 necessario un attento monitoraggio e il rispetto delle istruzioni imperativo.<\/p>\n<p>Per maggiori informazioni sull&#039;intervento di ingrandimento dei polpacci, contattate il Dott. Desouches, chirurgo estetico a Marsiglia.<\/p>","protected":false},"excerpt":{"rendered":"<p>Informations importantes Ce texte apporte des informations de base sur les principes et le d\u00e9roulement d&#8217;une chirurgie d&#8217;augmentation de mollet par proth\u00e8se. La bonne compr\u00e9hension du d\u00e9roulement de l&#8217;intervention et du r\u00e9sultat attendu est indispensable avant d&#8217;envisager celle-ci. Il faut bien souligner que le but cette chirurgie est d&#8217;apporter une am\u00e9lioration et non pas d&#8217;obtenir [&hellip;]<\/p>\n","protected":false},"author":1,"featured_media":0,"parent":514,"menu_order":3,"comment_status":"closed","ping_status":"closed","template":"","meta":{"_et_pb_use_builder":"","_et_pb_old_content":"","_et_gb_content_width":"","footnotes":""},"dipi_cpt_category":[],"class_list":["post-1464","page","type-page","status-publish","hentry"],"_links":{"self":[{"href":"https:\/\/www.desouches-chirurgien-esthetique.com\/it\/wp-json\/wp\/v2\/pages\/1464","targetHints":{"allow":["GET"]}}],"collection":[{"href":"https:\/\/www.desouches-chirurgien-esthetique.com\/it\/wp-json\/wp\/v2\/pages"}],"about":[{"href":"https:\/\/www.desouches-chirurgien-esthetique.com\/it\/wp-json\/wp\/v2\/types\/page"}],"author":[{"embeddable":true,"href":"https:\/\/www.desouches-chirurgien-esthetique.com\/it\/wp-json\/wp\/v2\/users\/1"}],"replies":[{"embeddable":true,"href":"https:\/\/www.desouches-chirurgien-esthetique.com\/it\/wp-json\/wp\/v2\/comments?post=1464"}],"version-history":[{"count":1,"href":"https:\/\/www.desouches-chirurgien-esthetique.com\/it\/wp-json\/wp\/v2\/pages\/1464\/revisions"}],"predecessor-version":[{"id":1465,"href":"https:\/\/www.desouches-chirurgien-esthetique.com\/it\/wp-json\/wp\/v2\/pages\/1464\/revisions\/1465"}],"up":[{"embeddable":true,"href":"https:\/\/www.desouches-chirurgien-esthetique.com\/it\/wp-json\/wp\/v2\/pages\/514"}],"wp:attachment":[{"href":"https:\/\/www.desouches-chirurgien-esthetique.com\/it\/wp-json\/wp\/v2\/media?parent=1464"}],"wp:term":[{"taxonomy":"dipi_cpt_category","embeddable":true,"href":"https:\/\/www.desouches-chirurgien-esthetique.com\/it\/wp-json\/wp\/v2\/dipi_cpt_category?post=1464"}],"curies":[{"name":"parola chiave","href":"https:\/\/api.w.org\/{rel}","templated":true}]}}