{"id":14608,"date":"2021-12-02T11:02:24","date_gmt":"2021-12-02T10:02:24","guid":{"rendered":"https:\/\/www.desouches-chirurgien-esthetique.com\/?page_id=14608"},"modified":"2026-01-19T16:46:45","modified_gmt":"2026-01-19T15:46:45","slug":"potenziamento-del-seno-mininvasivo","status":"publish","type":"page","link":"https:\/\/www.desouches-chirurgien-esthetique.com\/it\/chirurgie-esthetique\/chirurgie-esthetique-des-seins\/augmentation-mammaire-par-prothese\/augmentation-mammaire-mini-invasive\/","title":{"rendered":"Mastoplastica additiva mininvasiva"},"content":{"rendered":"<h2>Una tecnica innovativa di aumento del seno<\/h2>\n<p>L&#039;aumento del seno mininvasivo \u00e8 una tecnica all&#039;avanguardia per posizionare le protesi mammarie praticando un&#039;incisione molto breve nel seno o sotto le braccia. La procedura prevede un&#039;incisione in una piega naturale del seno in modo che sia difficile notare che \u00e8 stato eseguito un intervento chirurgico.<br \/>\nPer ridurre al minimo le cicatrici, il chirurgo utilizza, tra le altre cose, un introduttore Keller (Keller Funnel). Questa tecnologia permette di introdurre la protesi mammaria in silicone attraverso incisioni ridotte.<\/p>\n<p>Il Dr. Christophe Desouches, che pratica regolarmente tutti i metodi di aumento del seno (protesi mammarie, lipofilling), raccomanda questa tecnica particolarmente ben tollerata quando possibile.<\/p>\n<h2><span style=\"color: #333333; font-size: 26px;\">Risultati e vantaggi della metodica mininvasiva<\/span><\/h2>\n<p>Grazie alla competenza e all&#039;esperienza del Dr. Christophe Desouches, il risultato \u00e8 un aumento del seno naturale che lascia solo una cicatrice quasi impercettibile. Il comfort del paziente \u00e8 notevolmente migliorato, viene utilizzato meno analgesico e il recupero \u00e8 pi\u00f9 rapido.<br \/>\nInoltre, l&#039;introduttore Keller impedisce che l&#039;impianto entri in contatto con l&#039;epidermide del paziente, riducendo il rischio di infezione.<br \/>\nInfine, riducendo la tensione e lo stress intorno all&#039;area di inserimento, questa tecnologia consente un inserimento pi\u00f9 indolore, limita anche il potenziale dolore durante la guarigione e accelera i tempi di recupero.<\/p>\n<h3>cicatrici molto piccole<\/h3>\n<p>L&#039;incisione viene praticata direttamente in una delle pieghe cutanee naturali, in corrispondenza dell&#039;areola, sotto il seno o sotto l&#039;ascella, in modo che quando guarisce scompaia nell&#039;aspetto naturale della zona interessata.<br \/>\nQuesto metodo minimamente invasivo pu\u00f2 ridurre le dimensioni delle cicatrici fino a un massimo di 3 cm.<\/p>\n<h3>L&#039;aumento del seno mininvasivo \u00e8 indolore<\/h3>\n<p>Il disagio che deriva dalla procedura \u00e8 ridotto grazie all&#039;uso dell&#039;imbuto Keller che limita le sollecitazioni intorno all&#039;area dell&#039;incisione. Il possibile dolore \u00e8 dovuto essenzialmente alla mastoplastica additiva sottomuscolare, essendo molto meno dolorose le protesi davanti al muscolo in posizione sottofasciale.<\/p>\n<h2>Simulazione 3D e aumento del seno mininvasivo<\/h2>\n<p>Prima di un intervento di mastoplastica additiva, molte donne sono indecise sul volume, sulla forma o sulla proiezione degli impianti.<\/p>\n<p>Grazie al\u00a0<a href=\"https:\/\/www.desouches-chirurgien-esthetique.com\/it\/innovazioni\/simulazione-3d\/\">Simulazione 3D<\/a>, puoi\u00a0<strong>visualizza il tuo risultato futuro<\/strong>\u00a0prima della procedura.<br \/>\nQuesto strumento innovativo ti consente di confrontare diverse opzioni e di scegliere con calma la protesi mammaria pi\u00f9 adatta alla tua figura.<\/p>\n<p>Durante la visita, verranno scattate diverse foto ad alta definizione per creare un modello tridimensionale del tuo seno. Il Dott. Desouches modificher\u00e0 quindi virtualmente le dimensioni, la forma e la posizione degli impianti per proiettare un risultato realistico, naturale e personalizzato. Potrai visualizzare il risultato da diverse angolazioni e perfezionare le tue preferenze prima di prendere qualsiasi decisione.<\/p>\n<p>Questo approccio risponde alle principali domande che potresti avere:<\/p>\n<ul>\n<li>Quale volume di impianto \u00e8 pi\u00f9 adatto a me?<\/li>\n<li>La mia scollatura apparir\u00e0 naturale?<\/li>\n<li>Qual \u00e8 la differenza tra forme rotonde e anatomiche?<\/li>\n<li>Il risultato sar\u00e0 equilibrato e adatto alla mia corporatura?<\/li>\n<\/ul>\n<p>La simulazione 3D fornisce un prezioso supporto al processo decisionale, riduce le incertezze e rafforza la fiducia prima dell&#039;operazione.<br \/>\n\u00c8 incluso nel costo della consulenza iniziale, senza costi aggiuntivi per l&#039;utilizzo della tecnologia Quantificare 3D.<\/p>\n<p><img decoding=\"async\" class=\"aligncenter wp-image-1573\" src=\"https:\/\/www.desouches-chirurgien-esthetique.com\/wp-content\/uploads\/2021\/03\/simulation-3d-pour-la-poitrine-desouches-2.jpg\" alt=\"Simulazione 3D per l&#039;aumento del seno\" width=\"910\" height=\"280\" srcset=\"https:\/\/www.desouches-chirurgien-esthetique.com\/wp-content\/uploads\/2021\/03\/simulation-3d-pour-la-poitrine-desouches-2.jpg 910w, https:\/\/www.desouches-chirurgien-esthetique.com\/wp-content\/uploads\/2021\/03\/simulation-3d-pour-la-poitrine-desouches-2-480x148.jpg 480w\" sizes=\"(min-width: 0px) and (max-width: 480px) 480px, (min-width: 481px) 910px, 100vw\" \/><\/p>\n<h2>Come viene eseguita una mastoplastica additiva mininvasiva?<\/h2>\n<p>Il Dr. Christophe Desouches studia la posizione e le dimensioni ottimali dell&#039;incisione in base alla vostra morfologia e alle dimensioni degli impianti. Grazie a questa incisione, crea uno spazio davanti o dietro il muscolo pettorale per accogliere l&#039;impianto. Quindi inserisce gli impianti utilizzando l&#039;introduttore Keller, una tecnologia che gli consente di ridurre notevolmente le sollecitazioni durante l&#039;inserimento.<br \/>\nUna volta posizionate le protesi mammarie, l&#039;incisione viene chiusa con punti profondi che si riassorbono lentamente senza fili visibili sulla pelle.<\/p>\n<p>Il tipo di impianto utilizzato dal Dr. Christophe Desouches \u00e8 generalmente un impianto tondo a base di gel di silicone coeso senza texturizzazione (impianto liscio).<\/p>\n<p><a href=\"\/it\/chirurgia-estetica\/faq-chirurgia-estetica\/domande-frequenti-sul-miglioramento-del-seno\/\">Domande frequenti sull&#039;aumento del seno &gt;<\/a><\/p>","protected":false},"excerpt":{"rendered":"<p>Une technique innovante d\u2019augmentation mammaire L\u2019augmentation mammaire mini-invasive est une technique de pointe pour placer des implants mammaires en r\u00e9alisant une incision tr\u00e8s courte au niveau du sein ou sous les bras. La proc\u00e9dure implique une incision dans un pli naturel de votre poitrine de sorte qu\u2019il soit difficile de remarquer qu\u2019une chirurgie ait \u00e9t\u00e9 [&hellip;]<\/p>\n","protected":false},"author":1,"featured_media":0,"parent":1362,"menu_order":2,"comment_status":"closed","ping_status":"closed","template":"","meta":{"_et_pb_use_builder":"","_et_pb_old_content":"","_et_gb_content_width":"","footnotes":""},"dipi_cpt_category":[],"class_list":["post-14608","page","type-page","status-publish","hentry"],"_links":{"self":[{"href":"https:\/\/www.desouches-chirurgien-esthetique.com\/it\/wp-json\/wp\/v2\/pages\/14608","targetHints":{"allow":["GET"]}}],"collection":[{"href":"https:\/\/www.desouches-chirurgien-esthetique.com\/it\/wp-json\/wp\/v2\/pages"}],"about":[{"href":"https:\/\/www.desouches-chirurgien-esthetique.com\/it\/wp-json\/wp\/v2\/types\/page"}],"author":[{"embeddable":true,"href":"https:\/\/www.desouches-chirurgien-esthetique.com\/it\/wp-json\/wp\/v2\/users\/1"}],"replies":[{"embeddable":true,"href":"https:\/\/www.desouches-chirurgien-esthetique.com\/it\/wp-json\/wp\/v2\/comments?post=14608"}],"version-history":[{"count":7,"href":"https:\/\/www.desouches-chirurgien-esthetique.com\/it\/wp-json\/wp\/v2\/pages\/14608\/revisions"}],"predecessor-version":[{"id":23420572,"href":"https:\/\/www.desouches-chirurgien-esthetique.com\/it\/wp-json\/wp\/v2\/pages\/14608\/revisions\/23420572"}],"up":[{"embeddable":true,"href":"https:\/\/www.desouches-chirurgien-esthetique.com\/it\/wp-json\/wp\/v2\/pages\/1362"}],"wp:attachment":[{"href":"https:\/\/www.desouches-chirurgien-esthetique.com\/it\/wp-json\/wp\/v2\/media?parent=14608"}],"wp:term":[{"taxonomy":"dipi_cpt_category","embeddable":true,"href":"https:\/\/www.desouches-chirurgien-esthetique.com\/it\/wp-json\/wp\/v2\/dipi_cpt_category?post=14608"}],"curies":[{"name":"parola chiave","href":"https:\/\/api.w.org\/{rel}","templated":true}]}}