{"id":1457,"date":"2021-03-05T18:16:24","date_gmt":"2021-03-05T17:16:24","guid":{"rendered":"https:\/\/www.desouches-chirurgien-esthetique.com\/?page_id=1457"},"modified":"2023-07-17T17:34:30","modified_gmt":"2023-07-17T15:34:30","slug":"lipofilling-dei-glutei","status":"publish","type":"page","link":"https:\/\/www.desouches-chirurgien-esthetique.com\/it\/chirurgie-esthetique\/chirurgie-esthetique-de-la-silhouette\/brazilian-butt-lift\/","title":{"rendered":"Lifting dei glutei brasiliano"},"content":{"rendered":"<p><img decoding=\"async\" class=\"aligncenter size-full wp-image-1458\" src=\"https:\/\/www.desouches-chirurgien-esthetique.com\/wp-content\/uploads\/2021\/03\/lipofilling-des-fesses.jpg\" alt=\"Lipofilling glutei\" width=\"800\" height=\"450\" srcset=\"https:\/\/www.desouches-chirurgien-esthetique.com\/wp-content\/uploads\/2021\/03\/lipofilling-des-fesses.jpg 800w, https:\/\/www.desouches-chirurgien-esthetique.com\/wp-content\/uploads\/2021\/03\/lipofilling-des-fesses-480x270.jpg 480w\" sizes=\"(min-width: 0px) and (max-width: 480px) 480px, (min-width: 481px) 800px, 100vw\" \/><\/p>\n<p>&nbsp;<\/p>\n<h2>Il brasiliano Butt Lift di lipostruttura<\/h2>\n<p>Con l&#039;et\u00e0 nelle persone magre, i glutei tendono a perdere volume e diventare ptosi. Questo scioglimento del grasso \u00e8 in parte responsabile del rilassamento cutaneo. La lipostruttura (o iniezione di grasso autologo) \u00e8 un trapianto di tessuto adiposo. Mira a ripristinare i volumi e le forme della parte superiore dei glutei con un effetto lifting brasiliano per restituirne la pienezza giovanile.<\/p>\n<h2>L&#039;intervento<\/h2>\n<p>Lo scopo della procedura \u00e8 quello di iniettare il grasso in una zona in cui ne \u00e8 carente, dopo averlo prelevato da dove \u00e8 in eccesso.<\/p>\n<p>Il tessuto adiposo viene rimosso mediante liposuzione in modo delicato e atraumatico. Dopo la centrifugazione, la parte cellulare del grasso asportato viene reiniettata come topping mediante microcannule attraverso incisioni cutanee puntiformi. L&#039;anestesia utilizzata \u00e8 generalmente locale associata a sedazione endovenosa. La procedura viene solitamente eseguita in regime ambulatoriale, con dimissione in giornata.<\/p>\n<h2>La prima consultazione<\/h2>\n<p>La prima consulenza \u00e8 un&#039;occasione per esaminare la tua figura, discutere le tue motivazioni e spiegare i risultati attesi.<\/p>\n<p>Consente di ricercare patologie che possono controindicare la tecnica (allergia ai prodotti anestetici) o antecedenti che possono richiedere regole di cautela (herpes labiale, fumo).<\/p>\n<h2>Complicazioni<\/h2>\n<p>Qualsiasi intervento chirurgico, anche di minore entit\u00e0, comporta dei rischi. Queste complicazioni sono estremamente rare e solitamente di lieve entit\u00e0 in questo caso. Non si pu\u00f2 escludere il rischio di infezione o di reazione all&#039;anestesia.<\/p>\n<h2>Prima dell&#039;intervento<\/h2>\n<p>\u00c8 fondamentale smettere di fumare almeno due mesi prima dell&#039;intervento, poich\u00e9 il tabacco \u00e8 un fattore che contribuisce al fallimento del trapianto di cellule adipose. L&#039;aspirina \u00e8 vietata 10 giorni prima dell&#039;intervento. Prima dell&#039;intervento, \u00e8 necessario lavarsi con un sapone antisettico. Il giorno dell&#039;intervento, \u00e8 necessario prevedere un tempo sufficiente per arrivare puntuali senza eccessivo stress. \u00c8 importante organizzare un accompagnatore per tornare a casa dopo il ricovero e che possa essere in grado di assistervi nei primi giorni successivi all&#039;intervento.<\/p>\n<h2>Postoperatorio<\/h2>\n<p>Il decorso postoperatorio \u00e8 generalmente indolore. D&#039;altra parte, un edema \u00e8 spesso molto importante e generalmente impiega dai 10 ai 15 giorni per scomparire. I lividi sono visibili da una a tre settimane. La ripresa di un&#039;attivit\u00e0 professionale \u00e8 possibile dopo una settimana e di un&#039;attivit\u00e0 sportiva dopo 6 settimane. C&#039;\u00e8 un lento riassorbimento del grasso che si stabilizza intorno al 6\u00b0 mese. \u00c8 in questa data che si pu\u00f2 valutare il risultato finale.<\/p>\n<h2>Informazioni importanti<\/h2>\n<p>Questo testo fornisce informazioni di base sui principi e la procedura della lipostruttura. Una scheda informativa pi\u00f9 dettagliata ti sar\u00e0 fornita durante la tua consulenza. Una buona comprensione della procedura e del risultato atteso \u00e8 essenziale prima di considerare questo intervento. Va sottolineato che l&#039;obiettivo di questo intervento \u00e8 quello di apportare un miglioramento e non di ottenere la perfezione. Se i tuoi desideri sono realistici, il risultato ti soddisfer\u00e0.<\/p>\n<section><a class=\"download\" href=\"https:\/\/www.desouches-chirurgien-esthetique.com\/wp-content\/uploads\/2021\/03\/lipostructure_fesses.pdf\">Scarica il documento in formato PDF<\/a><\/section>","protected":false},"excerpt":{"rendered":"<p>&nbsp; Le Brazilian Butt Lift par lipostructure Avec l&#8217;\u00e2ge chez les gens minces, les fesses ont tendance \u00e0 perdre du volume et \u00e0 se ptoser. Cette fonte graisseuse est en partie responsable du rel\u00e2chement cutan\u00e9. La lipostructure (ou injection de graisse autologue) est une greffe de tissus adipeux. Elle a pour but de restaurer les [&hellip;]<\/p>\n","protected":false},"author":1,"featured_media":0,"parent":514,"menu_order":1,"comment_status":"closed","ping_status":"closed","template":"","meta":{"_et_pb_use_builder":"","_et_pb_old_content":"","_et_gb_content_width":"","footnotes":""},"dipi_cpt_category":[],"class_list":["post-1457","page","type-page","status-publish","hentry"],"_links":{"self":[{"href":"https:\/\/www.desouches-chirurgien-esthetique.com\/it\/wp-json\/wp\/v2\/pages\/1457","targetHints":{"allow":["GET"]}}],"collection":[{"href":"https:\/\/www.desouches-chirurgien-esthetique.com\/it\/wp-json\/wp\/v2\/pages"}],"about":[{"href":"https:\/\/www.desouches-chirurgien-esthetique.com\/it\/wp-json\/wp\/v2\/types\/page"}],"author":[{"embeddable":true,"href":"https:\/\/www.desouches-chirurgien-esthetique.com\/it\/wp-json\/wp\/v2\/users\/1"}],"replies":[{"embeddable":true,"href":"https:\/\/www.desouches-chirurgien-esthetique.com\/it\/wp-json\/wp\/v2\/comments?post=1457"}],"version-history":[{"count":4,"href":"https:\/\/www.desouches-chirurgien-esthetique.com\/it\/wp-json\/wp\/v2\/pages\/1457\/revisions"}],"predecessor-version":[{"id":23418022,"href":"https:\/\/www.desouches-chirurgien-esthetique.com\/it\/wp-json\/wp\/v2\/pages\/1457\/revisions\/23418022"}],"up":[{"embeddable":true,"href":"https:\/\/www.desouches-chirurgien-esthetique.com\/it\/wp-json\/wp\/v2\/pages\/514"}],"wp:attachment":[{"href":"https:\/\/www.desouches-chirurgien-esthetique.com\/it\/wp-json\/wp\/v2\/media?parent=1457"}],"wp:term":[{"taxonomy":"dipi_cpt_category","embeddable":true,"href":"https:\/\/www.desouches-chirurgien-esthetique.com\/it\/wp-json\/wp\/v2\/dipi_cpt_category?post=1457"}],"curies":[{"name":"parola chiave","href":"https:\/\/api.w.org\/{rel}","templated":true}]}}