{"id":14508,"date":"2021-09-28T15:44:42","date_gmt":"2021-09-28T13:44:42","guid":{"rendered":"https:\/\/www.desouches-chirurgien-esthetique.com\/?page_id=14508"},"modified":"2025-10-22T10:47:00","modified_gmt":"2025-10-22T08:47:00","slug":"domande-frequenti-sul-miglioramento-del-seno","status":"publish","type":"page","link":"https:\/\/www.desouches-chirurgien-esthetique.com\/it\/chirurgie-esthetique\/faq-chirurgie-esthetique\/faq-questions-frequentes-augmentation-mammaire\/","title":{"rendered":"Domande frequenti sull&#039;aumento del seno"},"content":{"rendered":"<p>[et_pb_section fb_built=&#8221;1&#8243; admin_label=&#8221;section&#8221; _builder_version=&#8221;4.16&#8243; custom_padding=&#8221;0px||0px||true|false&#8221; global_colors_info=&#8221;{}&#8221; theme_builder_area=&#8221;post_content&#8221;][et_pb_row disabled_on=&#8221;off|off|off&#8221; _builder_version=&#8221;4.16&#8243; _module_preset=&#8221;default&#8221; width=&#8221;100%&#8221; global_colors_info=&#8221;{}&#8221; theme_builder_area=&#8221;post_content&#8221;][et_pb_column type=&#8221;4_4&#8243; _builder_version=&#8221;4.16&#8243; _module_preset=&#8221;default&#8221; global_colors_info=&#8221;{}&#8221; theme_builder_area=&#8221;post_content&#8221;][et_pb_text _builder_version=&#8221;4.21.0&#8243; _module_preset=&#8221;default&#8221; text_font=&#8221;||||||||&#8221; text_font_size=&#8221;18px&#8221; global_colors_info=&#8221;{}&#8221; theme_builder_area=&#8221;post_content&#8221;]<\/p>\n<p>Vous souhaitez recourir \u00e0 la chirurgie esth\u00e9tique pour augmenter le volume de votre poitrine et vous h\u00e9sitez, vous vous posez des questions.<\/p>\n<p>Voici les r\u00e9ponses du Dr Christophe Desouches, chirurgien esth\u00e9tique \u00e0 Marseille, aux questions les plus fr\u00e9quentes concernant les implants mammaires, le lipofilling, le lifting des seins et la chirurgie esth\u00e9tique des seins en g\u00e9n\u00e9ral.<\/p>\n<p>[\/et_pb_text][dipi_faq faq_categories=&#8221;80&#8243; faq_order_by=&#8221;menu_order&#8221; faq_order=&#8221;DESC&#8221; icon_closed=&#8221;&#xf13a;||fa||900&#8243; icon_open=&#8221;&#xf139;||fa||900&#8243; icon_open_color=&#8221;#828282&#8243; icon_closed_color=&#8221;#828282&#8243; icon_open_font_size=&#8221;17px&#8221; icon_closed_font_size=&#8221;17px&#8221; _builder_version=&#8221;4.27.4&#8243; _module_preset=&#8221;default&#8221; title_closed_font=&#8221;Sackers Gothic Family||||||||&#8221; title_closed_text_color=&#8221;#666666&#8243; title_closed_font_size=&#8221;20px&#8221; title_open_text_color=&#8221;#000000&#8243; hover_enabled=&#8221;0&#8243; locked=&#8221;off&#8221; global_colors_info=&#8221;{}&#8221; theme_builder_area=&#8221;post_content&#8221; title_closed_text_align=&#8221;left&#8221; sticky_enabled=&#8221;0&#8243;][\/dipi_faq][\/et_pb_column][\/et_pb_row][\/et_pb_section]<\/p>\n","protected":false},"excerpt":{"rendered":"<p>Vous souhaitez recourir \u00e0 la chirurgie esth\u00e9tique pour augmenter le volume de votre poitrine et vous h\u00e9sitez, vous vous posez des questions. Voici les r\u00e9ponses du Dr Christophe Desouches, chirurgien esth\u00e9tique \u00e0 Marseille, aux questions les plus fr\u00e9quentes concernant les implants mammaires, le lipofilling, le lifting des seins et la chirurgie esth\u00e9tique des seins en [&hellip;]<\/p>\n","protected":false},"author":1,"featured_media":0,"parent":14938,"menu_order":0,"comment_status":"closed","ping_status":"closed","template":"","meta":{"_et_pb_use_builder":"on","_et_pb_old_content":"Vous souhaitez recourir \u00e0 la chirurgie esth\u00e9tique pour augmenter le volume de votre poitrine et vous h\u00e9sitez, vous vous posez des questions.\r\nVoici les r\u00e9ponses du Dr Christophe Desouches, chirurgien esth\u00e9tique \u00e0 Marseille, aux questions les plus fr\u00e9quentes concernant les implants mammaires, le lipofilling, le lifting des seins et la chirurgie esth\u00e9tique des seins en g\u00e9n\u00e9ral.\r\n<h2>Quelle diff\u00e9rence entre un lipofilling et un implant mammaire ?<\/h2>\r\nPour rappel :\r\n<ul>\r\n \t<li><a href=\"https:\/\/www.desouches-chirurgien-esthetique.com\/chirurgie-esthetique-des-seins\/augmentation-mammaire-par-prothese\/\" data-schema-attribute=\"\">L'augmentation mammaire avec implant<\/a> consiste \u00e0 ins\u00e9rer au niveau de la poitrine des proth\u00e8ses en silicone<\/li>\r\n \t<li>En revanche, avec le <a href=\"https:\/\/www.desouches-chirurgien-esthetique.com\/chirurgie-esthetique-des-seins\/augmentation-mammaire-par-lipofilling\/\">lipofilling<\/a>, l\u2019augmentation de volume des seins est r\u00e9alis\u00e9 par des injections de graisse autologue (pr\u00e9lev\u00e9es sur la patiente); il n\u2019y a donc pas d\u2019utilisation de corps \u00e9tranger pour atteindre l\u2019augmentation souhait\u00e9e<\/li>\r\n<\/ul>\r\n<strong>Volume<\/strong> : le lipofilling permet une augmentation de volume mod\u00e9r\u00e9e. Pour une augmentation cons\u00e9quente, l'implant sera utilis\u00e9.\r\n\r\n<strong>Ptose mammaire<\/strong> : si elle est mod\u00e9r\u00e9e, la pose d\u2019implant pourra l'am\u00e9liorer la ptose. Ce n\u2019est pas le cas avec un lipofilling.\r\n\r\n<strong>Apparence<\/strong> : le lipofilling et la pose d\u2019implant donnent un r\u00e9sultat qui para\u00eet naturel, tant que l\u2019on reste raisonnable au niveau de l\u2019augmentation souhait\u00e9e pour les proth\u00e8ses.\r\n\r\n<strong>Cicatrices<\/strong> : invisibles pour le lipofilling, tr\u00e8s r\u00e9duites pour l\u2019implant mammaire notamment avec les <a href=\"https:\/\/www.desouches-chirurgien-esthetique.com\/chirurgie-esthetique-des-seins\/augmentation-mammaire-par-voie-axillaire\/\">m\u00e9thodes mini-invasives<\/a>.\r\n\r\n<strong>R\u00e9action post op\u00e9ratoire<\/strong> : bien qu\u2019elles soient tr\u00e8s rares, le lipofilling \u00e9vite l\u2019utilisation d\u2019un corps \u00e9tranger et r\u00e9duit donc toute probabilit\u00e9 de r\u00e9action.\r\n\r\n<strong>Dur\u00e9e du r\u00e9sultat<\/strong> : dans les deux cas le r\u00e9sultat est fiable et durable.\r\n<h2><span style=\"font-weight: 400;\">Est-ce qu\u2019une augmentation mammaire accro\u00eet le risque de cancer du sein ?<\/span><\/h2>\r\n<span style=\"font-weight: 400;\">Voil\u00e0 plus de 60 ans que les femmes peuvent recourir \u00e0 la proth\u00e8se mammaire.\r\n<\/span><span style=\"font-weight: 400;\">La poitrine des femmes dans les pays industrialis\u00e9s fait l\u2019objet d\u2019une surveillance r\u00e9guli\u00e8re.\r\n<\/span><span style=\"font-weight: 400;\">De nombreuses \u00e9tudes ont \u00e9t\u00e9 men\u00e9es sur des milliers de femmes ayant b\u00e9n\u00e9fici\u00e9es d\u2019une augmentation mammaire par proth\u00e8se (s\u00e9rum ou silicone), dans la plupart des pays industrialis\u00e9s.\r\n<\/span><span style=\"font-weight: 400;\">Aucune de ces \u00e9tudes n\u2019a identifi\u00e9 d\u2019incidence de cancer du sein chez les femmes porteuses de proth\u00e8ses mammaires.\u00a0<\/span>\r\n\r\n<span style=\"font-weight: 400;\">De plus, les proth\u00e8ses sont r\u00e9guli\u00e8rement utilis\u00e9es dans le cas de reconstruction mammaire apr\u00e8s un cancer du sein.<\/span>\r\n<h2>Comment choisir le bon volume pour un implant mammaire ?<\/h2>\r\nChaque patiente a ses attentes sp\u00e9cifiques: aspect naturel et discret, ou effet bomb\u00e9; d\u00e9collet\u00e9 souhait\u00e9, forme des seins; taille du bonnet final.\r\n\r\nLe Dr Christophe Desouches qui pratique les augmentations mammaires avec diverses approches depuis plus de 15 ans \u00e9coute vos souhaits lors d\u2019une premi\u00e8re consultation, \u00e9tudie les sp\u00e9cificit\u00e9s de votre anatomie, afin de vous pr\u00e9coniser le volume id\u00e9al pour atteindre vos objectifs.\u00a0Outre le volume des implants, leurs caract\u00e9ristiques morphologiques auront un impact important sur le r\u00e9sultat d\u00e9finitif : la forme (ronde, anatomique, ergonomique), le profil, la projection, la dimension de la base, etc.\r\n\r\nPour vous donner un rep\u00e8re, la moyenne des implants utilis\u00e9s en Europe serait aux alentours de 300 cc, l\u2019\u00e9quivalent d'un bonnet C bien rempli en taille de soutien-gorge.\r\n<h2><span style=\"font-weight: 400;\">Quels sont les diff\u00e9rents types de proth\u00e8ses mammaires et de quoi sont-elles faites ?<\/span><\/h2>\r\n<span style=\"font-weight: 400;\">Vous avez le choix entre deux types de <a href=\"https:\/\/www.desouches-chirurgien-esthetique.com\/chirurgie-esthetique-des-seins\/augmentation-mammaire-par-prothese\/\">proth\u00e8ses mammaires<\/a> : les implants ronds et les implants anatomiques. Le choix final d\u00e9pend de vos souhaits et de l\u2019\u00e9tude r\u00e9alis\u00e9e par le chirurgien, comme \u00e9voqu\u00e9 \u00e0 la question pr\u00e9c\u00e9dente.<\/span>\r\n\r\n<span style=\"font-weight: 400;\">Pour les mat\u00e9riaux utilis\u00e9s, il faut distinguer l\u2019enveloppe du contenu :<\/span>\r\n<ul>\r\n \t<li style=\"font-weight: 400;\" aria-level=\"1\"><span style=\"font-weight: 400;\">Le silicone est utilis\u00e9 pour l'enveloppe. Seule l\u2019enveloppe lisse ou micro-textur\u00e9e est autoris\u00e9e par l\u2019ANSM depuis 2019<\/span><\/li>\r\n \t<li style=\"font-weight: 400;\" aria-level=\"1\"><span style=\"font-weight: 400;\">Le contenu peut \u00eatre du gel de silicone ou une solution hydrosaline (s\u00e9rum physiologique)<\/span><\/li>\r\n<\/ul>\r\n<span style=\"font-weight: 400;\">Les implants mammaires au s\u00e9rum physiologique sont remplis d\u2019eau sal\u00e9e st\u00e9rile. Ils peuvent \u00eatre pr\u00e9 remplis \u00e0 une taille pr\u00e9d\u00e9termin\u00e9e ou remplis au moment de la chirurgie pour permettre des modifications mineures de la taille de l\u2019implant. Les avantages de cette technique : innocuit\u00e9 du s\u00e9rum en cas de fuite, incisions r\u00e9duites, \u00e9quilibre fin des volumes en cas d\u2019asym\u00e9trie. Ce type d\u2019implant est malgr\u00e9 tout peu utilis\u00e9 car il pr\u00e9sente un aspect moins souple et moins naturel.<\/span>\r\n\r\n<span style=\"font-weight: 400;\">Les implants mammaires remplis de gel de silicone sont remplis d\u2019un gel souple, \u00e9lastique, non-toxique, et sont disponibles dans une grande vari\u00e9t\u00e9 de formes. Tous les implants mammaires en gel de silicone sont pr\u00e9remplis et peuvent demander une incision plus cons\u00e9quente pour leur insertion. Ce type de proth\u00e8se est le plus utilis\u00e9, sa dur\u00e9e de vie peut atteindre les 15 ans.\u00a0<\/span>\r\n\r\n<span style=\"font-weight: 400;\">En fonction de vos ant\u00e9c\u00e9dents m\u00e9dicaux, de votre morphologie et de vos objectifs esth\u00e9tiques, le Dr Desouches, vous pr\u00e9conisera des implants mammaires en silicone ou au s\u00e9rum physiologique.<\/span>\r\n<h2><span style=\"font-weight: 400;\">Un implant mammaire peut-il se rompre ?<\/span><\/h2>\r\n<span style=\"font-weight: 400;\">Selon l'Agence Nationale de S\u00e9curit\u00e9 du M\u00e9dicament et des Produits de Sant\u00e9, la dur\u00e9e de vie d'une proth\u00e8se mammaire est d'environ 10 ans. Elle peut durer bien plus longtemps, m\u00eame si apr\u00e8s cette p\u00e9riode le risque de rupture est plus important.<\/span>\r\n<h2><span style=\"font-weight: 400;\">Quelles sont les douleurs ressenties apr\u00e8s une augmentation mammaire ?<\/span><\/h2>\r\n<span style=\"font-weight: 400;\">Chaque patiente a sa sensibilit\u00e9 et sa personnalit\u00e9, et le ressenti apr\u00e8s une intervention peut aller d\u2019une g\u00eane l\u00e9g\u00e8re \u00e0 des douleurs plus pr\u00e9sentes.\u00a0<\/span><span style=\"font-weight: 400;\">Selon le type d\u2019op\u00e9ration, la patiente pourra \u00e9prouver en post op\u00e9ratoire :<\/span>\r\n<ul>\r\n \t<li style=\"font-weight: 400;\" aria-level=\"1\"><span style=\"font-weight: 400;\">Ecchymoses<\/span><\/li>\r\n \t<li style=\"font-weight: 400;\" aria-level=\"1\"><span style=\"font-weight: 400;\">Engourdissement ou changements de sensibilit\u00e9 (mamelon)<\/span><\/li>\r\n \t<li style=\"font-weight: 400;\" aria-level=\"1\"><span style=\"font-weight: 400;\">D\u00e9mangeaisons autour des sites d\u2019incision<\/span><\/li>\r\n \t<li style=\"font-weight: 400;\" aria-level=\"1\"><span style=\"font-weight: 400;\">Sensation de crampes\u00a0<\/span><\/li>\r\n \t<li style=\"font-weight: 400;\" aria-level=\"1\"><span style=\"font-weight: 400;\">Tensions au niveau du thorax\u00a0<\/span><\/li>\r\n \t<li style=\"font-weight: 400;\" aria-level=\"1\"><span style=\"font-weight: 400;\">Douleurs dorsales<\/span><\/li>\r\n<\/ul>\r\n<span style=\"font-weight: 400;\">Ces g\u00eanes et douleurs mod\u00e9r\u00e9es apr\u00e8s une augmentation mammaire peuvent persister de quelques jours \u00e0 quelques semaines.\u00a0<\/span><span style=\"font-weight: 400;\">Pour les att\u00e9nuer, le chirurgien peut pr\u00e9coniser des antalgiques simples comme le Parac\u00e9tamol, \u00e9ventuellement des antalgiques plus puissants du type Cod\u00e9ine ou encore des antalgiques par voie veineuse.<\/span>\r\n\r\n<span style=\"font-weight: 400;\">A noter : <a href=\"https:\/\/www.desouches-chirurgien-esthetique.com\/chirurgie-esthetique-des-seins\/augmentation-mammaire-par-voie-axillaire\/\">l\u2019augmentation mammaire par voie axillaire<\/a> est g\u00e9n\u00e9ralement peu douloureuse. L\u2019inconfort qui r\u00e9sulte de l\u2019intervention est similaire aux autres m\u00e9thodes d\u2019implants. La douleur est essentiellement due \u00e0 l\u2019augmentation mammaire sous-musculaire, les implants devant le muscle en position sous-fasciale \u00e9tant beaucoup moins douloureux.<\/span>\r\n<h2><span style=\"font-weight: 400;\">Comment r\u00e9aliser une augmentation mammaire naturelle ?<\/span><\/h2>\r\n<span style=\"font-weight: 400;\">Le <a href=\"https:\/\/www.desouches-chirurgien-esthetique.com\/chirurgie-esthetique-des-seins\/augmentation-mammaire-par-lipofilling\/\">lipofilling<\/a>, qui consiste \u00e0 pr\u00e9lever de la graisse sur la patiente (fesses, cuisses, etc.) pour la r\u00e9injecter apr\u00e8s purification au niveau de la poitrine, est la technique d'augmentation mammaire consid\u00e9r\u00e9e comme la plus naturelle.<\/span>\r\n<h2><span style=\"font-weight: 400;\">Quelles sont les activit\u00e9s limit\u00e9es apr\u00e8s une augmentation mammaire ?<\/span><span style=\"font-weight: 400;\">\r\n<\/span><\/h2>\r\n<span style=\"font-weight: 400;\">Le Dr Christophe Desouches vous pr\u00e9cisera le d\u00e9lai n\u00e9cessaire avant de pouvoir revenir \u00e0 votre niveau normal d\u2019activit\u00e9.\u00a0<\/span><span style=\"font-weight: 400;\">Cette dur\u00e9e est de 5 \u00e0 15 jours en fonction de votre activit\u00e9 professionnelle.<\/span>\r\n\r\n<span style=\"font-weight: 400;\">Pour les activit\u00e9s sportives, cela d\u00e9pend de leur intensit\u00e9 :<\/span>\r\n<ul>\r\n \t<li style=\"font-weight: 400;\" aria-level=\"1\"><span style=\"font-weight: 400;\">Activit\u00e9s l\u00e9g\u00e8res sollicitant surtout le bas du corps : un mois<\/span><\/li>\r\n \t<li style=\"font-weight: 400;\" aria-level=\"1\"><span style=\"font-weight: 400;\">Activit\u00e9s intenses impliquant les pectoraux : 2 \u00e0 3 mois<\/span><\/li>\r\n<\/ul>\r\n<h2><span style=\"font-weight: 400;\">Est-il possible d\u2019allaiter avec des proth\u00e8ses de sein ?<\/span><\/h2>\r\n<span style=\"font-weight: 400;\">Avant une chirurgie de la poitrine, il est recommand\u00e9 de n\u2019avoir pas de projet de grossesses en cours. Si vous envisagez d\u2019avoir des enfants dans les 2 ou 3 ans, vous devez reporter la chirurgie esth\u00e9tique du sein. La grossesse peut \u00e9tirer la peau des seins et r\u00e9duire leur volume, ce qui compromet les b\u00e9n\u00e9fices de cette chirurgie.<\/span>\r\n\r\n<span style=\"font-weight: 400;\">Ceci \u00e9tant, l'allaitement est possible car les proth\u00e8ses se trouvent derri\u00e8re la glande mammaire quel que soit le type cicatrices. La canaux galactophores ou lactif\u00e8res qui permettent au lait d\u2019\u00eatre achemin\u00e9 vers le mamelon sont int\u00e8gres apr\u00e8s ce type de chirurgie.<\/span>\r\n<h2><span style=\"font-weight: 400;\">Quel est le co\u00fbt d\u2019une augmentation mammaire ?\u00a0<\/span><\/h2>\r\n<span style=\"font-weight: 400;\">Selon le type d\u2019intervention (Proth\u00e8se mammaire, Ptose (lifting) mammaire, Lipofilling mammaire, Ptose et Lipofilling mammaire, Ptose et proth\u00e8se mammaire), les <a href=\"https:\/\/www.desouches-chirurgien-esthetique.com\/honoraires\/\">tarifs varient entre 4500 \u20ac et 5200 \u20ac<\/a>.<\/span>\r\n<h2><span style=\"font-weight: 400;\">Peut-on se faire rembourser une augmentation de la poitrine ?<\/span><\/h2>\r\n<span style=\"font-weight: 400;\">La s\u00e9curit\u00e9 sociale ne prend g\u00e9n\u00e9ralement pas en compte ces interventions. Seule l\u2019atrophie mammaire (thorax de gar\u00e7on) ou les seins tub\u00e9reux (seins malform\u00e9s avec une ar\u00e9ole tr\u00e8s large) peuvent b\u00e9n\u00e9ficier d\u2019un remboursement.<\/span>\r\n\r\n<span style=\"font-weight: 400;\">L'augmentation du volume des seins par chirurgie mammaire est la plupart du temps un acte purement esth\u00e9tique. De ce fait, aucune prise en charge n\u2019est envisag\u00e9e par la s\u00e9curit\u00e9 sociale.<\/span>\r\n<h2><span style=\"font-weight: 400;\">Les cicatrices sont-elles visibles ?<\/span><\/h2>\r\n<span style=\"font-weight: 400;\">Dans tous les cas, les cicatrices sont de petites tailles et g\u00e9n\u00e9ralement cach\u00e9es dans les plis naturels.<\/span>\r\n\r\n<span style=\"font-weight: 400;\"><a href=\"https:\/\/www.desouches-chirurgien-esthetique.com\/chirurgie-esthetique-des-seins\/augmentation-mammaire-par-voie-axillaire\/\">L\u2019augmentation mammaire transaxillaire<\/a> est une technique de pointe pour placer des implants mammaires en \u00e9vitant toute cicatrice visible au niveau du sein. La cicatrice dans l\u2019aisselle est l\u2019une des moins d\u00e9tectables de toutes les proc\u00e9dures d\u2019augmentation mammaire. L\u2019incision est plac\u00e9e directement dans l\u2019un des plis naturels de la peau de sorte que quand elle cicatrise, elle se fond dans l\u2019apparence naturelle de l\u2019aisselle. De plus, l\u2019incision est courte et peut ne pas d\u00e9passer 3 cm de longueur.<\/span>","_et_gb_content_width":"","footnotes":""},"dipi_cpt_category":[],"class_list":["post-14508","page","type-page","status-publish","hentry"],"_links":{"self":[{"href":"https:\/\/www.desouches-chirurgien-esthetique.com\/it\/wp-json\/wp\/v2\/pages\/14508","targetHints":{"allow":["GET"]}}],"collection":[{"href":"https:\/\/www.desouches-chirurgien-esthetique.com\/it\/wp-json\/wp\/v2\/pages"}],"about":[{"href":"https:\/\/www.desouches-chirurgien-esthetique.com\/it\/wp-json\/wp\/v2\/types\/page"}],"author":[{"embeddable":true,"href":"https:\/\/www.desouches-chirurgien-esthetique.com\/it\/wp-json\/wp\/v2\/users\/1"}],"replies":[{"embeddable":true,"href":"https:\/\/www.desouches-chirurgien-esthetique.com\/it\/wp-json\/wp\/v2\/comments?post=14508"}],"version-history":[{"count":37,"href":"https:\/\/www.desouches-chirurgien-esthetique.com\/it\/wp-json\/wp\/v2\/pages\/14508\/revisions"}],"predecessor-version":[{"id":23420499,"href":"https:\/\/www.desouches-chirurgien-esthetique.com\/it\/wp-json\/wp\/v2\/pages\/14508\/revisions\/23420499"}],"up":[{"embeddable":true,"href":"https:\/\/www.desouches-chirurgien-esthetique.com\/it\/wp-json\/wp\/v2\/pages\/14938"}],"wp:attachment":[{"href":"https:\/\/www.desouches-chirurgien-esthetique.com\/it\/wp-json\/wp\/v2\/media?parent=14508"}],"wp:term":[{"taxonomy":"dipi_cpt_category","embeddable":true,"href":"https:\/\/www.desouches-chirurgien-esthetique.com\/it\/wp-json\/wp\/v2\/dipi_cpt_category?post=14508"}],"curies":[{"name":"parola chiave","href":"https:\/\/api.w.org\/{rel}","templated":true}]}}