{"id":1416,"date":"2021-03-05T17:34:11","date_gmt":"2021-03-05T16:34:11","guid":{"rendered":"https:\/\/www.desouches-chirurgien-esthetique.com\/?page_id=1416"},"modified":"2023-07-10T12:23:37","modified_gmt":"2023-07-10T10:23:37","slug":"liposuzione-coscia","status":"publish","type":"page","link":"https:\/\/www.desouches-chirurgien-esthetique.com\/it\/chirurgie-esthetique\/chirurgie-esthetique-de-la-silhouette\/liposuccion\/liposuccion-des-cuisses\/","title":{"rendered":"Liposuzione coscia"},"content":{"rendered":"<p style=\"text-align: center;\"><img decoding=\"async\" class=\"aligncenter size-full wp-image-1417\" src=\"https:\/\/www.desouches-chirurgien-esthetique.com\/wp-content\/uploads\/2021\/03\/liposuccion-des-cuisses.jpg\" alt=\"Liposuzione coscia\" width=\"800\" height=\"450\" srcset=\"https:\/\/www.desouches-chirurgien-esthetique.com\/wp-content\/uploads\/2021\/03\/liposuccion-des-cuisses.jpg 800w, https:\/\/www.desouches-chirurgien-esthetique.com\/wp-content\/uploads\/2021\/03\/liposuccion-des-cuisses-480x270.jpg 480w\" sizes=\"(min-width: 0px) and (max-width: 480px) 480px, (min-width: 481px) 800px, 100vw\" \/><\/p>\n<p>&nbsp;<\/p>\n<p>La liposuzione \u00e8 una tecnica moderna ed efficace per il trattamento dei depositi di grasso situati tra il tessuto cutaneo e i muscoli.<\/p>\n<p>La liposuzione \u00e8 una procedura che rimuove il tessuto adiposo in eccesso sottocutaneo mediante aspirazione. Questa tecnica si concentra principalmente sul miglioramento e la definizione delle forme naturali del corpo.<\/p>\n<p>Durante la liposuzione, una cannula che \u00e8 un tubo d&#039;acciaio a punta smussata \u00e8 collegata a un dispositivo di aspirazione per rimuovere il grasso dal corpo.<\/p>\n<p>La liposuzione viene utilizzata per trattare il grasso in eccesso in diverse zone del corpo come pancia, glutei, cosce ma anche braccia, petto, schiena, collo, guance, mento, polpacci e caviglie.<\/p>\n<h2>Quando puoi considerare la liposuzione della coscia?<\/h2>\n<p>La liposuzione rimuove definitivamente i depositi di grasso localizzati che non scompaiono nonostante le diete o lo sport. Non si tratta quindi solo di grasso superficiale sottocutaneo, presente ovunque sul corpo, ma soprattutto di grasso localizzato nello strato pi\u00f9 profondo della pelle.<\/p>\n<p>Puoi quindi prendere in considerazione la liposuzione quando:<\/p>\n<p>\u2022 Hai aree localizzate di depositi di grasso che sono antiestetiche rispetto al resto del tuo corpo;<\/p>\n<p>\u2022 Vuoi una migliore definizione della tua silhouette;<\/p>\n<p>\u2022 L&#039;elasticit\u00e0 della tua pelle \u00e8 sufficiente.<\/p>\n<h2>Quali sono i vantaggi della liposuzione della coscia?<\/h2>\n<p>I pazienti possono aspettarsi di ottenere un reale beneficio estetico dalla liposuzione delle cosce. \u00c8 un modo sicuro ed efficace per trattare il grasso in eccesso.<\/p>\n<p>I principali vantaggi della liposuzione sono:<\/p>\n<p>Elimina immediatamente il grasso e permette di avere cosce pi\u00f9 armoniose;<\/p>\n<p>\u2022 La silhouette ha un aspetto pi\u00f9 armonioso;<\/p>\n<p>\u2022 La tecnica richiede piccole incisioni, che si traducono in piccole cicatrici;<\/p>\n<p>L&#039;operazione pu\u00f2 essere eseguita in anestesia locale con sedazione, che comporta meno rischi rispetto a un&#039;operazione in anestesia generale.<\/p>\n<h2>Svantaggi della liposuzione della coscia<\/h2>\n<p>\u2022 I risultati possono essere influenzati dall&#039;aumento di peso, dall&#039;invecchiamento e dalla gravidanza;<\/p>\n<p>La liposuzione non migliora l&#039;aspetto della cellulite o della pelle flaccida.<\/p>\n<p>Se vuoi conoscere la soluzione migliore nel tuo caso specifico, \u00e8 necessaria una consulenza con il Dr. Christophe Desouches, chirurgo plastico di Marsiglia per una valutazione.<\/p>\n<h2>Sei un buon candidato per la liposuzione della coscia?<\/h2>\n<p>Per alcune persone, la dieta e l&#039;esercizio fisico non bastano a liberarsi dei depositi di grasso ostinati.<\/p>\n<p>Chi sono i buoni candidati per prendere in considerazione la liposuzione:<\/p>\n<p>\u2022 Hai poca pelle in eccesso e una buona elasticit\u00e0 cutanea. La perdita di elasticit\u00e0 cutanea dovuta all&#039;et\u00e0 pu\u00f2 compromettere la qualit\u00e0 dei risultati della liposuzione addominale, ma se la pelle \u00e8 rimasta elastica, l&#039;et\u00e0 da sola non \u00e8 una controindicazione alla liposuzione delle cosce;<\/p>\n<p>\u2022 Hai del grasso in eccesso localizzato nelle cosce e questi depositi non scompaiono con l&#039;esercizio fisico o la dieta;<\/p>\n<p>\u2022 Sei in buona forma fisica, non pi\u00f9 di 10 kg in sovrappeso e il tuo peso \u00e8 stabile;<\/p>\n<p>\u2022 Se stai pianificando di perdere o aumentare di peso (ad esempio a causa di una gravidanza o di una dieta), questo non \u00e8 il momento di prendere in considerazione la liposuzione addominale;<\/p>\n<p>\u2022 Tieni presente che la liposuzione non rimuove la cellulite e non pu\u00f2 rassodare la pelle flaccida.<\/p>\n<p>Se sei in buona salute generale, con un atteggiamento positivo e aspettative realistiche, probabilmente sei un buon candidato per questa procedura.<\/p>\n<h2>Informazioni sulla chirurgia della liposuzione della coscia<\/h2>\n<p>Come viene eseguita la liposuzione della coscia?<\/p>\n<p>La liposuzione rimuove il grasso dal tuo corpo mediante aspirazione e richiede da una a due ore. Pu\u00f2 essere eseguito in anestesia locale o in anestesia generale, con degenza ambulatoriale in clinica.<\/p>\n<p>Il Dr. Christophe Desouches selezioner\u00e0 il metodo pi\u00f9 adatto a seconda della quantit\u00e0 di grasso da rimuovere:<\/p>\n<p>\u2022 Liposuzione con metodo tradizionale dove una sottile cannula con punta arrotondata viene collegata ad un sistema di aspirazione se la quantit\u00e0 di grasso da trattare \u00e8 significativa;<\/p>\n<p>\u2022 Vibroliposuzione o NIL (Nutational Infrasonic Liposculpture) che ha una cannula vibrante per consentire follow-up pi\u00f9 brevi e risultati migliori<\/p>\n<p>\u2022 Liposuzione delicata con una cannula collegata a una siringa se la quantit\u00e0 di grasso \u00e8 moderata.<\/p>\n<p>Come saranno le cicatrici della liposuzione della coscia?<\/p>\n<p>\u2022 Poich\u00e9 le incisioni della liposuzione sono da 1 a 2 mm, le cicatrici sono piccole e molto poco appariscenti, il pi\u00f9 delle volte nascoste nelle pieghe naturali;<\/p>\n<p>\u2022 La maggior parte delle cicatrici da liposuzione svaniscono e sono appena visibili nel tempo. Le cicatrici visibili sono pi\u00f9 comuni quando si utilizzano grandi cannule e nei pazienti che hanno una pigmentazione scura;<\/p>\n<p>Tuttavia, la qualit\u00e0 della guarigione dipende da fattori genetici ed \u00e8 possibile osservare una guarigione ipertrofica in persone predisposte ad essa;<\/p>\n<p>\u2022 La cicatrice pu\u00f2 raramente essere associata a discromia, che \u00e8 una macchia sulla pelle scura (iperpigmentazione) o chiara (ipopigmentata).<\/p>\n<p>Sebbene le cicatrici delle incisioni siano nella maggior parte dei casi permanenti, svaniscono e migliorano nel tempo. Il Dr. Christophe Desouches far\u00e0 ogni sforzo per posizionare le cicatrici in aree nascoste e minimizzarle, con l&#039;obiettivo di ottenere il risultato desiderato con le cicatrici pi\u00f9 discrete possibili.<\/p>\n<h2>Quali sono le conseguenze della liposuzione alla coscia?<\/h2>\n<p>Il Dott. Christophe Desouches lavorer\u00e0 con voi per stabilire quanto tempo ci vorr\u00e0 prima che possiate tornare alle vostre normali attivit\u00e0 sportive e sociali.<\/p>\n<p>Dopo l&#039;intervento chirurgico, riceverai istruzioni dettagliate sulla tua cura postoperatoria, nonch\u00e9 informazioni su:<\/p>\n<p>\u2022 I normali sintomi che sperimenterai;<\/p>\n<p>\u2022 Segni di possibili complicazioni.<\/p>\n<p>Subito dopo la liposuzione della coscia.<\/p>\n<p>Indossi speciali indumenti compressivi per mantenere la pelle compressa. Di solito devono essere indossati per 6 settimane.<\/p>\n<p>Con la scomparsa dell&#039;anestesia, potresti avvertire un po&#039; di dolore. Se il dolore \u00e8 intenso o impiega molto tempo a scomparire, parlane con il tuo team medico e potrebbero esserti somministrati forti antidolorifici durante il ricovero. Noterai anche arrossamento e gonfiore dopo l&#039;intervento. In alcuni casi, il gonfiore persister\u00e0 per alcune settimane o anche per uno o due mesi. Il Dott. Desouches, chirurgo estetico a Marsiglia, ti dir\u00e0 se il dolore, l&#039;arrossamento o il gonfiore sono normali o sono il segno di una complicazione.<\/p>\n<p>Tempo di recupero dopo la liposuzione della coscia.<\/p>\n<p>\u00c8 estremamente importante seguire rigorosamente tutte le istruzioni per la cura fornite. Ci\u00f2 includer\u00e0 consigli sull&#039;uso di indumenti compressivi, sull&#039;assunzione di antibiotici e sul livello di attivit\u00e0 fisica consentito. Il Dr. Christophe Desouches, il tuo chirurgo estetico di Marsiglia, ti fornir\u00e0 anche istruzioni dettagliate sui sintomi normali che sperimenterai e sui segni di una possibile complicazione. \u00c8 importante sapere che il tempo di recupero varia notevolmente da persona a persona.<\/p>\n<h2>Quali sono i limiti e i rischi della liposuzione della coscia?<\/h2>\n<p>Le complicanze della chirurgia della liposuzione sono rare. I tuoi rischi specifici saranno valutati durante la tua consultazione con il Dr. Christophe Desouches.<\/p>\n<p>Tutte le procedure chirurgiche comportano un certo grado di rischio.<\/p>\n<p>Alcune potenziali complicazioni con tutti gli interventi chirurgici sono:<\/p>\n<p>\u2022 Reazione avversa all&#039;anestesia;<\/p>\n<p>\u2022 Ematoma o sieroma (accumulo di sangue o liquido sotto la pelle);<\/p>\n<p>\u2022 Infezione e sanguinamento;<\/p>\n<p>\u2022 Disturbi della sensibilit\u00e0;<\/p>\n<p>\u2022 Cicatrici ipertrofiche o iperpigmentate;<\/p>\n<p>\u2022 Reazioni allergiche;<\/p>\n<p>\u2022 Risultati insoddisfacenti che potrebbero richiedere ulteriori interventi;<\/p>\n<p>\u2022 Coaguli di sangue nelle gambe o nei polmoni (flebite o embolia polmonare).<\/p>\n<p>Di seguito sono descritti altri rischi specifici della liposuzione:<\/p>\n<p>\u2022 Asimmetria;<\/p>\n<p>\u2022 Irregolarit\u00e0 della pelle.<\/p>\n<p>\u00c8 possibile ridurre alcuni rischi seguendo i consigli e le istruzioni del Dr. Christophe Desouches, chirurgo a Marsiglia, sia prima che dopo la liposuzione della coscia.<\/p>","protected":false},"excerpt":{"rendered":"<p>&nbsp; La liposuccion est une technique moderne et efficace pour traiter les amas graisseux localis\u00e9s entre le tissu cutan\u00e9 et les muscles. La liposuccion est une intervention r\u00e9alis\u00e9e pour \u00e9liminer par aspiration l\u2019exc\u00e8s de tissu adipeux sous la peau. Cette technique se focalise principalement sur l&#8217;am\u00e9lioration et la d\u00e9finition de la forme naturelle du corps. [&hellip;]<\/p>\n","protected":false},"author":1,"featured_media":0,"parent":1406,"menu_order":4,"comment_status":"closed","ping_status":"closed","template":"","meta":{"_et_pb_use_builder":"","_et_pb_old_content":"","_et_gb_content_width":"","footnotes":""},"dipi_cpt_category":[],"class_list":["post-1416","page","type-page","status-publish","hentry"],"_links":{"self":[{"href":"https:\/\/www.desouches-chirurgien-esthetique.com\/it\/wp-json\/wp\/v2\/pages\/1416","targetHints":{"allow":["GET"]}}],"collection":[{"href":"https:\/\/www.desouches-chirurgien-esthetique.com\/it\/wp-json\/wp\/v2\/pages"}],"about":[{"href":"https:\/\/www.desouches-chirurgien-esthetique.com\/it\/wp-json\/wp\/v2\/types\/page"}],"author":[{"embeddable":true,"href":"https:\/\/www.desouches-chirurgien-esthetique.com\/it\/wp-json\/wp\/v2\/users\/1"}],"replies":[{"embeddable":true,"href":"https:\/\/www.desouches-chirurgien-esthetique.com\/it\/wp-json\/wp\/v2\/comments?post=1416"}],"version-history":[{"count":1,"href":"https:\/\/www.desouches-chirurgien-esthetique.com\/it\/wp-json\/wp\/v2\/pages\/1416\/revisions"}],"predecessor-version":[{"id":1418,"href":"https:\/\/www.desouches-chirurgien-esthetique.com\/it\/wp-json\/wp\/v2\/pages\/1416\/revisions\/1418"}],"up":[{"embeddable":true,"href":"https:\/\/www.desouches-chirurgien-esthetique.com\/it\/wp-json\/wp\/v2\/pages\/1406"}],"wp:attachment":[{"href":"https:\/\/www.desouches-chirurgien-esthetique.com\/it\/wp-json\/wp\/v2\/media?parent=1416"}],"wp:term":[{"taxonomy":"dipi_cpt_category","embeddable":true,"href":"https:\/\/www.desouches-chirurgien-esthetique.com\/it\/wp-json\/wp\/v2\/dipi_cpt_category?post=1416"}],"curies":[{"name":"parola chiave","href":"https:\/\/api.w.org\/{rel}","templated":true}]}}