{"id":1385,"date":"2021-03-05T17:14:28","date_gmt":"2021-03-05T16:14:28","guid":{"rendered":"https:\/\/www.desouches-chirurgien-esthetique.com\/?page_id=1385"},"modified":"2023-07-10T11:35:11","modified_gmt":"2023-07-10T09:35:11","slug":"intussuscezione","status":"publish","type":"page","link":"https:\/\/www.desouches-chirurgien-esthetique.com\/it\/chirurgie-esthetique\/chirurgie-esthetique-des-seins\/invagination-du-mamelon\/","title":{"rendered":"Intussuscezione del capezzolo"},"content":{"rendered":"<p>Alcune donne sono infastidite da un capezzolo invaginato o capovolto: l&#039;estremit\u00e0 del seno \u00e8 deformata e il capezzolo \u00e8 poco marcato o completamente privo di sollievo. \u00c8 la brevit\u00e0 dei dotti lattiferi che \u00e8 generalmente la causa.<\/p>\n<p>L&#039;origine pu\u00f2 essere multipla: ereditaria, a seguito di una gravidanza o di un&#039;infezione.<\/p>\n<p>Desiderano quindi trovare una soluzione a questo disagio estetico del loro seno.<\/p>\n<p>Competente nella chirurgia estetica del capezzolo e nella chirurgia del seno, il Dr. Christophe Desouches, ti offre una soluzione adatta nel suo studio situato a Marsiglia.<\/p>\n<p>Infatti, la chirurgia dell&#039;invaginazione del capezzolo, minimamente invasiva, indolore, senza lasciare cicatrici visibili, pu\u00f2 risolvere definitivamente questo problema.<\/p>\n<h2>Perch\u00e9 sottoporsi a un intervento di chirurgia estetica per il capezzolo?<\/h2>\n<p>I pazienti con invaginazione intestinale di solito non sono consapevoli che questo aspetto del seno pu\u00f2 essere corretto. \u00c8 spesso durante una consultazione per un intervento chirurgico al seno che si presenta l&#039;opportunit\u00e0, che viene quindi offerta in aggiunta a detto intervento chirurgico.<\/p>\n<p>Si tratta di donne di tutte le et\u00e0 (dopo la fine della pubert\u00e0), infastidite da un capezzolo poco prominente, o addirittura capovolto.<\/p>\n<h2>Come si esegue l&#039;invaginazione del capezzolo?<\/h2>\n<p>Dopo un colloquio e uno studio del tuo seno, il Dott. Christophe Desouches ti consiglier\u00e0 la tecnica migliore per migliorare l&#039;armonia del tuo seno e ti fornir\u00e0 tutte le informazioni necessarie per comprendere e prepararti all&#039;intervento.<\/p>\n<p>L&#039;operazione viene eseguita in anestesia locale con o senza sedazione, raramente in anestesia generale, a seconda del profilo del paziente.<\/p>\n<p>Tutto inizia con una preparazione, durante la quale il chirurgo posiziona dei marker che lo guideranno.<\/p>\n<p>Poi si pu\u00f2 procedere all&#039;operazione: incisioni alla base del capezzolo per sezionare i dotti lattiferi e piccole placche locali per dare sollievo al capezzolo.<\/p>\n<p>Le cicatrici sono spesso limitate e poco appariscenti.<\/p>\n<p>Infine, le suture sono realizzate con suture riassorbibili.<\/p>\n<p>La procedura \u00e8 rapida, in media da 30 a 60 minuti per capezzolo.<\/p>\n<p>Dopo la procedura ambulatoriale, il paziente pu\u00f2 tornare a casa.<\/p>\n<p>Per ulteriori informazioni sulla chirurgia estetica del capezzolo in generale, il Dr. Desouches, chirurgo estetico qualificato con sede a Marsiglia, sar\u00e0 in grado di rispondere a tutte le tue domande.<\/p>\n<h2>Quali sono le conseguenze e i risultati dell&#039;intervento?<\/h2>\n<p>La procedura \u00e8 leggera e poco dolorosa e si risolve entro i primi giorni, quindi il periodo postoperatorio non \u00e8 molto restrittivo:<\/p>\n<ul>\n<li>recupero da 2 a 3 giorni<\/li>\n<li>medicazione ogni 2 giorni per 2 settimane<\/li>\n<li>dormire sulla schiena o su un fianco per i primi giorni<\/li>\n<li>ripresa delle attivit\u00e0 sportive 2 settimane dopo l&#039;intervento (3 settimane per nuoto e sport intensi)<\/li>\n<\/ul>\n<p>Il paziente pu\u00f2 notare una leggera diminuzione della sensibilit\u00e0 durante i primi giorni.<\/p>\n<p>Il risultato \u00e8 subito visibile dal sollievo dei capezzoli.<\/p>\n<p>Dopo 6-12 mesi, il risultato estetico finale \u00e8 visibile, capezzoli marcati che hanno riacquistato volume e generalmente nessuna cicatrice visibile.<\/p>","protected":false},"excerpt":{"rendered":"<p>Certaines femmes sont g\u00ean\u00e9es par un mamelon invagin\u00e9 ou ombiliqu\u00e9 : le bout du sein est\u00a0 d\u00e9form\u00e9 et mamelon peu marqu\u00e9 ou totalement sans relief. C\u2019est la bri\u00e8vet\u00e9 des canaux galactophoriques qui en est g\u00e9n\u00e9ralement la cause. L\u2019origine peut \u00eatre multiple : h\u00e9r\u00e9ditaire, suite d\u2019une grossesse ou d\u2019une infection. Elles souhaitent alors trouver une solution [&hellip;]<\/p>\n","protected":false},"author":1,"featured_media":0,"parent":378,"menu_order":6,"comment_status":"closed","ping_status":"closed","template":"","meta":{"_et_pb_use_builder":"","_et_pb_old_content":"","_et_gb_content_width":"","footnotes":""},"dipi_cpt_category":[],"class_list":["post-1385","page","type-page","status-publish","hentry"],"_links":{"self":[{"href":"https:\/\/www.desouches-chirurgien-esthetique.com\/it\/wp-json\/wp\/v2\/pages\/1385","targetHints":{"allow":["GET"]}}],"collection":[{"href":"https:\/\/www.desouches-chirurgien-esthetique.com\/it\/wp-json\/wp\/v2\/pages"}],"about":[{"href":"https:\/\/www.desouches-chirurgien-esthetique.com\/it\/wp-json\/wp\/v2\/types\/page"}],"author":[{"embeddable":true,"href":"https:\/\/www.desouches-chirurgien-esthetique.com\/it\/wp-json\/wp\/v2\/users\/1"}],"replies":[{"embeddable":true,"href":"https:\/\/www.desouches-chirurgien-esthetique.com\/it\/wp-json\/wp\/v2\/comments?post=1385"}],"version-history":[{"count":1,"href":"https:\/\/www.desouches-chirurgien-esthetique.com\/it\/wp-json\/wp\/v2\/pages\/1385\/revisions"}],"predecessor-version":[{"id":1386,"href":"https:\/\/www.desouches-chirurgien-esthetique.com\/it\/wp-json\/wp\/v2\/pages\/1385\/revisions\/1386"}],"up":[{"embeddable":true,"href":"https:\/\/www.desouches-chirurgien-esthetique.com\/it\/wp-json\/wp\/v2\/pages\/378"}],"wp:attachment":[{"href":"https:\/\/www.desouches-chirurgien-esthetique.com\/it\/wp-json\/wp\/v2\/media?parent=1385"}],"wp:term":[{"taxonomy":"dipi_cpt_category","embeddable":true,"href":"https:\/\/www.desouches-chirurgien-esthetique.com\/it\/wp-json\/wp\/v2\/dipi_cpt_category?post=1385"}],"curies":[{"name":"parola chiave","href":"https:\/\/api.w.org\/{rel}","templated":true}]}}