{"id":1380,"date":"2021-03-05T17:12:07","date_gmt":"2021-03-05T16:12:07","guid":{"rendered":"https:\/\/www.desouches-chirurgien-esthetique.com\/?page_id=1380"},"modified":"2023-09-15T17:09:28","modified_gmt":"2023-09-15T15:09:28","slug":"seno-lifting-con-lipofilling","status":"publish","type":"page","link":"https:\/\/www.desouches-chirurgien-esthetique.com\/it\/chirurgie-esthetique\/chirurgie-esthetique-des-seins\/lifting-des-seins\/lifting-des-seins-avec-lipofilling\/","title":{"rendered":"Lifting del seno con lipofilling"},"content":{"rendered":"<p style=\"text-align: center;\"><img decoding=\"async\" class=\"aligncenter size-full wp-image-1381\" src=\"https:\/\/www.desouches-chirurgien-esthetique.com\/wp-content\/uploads\/2021\/03\/lifting-sein-lipofilling.jpg\" alt=\"Lifting seno e lipofilling\" width=\"800\" height=\"450\" srcset=\"https:\/\/www.desouches-chirurgien-esthetique.com\/wp-content\/uploads\/2021\/03\/lifting-sein-lipofilling.jpg 800w, https:\/\/www.desouches-chirurgien-esthetique.com\/wp-content\/uploads\/2021\/03\/lifting-sein-lipofilling-480x270.jpg 480w\" sizes=\"(min-width: 0px) and (max-width: 480px) 480px, (min-width: 481px) 800px, 100vw\" \/><\/p>\n<p>&nbsp;<\/p>\n<p>Il lifting (noto anche come trattamento della mastopessi o della ptosi mammaria) associato al lipofilling pu\u00f2 sia correggere seni cadenti o irregolari, areole ingrossate e riportarli alla forma della loro giovinezza, una curva pi\u00f9 piena con un volume del torace maggiore.<\/p>\n<p>Aumento del seno tramite\u00a0<strong>lipofilling<\/strong>\u00a0consiste nell&#039;iniettare il proprio tessuto adiposo nella mammella per correggere un volume ritenuto insufficiente oltre alla mastopessi.<\/p>\n<p>La procedura pu\u00f2 essere suggerita quando il seno \u00e8 cadente e non si \u00e8 sviluppato a sufficienza o quando il volume del seno \u00e8 diminuito in seguito a una perdita di peso o a una gravidanza.<\/p>\n<p>L&#039;intervento di mastoplastica additiva con lipofilling \u00e8 sempre pi\u00f9 praticato e porta ottimi risultati. Fidati del tuo\u00a0<strong>Chirurgo Estetico a Marsiglia<\/strong>.<\/p>\n<h2>Quando puoi prendere in considerazione un lifting del seno con il lipofilling?<\/h2>\n<ul>\n<li>Se la gravidanza, l&#039;allattamento al seno, la perdita di peso o la semplice gravit\u00e0 hanno modificato la forma del seno, causandone un cedimento associato a una notevole diminuzione del volume<\/li>\n<li>Se \u00e8 probabile che il lipofilling del seno non sollevi il seno a sufficienza o il volume del seno \u00e8 troppo basso per considerare un sollevamento isolato.<\/li>\n<\/ul>\n<h2>Quali sono i vantaggi di un lifting del seno con lipofilling?<\/h2>\n<p>Avrai una forma del seno naturale, una migliore simmetria e una scollatura pi\u00f9 piena<br \/>\nIl tuo seno sembrer\u00e0 pi\u00f9 giovane<\/p>\n<h2>Gli svantaggi del lifting del seno con il lipofilling<\/h2>\n<ul>\n<li>Gli effetti di un lifting del seno possono lentamente diminuire nel tempo a causa della gravit\u00e0 e dell&#039;invecchiamento della pelle;<\/li>\n<li>Un lifting del seno lascia cicatrici che spesso non sono molto visibili e saranno nascoste da un reggiseno o un costume da bagno.<\/li>\n<li>Una successiva gravidanza pu\u00f2 penalizzare il risultato iniziale.<\/li>\n<li>Il risultato del lipofilling \u00e8 definitivo al 6\u00b0 mese ma pu\u00f2 variare in base al proprio livello di peso.<\/li>\n<\/ul>\n<p>Questi vantaggi e svantaggi dovrebbero essere presi in considerazione se stai considerando questo tipo di intervento chirurgico. Se vuoi conoscere la migliore soluzione possibile nel tuo caso, una consulenza con il Dr. Christophe Desouches,\u00a0<a href=\"https:\/\/www.desouches-chirurgien-esthetique.com\/it\/\">chirurgo plastico a Marsiglia<\/a>\u00a0\u00e8 necessario per una valutazione accurata.<\/p>\n<h2>Come si esegue una mastopessi con lipofilling?<\/h2>\n<p>Uno\u00a0<strong>sollevamento del seno<\/strong>\u00a0viene eseguito in anestesia generale o sedazione endovenosa in una clinica accreditata per la chirurgia estetica. Esistono diverse tecniche per rimuovere la pelle in eccesso e rimodellare la ghiandola mammaria. Queste tecniche determinano la posizione di incisioni e cicatrici. il\u00a0<strong>Il dottor Christophe Desouches<\/strong>\u00a0sceglier\u00e0 una tecnica in base alle dimensioni e alla forma del seno, alle dimensioni dell&#039;areola e alla sua posizione, al grado di cedimento del seno e alla qualit\u00e0 della pelle.<\/p>\n<p>Per il lipofilling, lo scopo della procedura \u00e8 iniettare grasso nel seno dopo averlo rimosso da dove \u00e8 in eccesso. Il tessuto adiposo viene rimosso mediante liposuzione in modo delicato e atraumatico. Dopo la purificazione, la parte cellulare del grasso asportato viene reiniettata come topping utilizzando piccole cannule attraverso incisioni cutanee puntiformi.<\/p>\n<ul>\n<li>La pelle in eccesso del seno viene rimossa e il capezzolo e l&#039;areola vengono posizionati nella posizione corretta<\/li>\n<li>Se la tua areola era troppo grande, \u00e8 possibile ridurne le dimensioni<\/li>\n<li>Le cicatrici sono solitamente nascoste sotto il seno e leggermente visibili sopra e intorno all&#039;areola<\/li>\n<li>I capezzoli e le areole rimangono collegati alla ghiandola mammaria, che aiuta a preservare la sensibilit\u00e0 e la capacit\u00e0 di allattare<\/li>\n<li>In alcune pazienti potrebbe essere possibile evitare l&#039;incisione orizzontale sotto il seno, cos\u00ec come l&#039;incisione verticale che va dal bordo inferiore dell&#039;areola alla piega mammaria.<\/li>\n<\/ul>\n<h2>Quali sono le conseguenze della procedura di sollevamento del seno con lipofilling?<\/h2>\n<p>Il Dr. Christophe Desouches studier\u00e0 con te il tempo necessario prima che tu possa tornare al tuo normale livello di attivit\u00e0 fisica e professionale. Dopo l&#039;intervento chirurgico, riceverai istruzioni dettagliate sulla tua assistenza post-operatoria, comprese informazioni sicure:<\/p>\n<ul>\n<li>scarichi<\/li>\n<li>Sintomi normali<\/li>\n<li>Segni di possibili complicazioni<\/li>\n<\/ul>\n<h3>Subito dopo il tuo lifting<\/h3>\n<p>In generale, puoi aspettarti di avere medicazioni, indossare indumenti compressivi e talvolta puoi avere drenaggi chirurgici.<\/p>\n<p>Con la scomparsa dell&#039;effetto dell&#039;anestesia, potresti avvertire un po&#039; di dolore. Se il dolore \u00e8 intenso o prolungato, ti verranno somministrati antidolorifici per via endovenosa. Dopo l&#039;intervento, potresti anche avvertire un po&#039; di rossore e gonfiore.<\/p>\n<p>Gli esiti chirurgici normali includono lividi, cambiamento nella sensibilit\u00e0 del capezzolo e prurito intorno ai siti di incisione. Questi effetti collaterali dovrebbero scomparire entro le prime settimane, con alcuni effetti residui che durano fino a tre mesi dopo l&#039;intervento chirurgico.<\/p>\n<p>Indosserai un reggiseno a compressione medica per circa un mese.<\/p>\n<h3>Qual \u00e8 il tempo di recupero dopo l&#039;intervento di sollevamento del seno?<\/h3>\n<p>Dopo una liposuzione significativa, si pu\u00f2 avvertire una marcata sensazione di affaticamento per un periodo da 10 a 15 giorni. La ripresa di un&#039;attivit\u00e0 professionale \u00e8 possibile dopo una settimana e di un&#039;attivit\u00e0 sportiva dopo 4 settimane.<\/p>\n<p>Si verifica un lento riassorbimento del grasso che si stabilizza intorno al sesto mese. \u00c8 a questo punto che si pu\u00f2 valutare il risultato finale. Si pu\u00f2 quindi valutare una seconda seduta di lipofilling al seno per ottimizzare il risultato (in termini di forma o volume). I costi sono identici a quelli della prima seduta.<\/p>\n<p>L&#039;innesto di grasso \u00e8 definitivo e il volume innestato segue le variazioni di volume legate alle variazioni di peso. In caso di perdita di peso, il volume del seno diminuir\u00e0 e in caso di aumento di peso, il volume aumenter\u00e0.<\/p>\n<p>Il risultato finale della liposuzione si apprezza anche dal 6\u00b0 mese.<\/p>\n<p>Una\u00a0<strong>consultazione di controllo<\/strong>\u00a0sar\u00e0 necessario a 3 mesi, 6 mesi e un anno. Una valutazione radiologica identica alla valutazione iniziale sar\u00e0 effettuata a 1 anno.<\/p>\n<p>\u00c8 estremamente importante seguire tutte le istruzioni per la cura fornite dal Dr. Christophe Desouches. Ci\u00f2 includer\u00e0 informazioni su come indossare indumenti compressivi, medicazioni necessarie e il livello e il tipo di attivit\u00e0 che \u00e8 sicuro. Ti fornir\u00e0 anche istruzioni dettagliate sui normali sintomi che sperimenterai e potenziali segni di complicanze. \u00c8 importante rendersi conto che il tempo necessario per il recupero varia notevolmente da individuo a individuo.<\/p>\n<h2>Quali sono i limiti e i rischi di un lifting del seno con lipofilling?<\/h2>\n<p>Le complicanze del sollevamento del seno con protesi sono rare. I tuoi rischi specifici saranno valutati durante la tua consultazione.<\/p>\n<p>Tutte le procedure chirurgiche comportano un certo grado di rischio. Alcune delle potenziali complicazioni di tutti gli interventi chirurgici sono:<\/p>\n<ul>\n<li>Reazione avversa all&#039;anestesia<\/li>\n<li>Ematoma o sieroma (accumulo di sangue o liquido sotto la pelle)<\/li>\n<li>Infezione e sanguinamento<\/li>\n<li>Variazioni di sensibilit\u00e0<\/li>\n<li>Cicatrici ipertrofiche o iperpigmentate<\/li>\n<li>reazioni allergiche<\/li>\n<li>Risultati insoddisfacenti che potrebbero richiedere ulteriori interventi<\/li>\n<li>Coaguli di sangue nelle gambe o nei polmoni (flebite o embolia polmonare)<\/li>\n<\/ul>\n<p>Puoi aiutare a ridurre al minimo alcuni rischi seguendo il\u00a0<strong>consigli e istruzioni<\/strong>\u00a0dal Dr. Christophe Desouches, sia prima che dopo l&#039;intervento chirurgico.<\/p>\n<p><a href=\"\/it\/chirurgia-estetica\/faq-chirurgia-estetica\/domande-frequenti-sul-miglioramento-del-seno\/\">Domande frequenti sull&#039;aumento del seno &gt;<\/a><\/p>","protected":false},"excerpt":{"rendered":"<p>&nbsp; Le lifting (aussi connu sous le nom mastopexie ou cure de ptose mammaire) associ\u00e9 \u00e0 un lipofilling permet \u00e0 la fois de corriger des seins tombants ou in\u00e9gaux, des ar\u00e9oles \u00e9largies, et de leur redonner la forme de leur jeunesse, un galbe plus rempli avec un volume de poitrine plus important. L&#8217;augmentation du volume [&hellip;]<\/p>\n","protected":false},"author":1,"featured_media":0,"parent":1374,"menu_order":4,"comment_status":"closed","ping_status":"closed","template":"","meta":{"_et_pb_use_builder":"","_et_pb_old_content":"","_et_gb_content_width":"","footnotes":""},"dipi_cpt_category":[],"class_list":["post-1380","page","type-page","status-publish","hentry"],"_links":{"self":[{"href":"https:\/\/www.desouches-chirurgien-esthetique.com\/it\/wp-json\/wp\/v2\/pages\/1380","targetHints":{"allow":["GET"]}}],"collection":[{"href":"https:\/\/www.desouches-chirurgien-esthetique.com\/it\/wp-json\/wp\/v2\/pages"}],"about":[{"href":"https:\/\/www.desouches-chirurgien-esthetique.com\/it\/wp-json\/wp\/v2\/types\/page"}],"author":[{"embeddable":true,"href":"https:\/\/www.desouches-chirurgien-esthetique.com\/it\/wp-json\/wp\/v2\/users\/1"}],"replies":[{"embeddable":true,"href":"https:\/\/www.desouches-chirurgien-esthetique.com\/it\/wp-json\/wp\/v2\/comments?post=1380"}],"version-history":[{"count":3,"href":"https:\/\/www.desouches-chirurgien-esthetique.com\/it\/wp-json\/wp\/v2\/pages\/1380\/revisions"}],"predecessor-version":[{"id":23418852,"href":"https:\/\/www.desouches-chirurgien-esthetique.com\/it\/wp-json\/wp\/v2\/pages\/1380\/revisions\/23418852"}],"up":[{"embeddable":true,"href":"https:\/\/www.desouches-chirurgien-esthetique.com\/it\/wp-json\/wp\/v2\/pages\/1374"}],"wp:attachment":[{"href":"https:\/\/www.desouches-chirurgien-esthetique.com\/it\/wp-json\/wp\/v2\/media?parent=1380"}],"wp:term":[{"taxonomy":"dipi_cpt_category","embeddable":true,"href":"https:\/\/www.desouches-chirurgien-esthetique.com\/it\/wp-json\/wp\/v2\/dipi_cpt_category?post=1380"}],"curies":[{"name":"parola chiave","href":"https:\/\/api.w.org\/{rel}","templated":true}]}}