{"id":1377,"date":"2021-03-05T17:08:59","date_gmt":"2021-03-05T16:08:59","guid":{"rendered":"https:\/\/www.desouches-chirurgien-esthetique.com\/?page_id=1377"},"modified":"2023-09-15T17:07:53","modified_gmt":"2023-09-15T15:07:53","slug":"seno-lifting-con-protesi","status":"publish","type":"page","link":"https:\/\/www.desouches-chirurgien-esthetique.com\/it\/chirurgie-esthetique\/chirurgie-esthetique-des-seins\/lifting-des-seins\/lifting-mammaire-avec-prothese\/","title":{"rendered":"Lifting del seno con protesi"},"content":{"rendered":"<p style=\"text-align: center;\"><img decoding=\"async\" class=\"aligncenter size-full wp-image-1378\" src=\"https:\/\/www.desouches-chirurgien-esthetique.com\/wp-content\/uploads\/2021\/03\/lifting-sein-prothese.jpeg\" alt=\"Lifting del seno con protesi\" width=\"800\" height=\"450\" srcset=\"https:\/\/www.desouches-chirurgien-esthetique.com\/wp-content\/uploads\/2021\/03\/lifting-sein-prothese.jpeg 800w, https:\/\/www.desouches-chirurgien-esthetique.com\/wp-content\/uploads\/2021\/03\/lifting-sein-prothese-480x270.jpeg 480w\" sizes=\"(min-width: 0px) and (max-width: 480px) 480px, (min-width: 481px) 800px, 100vw\" \/><\/p>\n<p>&nbsp;<\/p>\n<p>Un lifting (noto anche come trattamento della mastopessi o della ptosi mammaria) associato all&#039;aumento del seno mediante protesi pu\u00f2 correggere il seno cadente o irregolare e correggere una riduzione del volume del seno ripristinando una forma ben proporzionata, una scollatura pi\u00f9 profonda con pi\u00f9 volume del torace.<\/p>\n<p>La chirurgia di sollevamento del seno con protesi mammarie \u00e8 un&#039;operazione sempre pi\u00f9 popolare.<\/p>\n<h2>Quando puoi prendere in considerazione un lifting del seno con protesi mammarie?<\/h2>\n<p>La gravidanza, l&#039;allattamento al seno, la gravit\u00e0, l&#039;aumento o la perdita di peso, l&#039;invecchiamento possono modificare la forma del seno, di solito con conseguente rilassamento e riduzione del volume.<br \/>\nSe \u00e8 probabile che le protesi mammarie da sole non sollevino a sufficienza l&#039;areola o il volume del seno non consente un sollevamento da solo.<\/p>\n<h2>Quali sono i vantaggi di un lifting del seno con protesi mammarie?<\/h2>\n<ul>\n<li>Avrai una migliore forma del seno, una migliore simmetria e una scollatura pi\u00f9 profonda.<\/li>\n<li>Il tuo seno sembrer\u00e0 pi\u00f9 giovane, non sar\u00e0 pi\u00f9 &quot;cascante&quot;.<\/li>\n<\/ul>\n<h2>Gli svantaggi del sollevamento del seno con il posizionamento dell&#039;impianto<\/h2>\n<ul>\n<li>Gli effetti di un lifting del seno possono lentamente diminuire nel tempo a causa della gravit\u00e0 e dell&#039;invecchiamento della pelle;<\/li>\n<li>Un sollevamento del seno lascia cicatrici che di solito non sono molto visibili e saranno nascoste da un reggiseno o un costume da bagno.<\/li>\n<li>Una successiva gravidanza pu\u00f2 penalizzare il risultato iniziale.<\/li>\n<li>Le protesi mammarie possono rompersi nel tempo.<\/li>\n<li>Le protesi mammarie richiedono un monitoraggio regolare.<\/li>\n<li>Gli impianti potrebbero eventualmente richiedere un nuovo intervento per la sostituzione.<\/li>\n<\/ul>\n<p>Ecco i principali vantaggi e svantaggi da considerare se si desidera eseguire questo tipo di chirurgia. Se vuoi conoscere la migliore soluzione possibile nel tuo caso, una consulenza con il tuo\u00a0<a href=\"https:\/\/www.desouches-chirurgien-esthetique.com\/it\/\">chirurgo plastico a Marsiglia<\/a>, il Dr. Christophe Desouches \u00e8 necessario per una valutazione accurata.<\/p>\n<h2>Come si esegue una mastopessi con protesi mammarie?<\/h2>\n<p>Un lifting del seno viene eseguito in anestesia generale in una clinica di chirurgia estetica accreditata. Esistono diverse tecniche per rimuovere la pelle del seno in eccesso e per rimodellare la ghiandola mammaria. Determinano la localizzazione delle incisioni e quindi delle cicatrici. Il Dr. Christophe Desouches sceglier\u00e0 la tecnica pi\u00f9 adatta in base alle dimensioni e alla forma del seno, alle dimensioni e alla posizione dell&#039;areola, al grado di rilassamento del seno, alla qualit\u00e0 e alla quantit\u00e0 di pelle in eccesso e alla sua elasticit\u00e0.<\/p>\n<ul>\n<li>La pelle in eccesso del seno viene rimossa e il capezzolo e l&#039;areola vengono riposizionati nella posizione ideale.<\/li>\n<li>Se la tua areola era troppo grande, \u00e8 possibile ridurne le dimensioni.<\/li>\n<li>La pelle che un tempo si trovava sopra l&#039;areola viene tirata verso il basso per rimodellare la parte inferiore del seno.<\/li>\n<li>Le cicatrici sono solitamente nascoste sotto il seno, anche se alcune leggere cicatrici possono essere viste verticalmente all&#039;areola e attorno ad essa;<\/li>\n<li>I capezzoli e le areole rimangono collegati alla ghiandola mammaria, che conserva la sensibilit\u00e0 e la capacit\u00e0 di allattare;<\/li>\n<li>In alcune pazienti, potrebbe essere possibile evitare l&#039;incisione orizzontale sotto il seno, cos\u00ec come l&#039;incisione verticale che va dal bordo inferiore dell&#039;areola al solco mammario. Se siete una candidata idonea per una tecnica modificata, il Dott. Desouches ne discuter\u00e0 con voi e vi consiglier\u00e0 la tecnica pi\u00f9 appropriata.<\/li>\n<\/ul>\n<h2>Quali sono le conseguenze dell&#039;operazione di sollevamento del seno con protesi mammarie?<\/h2>\n<p>Il Dr. Christophe Desouches spiegher\u00e0 il tempo necessario prima che tu possa tornare al tuo normale livello di attivit\u00e0. Dopo l&#039;intervento chirurgico, riceverai istruzioni dettagliate sulla tua assistenza post-operatoria, comprese le informazioni relative a:<\/p>\n<ul>\n<li>Scarichi, se necessario<\/li>\n<li>Previsti sintomi post-operatori<\/li>\n<li>Segni di possibili complicazioni<\/li>\n<\/ul>\n<h3>Subito dopo il tuo lifting<\/h3>\n<p>In generale, puoi aspettarti di avere bende, indossare indumenti compressivi e talvolta puoi avere drenaggi chirurgici.<\/p>\n<p>Con la scomparsa dell&#039;effetto dell&#039;anestesia, potresti avvertire un po&#039; di dolore. Se il dolore \u00e8 intenso o prolungato, ti verranno somministrati antidolorifici per via endovenosa. Dopo l&#039;intervento, potresti anche avvertire un po&#039; di rossore e gonfiore.<\/p>\n<p>Gli esiti chirurgici normali includono lividi, intorpidimento o cambiamenti nella sensazione del capezzolo e prurito intorno ai siti di incisione. Questi effetti collaterali dovrebbero scomparire entro le prime settimane, con effetti talvolta residui che durano fino a tre mesi dopo l&#039;intervento chirurgico.<\/p>\n<p>Indosserai un reggiseno a compressione medica per circa un mese.<\/p>\n<h3>Qual \u00e8 il tempo di recupero dopo l&#039;intervento di sollevamento del seno?<\/h3>\n<p>\u00c8 estremamente importante seguire tutte le istruzioni fornite dal Dott. Christophe Desouches. Queste includono informazioni sull&#039;uso di indumenti compressivi, sulle medicazioni necessarie e sul livello e tipo di attivit\u00e0 fisica sicura. Il Dott. Desouches fornir\u00e0 inoltre spiegazioni dettagliate sui sintomi normali e sui potenziali segni di complicanze. \u00c8 importante comprendere che i tempi di recupero variano notevolmente da persona a persona.<\/p>\n<h2>Quali sono i limiti e i rischi di un lifting del seno con protesi?<\/h2>\n<p>Le complicanze del sollevamento del seno con protesi sono rare. I tuoi rischi personali saranno valutati durante la tua consultazione.<\/p>\n<p>Tutte le procedure chirurgiche comportano un certo grado di rischio. Alcune delle potenziali complicazioni di tutti gli interventi chirurgici sono:<\/p>\n<ul>\n<li>Reazione avversa all&#039;anestesia<\/li>\n<li>Ematoma o sieroma (accumulo di sangue o liquido sotto la pelle)<\/li>\n<li>Infezione e sanguinamento<\/li>\n<li>Variazioni di sensibilit\u00e0<\/li>\n<li>Cicatrici ipertrofiche o iperpigmentate<\/li>\n<li>reazioni allergiche<\/li>\n<li>Risultati insoddisfacenti che potrebbero richiedere ulteriori interventi<\/li>\n<li>Coaguli di sangue nelle gambe o nei polmoni (flebite o embolia polmonare)<\/li>\n<li>Rottura precoce dell&#039;impianto<\/li>\n<li>Un guscio attorno all&#039;impianto<\/li>\n<li>Un sieroma (fluido intorno all&#039;impianto)<\/li>\n<li>Casi molto rari di linfoma capsulare quando gli involucri degli impianti sono molto ruvidi.<\/li>\n<\/ul>\n<p>Puoi aiutare a ridurre al minimo alcuni rischi seguendo i consigli e le istruzioni del Dr. Christophe Desouches, sia prima che dopo il sollevamento del seno e la protesi.<\/p>\n<p><a href=\"\/it\/chirurgia-estetica\/faq-chirurgia-estetica\/domande-frequenti-sul-miglioramento-del-seno\/\">Domande frequenti sull&#039;aumento del seno &gt;<\/a><\/p>","protected":false},"excerpt":{"rendered":"<p>&nbsp; Le lifting (aussi connu sous le nom mastopexie ou cure de ptose mammaire) associ\u00e9 \u00e0 une augmentation mammaire par proth\u00e8se permet de corriger des seins tombants ou in\u00e9gaux, et de corriger une diminution du volume des seins en leur redonnant une forme bien proportionn\u00e9e, un d\u00e9collet\u00e9 plus profond avec un volume de poitrine plus [&hellip;]<\/p>\n","protected":false},"author":1,"featured_media":0,"parent":1374,"menu_order":3,"comment_status":"closed","ping_status":"closed","template":"","meta":{"_et_pb_use_builder":"","_et_pb_old_content":"","_et_gb_content_width":"","footnotes":""},"dipi_cpt_category":[],"class_list":["post-1377","page","type-page","status-publish","hentry"],"_links":{"self":[{"href":"https:\/\/www.desouches-chirurgien-esthetique.com\/it\/wp-json\/wp\/v2\/pages\/1377","targetHints":{"allow":["GET"]}}],"collection":[{"href":"https:\/\/www.desouches-chirurgien-esthetique.com\/it\/wp-json\/wp\/v2\/pages"}],"about":[{"href":"https:\/\/www.desouches-chirurgien-esthetique.com\/it\/wp-json\/wp\/v2\/types\/page"}],"author":[{"embeddable":true,"href":"https:\/\/www.desouches-chirurgien-esthetique.com\/it\/wp-json\/wp\/v2\/users\/1"}],"replies":[{"embeddable":true,"href":"https:\/\/www.desouches-chirurgien-esthetique.com\/it\/wp-json\/wp\/v2\/comments?post=1377"}],"version-history":[{"count":3,"href":"https:\/\/www.desouches-chirurgien-esthetique.com\/it\/wp-json\/wp\/v2\/pages\/1377\/revisions"}],"predecessor-version":[{"id":23418851,"href":"https:\/\/www.desouches-chirurgien-esthetique.com\/it\/wp-json\/wp\/v2\/pages\/1377\/revisions\/23418851"}],"up":[{"embeddable":true,"href":"https:\/\/www.desouches-chirurgien-esthetique.com\/it\/wp-json\/wp\/v2\/pages\/1374"}],"wp:attachment":[{"href":"https:\/\/www.desouches-chirurgien-esthetique.com\/it\/wp-json\/wp\/v2\/media?parent=1377"}],"wp:term":[{"taxonomy":"dipi_cpt_category","embeddable":true,"href":"https:\/\/www.desouches-chirurgien-esthetique.com\/it\/wp-json\/wp\/v2\/dipi_cpt_category?post=1377"}],"curies":[{"name":"parola chiave","href":"https:\/\/api.w.org\/{rel}","templated":true}]}}