{"id":1371,"date":"2021-03-05T17:01:30","date_gmt":"2021-03-05T16:01:30","guid":{"rendered":"https:\/\/www.desouches-chirurgien-esthetique.com\/?page_id=1371"},"modified":"2023-09-15T17:04:00","modified_gmt":"2023-09-15T15:04:00","slug":"aumento-del-seno-mediante-lipofilling-2","status":"publish","type":"page","link":"https:\/\/www.desouches-chirurgien-esthetique.com\/it\/chirurgie-esthetique\/chirurgie-esthetique-des-seins\/augmentation-mammaire-par-lipofilling\/","title":{"rendered":"Aumento del seno mediante lipofilling"},"content":{"rendered":"<p style=\"text-align: center;\"><img decoding=\"async\" class=\"aligncenter size-full wp-image-1372\" src=\"https:\/\/www.desouches-chirurgien-esthetique.com\/wp-content\/uploads\/2021\/03\/augmentation-lipofilling.jpg\" alt=\"Aumento del seno mediante lipofilling\" width=\"800\" height=\"450\" srcset=\"https:\/\/www.desouches-chirurgien-esthetique.com\/wp-content\/uploads\/2021\/03\/augmentation-lipofilling.jpg 800w, https:\/\/www.desouches-chirurgien-esthetique.com\/wp-content\/uploads\/2021\/03\/augmentation-lipofilling-480x270.jpg 480w\" sizes=\"(min-width: 0px) and (max-width: 480px) 480px, (min-width: 481px) 800px, 100vw\" \/><\/p>\n<p>&nbsp;<\/p>\n<p>L&#039;aumento di\u00a0<a href=\"\/it\/chirurgia-estetica\/prima-dopo-chirurgia-estetica-mammella\/\">dimensione del seno<\/a>\u00a0il lipofilling consiste nell&#039;iniettare il proprio tessuto adiposo nella mammella per correggere un volume ritenuto insufficiente.<\/p>\n<p>La procedura pu\u00f2 essere suggerita quando il seno non si \u00e8 sviluppato a sufficienza o quando il volume del seno \u00e8 diminuito in seguito a una perdita di peso o a una gravidanza.<\/p>\n<p>Pu\u00f2 anche essere associato alla correzione della caduta del seno.<\/p>\n<p>Tuttavia, questo intervento chirurgico non pu\u00f2 essere eseguito su pazienti magri e senza grasso. A volte \u00e8 necessario praticare un secondo intervento per perfezionare il risultato.<\/p>\n<h2>Lipofilling: trasferimento del grasso al seno<\/h2>\n<p>Questa tecnica di trasferimento del grasso \u00e8 una procedura molto ben codificata che \u00e8 stata utilizzata per molti anni nella chirurgia plastica. Denominata da vari autori lipostruttura, liposcultura, lipomodellazione o lipofilling della mammella, consiste nel rimuovere il grasso da una zona donatrice (solitamente lo stomaco, i fianchi o le cosce) mediante liposuzione e poi reiniettarlo con cannule fini dopo la purificazione. Si verifica un riassorbimento spontaneo di circa 40% della massa iniettata, spiegando la necessit\u00e0 di una correzione eccessiva. Il risultato ottenuto intorno al 6\u00b0 mese \u00e8 definitivo.<\/p>\n<p>Attualmente nessun argomento scientifico suggerisce che il trasferimento di grasso possa favorire la comparsa del cancro al seno. Tuttavia, \u00e8 importante non eseguire questo intervento chirurgico su un paziente con un tumore latente. Per questo motivo viene richiesto di effettuare una valutazione per immagini (mammografia ed ecografia) prima dell&#039;intervento e di effettuare il monitoraggio a un anno e poi a due anni. Durante questo monitoraggio, possono essere rilevate calcificazioni. In caso di dubbio, verr\u00e0 eseguita una biopsia. \u00c8 quindi consigliabile riservare questo tipo di intervento a una donna con un rischio minimo di cancro in famiglia.<\/p>\n<p>Il trasferimento di grasso non \u00e8 indicato per tutti gli aumenti del seno. \u00c8 riservato alle donne che desiderano un aumento moderato e hanno una quantit\u00e0 sufficiente di grasso. Questo intervento pu\u00f2 essere eseguito da solo, in aggiunta ad un aumento con protesi o associato a una cura per la ptosi (lifting del seno).<\/p>\n<h2>Come si esegue l&#039;aumento del seno con il lipofilling?<\/h2>\n<p>Lo scopo della procedura \u00e8 quello di iniettare il grasso nel seno dopo averlo rimosso dalla zona in eccesso.<\/p>\n<p>Il tessuto adiposo viene rimosso mediante liposuzione in modo delicato e atraumatico. Dopo la purificazione, la parte cellulare del grasso asportato viene reiniettata come topping utilizzando piccole cannule attraverso incisioni cutanee puntiformi.<\/p>\n<p>La procedura viene solitamente eseguita in anestesia generale. \u00c8 sufficiente un breve ricovero ospedaliero di un giorno o una notte.<\/p>\n<h2>Come avviene il lipofilling?<\/h2>\n<h3>La prima consultazione<\/h3>\n<p>Durante la consultazione iniziale, ti verranno offerti i diversi metodi chirurgici che potrebbero essere adatti a te. Ti verr\u00e0 fornito un preventivo. Questo intervento di chirurgia estetica non pu\u00f2 essere coperto da assicurazione sanitaria.<\/p>\n<h3>Prima dell&#039;intervento<\/h3>\n<p>L&#039;anestesista verr\u00e0 consultato meno di un mese prima della procedura.<\/p>\n<p>La valutazione radiologica (mammografia ed ecografia) viene eseguita da un radiologo specializzato in imaging mammario. Lo stesso radiologo, se possibile, effettuer\u00e0 esami di follow-up dopo l&#039;intervento chirurgico.<\/p>\n<p>Non devono essere assunti farmaci contenenti aspirina nei 15 giorni precedenti la procedura.<\/p>\n<p>\u00c8 fondamentale smettere di fumare almeno due mesi prima dell&#039;intervento, poich\u00e9 il tabacco \u00e8 un fattore che contribuisce al fallimento degli innesti di adipociti.<\/p>\n<p>\u00c8 indispensabile digiunare (non mangiare n\u00e9 bere nulla) per 6 ore prima della procedura.<\/p>\n<p>Prima dell&#039;intervento e nei due giorni precedenti, verr\u00e0 utilizzato un sapone antisettico per la doccia.<\/p>\n<h3>Dopo l&#039;intervento<\/h3>\n<p>Il decorso postoperatorio \u00e8 generalmente indolore. L&#039;edema nel sito donatore e nel sito ricevente \u00e8 spesso significativo e di solito impiega dai 15 ai 20 giorni per scomparire. Eventuali lividi sono visibili per una o tre settimane. L&#039;esposizione al sole \u00e8 controindicata durante questo periodo.<\/p>\n<p>Dopo una liposuzione significativa, si pu\u00f2 avvertire una marcata sensazione di affaticamento per un periodo da 10 a 15 giorni. La ripresa di un&#039;attivit\u00e0 professionale \u00e8 possibile dopo una settimana e di un&#039;attivit\u00e0 sportiva dopo 4 settimane.<\/p>\n<p>Si verifica un lento riassorbimento del grasso che si stabilizza intorno al sesto mese. \u00c8 a questo punto che si pu\u00f2 valutare il risultato finale. Si pu\u00f2 quindi valutare una seconda seduta di lipofilling al seno per ottimizzare il risultato (in termini di forma o volume). I costi sono identici a quelli della prima seduta.<\/p>\n<p>L&#039;innesto di grasso \u00e8 definitivo e il volume innestato segue le variazioni di volume legate alle variazioni di peso. In caso di perdita di peso, il volume del seno diminuir\u00e0 e in caso di aumento di peso, il volume aumenter\u00e0.<\/p>\n<p>Il risultato finale della liposuzione si apprezza anche dal 6\u00b0 mese.<\/p>\n<p>Sar\u00e0 necessaria una consultazione di follow-up a 3 mesi, 6 mesi e un anno. Una valutazione radiologica identica alla valutazione iniziale sar\u00e0 effettuata a 1 anno e poi a 2 anni.<\/p>\n<h2>Quali sono i rischi associati all&#039;aumento del seno mediante lipofilling?<\/h2>\n<p>Qualsiasi intervento chirurgico, anche eseguito con competenza in condizioni di massima sicurezza, comporta il rischio di complicanze. Ci sono rischi di reazione all&#039;anestesia. Dovresti sapere che le tecniche anestetiche, i prodotti utilizzati e i metodi di monitoraggio hanno fatto enormi progressi. Offrono una sicurezza ottimale, soprattutto quando l&#039;intervento viene eseguito fuori dal pronto soccorso e su una persona sana, ma comportano comunque il rischio di gravi complicazioni.<\/p>\n<p>Un&#039;infezione del grasso iniettato pu\u00f2 verificarsi eccezionalmente. Pu\u00f2 essere utilizzato un trattamento antibiotico. In caso di prelievo si pu\u00f2 effettuare un&#039;evacuazione chirurgica con conseguente cicatrice di uno o due centimetri.<\/p>\n<p>Un pneumotorace pu\u00f2 verificarsi anche in modo ancora pi\u00f9 eccezionale, eventualmente richiedendo un drenaggio chirurgico.<\/p>\n<p>Durante la procedura possono comparire cisti oleose nel seno. Il termine tecnico \u00e8 un nodulo di citosteatonecrosi. Totalmente benigno, pu\u00f2 essere confermato da un&#039;ecografia ed evacuato da una semplice puntura.<\/p>\n<p>Si possono osservare imperfezioni dei risultati (asimmetria, irregolarit\u00e0). Possono essere corretti con un altro intervento a partire dal 6\u00b0 mese.<\/p>\n<p>Per quanto riguarda la liposuzione, la procedura di solito presenta pochissimi rischi. Il rischio aumenta con il volume di grasso rimosso e il numero di aree trattate durante la stessa operazione.<\/p>\n<p>La complicanza pi\u00f9 importante \u00e8 la migrazione nel flusso sanguigno di un coagulo da una vena dell&#039;arto inferiore (flebite) ai polmoni (embolia polmonare). Questa complicazione pu\u00f2, quando \u00e8 massiccia, portare alla morte. Indossare calze con vene varicose, alzarsi presto e un possibile trattamento anticoagulante possono prevenire questo rischio. Gli ematomi e le infezioni sono rari.<\/p>\n<p>Le cicatrici sono di piccole dimensioni e solitamente nascoste nelle pieghe naturali. Le imperfezioni nei risultati non sono assenti dopo la liposuzione. Il risultato potrebbe mostrare asimmetrie. A volte pu\u00f2 essere necessario un intervento aggiuntivo.<\/p>\n<p><a href=\"\/it\/chirurgia-estetica\/faq-chirurgia-estetica\/domande-frequenti-sul-miglioramento-del-seno\/\">Domande frequenti sull&#039;aumento del seno &gt;<\/a><\/p>\n<p>&nbsp;<\/p>","protected":false},"excerpt":{"rendered":"<p>&nbsp; L&#8217;augmentation du\u00a0volume du sein\u00a0par lipofilling consiste \u00e0 injecter son propre tissu adipeux dans le sein pour corriger un volume jug\u00e9 insuffisant. L&#8217;intervention peut \u00eatre propos\u00e9e lorsque les seins ne se sont pas suffisamment d\u00e9velopp\u00e9s ou lorsque le volume mammaire a diminu\u00e9 \u00e0 la suite d&#8217;un amaigrissement ou d&#8217;une grossesse. Elle peut aussi \u00eatre associ\u00e9e [&hellip;]<\/p>\n","protected":false},"author":1,"featured_media":0,"parent":378,"menu_order":1,"comment_status":"closed","ping_status":"closed","template":"","meta":{"_et_pb_use_builder":"","_et_pb_old_content":"","_et_gb_content_width":"","footnotes":""},"dipi_cpt_category":[],"class_list":["post-1371","page","type-page","status-publish","hentry"],"_links":{"self":[{"href":"https:\/\/www.desouches-chirurgien-esthetique.com\/it\/wp-json\/wp\/v2\/pages\/1371","targetHints":{"allow":["GET"]}}],"collection":[{"href":"https:\/\/www.desouches-chirurgien-esthetique.com\/it\/wp-json\/wp\/v2\/pages"}],"about":[{"href":"https:\/\/www.desouches-chirurgien-esthetique.com\/it\/wp-json\/wp\/v2\/types\/page"}],"author":[{"embeddable":true,"href":"https:\/\/www.desouches-chirurgien-esthetique.com\/it\/wp-json\/wp\/v2\/users\/1"}],"replies":[{"embeddable":true,"href":"https:\/\/www.desouches-chirurgien-esthetique.com\/it\/wp-json\/wp\/v2\/comments?post=1371"}],"version-history":[{"count":5,"href":"https:\/\/www.desouches-chirurgien-esthetique.com\/it\/wp-json\/wp\/v2\/pages\/1371\/revisions"}],"predecessor-version":[{"id":23418850,"href":"https:\/\/www.desouches-chirurgien-esthetique.com\/it\/wp-json\/wp\/v2\/pages\/1371\/revisions\/23418850"}],"up":[{"embeddable":true,"href":"https:\/\/www.desouches-chirurgien-esthetique.com\/it\/wp-json\/wp\/v2\/pages\/378"}],"wp:attachment":[{"href":"https:\/\/www.desouches-chirurgien-esthetique.com\/it\/wp-json\/wp\/v2\/media?parent=1371"}],"wp:term":[{"taxonomy":"dipi_cpt_category","embeddable":true,"href":"https:\/\/www.desouches-chirurgien-esthetique.com\/it\/wp-json\/wp\/v2\/dipi_cpt_category?post=1371"}],"curies":[{"name":"parola chiave","href":"https:\/\/api.w.org\/{rel}","templated":true}]}}