{"id":1362,"date":"2021-03-05T16:21:23","date_gmt":"2021-03-05T15:21:23","guid":{"rendered":"https:\/\/www.desouches-chirurgien-esthetique.com\/?page_id=1362"},"modified":"2025-11-18T11:47:23","modified_gmt":"2025-11-18T10:47:23","slug":"aumento-del-seno-mediante-protesi-2","status":"publish","type":"page","link":"https:\/\/www.desouches-chirurgien-esthetique.com\/it\/chirurgie-esthetique\/chirurgie-esthetique-des-seins\/augmentation-mammaire-par-prothese\/","title":{"rendered":"Mastoplastica additiva con protesi"},"content":{"rendered":"<p>L&#039;aumento del seno con protesi fornisce una soluzione estetica al seno piccolo utilizzando protesi in gel di silicone o, in alcuni casi, a base di soluzione fisiologica. L&#039;aumento del seno \u00e8 una delle procedure pi\u00f9 eseguite in chirurgia estetica. Viene praticato in pazienti che desiderano migliorare o ritrovare il volume del seno e la curva del torace.<\/p>\n<h2 class=\"unwrap_this\">Hai bisogno di un aumento del seno?<\/h2>\n<p>Ecco alcune situazioni che possono giustificare il ricorso all&#039;aumento del seno, a seconda delle aspettative estetiche e della tipologia del corpo:<\/p>\n<ul>\n<li>Se vuoi un seno pi\u00f9 attraente o una proporzione migliore al tuo corpo;<\/li>\n<li>Se il solo lifting del seno non riesce a ottenere la curvatura desiderata;<\/li>\n<li>Se le gravidanze, la perdita di peso o l&#039;invecchiamento hanno modificato le dimensioni e la forma del seno;<\/li>\n<li>Se il tuo petto ha un&#039;asimmetria.<\/li>\n<\/ul>\n<p><img decoding=\"async\" class=\"wp-image-1363 aligncenter\" style=\"text-align: center;\" src=\"https:\/\/www.desouches-chirurgien-esthetique.com\/wp-content\/uploads\/2021\/03\/augmentation-par-prothese.jpg\" alt=\"Mastoplastica additiva con protesi\" width=\"805\" height=\"454\" srcset=\"https:\/\/www.desouches-chirurgien-esthetique.com\/wp-content\/uploads\/2021\/03\/augmentation-par-prothese.jpg 805w, https:\/\/www.desouches-chirurgien-esthetique.com\/wp-content\/uploads\/2021\/03\/augmentation-par-prothese-480x270.jpg 480w\" sizes=\"(min-width: 0px) and (max-width: 480px) 480px, (min-width: 481px) 805px, 100vw\" \/><\/p>\n<h2 class=\"unwrap_this\">Quali sono i vantaggi delle protesi mammarie?<\/h2>\n<p>La protesi mammaria rimane oggi la soluzione duratura ideale per aumentare il volume del seno. Le protesi mammarie forniscono:<\/p>\n<ul>\n<li>Migliore forma del seno;<\/li>\n<li>Migliore simmetria;<\/li>\n<li>Una scollatura pi\u00f9 ampia.<\/li>\n<\/ul>\n<h2 class=\"unwrap_this\">Quali sono gli svantaggi dell&#039;aumento della protesi?<\/h2>\n<ul>\n<li>Le protesi mammarie possono rompersi nel tempo;<\/li>\n<li>Le protesi mammarie richiedono un monitoraggio regolare;<\/li>\n<li>Gli impianti potrebbero eventualmente richiedere un nuovo intervento per la sostituzione.<\/li>\n<\/ul>\n<h2 class=\"unwrap_this\">Quali sono gli argomenti a favore di un aumento del seno mediante protesi?<\/h2>\n<p>Se sei insoddisfatto del tuo seno, trovi il tuo seno troppo piccolo o poco equilibrato, se non hai fiducia in te stesso e il volume del tuo seno ha un impatto psicologico significativo, le protesi mammarie possono fornire una risposta pertinente ai tuoi problemi. . Quali sono i motivi che possono farti prendere in considerazione l&#039;aumento del seno con protesi?<\/p>\n<ul>\n<li>I tuoi seni sono piccoli dalla tarda adolescenza;<\/li>\n<li>Il tuo seno \u00e8 diventato pi\u00f9 piccolo o meno sodo dopo la gravidanza;<\/li>\n<li>Il tuo seno \u00e8 diventato pi\u00f9 piccolo dopo la perdita di peso;<\/li>\n<li>Uno dei tuoi seni \u00e8 notevolmente pi\u00f9 piccolo dell&#039;altro.<\/li>\n<\/ul>\n<p>Se sei in buona salute generale, con aspettative realistiche, probabilmente sei un buon candidato per questa procedura.<\/p>\n<h2>Informazioni sull&#039;intervento di mastoplastica additiva per impianto:<\/h2>\n<h3 class=\"unwrap_this\">Come si posiziona una protesi mammaria?<\/h3>\n<p>Durante l&#039;aumento del seno con protesi, viene praticata un&#039;incisione cutanea, viene creata una tasca sotto il seno e in questa tasca viene inserita una protesi. Le incisioni dette approcci vengono scelte in base alla morfologia e al desiderio del paziente. In genere sono possibili quattro opzioni: <img decoding=\"async\" class=\"aligncenter size-full wp-image-1367\" src=\"https:\/\/www.desouches-chirurgien-esthetique.com\/wp-content\/uploads\/2021\/03\/poitrine.jpg\" alt=\"cicatrice\" width=\"415\" height=\"395\" srcset=\"https:\/\/www.desouches-chirurgien-esthetique.com\/wp-content\/uploads\/2021\/03\/poitrine.jpg 415w, https:\/\/www.desouches-chirurgien-esthetique.com\/wp-content\/uploads\/2021\/03\/poitrine-300x286.jpg 300w\" sizes=\"(max-width: 415px) 100vw, 415px\" \/><\/p>\n<ul>\n<li>\u00a0Areolare (intra-areolare) (incisione a livello del capezzolo);<\/li>\n<li>Areolare (peri-areolare) (incisione attorno al capezzolo);<\/li>\n<li>Ascellare (sotto il braccio a livello dell&#039;ascella);<\/li>\n<li>Sotto mammario (nella piega del seno).<\/li>\n<\/ul>\n<h3>Davanti o dietro il muscolo, quale sar\u00e0 la posizione delle protesi mammarie?<\/h3>\n<p>Diversi fattori, in particolare la forma e il volume del seno, determinano come verranno inserite e posizionate le protesi mammarie. Il naturale risultato estetico e la qualit\u00e0 dello scollo sono gli obiettivi prioritari. Gli impianti vengono inseriti: <img decoding=\"async\" class=\"aligncenter size-full wp-image-1366\" src=\"https:\/\/www.desouches-chirurgien-esthetique.com\/wp-content\/uploads\/2021\/03\/augmentation-poitrine.jpg\" alt=\"impianti\" width=\"599\" height=\"240\" srcset=\"https:\/\/www.desouches-chirurgien-esthetique.com\/wp-content\/uploads\/2021\/03\/augmentation-poitrine.jpg 599w, https:\/\/www.desouches-chirurgien-esthetique.com\/wp-content\/uploads\/2021\/03\/augmentation-poitrine-480x192.jpg 480w\" sizes=\"(min-width: 0px) and (max-width: 480px) 480px, (min-width: 481px) 599px, 100vw\" \/><\/p>\n<ul>\n<li>In retroghiandolare (1): Sopra il muscolo pettorale, tecnica preferita quando \u00e8 gi\u00e0 presente una grossa ghiandola mammaria;<\/li>\n<li>Muscolo retro (2): Sotto il muscolo pettorale, tecnica preferita quando la ghiandola mammaria \u00e8 piccola o l&#039;aumento desiderato \u00e8 significativo;<\/li>\n<li>Retro-fasciale (3): sopra il muscolo pettorale ma sotto la fascia (linea verde) che \u00e8 una membrana rigida sopra il muscolo pettorale. Tecnica utilizzata per un aumento moderato con una ghiandola mammaria moderata.<\/li>\n<\/ul>\n<h2 class=\"unwrap_this\">Protesi mammarie riempite di siero o gel di silicone?<\/h2>\n<p>A seconda della tua storia medica, della tua morfologia e dei tuoi obiettivi estetici, il Dr. Desouches, chirurgo plastico a Marsiglia, ti consiglier\u00e0 protesi mammarie in silicone o soluzione fisiologica. Le protesi mammarie saline sono riempite con acqua salata sterile. Possono essere pre-riempiti a una dimensione predeterminata o riempiti al momento dell&#039;intervento chirurgico per consentire lievi modifiche alle dimensioni dell&#039;impianto. I vantaggi di questa tecnica: sicurezza del siero in caso di fuoriuscita, incisioni ridotte, equilibrio fine dei volumi in caso di asimmetria. Questo tipo di impianto \u00e8 ancora poco utilizzato perch\u00e9 ha un aspetto meno flessibile e meno naturale. Le protesi mammarie riempite di gel di silicone sono riempite con un gel morbido, elastico, non tossico e sono disponibili in un&#039;ampia variet\u00e0 di forme. Tutte le protesi mammarie in gel di silicone sono pre-riempite e potrebbero richiedere un&#039;incisione pi\u00f9 grande per l&#039;inserimento. Questo tipo di protesi \u00e8 la pi\u00f9 utilizzata, la sua durata pu\u00f2 raggiungere i 15 anni. Con sede a Marsiglia, il Dr. Christophe Desouches pu\u00f2 combinare l&#039;aumento del seno protesico con un sollevamento del seno se il torace \u00e8 cadente.<\/p>\n<h2>Simulazione 3D e aumento del seno con protesi<\/h2>\n<p>Prima di un intervento di mastoplastica additiva, molte donne sono indecise sul volume, sulla forma o sulla proiezione degli impianti.<\/p>\n<p>Grazie al <a href=\"https:\/\/www.desouches-chirurgien-esthetique.com\/it\/innovazioni\/simulazione-3d\/\">Simulazione 3D<\/a>, puoi <strong>visualizza il tuo risultato futuro<\/strong> prima della procedura.<br \/>\nQuesto strumento innovativo ti consente di confrontare diverse opzioni e di scegliere con calma la protesi mammaria pi\u00f9 adatta alla tua figura.<\/p>\n<p>Durante la visita, verranno scattate diverse foto ad alta definizione per creare un modello tridimensionale del tuo seno. Il Dott. Desouches modificher\u00e0 quindi virtualmente le dimensioni, la forma e la posizione degli impianti per proiettare un risultato realistico, naturale e personalizzato. Potrai visualizzare il risultato da diverse angolazioni e perfezionare le tue preferenze prima di prendere qualsiasi decisione.<\/p>\n<p>Questo approccio risponde alle principali domande che potresti avere:<\/p>\n<ul>\n<li>Quale volume di impianto \u00e8 pi\u00f9 adatto a me?<\/li>\n<li>La mia scollatura apparir\u00e0 naturale?<\/li>\n<li>Qual \u00e8 la differenza tra forme rotonde e anatomiche?<\/li>\n<li>Il risultato sar\u00e0 equilibrato e adatto alla mia corporatura?<\/li>\n<\/ul>\n<p>La simulazione 3D fornisce un prezioso supporto al processo decisionale, riduce le incertezze e rafforza la fiducia prima dell&#039;operazione.<br \/>\n\u00c8 incluso nel costo della consulenza iniziale, senza costi aggiuntivi per l&#039;utilizzo della tecnologia Quantificare 3D.<\/p>\n<p><img decoding=\"async\" class=\"wp-image-1573 aligncenter\" src=\"https:\/\/www.desouches-chirurgien-esthetique.com\/wp-content\/uploads\/2021\/03\/simulation-3d-pour-la-poitrine-desouches-2.jpg\" alt=\"Simulazione 3D per l&#039;aumento del seno\" width=\"910\" height=\"280\" srcset=\"https:\/\/www.desouches-chirurgien-esthetique.com\/wp-content\/uploads\/2021\/03\/simulation-3d-pour-la-poitrine-desouches-2.jpg 910w, https:\/\/www.desouches-chirurgien-esthetique.com\/wp-content\/uploads\/2021\/03\/simulation-3d-pour-la-poitrine-desouches-2-480x148.jpg 480w\" sizes=\"(min-width: 0px) and (max-width: 480px) 480px, (min-width: 481px) 910px, 100vw\" \/><\/p>\n<h2>Tecniche di mastoplastica additiva con protesi<\/h2>\n<h3>Aumento del seno con protesi conservata<\/h3>\n<p>Questo approccio innovativo rende possibile l&#039;aumento del seno senza anestesia generale. Meno invasivo, offre un recupero pi\u00f9 rapido, dolore minimo e risultati dall&#039;aspetto naturale.<br \/>\nEstende l&#039;approccio mininvasivo con ancora pi\u00f9 comfort.<\/p>\n<p>&gt;&gt;&gt;Maggiori dettagli sul<a href=\"https:\/\/www.desouches-chirurgien-esthetique.com\/it\/chirurgia-estetica\/prima-dopo-chirurgia-estetica-mammella\/aumento-del-seno-mediante-protesi-2\/conservazione-dellaumento-del-seno\/\"><span style=\"font-weight: 400;\">Aumento del seno conservato<\/span><\/a><\/p>\n<h3><span style=\"font-weight: 400;\">Aumento del seno ascellare<\/span><\/h3>\n<p><span style=\"font-weight: 400;\">Questa tecnica prevede l&#039;inserimento della protesi mammaria attraverso l&#039;ascella, evitando cos\u00ec cicatrici sul seno stesso. \u00c8 una procedura meno invasiva, con tempi di recupero rapidi, ed \u00e8 adatta alle pazienti che desiderano evitare cicatrici visibili.<\/span><\/p>\n<p>&gt;&gt;&gt;Maggiori dettagli sul<a href=\"https:\/\/www.desouches-chirurgien-esthetique.com\/it\/chirurgia-estetica\/prima-dopo-chirurgia-estetica-mammella\/aumento-del-seno-mediante-protesi-2\/potenziamento-della-mammella-ascellare\/\"><span style=\"font-weight: 400;\">aumento del seno tramite approccio ascellare<\/span><\/a><\/p>\n<h3>Aumento del seno subfasciale<\/h3>\n<p><span style=\"font-weight: 400;\">Ci\u00f2 comporta il posizionamento dell&#039;impianto sotto la fascia (una guaina fibrosa che circonda il muscolo) ma sopra il muscolo. \u00c8 un&#039;opzione adatta per i pazienti che hanno gi\u00e0 un volume moderato di ghiandola mammaria e offre un risultato molto naturale con meno dolore post-operatorio e tempi di recupero pi\u00f9 rapidi. Questo metodo evita la comparsa di impianti che possono apparire troppo alti, non abbastanza naturali o addirittura deformati durante il movimento.<\/span><\/p>\n<p>&gt;&gt;&gt;Maggiori dettagli sul<a href=\"https:\/\/www.desouches-chirurgien-esthetique.com\/it\/chirurgia-estetica\/prima-dopo-chirurgia-estetica-mammella\/aumento-del-seno-mediante-protesi-2\/miglioramento-del-seno-subfasciale\/\">aumento del seno sottofasciale<\/a><\/p>\n<h3><span style=\"font-weight: 400;\">Mastoplastica additiva mininvasiva<\/span><\/h3>\n<p><span style=\"font-weight: 400;\">Questa tecnica \u00e8 caratterizzata da incisioni molto brevi nel seno o sotto le braccia e meno danni ai tessuti, con conseguente tempo di recupero pi\u00f9 rapido. \u00c8 adatto a pazienti che desiderano una procedura meno invasiva con cicatrici minime.<\/span><\/p>\n<p>&gt;&gt;&gt;Maggiori dettagli sul<a href=\"https:\/\/www.desouches-chirurgien-esthetique.com\/it\/chirurgia-estetica\/prima-dopo-chirurgia-estetica-mammella\/aumento-del-seno-mediante-protesi-2\/potenziamento-del-seno-mininvasivo\/\">aumento del seno mini-invasivo<\/a><\/p>\n<h3><span style=\"font-weight: 400;\">Mastoplastica additiva a doppio piano<\/span><\/h3>\n<p><span style=\"font-weight: 400;\">Questo metodo prevede il posizionamento di una parte dell&#039;impianto dietro il muscolo pettorale e un&#039;altra parte dietro la ghiandola mammaria. Offre un risultato pi\u00f9 naturale e armonioso, riduce il rischio di complicanze e pu\u00f2 correggere il seno cadente e l&#039;asimmetria mammaria. \u00c8 generalmente consigliato per impianti di grande volume.<\/span><\/p>\n<p>&gt;&gt;&gt;Maggiori dettagli sul<a href=\"https:\/\/www.desouches-chirurgien-esthetique.com\/it\/chirurgia-estetica\/prima-dopo-chirurgia-estetica-mammella\/aumento-del-seno-mediante-protesi-2\/doppio-piano-per-laumento-del-seno\/\">aumento del seno su due piani<\/a><\/p>\n<h3><span style=\"font-weight: 400;\">Aumento del seno intraareolare<\/span><\/h3>\n<p>Questa tecnica prevede un&#039;incisione praticata all&#039;interno dell&#039;areola, che consente un efficace occultamento delle cicatrici. \u00c8 particolarmente indicato per le donne che desiderano un miglioramento discreto con risultati naturali.<\/p>\n<p>&gt;&gt;&gt;Maggiori dettagli sul<a href=\"https:\/\/www.desouches-chirurgien-esthetique.com\/it\/chirurgia-estetica\/prima-dopo-chirurgia-estetica-mammella\/aumento-del-seno-mediante-protesi-2\/aumento-del-seno-intraareolare\/\">aumento del seno intraareolare<\/a><\/p>\n<h2>Mastoplastica additiva senza protesi, mediante lipofilling<\/h2>\n<p><span style=\"font-weight: 400;\">Questa tecnica di mastoplastica additiva differisce dalle precedenti in quanto non utilizza una protesi. Si tratta di iniettare il grasso del paziente nel seno per aumentarne il volume. \u00c8 un&#039;alternativa naturale agli impianti ed \u00e8 adatto a pazienti che desiderano un aumento moderato e dispongono di sufficienti riserve di grasso.<\/span><\/p>\n<p>&gt;&gt;&gt;Maggiori dettagli sul<a href=\"https:\/\/www.desouches-chirurgien-esthetique.com\/it\/chirurgia-estetica\/prima-dopo-chirurgia-estetica-mammella\/aumento-del-seno-mediante-lipofilling-2\/\">aumento del seno mediante lipofilling<\/a><\/p>\n<p><span style=\"font-weight: 400;\">Esplorerai queste diverse tecniche di aumento del seno con il Dr. Desouches, al fine di trovare quella pi\u00f9 adatta a te.<\/span><\/p>\n<h2 class=\"unwrap_this\">Quali sono le conseguenze dell&#039;intervento di mastoplastica additiva?<\/h2>\n<p>Il Dr. Christophe Desouches ti dir\u00e0 quanto tempo ci vorr\u00e0 prima che tu possa tornare al tuo normale livello di attivit\u00e0. Questa durata \u00e8 da 5 a 15 giorni a seconda della tua attivit\u00e0 professionale. Dopo l&#039;intervento chirurgico, riceverai istruzioni dettagliate sulla tua assistenza post-operatoria, comprese informazioni su:<\/p>\n<ul>\n<li>I sintomi normali che sperimenterai;<\/li>\n<li>Segni di possibili complicazioni.<\/li>\n<\/ul>\n<h3>Subito dopo l&#039;aumento del seno<\/h3>\n<p>Indosserai un reggiseno a compressione medica per circa un mese. Puoi aspettarti di avere bende, indossare indumenti compressivi e talvolta puoi avere drenaggi chirurgici. Quando l&#039;anestesia svanisce, potresti sentire del dolore. Se il dolore \u00e8 doloroso o di lunga durata, riceverai antidolorifici attraverso la vena. Noterai anche arrossamento e gonfiore dopo l&#039;intervento chirurgico. Gli esiti chirurgici normali includono lividi, intorpidimento o cambiamenti nella sensazione del capezzolo e prurito intorno ai siti di incisione. Questi effetti collaterali dovrebbero scomparire entro le prime settimane, con alcuni effetti residui che durano fino a tre mesi dopo l&#039;intervento chirurgico.<\/p>\n<h3>Qual \u00e8 il tempo di recupero dopo l&#039;inserimento delle protesi?<\/h3>\n<p>\u00c8 estremamente importante che tu segua tutte le istruzioni per la cura fornite dal Dr. Christophe Desouches, il tuo chirurgo di Marsiglia. Ci\u00f2 includer\u00e0 informazioni su come indossare un reggiseno, indumenti compressivi, medicazioni necessarie e il livello e il tipo di attivit\u00e0 sicura. Ti fornir\u00e0 anche istruzioni dettagliate sui normali sintomi che sperimenterai e sui potenziali segni di complicanze. \u00c8 importante capire che il tempo necessario per il recupero varia notevolmente da individuo a individuo. La settimana successiva all&#039;operazione, il Dr. Christophe Desouches effettuer\u00e0 una visita di controllo; ci vorr\u00e0 un mese e mezzo di attesa per riprendere lo sport. Si consigliano comunque attivit\u00e0 leggere fin dai primi giorni (camminare ad esempio) per evitare il rischio di flebiti.<\/p>\n<h2>Quali sono i rischi dell&#039;aumento del seno con protesi?<\/h2>\n<p>Tutte le procedure chirurgiche presentano un certo grado di rischio. Alcune delle complicazioni sono:<\/p>\n<ul>\n<li>Reazione avversa all&#039;anestesia;<\/li>\n<li>Ematoma o sieroma (accumulo di sangue o liquido sotto la pelle);<\/li>\n<li>Infezione e sanguinamento;<\/li>\n<li>Disturbi della sensibilit\u00e0;<\/li>\n<li>Cicatrici ipertrofiche o iperpigmentate;<\/li>\n<li>Reazioni allergiche;<\/li>\n<li>Coaguli di sangue nelle gambe o nei polmoni (flebite o embolia polmonare)<\/li>\n<\/ul>\n<p>Le complicazioni dell&#039;aumento del seno sono rare. I rischi specifici dell&#039;aumento del seno sono:<\/p>\n<ul>\n<li>Risultati insoddisfacenti che potrebbero richiedere ulteriori interventi;<\/li>\n<li>Rottura precoce dell&#039;impianto;<\/li>\n<li>Un guscio attorno all&#039;impianto;<\/li>\n<li>Un sieroma (fluido intorno all&#039;impianto);<\/li>\n<li>Casi molto rari di linfoma capsulare quando le buste sono molto ruvide.<\/li>\n<\/ul>\n<h2>Qual \u00e8 il prezzo dell&#039;aumento del seno con protesi?<\/h2>\n<p>il <a href=\"https:\/\/www.desouches-chirurgien-esthetique.com\/it\/commissioni\/\">prezzo dell&#039;intervento al seno con protesi<\/a> \u00e8 di 5.000 \u20ac per le seguenti tecniche: ascellare, mini-invasiva, dual plane, sottofasciale o intra-areolare.<\/p>\n<p>Il prezzo di\u2019<a href=\"https:\/\/www.desouches-chirurgien-esthetique.com\/it\/chirurgia-estetica\/prima-dopo-chirurgia-estetica-mammella\/aumento-del-seno-mediante-protesi-2\/conservazione-dellaumento-del-seno\/\">Aumento del seno con tecnica Preserved<\/a> \u00e8 di \u20ac 7.500.<\/p>\n<h2>FAQ sull&#039;aumento del seno con protesi<\/h2>\n<p>Il Dott. Christophe Desouches risponde alle domande pi\u00f9 frequenti sugli impianti mammari, il lipofilling, il lifting del seno e la chirurgia estetica del seno in generale.<\/p>\n<p><a href=\"https:\/\/www.desouches-chirurgien-esthetique.com\/it\/chirurgia-estetica\/faq-chirurgia-estetica\/domande-frequenti-sul-miglioramento-del-seno\/\">Domande frequenti sull&#039;aumento del seno &gt;<\/a><\/p>","protected":false},"excerpt":{"rendered":"<p>L\u2019augmentation mammaire par proth\u00e8se (ou implant) apporte une solution esth\u00e9tique aux poitrines de petit volume \u00e0 l\u2019aide d\u2019implants en gel de silicone, ou dans certains cas \u00e0 base de s\u00e9rum physiologique. L\u2019augmentation mammaire est l\u2019une des interventions les plus r\u00e9alis\u00e9es en chirurgie esth\u00e9tique. Elle est pratiqu\u00e9e chez les patientes qui souhaitent am\u00e9liorer ou retrouver le [&hellip;]<\/p>\n","protected":false},"author":1,"featured_media":0,"parent":378,"menu_order":0,"comment_status":"open","ping_status":"closed","template":"","meta":{"_et_pb_use_builder":"off","_et_pb_old_content":"","_et_gb_content_width":"","footnotes":""},"dipi_cpt_category":[],"class_list":["post-1362","page","type-page","status-publish","hentry"],"_links":{"self":[{"href":"https:\/\/www.desouches-chirurgien-esthetique.com\/it\/wp-json\/wp\/v2\/pages\/1362","targetHints":{"allow":["GET"]}}],"collection":[{"href":"https:\/\/www.desouches-chirurgien-esthetique.com\/it\/wp-json\/wp\/v2\/pages"}],"about":[{"href":"https:\/\/www.desouches-chirurgien-esthetique.com\/it\/wp-json\/wp\/v2\/types\/page"}],"author":[{"embeddable":true,"href":"https:\/\/www.desouches-chirurgien-esthetique.com\/it\/wp-json\/wp\/v2\/users\/1"}],"replies":[{"embeddable":true,"href":"https:\/\/www.desouches-chirurgien-esthetique.com\/it\/wp-json\/wp\/v2\/comments?post=1362"}],"version-history":[{"count":53,"href":"https:\/\/www.desouches-chirurgien-esthetique.com\/it\/wp-json\/wp\/v2\/pages\/1362\/revisions"}],"predecessor-version":[{"id":23420505,"href":"https:\/\/www.desouches-chirurgien-esthetique.com\/it\/wp-json\/wp\/v2\/pages\/1362\/revisions\/23420505"}],"up":[{"embeddable":true,"href":"https:\/\/www.desouches-chirurgien-esthetique.com\/it\/wp-json\/wp\/v2\/pages\/378"}],"wp:attachment":[{"href":"https:\/\/www.desouches-chirurgien-esthetique.com\/it\/wp-json\/wp\/v2\/media?parent=1362"}],"wp:term":[{"taxonomy":"dipi_cpt_category","embeddable":true,"href":"https:\/\/www.desouches-chirurgien-esthetique.com\/it\/wp-json\/wp\/v2\/dipi_cpt_category?post=1362"}],"curies":[{"name":"parola chiave","href":"https:\/\/api.w.org\/{rel}","templated":true}]}}