{"id":1348,"date":"2021-03-05T16:06:46","date_gmt":"2021-03-05T15:06:46","guid":{"rendered":"https:\/\/www.desouches-chirurgien-esthetique.com\/?page_id=1348"},"modified":"2023-07-07T17:49:39","modified_gmt":"2023-07-07T15:49:39","slug":"microlipofilling","status":"publish","type":"page","link":"https:\/\/www.desouches-chirurgien-esthetique.com\/it\/chirurgie-esthetique\/chirurgie-esthetique-du-visage\/chirurgie-esthetique-des-pommettes\/micro-lipofilling\/","title":{"rendered":"Micro lipofilling"},"content":{"rendered":"<h2>Hai intenzione di correggere i danni superficiali alla tua pelle, limitare il rilassamento del viso e riempire le rughe?<\/h2>\n<p>Il microlipofilling \u00e8 consigliato per restituire giovinezza e bellezza al viso a lungo, nel modo pi\u00f9 naturale possibile.<\/p>\n<p>Tuttavia, a lungo considerata a torto inefficace rispetto ai filler, questa tecnica fin\u00ec per imporsi.<\/p>\n<p>Il microlipofilling \u00e8 un innesto autologo di lobuli adiposi rimossi mediante liposuzione e reiniettati immediatamente, con l&#039;obiettivo di colmare le perdite di volume. A differenza dei filler, questo filler avr\u00e0 un effetto definitivo associato al ringiovanimento della pelle, grazie alle cellule staminali in esso contenute.<\/p>\n<p>L&#039;immediato postoperatorio \u00e8 costituito da edema moderato e ben accettato perch\u00e9 temporaneo.<\/p>\n<p>Per mantenere a lungo la giovinezza e la bellezza del tuo viso, il microlipofilling \u00e8 un&#039;ottima scelta, perch\u00e9 rientra in questo obiettivo in quanto tecnica naturale, rispettosa dei tessuti, senza cicatrici e che pu\u00f2 essere proposta con largo anticipo, o pi\u00f9 tardi, possibilmente associato a un lifting.<\/p>\n<h2>L&#039;approccio quotidiano<\/h2>\n<p>Per idratare l\u2019epidermide: fare scorta di omega-3.<\/p>\n<p>Per una pelle uniforme, \u00e8 necessario proteggere i suoi vasi capillari. Scegli cibi ricchi di flavonoidi, sia antiossidanti che tonici venosi che favoriscono la circolazione.<\/p>\n<p>Per rimpolpare la pelle Scommetti sulle vitamine del gruppo B, essenziali per il rinnovamento cellulare.<\/p>\n<p>Per proteggerti dai raggi UV, scegli cibi ricchi di antiossidanti.<\/p>\n<h2>L&#039;approccio chirurgico<\/h2>\n<p>Il microlipofilling \u00e8 indicato:<\/p>\n<ul>\n<li>per combattere l&#039;invecchiamento del viso: zigomi cadenti, occhiaie, rughe, guance<\/li>\n<li>oltre a un lifting e\/o un intervento chirurgico alle palpebre (blefaroplastica)<\/li>\n<li>in sostituzione di un secondo lifting o per correggere le imperfezioni<\/li>\n<li>in caso di riparazione facciale nell&#039;ambito di alcune patologie (atrofie facciali) o di determinati trattamenti (tripla terapia anti-HIV)<\/li>\n<\/ul>\n<p>La rimozione del grasso viene praticata mediante liposuzione a livello di aree specifiche (faccia interna delle ginocchia).<\/p>\n<p>Il grasso rimosso viene quindi purificato mediante centrifugazione.<\/p>\n<p>Le cicatrici rimaste non sono visibili: gli orifizi di campionamento e reiniezione sono inferiori a 1 mm.<\/p>\n<p>La durata dell&#039;intervento \u00e8 variabile, da \u00bd ora a 2 ore a seconda del piano di trattamento.<\/p>\n<p>La procedura viene eseguita in anestesia locale tranne nel caso di chirurgia associata. C&#039;\u00e8 la possibilit\u00e0 di migliorare il risultato con una seconda seduta.<\/p>","protected":false},"excerpt":{"rendered":"<p>Vous envisagez de corriger les dommages superficiels de votre peau, limiter l\u2019affaissement du visage et combler les rides ? Le micro-lipofilling est recommand\u00e9 pour retrouver jeunesse et beaut\u00e9 du visage sur le long terme, de la fa\u00e7on la plus naturelle qui soit. Pourtant, longtemps consid\u00e9r\u00e9e \u00e0 tort comme inefficace en comparaison aux produits de comblements, [&hellip;]<\/p>\n","protected":false},"author":1,"featured_media":0,"parent":1331,"menu_order":1,"comment_status":"closed","ping_status":"closed","template":"","meta":{"_et_pb_use_builder":"","_et_pb_old_content":"","_et_gb_content_width":"","footnotes":""},"dipi_cpt_category":[],"class_list":["post-1348","page","type-page","status-publish","hentry"],"_links":{"self":[{"href":"https:\/\/www.desouches-chirurgien-esthetique.com\/it\/wp-json\/wp\/v2\/pages\/1348","targetHints":{"allow":["GET"]}}],"collection":[{"href":"https:\/\/www.desouches-chirurgien-esthetique.com\/it\/wp-json\/wp\/v2\/pages"}],"about":[{"href":"https:\/\/www.desouches-chirurgien-esthetique.com\/it\/wp-json\/wp\/v2\/types\/page"}],"author":[{"embeddable":true,"href":"https:\/\/www.desouches-chirurgien-esthetique.com\/it\/wp-json\/wp\/v2\/users\/1"}],"replies":[{"embeddable":true,"href":"https:\/\/www.desouches-chirurgien-esthetique.com\/it\/wp-json\/wp\/v2\/comments?post=1348"}],"version-history":[{"count":1,"href":"https:\/\/www.desouches-chirurgien-esthetique.com\/it\/wp-json\/wp\/v2\/pages\/1348\/revisions"}],"predecessor-version":[{"id":1349,"href":"https:\/\/www.desouches-chirurgien-esthetique.com\/it\/wp-json\/wp\/v2\/pages\/1348\/revisions\/1349"}],"up":[{"embeddable":true,"href":"https:\/\/www.desouches-chirurgien-esthetique.com\/it\/wp-json\/wp\/v2\/pages\/1331"}],"wp:attachment":[{"href":"https:\/\/www.desouches-chirurgien-esthetique.com\/it\/wp-json\/wp\/v2\/media?parent=1348"}],"wp:term":[{"taxonomy":"dipi_cpt_category","embeddable":true,"href":"https:\/\/www.desouches-chirurgien-esthetique.com\/it\/wp-json\/wp\/v2\/dipi_cpt_category?post=1348"}],"curies":[{"name":"parola chiave","href":"https:\/\/api.w.org\/{rel}","templated":true}]}}