{"id":1320,"date":"2021-03-05T15:32:44","date_gmt":"2021-03-05T14:32:44","guid":{"rendered":"https:\/\/www.desouches-chirurgien-esthetique.com\/?page_id=1320"},"modified":"2023-07-07T17:39:06","modified_gmt":"2023-07-07T15:39:06","slug":"sollevamento-delle-labbra","status":"publish","type":"page","link":"https:\/\/www.desouches-chirurgien-esthetique.com\/it\/chirurgie-esthetique\/chirurgie-esthetique-du-visage\/chirurgie-esthetique-des-levres\/lifting-des-levres\/","title":{"rendered":"Sollevamento delle labbra"},"content":{"rendered":"<h2>Hai intenzione di ripristinare la forma del labbro superiore<\/h2>\n<p>Il labbro anatomico \u00e8 doppio, labbro superiore e labbro inferiore. Questo labbro superiore \u00e8 esteticamente separato in labbro bianco (luogo di peli, linee sottili e baffi) e labbro rosso (su cui le donne applicano il rossetto). Inoltre, il labbro superiore ha una parte centrale (arco di Cupido) e una parte laterale (vicino agli angoli). Il labbro inferiore \u00e8 similmente diviso esteticamente in labbro bianco e labbro rosso.<\/p>\n<p>Il lifting delle labbra pu\u00f2:<\/p>\n<ul>\n<li>aumentare la dimensione del labbro rosso superiore<\/li>\n<li>scopri i denti<\/li>\n<li>aumentare la dimensione del labbro rosso inferiore<\/li>\n<li>ridurre le dimensioni del labbro bianco superiore<\/li>\n<li>ammorbidire le rughe intorno alla bocca e agli angoli<\/li>\n<\/ul>\n<h2>L&#039;approccio quotidiano<\/h2>\n<p>Anche se non ci si pensa necessariamente, la bocca \u00e8 molto esposta alle aggressioni esterne. Inquinamento, freddo e trucco.<\/p>\n<p>Per avere una bocca molto liscia, \u00e8 importante adottare alcuni semplici gesti quotidiani che faranno la differenza! Prima di tutto, ricorda di esfoliare le labbra una volta alla settimana per rimuovere tutta la piccola pelle morta e accelerare il rinnovamento cellulare. L&#039;esfoliazione rallenta anche la ricomparsa delle screpolature.<\/p>\n<p>Quindi applicare una maschera idratante per nutrire in profondit\u00e0<\/p>\n<h2>L&#039;approccio chirurgico<\/h2>\n<p>Quando le tecniche di riempimento con acido ialuronico hanno dimostrato la loro efficacia ma il paziente desidera ottenere un risultato pi\u00f9 duraturo, la soluzione \u00e8 un lifting del labbro superiore.<\/p>\n<p>Questa tecnica \u00e8 adatta se il labbro superiore bianco \u00e8 troppo grande o quando naturalmente il labbro superiore rosso \u00e8 troppo sottile con una distanza tra il naso e il labbro rosso superiore a 1,5 cm.<\/p>\n<p>L&#039;approccio consister\u00e0 nel ridurre il labbro bianco mediante un&#039;incisione sotto il naso; l&#039;effetto immediato dopo la sutura \u00e8 il formidabile sollevamento del labbro rosso e una fantastica orlatura di profilo.<\/p>\n<p>Il labbro superiore \u00e8 naturalmente alto e ben visibile, quindi i denti possono essere leggermente scoperti.<\/p>\n<p>La cicatrice sotto il naso \u00e8 discreta; la tecnica pu\u00f2 essere ripetuta se il paziente necessita di un risultato aggiuntivo in seguito.<\/p>","protected":false},"excerpt":{"rendered":"<p>Vous envisagez de redonner du galbe \u00e0 votre l\u00e8vre sup\u00e9rieure La l\u00e8vre anatomique est double, l\u00e8vre sup\u00e9rieure et l\u00e8vre inf\u00e9rieure. Cette l\u00e8vre sup\u00e9rieure est s\u00e9par\u00e9e esth\u00e9tiquement en l\u00e8vre blanche (lieu des poils, des ridules et de la moustache) et l\u00e8vre rouge (sur laquelle les femmes posent du rouge \u00e0 l\u00e8vre). De plus la l\u00e8vre sup\u00e9rieure [&hellip;]<\/p>\n","protected":false},"author":1,"featured_media":0,"parent":1315,"menu_order":0,"comment_status":"closed","ping_status":"closed","template":"","meta":{"_et_pb_use_builder":"","_et_pb_old_content":"","_et_gb_content_width":"","footnotes":""},"dipi_cpt_category":[],"class_list":["post-1320","page","type-page","status-publish","hentry"],"_links":{"self":[{"href":"https:\/\/www.desouches-chirurgien-esthetique.com\/it\/wp-json\/wp\/v2\/pages\/1320","targetHints":{"allow":["GET"]}}],"collection":[{"href":"https:\/\/www.desouches-chirurgien-esthetique.com\/it\/wp-json\/wp\/v2\/pages"}],"about":[{"href":"https:\/\/www.desouches-chirurgien-esthetique.com\/it\/wp-json\/wp\/v2\/types\/page"}],"author":[{"embeddable":true,"href":"https:\/\/www.desouches-chirurgien-esthetique.com\/it\/wp-json\/wp\/v2\/users\/1"}],"replies":[{"embeddable":true,"href":"https:\/\/www.desouches-chirurgien-esthetique.com\/it\/wp-json\/wp\/v2\/comments?post=1320"}],"version-history":[{"count":1,"href":"https:\/\/www.desouches-chirurgien-esthetique.com\/it\/wp-json\/wp\/v2\/pages\/1320\/revisions"}],"predecessor-version":[{"id":1321,"href":"https:\/\/www.desouches-chirurgien-esthetique.com\/it\/wp-json\/wp\/v2\/pages\/1320\/revisions\/1321"}],"up":[{"embeddable":true,"href":"https:\/\/www.desouches-chirurgien-esthetique.com\/it\/wp-json\/wp\/v2\/pages\/1315"}],"wp:attachment":[{"href":"https:\/\/www.desouches-chirurgien-esthetique.com\/it\/wp-json\/wp\/v2\/media?parent=1320"}],"wp:term":[{"taxonomy":"dipi_cpt_category","embeddable":true,"href":"https:\/\/www.desouches-chirurgien-esthetique.com\/it\/wp-json\/wp\/v2\/dipi_cpt_category?post=1320"}],"curies":[{"name":"parola chiave","href":"https:\/\/api.w.org\/{rel}","templated":true}]}}