{"id":1246,"date":"2021-03-05T14:56:17","date_gmt":"2021-03-05T13:56:17","guid":{"rendered":"https:\/\/www.desouches-chirurgien-esthetique.com\/?page_id=1246"},"modified":"2023-07-07T17:47:28","modified_gmt":"2023-07-07T15:47:28","slug":"chirurgia-estetica-per-occhiaie-2","status":"publish","type":"page","link":"https:\/\/www.desouches-chirurgien-esthetique.com\/it\/medecine-esthetique\/medecine-esthetique-du-visage\/medecine-esthetique-regard-cernes\/medecine-esthetique-pour-cernes-creux\/","title":{"rendered":"Trattamento delle occhiaie vuote"},"content":{"rendered":"<h2>Hai intenzione di far sparire le tue occhiaie?<\/h2>\n<p>L&#039;anello \u00e8 materializzato da un incavo sotto l&#039;occhio, una valle che scende dalla radice del naso verso lo zigomo.<\/p>\n<p>L&#039;anello infossato \u00e8 il risultato della scomparsa del grasso sottocutaneo, una perdita di volume che si intensifica con l&#039;et\u00e0, una significativa perdita di peso, uno squilibrio ormonale o un trauma psicologico. La pelle della palpebra inferiore, essendo molto sottile, lascia intravedere i contorni ossei dell&#039;orbita.<\/p>\n<div id=\"attachment_16120\" style=\"width: 560px\" class=\"wp-caption aligncenter\"><img decoding=\"async\" aria-describedby=\"caption-attachment-16120\" class=\"wp-image-16120\" src=\"https:\/\/www.desouches-chirurgien-esthetique.com\/wp-content\/uploads\/2022\/10\/Chirurgie-esthetique-pour-cernes-creux-300x300.png\" alt=\"Chirurgia estetica per le occhiaie\" width=\"550\" height=\"550\" srcset=\"https:\/\/www.desouches-chirurgien-esthetique.com\/wp-content\/uploads\/2022\/10\/Chirurgie-esthetique-pour-cernes-creux-300x300.png 550w, https:\/\/www.desouches-chirurgien-esthetique.com\/wp-content\/uploads\/2022\/10\/Chirurgie-esthetique-pour-cernes-creux-480x480.png 480w\" sizes=\"(min-width: 0px) and (max-width: 480px) 480px, (min-width: 481px) 550px, 100vw\" \/><p id=\"caption-attachment-16120\" class=\"wp-caption-text\">Prima\/Dopo interventi di chirurgia estetica per le occhiaie<\/p><\/div>\n<h2>L&#039;approccio quotidiano<\/h2>\n<p>La cosmesi \u00e8 il metodo pi\u00f9 utilizzato, soprattutto se le occhiaie non sono ancora molto marcate. Quasi tutti i laboratori cosmetici conosciuti hanno una crema correttore. \u00c8 la trama che conta. Una crema correttore efficace non deve essere n\u00e9 troppo liquida n\u00e9 troppo densa.<\/p>\n<h2>L&#039;approccio medico<\/h2>\n<p>Le iniezioni di acido ialuronico aiutano a riempire l&#039;incavo del cerchio scuro colmando la perdita di volume causata dallo scioglimento del tessuto adiposo. Le iniezioni di tossina botulinica, da parte loro, consentono di offuscare le rughe e le rughe delle zampe di gallina.<\/p>\n<h2>L&#039;approccio chirurgico<\/h2>\n<p>L&#039;invecchiamento naturale pu\u00f2 anche accentuare le occhiaie sciogliendo i tessuti di supporto del viso.<\/p>\n<p>Il lipofilling delle occhiaie \u00e8 un&#039;operazione di <a href=\"https:\/\/www.desouches-chirurgien-esthetique.com\/it\/\">chirurgia plastica<\/a> che mira a correggere permanentemente le cavit\u00e0 situate sotto gli occhi nella palpebra inferiore (valle delle lacrime).<\/p>\n<ul>\n<li>Il grasso viene raccolto mediante sottili cannule di aspirazione nelle zone in eccesso (spesso ventre o cosce).<\/li>\n<li>Viene reiniettato utilizzando cannule ancora pi\u00f9 sottili<\/li>\n<\/ul>\n<p>Il risultato finale si ottiene in poche settimane (8 settimane in media).<\/p>","protected":false},"excerpt":{"rendered":"<p>Vous envisagez de faire dispara\u00eetre vos cernes creux ? Le cerne se mat\u00e9rialise par un creux sous l\u2019\u0153il, une vall\u00e9e qui descend de la racine du nez vers la pommette. Le cerne creux r\u00e9sulte de la disparition de la graisse sous-cutan\u00e9e, une fonte des volumes qui s\u2019intensifie avec l\u2019\u00e2ge, une perte de poids significative, un [&hellip;]<\/p>\n","protected":false},"author":1,"featured_media":0,"parent":17016,"menu_order":0,"comment_status":"closed","ping_status":"closed","template":"","meta":{"_et_pb_use_builder":"","_et_pb_old_content":"","_et_gb_content_width":"","footnotes":""},"dipi_cpt_category":[],"class_list":["post-1246","page","type-page","status-publish","hentry"],"_links":{"self":[{"href":"https:\/\/www.desouches-chirurgien-esthetique.com\/it\/wp-json\/wp\/v2\/pages\/1246","targetHints":{"allow":["GET"]}}],"collection":[{"href":"https:\/\/www.desouches-chirurgien-esthetique.com\/it\/wp-json\/wp\/v2\/pages"}],"about":[{"href":"https:\/\/www.desouches-chirurgien-esthetique.com\/it\/wp-json\/wp\/v2\/types\/page"}],"author":[{"embeddable":true,"href":"https:\/\/www.desouches-chirurgien-esthetique.com\/it\/wp-json\/wp\/v2\/users\/1"}],"replies":[{"embeddable":true,"href":"https:\/\/www.desouches-chirurgien-esthetique.com\/it\/wp-json\/wp\/v2\/comments?post=1246"}],"version-history":[{"count":6,"href":"https:\/\/www.desouches-chirurgien-esthetique.com\/it\/wp-json\/wp\/v2\/pages\/1246\/revisions"}],"predecessor-version":[{"id":17018,"href":"https:\/\/www.desouches-chirurgien-esthetique.com\/it\/wp-json\/wp\/v2\/pages\/1246\/revisions\/17018"}],"up":[{"embeddable":true,"href":"https:\/\/www.desouches-chirurgien-esthetique.com\/it\/wp-json\/wp\/v2\/pages\/17016"}],"wp:attachment":[{"href":"https:\/\/www.desouches-chirurgien-esthetique.com\/it\/wp-json\/wp\/v2\/media?parent=1246"}],"wp:term":[{"taxonomy":"dipi_cpt_category","embeddable":true,"href":"https:\/\/www.desouches-chirurgien-esthetique.com\/it\/wp-json\/wp\/v2\/dipi_cpt_category?post=1246"}],"curies":[{"name":"parola chiave","href":"https:\/\/api.w.org\/{rel}","templated":true}]}}