{"id":1167,"date":"2021-03-05T12:29:51","date_gmt":"2021-03-05T11:29:51","guid":{"rendered":"https:\/\/www.desouches-chirurgien-esthetique.com\/?page_id=1167"},"modified":"2023-11-08T16:31:56","modified_gmt":"2023-11-08T15:31:56","slug":"iniezione-di-acido-ialuronico-viso-collo","status":"publish","type":"page","link":"https:\/\/www.desouches-chirurgien-esthetique.com\/it\/medecine-esthetique\/medecine-esthetique-du-visage\/medecine-esthetique-des-rides\/injection-acide-hyaluronique-visage-et-cou\/","title":{"rendered":"Iniezione di acido ialuronico per viso e collo"},"content":{"rendered":"<p class=\"intro\">Il viso, il collo e il d\u00e9collet\u00e9 sono parti importanti e fragili della bellezza femminile. Infatti a partire dai trent&#039;anni si pu\u00f2 notare un rilassamento della pelle, una perdita di volume o rughe che vengono ad alterare la naturale eleganza.<br \/>\nIl Dr. Christophe Desouches ti offre un approccio globale e su misura per il ringiovanimento e l&#039;abbellimento del viso utilizzando la medicina estetica, in particolare con iniezioni di acido ialuronico.<\/p>\n<h2>Acido ialuronico, creatore di bellezza<\/h2>\n<p>Le iniezioni di acido ialuronico non solo restituiscono giovinezza ma migliorano anche i criteri di bellezza di un viso.<br \/>\n\u00c8 possibile ripristinare le proporzioni e creare equilibrio in ogni viso.<br \/>\nCi\u00f2 richiede una conoscenza dettagliata delle regole di armonie e proporzioni.<\/p>\n<h2>Risultati evidenti in una sessione e senza intervento chirurgico<\/h2>\n<p>Le iniezioni migliorano in modo discreto e naturale l&#039;aspetto stanco delle zone trattate, viso, collo o d\u00e9collet\u00e9.<br \/>\nNon interferiscono con la mobilit\u00e0 muscolare e quindi non hanno alcun impatto sulle espressioni facciali.<br \/>\nTuttavia, se le aree trattate dalle iniezioni sono generalmente molto migliorate, alcune rughe profonde e vecchie non possono essere completamente corrette.<\/p>\n<p>La durata dell&#039;azione varia in base ai prodotti, alle zone da trattare, alla tecnica di iniezione, al tipo di pelle e allo stile di vita. Generalmente la correzione svanisce dopo 6-18 mesi e il trattamento deve essere ripetuto per mantenere i risultati.<\/p>\n<h2>Cosa sono le iniezioni di acido ialuronico per viso e collo?<\/h2>\n<div class=\"dipi-faq-content\">\n<p>Le iniezioni pi\u00f9 popolari offerte dal Dr. Christophe Desouches sono:<\/p>\n<ul>\n<li><a href=\"\/it\/medicina-estetica\/medicina-estetica-del-viso-2\/medicina-estetica-labbra\/miglioramento-delle-labbra\/\">Iniezioni di labbra<\/a><\/li>\n<li><a href=\"\/it\/medicina-estetica\/medicina-estetica-del-viso-2\/medicina-estetica-labbra\/labbra-russo-labbra\/\">Labbra russe<\/a><\/li>\n<li><a href=\"\/it\/medicina-estetica\/medicina-estetica-del-viso-2\/chirurgia-estetica-per-le-rughe\/iniezione-di-acido-ialuronico-viso-collo\/\">Rughe<\/a><\/li>\n<li><a href=\"\/it\/medicina-estetica\/medicina-estetica-del-viso-2\/medicina-estetica-fronte\/\">Fronte<\/a><\/li>\n<li><a href=\"\/it\/medicina-estetica\/medicina-estetica-del-viso-2\/medicina-estetica-sguardo-occhiaie\/\">Sguardo e palpebre<\/a><\/li>\n<li><a href=\"\/it\/medicina-estetica\/medicina-estetica-del-viso-2\/medicina-estetica-labbra\/trattamento-delle-pieghe-naso-labiali\/\">Pliche naso-labiali<\/a><\/li>\n<li><a href=\"\/it\/medicina-estetica\/medicina-estetica-del-viso-2\/medicina-estetica-del-naso\/\">Naso<\/a><\/li>\n<li><a href=\"\/it\/medicina-estetica\/medicina-estetica-del-viso-2\/medicina-estetica-del-naso\/medico-rinoplastica\/\">Rinoplastica medica<\/a><\/li>\n<li><a href=\"\/it\/medicina-estetica\/medicina-estetica-del-viso-2\/medicina-cosmetica-per-gli-zigomi\/potenziamento-degli-zigomi\/\">Zigomi<\/a><\/li>\n<li><a href=\"\/it\/medicina-estetica\/medicina-estetica-del-viso-2\/mento-medicina-estetica\/medico-profoplastica-2\/\">Profiloplastica (naso, mento, labbra)<\/a><\/li>\n<li><a href=\"\/it\/medicina-estetica\/medicina-estetica-del-viso-2\/medicina-estetica-del-lobo-e-del-collo\/riempitivi-2\/\">Mento<\/a><\/li>\n<li><a href=\"\/it\/medicina-estetica\/medicina-estetica-del-viso-2\/medicina-estetica-del-lobo-e-del-collo\/mascella-contorno-marsiglia\/\">Contorno della mascella<\/a><\/li>\n<li><a href=\"\/it\/medicina-estetica\/medicina-estetica-del-viso-2\/medicina-estetica-del-lobo-e-del-collo\/riempitivi-2\/\">Collo<\/a><\/li>\n<\/ul>\n<p><iframe title=\"Fillmed 2023 - Consigli estetici per le labbra di Christophe Desouches\" width=\"1080\" height=\"608\" src=\"https:\/\/www.youtube.com\/embed\/Io5iNK5uhIc?feature=oembed\"  allow=\"accelerometer; autoplay; clipboard-write; encrypted-media; gyroscope; picture-in-picture; web-share\" allowfullscreen><\/iframe><\/p>\n<\/div>\n<p>&nbsp;<\/p>\n<h2>Acido ialuronico: cos&#039;\u00e8 esattamente?<\/h2>\n<p>Si trova coinvolta in molti interventi di ringiovanimento e abbellimento, a livello del viso, del collo, della silhouette, delle zone intime.<\/p>\n<p>\u00c8 una sostanza naturalmente presente nella pelle. \u00c8 un polisaccaride la cui funzione principale \u00e8 idratare il derma. Il prodotto finito \u00e8 fornito in fiale preriempite. Si presenta come un gel trasparente che viene iniettato nel tessuto cutaneo per levigare le linee sottili, correggere le rughe pi\u00f9 profonde o ripristinare il volume del viso. Questo prodotto \u00e8 completamente assorbibile. Non \u00e8 di origine animale, ma deriva da un processo di sintesi. \u00c8 utilizzato da molti anni senza rischi in diverse applicazioni terapeutiche in oftalmologia e reumatologia. Per maggiori informazioni su questo prodotto, scopri <a href=\"\/it\/medicina-estetica\/faq-medicina-estetica\/acido-ialuronico-frequentemente-interrogato\/\">le FAQ sull&#039;acido ialuronico.<\/a><\/p>\n<h2>Cosa succede durante una sessione?<\/h2>\n<p>Nei giorni precedenti l&#039;iniezione si raccomanda di non assumere farmaci che alterano la fluidit\u00e0 del sangue (aspirina, antinfiammatori, ecc.) per ridurre il rischio di ematomi.<\/p>\n<p>L&#039;anestesia pu\u00f2 essere somministrata prima del trattamento utilizzando una crema anestetica o, pi\u00f9 raramente, xilocaina iniettabile.<\/p>\n<p>L&#039;acido ialuronico viene iniettato con un ago sottile nel derma, sotto la ruga, per sollevarne la base. Per ripristinare il volume del viso, l&#039;iniezione sar\u00e0 pi\u00f9 profonda e di maggiore volume.<\/p>\n<h2>Dopo iniezione di acido ialuronico<\/h2>\n<p>Nei giorni successivi al trattamento \u00e8 sconsigliata l&#039;esposizione a freddo estremo o calore intenso (abbronzatura, terme, ecc.). Non \u00e8 per\u00f2 previsto alcuno sfratto socio-professionale, al termine della seduta potrete riprendere il vostro lavoro o le vostre attivit\u00e0 sociali.<\/p>\n<p>Di solito si verificano un leggero gonfiore e arrossamento. Il risultato finale \u00e8 visibile dopo la scomparsa del gonfiore.<\/p>\n<p>La durata del risultato dipende dal tipo di acido ialuronico utilizzato e dalla zona trattata.<\/p>\n<p>Di solito \u00e8 necessaria una nuova iniezione dopo 6-12 mesi.<\/p>\n<h2>Controindicazioni<\/h2>\n<p>Sono pochi:<\/p>\n<ul>\n<li>Malattie autoimmuni<\/li>\n<li>Ipersensibilit\u00e0 nota all&#039;acido ialuronico<\/li>\n<li>Gravidanza e allattamento<\/li>\n<li>Problemi infettivi nei siti di iniezione (Herpes, Acne)<\/li>\n<li>Porfiria<\/li>\n<\/ul>\n<h2>Effetti collaterali<\/h2>\n<p>Sono limitati:<\/p>\n<ul>\n<li>Edema, arrossamento per alcuni giorni<\/li>\n<li>Ematoma nel sito di iniezione<\/li>\n<\/ul>\n<p><a href=\"\/it\/medicina-estetica\/faq-medicina-estetica\/acido-ialuronico-frequentemente-interrogato\/\">Domande frequenti sull&#039;acido ialuronico &gt;<\/a><\/p>","protected":false},"excerpt":{"rendered":"<p>Le visage, le cou et le d\u00e9collet\u00e9 sont des parties importantes et fragiles de la beaut\u00e9 f\u00e9minine. En effet d\u00e8s trente on peut constater un rel\u00e2chement cutan\u00e9, des pertes de volume ou des rides qui viennent alt\u00e9rer l\u2019\u00e9l\u00e9gance naturelle. Le Dr Christophe Desouches vous propose une approche globale et sur-mesure de rajeunissement et d\u2019embellissement du [&hellip;]<\/p>\n","protected":false},"author":1,"featured_media":0,"parent":955,"menu_order":1,"comment_status":"closed","ping_status":"closed","template":"","meta":{"_et_pb_use_builder":"","_et_pb_old_content":"","_et_gb_content_width":"","footnotes":""},"dipi_cpt_category":[],"class_list":["post-1167","page","type-page","status-publish","hentry"],"_links":{"self":[{"href":"https:\/\/www.desouches-chirurgien-esthetique.com\/it\/wp-json\/wp\/v2\/pages\/1167","targetHints":{"allow":["GET"]}}],"collection":[{"href":"https:\/\/www.desouches-chirurgien-esthetique.com\/it\/wp-json\/wp\/v2\/pages"}],"about":[{"href":"https:\/\/www.desouches-chirurgien-esthetique.com\/it\/wp-json\/wp\/v2\/types\/page"}],"author":[{"embeddable":true,"href":"https:\/\/www.desouches-chirurgien-esthetique.com\/it\/wp-json\/wp\/v2\/users\/1"}],"replies":[{"embeddable":true,"href":"https:\/\/www.desouches-chirurgien-esthetique.com\/it\/wp-json\/wp\/v2\/comments?post=1167"}],"version-history":[{"count":11,"href":"https:\/\/www.desouches-chirurgien-esthetique.com\/it\/wp-json\/wp\/v2\/pages\/1167\/revisions"}],"predecessor-version":[{"id":23418858,"href":"https:\/\/www.desouches-chirurgien-esthetique.com\/it\/wp-json\/wp\/v2\/pages\/1167\/revisions\/23418858"}],"up":[{"embeddable":true,"href":"https:\/\/www.desouches-chirurgien-esthetique.com\/it\/wp-json\/wp\/v2\/pages\/955"}],"wp:attachment":[{"href":"https:\/\/www.desouches-chirurgien-esthetique.com\/it\/wp-json\/wp\/v2\/media?parent=1167"}],"wp:term":[{"taxonomy":"dipi_cpt_category","embeddable":true,"href":"https:\/\/www.desouches-chirurgien-esthetique.com\/it\/wp-json\/wp\/v2\/dipi_cpt_category?post=1167"}],"curies":[{"name":"parola chiave","href":"https:\/\/api.w.org\/{rel}","templated":true}]}}