{"id":1145,"date":"2021-03-05T12:13:06","date_gmt":"2021-03-05T11:13:06","guid":{"rendered":"https:\/\/www.desouches-chirurgien-esthetique.com\/?page_id=1145"},"modified":"2024-05-24T11:22:13","modified_gmt":"2024-05-24T09:22:13","slug":"chirurgia-estetica-della-fronte","status":"publish","type":"page","link":"https:\/\/www.desouches-chirurgien-esthetique.com\/it\/chirurgie-esthetique\/chirurgie-esthetique-du-visage\/chirurgie-esthetique-du-front\/","title":{"rendered":"Chirurgia estetica della fronte"},"content":{"rendered":"<h2>Stai pensando di abbellire la tua fronte?<\/h2>\n<p>Tutto invecchia, anche la fronte!<br \/>\nLa pelle si raggrinzisce, i muscoli si assottigliano e perfino le ossa si restringono.<br \/>\nAnche i muscoli sotto la fronte invecchiano. Sono raffinati, il che riduce gradualmente il rigonfiamento della fronte. A causa di ci\u00f2, la fronte si rilassa leggermente e l&#039;altezza della fronte aumenta.<\/p>\n<p>Di conseguenza, la parte anteriore mostra gli effetti del tempo.<\/p>\n<p>I giovani hanno una fronte ben arrotondata, mentre i soggetti pi\u00f9 anziani hanno una fronte ampia e piatta su cui si vede anche la testa del muscolo: piccole palline poste appena sopra il sopracciglio.<\/p>\n<p>Con l&#039;invecchiamento, l&#039;osso invecchia anche in modo molto evidente. \u00c8 cos\u00ec che, in archeologia, l&#039;et\u00e0 dei teschi rinvenuti pu\u00f2 essere datata con una certa facilit\u00e0.<\/p>\n<p>Le ossa si modellano con l&#039;et\u00e0, dando origine a diverse curvature. Bambini e ragazzi presentano una curvatura convessa, uniforme sia in senso verticale che orizzontale. Tuttavia, con l&#039;et\u00e0, le curvature diventano molto diverse. In senso verticale, a partire dall&#039;attaccatura dei capelli, si osserva una leggera curvatura, poi una concavit\u00e0 e infine una curvatura di nuovo fino all&#039;osso sopracciliare.<\/p>\n<p>La fronte tende ad assumere una forma a &quot;S&quot;. Lo stesso accade orizzontalmente con una protuberanza ai lati della fronte, poi una piccola depressione e di nuovo una protuberanza nella parte centrale.<\/p>\n<h2>L&#039;approccio chirurgico<\/h2>\n<p>il\u00a0<strong>sollevamento delle sopracciglia<\/strong>\u00a0(con cicatrici nei capelli) pu\u00f2 aumentare le dimensioni della fronte, alzare le sopracciglia o rimuovere chirurgicamente muscoli troppo forti (rughe di sopracciglio).<\/p>\n<p>il\u00a0<strong>sollevamento della fronte<\/strong>\u00a0solleva la coda del sopracciglio quando non \u00e8 possibile farlo con la tossina e leviga le zampe di gallina.<\/p>\n<p>Il\u00a0<strong>fili dentellati<\/strong> pu\u00f2 avere un effetto sulla coda del sopracciglio e orizzontalizzarlo<\/p>\n<p><!--more--><\/p>\n<div class='et-learn-more clearfix'>\n\t\t\t\t\t<h3 class='heading-more'>Scopri le possibilit\u00e0 offerte dalla medicina estetica<span class='et_learnmore_arrow'><span><\/span><\/span><\/h3>\n\t\t\t\t\t<div class='learn-more-content'><h2>L&#039;approccio medico<\/h2>\n<p>Scopri anche il <a href=\"https:\/\/www.desouches-chirurgien-esthetique.com\/it\/medicina-estetica\/medicina-estetica-del-viso-2\/medicina-estetica-fronte\/\">medicina estetica della fronte<\/a> con iniezioni di Botox (tossina botulinica) o iniezioni di acido ialuronico.<\/p><\/div>\n\t\t\t\t<\/div>","protected":false},"excerpt":{"rendered":"<p>Vous envisagez d\u2019embellir votre front ? Tout vieillit, m\u00eame le front ! La peau se plisse, les muscles s&#8217;affinent et m\u00eame les os s&#8217;amenuisent. Les muscles situ\u00e9s sous le front vieillissent. Ils s&#8217;affinent, ce qui att\u00e9nue progressivement le bomb\u00e9 du front. De ce fait, le front se rel\u00e2che un peu et la hauteur du front [&hellip;]<\/p>\n","protected":false},"author":1,"featured_media":0,"parent":374,"menu_order":0,"comment_status":"closed","ping_status":"closed","template":"","meta":{"_et_pb_use_builder":"off","_et_pb_old_content":"","_et_gb_content_width":"","footnotes":""},"dipi_cpt_category":[],"class_list":["post-1145","page","type-page","status-publish","hentry"],"_links":{"self":[{"href":"https:\/\/www.desouches-chirurgien-esthetique.com\/it\/wp-json\/wp\/v2\/pages\/1145","targetHints":{"allow":["GET"]}}],"collection":[{"href":"https:\/\/www.desouches-chirurgien-esthetique.com\/it\/wp-json\/wp\/v2\/pages"}],"about":[{"href":"https:\/\/www.desouches-chirurgien-esthetique.com\/it\/wp-json\/wp\/v2\/types\/page"}],"author":[{"embeddable":true,"href":"https:\/\/www.desouches-chirurgien-esthetique.com\/it\/wp-json\/wp\/v2\/users\/1"}],"replies":[{"embeddable":true,"href":"https:\/\/www.desouches-chirurgien-esthetique.com\/it\/wp-json\/wp\/v2\/comments?post=1145"}],"version-history":[{"count":8,"href":"https:\/\/www.desouches-chirurgien-esthetique.com\/it\/wp-json\/wp\/v2\/pages\/1145\/revisions"}],"predecessor-version":[{"id":23419215,"href":"https:\/\/www.desouches-chirurgien-esthetique.com\/it\/wp-json\/wp\/v2\/pages\/1145\/revisions\/23419215"}],"up":[{"embeddable":true,"href":"https:\/\/www.desouches-chirurgien-esthetique.com\/it\/wp-json\/wp\/v2\/pages\/374"}],"wp:attachment":[{"href":"https:\/\/www.desouches-chirurgien-esthetique.com\/it\/wp-json\/wp\/v2\/media?parent=1145"}],"wp:term":[{"taxonomy":"dipi_cpt_category","embeddable":true,"href":"https:\/\/www.desouches-chirurgien-esthetique.com\/it\/wp-json\/wp\/v2\/dipi_cpt_category?post=1145"}],"curies":[{"name":"parola chiave","href":"https:\/\/api.w.org\/{rel}","templated":true}]}}