{"id":577,"date":"2021-03-01T20:16:31","date_gmt":"2021-03-01T19:16:31","guid":{"rendered":"https:\/\/www.desouches-chirurgien-esthetique.com\/?page_id=577"},"modified":"2024-12-03T10:13:09","modified_gmt":"2024-12-03T09:13:09","slug":"innovaciones","status":"publish","type":"page","link":"https:\/\/www.desouches-chirurgien-esthetique.com\/es\/innovations\/","title":{"rendered":"Innovaciones"},"content":{"rendered":"<h2>Innovaci\u00f3n en cirug\u00eda est\u00e9tica en Marsella<\/h2>\n<p>En est\u00e9tica como en otros campos, las tecnolog\u00edas innovadoras para el cuidado est\u00e9tico est\u00e1n disponibles en el campo del rejuvenecimiento, adelgazamiento y apariencia.<\/p>\n<p>El Dr. Desuches, cirujano est\u00e9tico en Marsella, est\u00e1 a la vanguardia de estas tecnolog\u00edas para brindarle el mejor servicio con un enfoque personalizado que le permitir\u00e1 obtener los resultados que desea.<\/p>\n<h3>VirtueRF: rejuvenecimiento de la piel<\/h3>\n<p>La microaguja RF inteligente de VirtueRF es una innovadora t\u00e9cnica no quir\u00fargica que mejora la calidad y la textura de la piel con un tiempo de recuperaci\u00f3n m\u00ednimo.<\/p>\n<p><a href=\"https:\/\/www.desouches-chirurgien-esthetique.com\/es\/innovaciones\/rejuvenecimiento-de-la-piel-por-rf-inteligente\/\">&gt;&gt;&gt; M\u00e1s detalles sobre VirtueRF<\/a><\/p>\n<h3>HIFU<\/h3>\n<p>Lifting M\u00e9dico por Ultrasonidos Focalizados en Marsella. HIFU es una soluci\u00f3n innovadora para levantar y rejuvenecer el rostro r\u00e1pidamente sin efectos secundarios que interfieran con la vida social.<\/p>\n<p><a href=\"\/es\/innovaciones\/hifu-lifting-medical-by-focused-ultra-sounds\/\">&gt;&gt;&gt; M\u00e1s detalles sobre el Rejuvenecimiento M\u00e9dico por Ultrasonidos<\/a><\/p>\n<h3>Col\u00e1geno Rh Karisma<\/h3>\n<p>El tratamiento Karisma Rh Collagen estimula naturalmente la producci\u00f3n de col\u00e1geno para combatir el envejecimiento de la piel y restaurar su luminosidad y firmeza.<\/p>\n<p><a href=\"https:\/\/www.desouches-chirurgien-esthetique.com\/es\/innovaciones\/beneficios-del-colageno-rh-de-karisma-para-la-piel\/\">&gt;&gt;&gt; M\u00e1s detalles sobre Karisma Rh Collagen<\/a><\/p>\n<h3>Curaci\u00f3n con el L\u00e1ser UrgoTouch<\/h3>\n<p>El l\u00e1ser UrgoTouch ayuda a mejorar la curaci\u00f3n postoperatoria al estimular la regeneraci\u00f3n de la piel inmediatamente despu\u00e9s de la cirug\u00eda.<\/p>\n<p><a href=\"https:\/\/www.desouches-chirurgien-esthetique.com\/es\/innovaciones\/una-hermosa-cicatriz-con-el-laser-urgotouch\/\">&gt;&gt;&gt; M\u00e1s detalles sobre la curaci\u00f3n con el l\u00e1ser UrgoTouch<\/a><\/p>\n<h3>cosm\u00e9tica a medida<\/h3>\n<p>La dermatolog\u00eda funcional ayuda a desarrollar un plan de tratamiento espec\u00edfico para tu tipo de piel.<\/p>\n<p><a href=\"\/es\/innovaciones\/cosmetica-a-medida\/\">&gt;&gt;&gt; M\u00e1s detalles sobre dermatolog\u00eda funcional personalizada<\/a><\/p>\n<h3>An\u00e1lisis de la piel<\/h3>\n<p>Antes de establecer un enfoque terap\u00e9utico est\u00e9tico personalizado, el Dr. Christophe Desouches puede ofrecerle un enfoque moderno destinado a analizar su tipo de piel con la mayor precisi\u00f3n posible.<\/p>\n<p><a href=\"\/es\/innovaciones\/analisis-de-la-piel\/\">&gt;&gt;&gt; M\u00e1s detalles sobre dermatolog\u00eda funcional personalizada<\/a><\/p>\n<h3>simulador 3D<\/h3>\n<p>\u00bfTienes dudas sobre los resultados que podr\u00edas lograr con la cirug\u00eda? \u00bfNo est\u00e1s seguro de la diferencia entre las dos opciones? \u00bfQuieres un resultado natural?<\/p>\n<p>Simulaci\u00f3n 3D para rostro y cuello permite visualizar las posibilidades de mejoras en rostro y cuello.<\/p>\n<p><a href=\"\/es\/innovaciones\/simulacion-3d\/\">&gt;&gt;&gt; M\u00e1s detalles sobre la simulaci\u00f3n 3D para la cara y el cuello<\/a><\/p>\n<h3>Rejuvenecimiento de c\u00e9lulas madre (Nanofat)<\/h3>\n<p>Esta innovadora t\u00e9cnica permite tratar las causas del envejecimiento cut\u00e1neo regenerando la piel del rostro y el cuello gracias a una emulsi\u00f3n muy densa en c\u00e9lulas madre: Nanofat.<\/p>\n<p><a href=\"\/es\/innovaciones\/rejuvenecimiento-mediante-celulas-madre-nanofat\/\">&gt;&gt;&gt; M\u00e1s detalles sobre el rejuvenecimiento de c\u00e9lulas madre (Nanofat)<\/a><\/p>\n<h3>Criolip\u00f3lisis<\/h3>\n<p>Tratamiento fr\u00edo del exceso de grasa. La criolip\u00f3lisis es un nuevo proceso para tratar el exceso de grasa localizado que se basa en la sensibilidad de los adipocitos al fr\u00edo.<\/p>\n<p><a href=\"\/es\/medicina-estetica\/medicina-estetica-de-la-silueta-2\/criolipolisis\/\">&gt;&gt;&gt; M\u00e1s detalles sobre la criolip\u00f3lisis<\/a><\/p>\n<h3>Peeling medio y profundo<\/h3>\n<p>Peeling qu\u00edmico medio y profundo: para rejuvenecer el rostro. El rejuvenecimiento de la piel del rostro se puede realizar mediante la aplicaci\u00f3n de un \u00e1cido en la epidermis: se trata del peeling, que puede ser medio o profundo seg\u00fan la potencia de la soluci\u00f3n utilizada.<\/p>\n<p><a href=\"\/es\/medicina-estetica\/medicina-estetica-de-la-cara-2\/cirugia-estetica-para-las-arrugas\/peeling-quimico-medio-y-profundo\/\">&gt;&gt;&gt; M\u00e1s detalles sobre el peeling medio y profundo<\/a><\/p>\n<h3>microagujas<\/h3>\n<p>El \u201cmicroneedling\u201d es una nueva t\u00e9cnica de medicina est\u00e9tica para regenerar la piel.<\/p>\n<p>El \u201cmicroneedling\u201d estimula la piel mediante la aplicaci\u00f3n de un rodillo o un bol\u00edgrafo motorizado equipado con miniagujas que luego act\u00faan en zonas espec\u00edficas del rostro o del cuerpo.<\/p>\n<p><a href=\"\/es\/medicina-estetica\/medicina-estetica-de-la-cara-2\/cirugia-estetica-para-las-arrugas\/micro-puncion\/\">&gt;&gt;&gt; M\u00e1s detalles sobre microagujas<\/a><\/p>\n<h3>L\u00e1ser fr\u00edo contra la celulitis<\/h3>\n<p>Para superar el exceso de grasa localizada. Este tratamiento est\u00e1 destinado a hombres y mujeres con sobrepeso y\/o celulitis (piel de naranja), que deseen mejorar su figura a trav\u00e9s de un procedimiento suave.<\/p>\n<p><a href=\"\/es\/medicina-estetica\/medicina-estetica-de-la-silueta-2\/lipolisis-laser-frio\/\">&gt;&gt;&gt; M\u00e1s detalles sobre el l\u00e1ser fr\u00edo contra la Celulitis<\/a><\/p>\n<h3>B\u00f3tox para la disfunci\u00f3n er\u00e9ctil<\/h3>\n<p>Las inyecciones de Botox representan una nueva soluci\u00f3n cient\u00edficamente validada para el tratamiento de la disfunci\u00f3n er\u00e9ctil, con efectos que duran varios meses.<\/p>\n<p><a href=\"https:\/\/www.desouches-chirurgien-esthetique.com\/es\/medicina-estetica\/medicina-intima\/medicina-intima-del-sexo-masculino\/inyeccion-botox-pene-ereccion\/\">&gt;&gt;&gt; M\u00e1s detalles sobre el Botox para la disfunci\u00f3n er\u00e9ctil<\/a><\/p>\n<h3>Estimulaci\u00f3n muscular electromagn\u00e9tica<\/h3>\n<p>Para aquellos que quieren afinar su silueta y desarrollar su musculatura sin sufrir largas sesiones de gimnasio o deporte.<\/p>\n<p><a href=\"\/es\/innovaciones\/estimulacion-muscular-electromagnetica\/\">&gt;&gt;&gt; M\u00e1s detalles sobre la Estimulaci\u00f3n Muscular Electromagn\u00e9tica<\/a><\/p>\n<h3>Fotomodulaci\u00f3n por LED<\/h3>\n<p>La fotomodulaci\u00f3n por LED (Light Emitting Diode), o terapia LED, rehidrata, tonifica y repara la piel en profundidad. Puede tratar grandes \u00e1reas de todo el cuerpo, sea cual sea la estaci\u00f3n.<\/p>\n<p><a href=\"\/es\/innovaciones\/fotomodulacion-por-led\/\">&gt;&gt;&gt; M\u00e1s detalles sobre fotomodulaci\u00f3n LED<\/a><\/p>","protected":false},"excerpt":{"rendered":"<p>Innovation en chirurgie esth\u00e9tique \u00e0 Marseille En esth\u00e9tique comme dans d\u2019autres domaines, des technologies innovantes pour des offres de soins esth\u00e9tiques sont disponibles dans le domaine du rajeunissement, de la minceur et de l\u2019apparence. Le Dr Desouches, chirurgien esth\u00e9tique \u00e0 Marseille, se tient \u00e0 la pointe de ces technologies pour vous apporter le meilleur service [&hellip;]<\/p>\n","protected":false},"author":1,"featured_media":0,"parent":0,"menu_order":3,"comment_status":"closed","ping_status":"closed","template":"","meta":{"_et_pb_use_builder":"","_et_pb_old_content":"","_et_gb_content_width":"","footnotes":""},"dipi_cpt_category":[],"class_list":["post-577","page","type-page","status-publish","hentry"],"_links":{"self":[{"href":"https:\/\/www.desouches-chirurgien-esthetique.com\/es\/wp-json\/wp\/v2\/pages\/577","targetHints":{"allow":["GET"]}}],"collection":[{"href":"https:\/\/www.desouches-chirurgien-esthetique.com\/es\/wp-json\/wp\/v2\/pages"}],"about":[{"href":"https:\/\/www.desouches-chirurgien-esthetique.com\/es\/wp-json\/wp\/v2\/types\/page"}],"author":[{"embeddable":true,"href":"https:\/\/www.desouches-chirurgien-esthetique.com\/es\/wp-json\/wp\/v2\/users\/1"}],"replies":[{"embeddable":true,"href":"https:\/\/www.desouches-chirurgien-esthetique.com\/es\/wp-json\/wp\/v2\/comments?post=577"}],"version-history":[{"count":14,"href":"https:\/\/www.desouches-chirurgien-esthetique.com\/es\/wp-json\/wp\/v2\/pages\/577\/revisions"}],"predecessor-version":[{"id":23419518,"href":"https:\/\/www.desouches-chirurgien-esthetique.com\/es\/wp-json\/wp\/v2\/pages\/577\/revisions\/23419518"}],"wp:attachment":[{"href":"https:\/\/www.desouches-chirurgien-esthetique.com\/es\/wp-json\/wp\/v2\/media?parent=577"}],"wp:term":[{"taxonomy":"dipi_cpt_category","embeddable":true,"href":"https:\/\/www.desouches-chirurgien-esthetique.com\/es\/wp-json\/wp\/v2\/dipi_cpt_category?post=577"}],"curies":[{"name":"gracias","href":"https:\/\/api.w.org\/{rel}","templated":true}]}}