{"id":378,"date":"2021-02-28T20:25:58","date_gmt":"2021-02-28T19:25:58","guid":{"rendered":"https:\/\/www.desouches-chirurgien-esthetique.com\/?page_id=378"},"modified":"2025-10-14T11:00:13","modified_gmt":"2025-10-14T09:00:13","slug":"antes-despues-cirugia-mama-cosmetica","status":"publish","type":"page","link":"https:\/\/www.desouches-chirurgien-esthetique.com\/es\/chirurgie-esthetique\/chirurgie-esthetique-des-seins\/","title":{"rendered":"Cirug\u00eda est\u00e9tica de mamas"},"content":{"rendered":"<h2>Cirug\u00eda de mamas en Marsella<\/h2>\n<p>Como muchas mujeres, probablemente est\u00e9 preocupada por la apariencia de sus senos, la forma de sus senos, su simetr\u00eda o su volumen.<\/p>\n<p>La cirug\u00eda de embellecimiento mamario es la cirug\u00eda m\u00e1s realizada dentro de la cirug\u00eda est\u00e9tica. Ya sea un aumento de senos mediante pr\u00f3tesis o inyecci\u00f3n de grasa (lipofilling), un levantamiento de senos solo o asociado a un aumento de volumen, esta cirug\u00eda puede brindarle una gran satisfacci\u00f3n. Un cofre adornado te hace sentir m\u00e1s atractivo, m\u00e1s seguro.<\/p>\n<p>Si est\u00e1 pensando en un aumento o levantamiento de senos, el Dr. Desuches, cirujano est\u00e9tico en Marsella, podr\u00e1 ofrecerle su experiencia y aconsejarle sobre c\u00f3mo llevar a cabo su procedimiento con \u00e9xito.<\/p>\n<h3>Intervenciones para embellecer los senos<\/h3>\n<p>Para mejorar la forma, el tama\u00f1o y el contorno de sus senos, el Dr. Christophe Desouches ofrece las siguientes soluciones:<\/p>\n<h3>Aumento de senos mediante pr\u00f3tesis<\/h3>\n<p>Gracias a los avances en la tecnolog\u00eda de implantes mamarios, el aumento de senos mediante pr\u00f3tesis brinda una soluci\u00f3n est\u00e9tica a los senos peque\u00f1os utilizando implantes de gel de silicona, o en algunos casos rellenos de soluci\u00f3n salina.<\/p>\n<p>&gt;&gt;&gt;M\u00e1s detalles sobre el<a href=\"https:\/\/www.desouches-chirurgien-esthetique.com\/es\/cirugia-estetica\/antes-despues-cirugia-mama-cosmetica\/aumento-de-mama-mediante-protesis-2\/\">aumento de senos con pr\u00f3tesis<\/a><\/p>\n<h3>Aumento de senos mediante lipofilling<\/h3>\n<p>El lipofilling mamario es una t\u00e9cnica natural para aumentar el volumen mamario mediante la transferencia de grasa, ofreciendo un resultado armonioso y duradero sin la utilizaci\u00f3n de implantes.<\/p>\n<p>&gt;&gt;&gt;M\u00e1s detalles sobre el<a href=\"https:\/\/www.desouches-chirurgien-esthetique.com\/es\/cirugia-estetica\/antes-despues-cirugia-mama-cosmetica\/aumento-de-senos-mediante-lipofilling-2\/\">aumento de senos mediante lipofilling<\/a><\/p>\n<h3>Levantamiento de senos<\/h3>\n<p>Tambi\u00e9n conocida como mastopexia o cura de la ptosis mamaria, esta cirug\u00eda mamaria mejora la forma y posici\u00f3n de la areola de las mamas. Levantar el pecho le da un perfil m\u00e1s atractivo.<\/p>\n<p>&gt;&gt;&gt;M\u00e1s detalles sobre el <a href=\"https:\/\/www.desouches-chirurgien-esthetique.com\/es\/cirugia-estetica\/antes-despues-cirugia-mama-cosmetica\/levantamiento-de-senos\/\">levantamiento de senos<\/a><\/p>\n<h3>Reducci\u00f3n quir\u00fargica del pez\u00f3n<\/h3>\n<p>Los pezones que se agrandan naturalmente o despu\u00e9s de la lactancia se pueden reducir con un procedimiento quir\u00fargico muy simple bajo anestesia local.<\/p>\n<p>&gt;&gt;&gt;M\u00e1s detalles sobre el <a href=\"https:\/\/www.desouches-chirurgien-esthetique.com\/es\/cirugia-estetica\/antes-despues-cirugia-mama-cosmetica\/reduccion-quirurgica-del-pezon\/\">reducci\u00f3n del pez\u00f3n<\/a><\/p>\n<h3>Correcci\u00f3n de pez\u00f3n invertido<\/h3>\n<p>La invaginaci\u00f3n del pez\u00f3n puede generar molestias est\u00e9ticas y funcionales al impedir la lactancia. Una intervenci\u00f3n quir\u00fargica puede corregir el defecto.<\/p>\n<p>&gt;&gt;&gt;M\u00e1s detalles sobre el <a href=\"https:\/\/www.desouches-chirurgien-esthetique.com\/es\/cirugia-estetica\/antes-despues-cirugia-mama-cosmetica\/intususcepcion\/\">correcci\u00f3n del pez\u00f3n invaginado<\/a><\/p>\n<h3>Preguntas frecuentes sobre el aumento de senos<\/h3>\n<p>Quieres aumentar el volumen de tu pecho y dudas, te haces preguntas. Aqu\u00ed est\u00e1n las respuestas del Dr. Christophe Desouches a las preguntas m\u00e1s frecuentes sobre implantes de senos, lipofilling, levantamiento de senos y cirug\u00eda est\u00e9tica de senos en general.<\/p>\n<p>&gt;&gt;&gt;<a href=\"https:\/\/www.desouches-chirurgien-esthetique.com\/es\/cirugia-estetica\/faq-cirugia-cosmetica\/preguntas-frecuentes-preguntas-frecuentes-aumento-de-los-senos\/\">Preguntas frecuentes sobre el aumento de senos<\/a><\/p>","protected":false},"excerpt":{"rendered":"<p>Chirurgie mammaire \u00e0 Marseille Comme beaucoup de femme vous \u00eates probablement concern\u00e9es par l\u2019aspect de votre poitrine, la forme de vos seins, leur sym\u00e9trie ou leur volume. La chirurgie d\u2019embellissement de la poitrine est la chirurgie la plus pratiqu\u00e9e en chirurgie esth\u00e9tique. Que ce soit l\u2019augmentation mammaire par proth\u00e8se ou par injection de graisse (lipofilling), [&hellip;]<\/p>\n","protected":false},"author":1,"featured_media":0,"parent":16949,"menu_order":1,"comment_status":"closed","ping_status":"closed","template":"","meta":{"_et_pb_use_builder":"","_et_pb_old_content":"","_et_gb_content_width":"","footnotes":""},"dipi_cpt_category":[],"class_list":["post-378","page","type-page","status-publish","hentry"],"_links":{"self":[{"href":"https:\/\/www.desouches-chirurgien-esthetique.com\/es\/wp-json\/wp\/v2\/pages\/378","targetHints":{"allow":["GET"]}}],"collection":[{"href":"https:\/\/www.desouches-chirurgien-esthetique.com\/es\/wp-json\/wp\/v2\/pages"}],"about":[{"href":"https:\/\/www.desouches-chirurgien-esthetique.com\/es\/wp-json\/wp\/v2\/types\/page"}],"author":[{"embeddable":true,"href":"https:\/\/www.desouches-chirurgien-esthetique.com\/es\/wp-json\/wp\/v2\/users\/1"}],"replies":[{"embeddable":true,"href":"https:\/\/www.desouches-chirurgien-esthetique.com\/es\/wp-json\/wp\/v2\/comments?post=378"}],"version-history":[{"count":28,"href":"https:\/\/www.desouches-chirurgien-esthetique.com\/es\/wp-json\/wp\/v2\/pages\/378\/revisions"}],"predecessor-version":[{"id":23420487,"href":"https:\/\/www.desouches-chirurgien-esthetique.com\/es\/wp-json\/wp\/v2\/pages\/378\/revisions\/23420487"}],"up":[{"embeddable":true,"href":"https:\/\/www.desouches-chirurgien-esthetique.com\/es\/wp-json\/wp\/v2\/pages\/16949"}],"wp:attachment":[{"href":"https:\/\/www.desouches-chirurgien-esthetique.com\/es\/wp-json\/wp\/v2\/media?parent=378"}],"wp:term":[{"taxonomy":"dipi_cpt_category","embeddable":true,"href":"https:\/\/www.desouches-chirurgien-esthetique.com\/es\/wp-json\/wp\/v2\/dipi_cpt_category?post=378"}],"curies":[{"name":"gracias","href":"https:\/\/api.w.org\/{rel}","templated":true}]}}