{"id":17488,"date":"2023-07-11T12:34:35","date_gmt":"2023-07-11T10:34:35","guid":{"rendered":"https:\/\/www.desouches-chirurgien-esthetique.com\/?page_id=17488"},"modified":"2023-09-08T15:17:22","modified_gmt":"2023-09-08T13:17:22","slug":"medicina-estetica-del-lobulo-y-cuello","status":"publish","type":"page","link":"https:\/\/www.desouches-chirurgien-esthetique.com\/es\/medecine-esthetique\/medecine-esthetique-du-visage\/medecine-esthetique-de-lovale-et-du-cou\/","title":{"rendered":"Medicina est\u00e9tica del \u00f3valo y cuello"},"content":{"rendered":"<p>Con la edad, el \u00f3valo del rostro tiende a perder su definici\u00f3n y la piel del cuello tiende a caerse.<br \/>\nEl Dr. Christophe Desuches mejora la definici\u00f3n de tu rostro con medicina est\u00e9tica, sin cirug\u00eda, y devuelve la tensi\u00f3n a la piel del cuello.<\/p>\n<h2>Contorno de la mand\u00edbula, Texas Face y Masculook<\/h2>\n<p>Jawline Contouring, o Texas Face, o Texas Jaw, o Masculook, se refieren al mismo tratamiento con \u00e1cido hialur\u00f3nico, cuyos modelos de referencia citados a menudo son Brad Pitt y Angelina Jolie, quienes tienen una mand\u00edbula fuerte y angulosa.<\/p>\n<p><span style=\"font-weight: 400;\">&gt;&gt;&gt;<\/span>M\u00e1s detalles sobre el <a href=\"https:\/\/www.desouches-chirurgien-esthetique.com\/es\/medicina-estetica\/medicina-estetica-de-la-cara-2\/medicina-estetica-del-lobulo-y-cuello\/contorno-de-la-mandibula-marseille\/\">Contorno de la mand\u00edbula<\/a><\/p>\n<h2>Microagujas de SkinPen<\/h2>\n<p>Un bol\u00edgrafo revolucionario, el SkinPen \u00ae, utiliza microagujas para regenerar la piel y tratar en profundidad cicatrices de diversos or\u00edgenes. El resultado es una mejor calidad de la piel y una apariencia rejuvenecida.<\/p>\n<p><span style=\"font-weight: 400;\">&gt;&gt;&gt;<\/span>M\u00e1s detalles sobre el <a href=\"https:\/\/www.desouches-chirurgien-esthetique.com\/es\/medicina-estetica\/medicina-estetica-de-la-cara-2\/medicina-estetica-del-lobulo-y-cuello\/skinpen-microneedling-marsella\/\">SkinPen<\/a><\/p>\n<h2>Nefertiti Facelift<\/h2>\n<p>La reina egipcia Nefertiti era conocida por su belleza en parte debido a su elegante y bien definida mand\u00edbula. La t\u00e9cnica est\u00e9tica del Nefertiti Neck Lift o Lifting N\u00e9fertiti utiliza Botox para mejorar la definici\u00f3n de la l\u00ednea de la mand\u00edbula y el cuello.<\/p>\n<p><span style=\"font-weight: 400;\">&gt;&gt;&gt;<\/span>M\u00e1s detalles sobre el <a href=\"https:\/\/www.desouches-chirurgien-esthetique.com\/es\/medicina-estetica\/medicina-estetica-de-la-cara-2\/medicina-estetica-del-lobulo-y-cuello\/lifting-nefertiti\/\">Lifting facial de Nefertiti<\/a><\/p>\n<h2>Rellenos<\/h2>\n<p>El \u00e1cido hialur\u00f3nico es una sustancia presente de forma natural en la piel. Se presenta en forma de gel transparente que se inyecta en el tejido cut\u00e1neo para suavizar las l\u00edneas de expresi\u00f3n, corregir arrugas m\u00e1s profundas o restaurar el volumen facial.<\/p>\n<p><span style=\"font-weight: 400;\">&gt;&gt;&gt;<\/span>M\u00e1s detalles sobre el <a href=\"https:\/\/www.desouches-chirurgien-esthetique.com\/es\/medicina-estetica\/medicina-estetica-de-la-cara-2\/medicina-estetica-del-lobulo-y-cuello\/rellenos-2\/\">rellenos<\/a><\/p>\n<p><!--more--><\/p>\n<div class='et-learn-more clearfix'>\n\t\t\t\t\t<h3 class='heading-more'>Ver las posibilidades que ofrece la cirug\u00eda est\u00e9tica<span class='et_learnmore_arrow'><span><\/span><\/span><\/h3>\n\t\t\t\t\t<div class='learn-more-content'><h2>Cirug\u00eda est\u00e9tica del \u00f3valo y cuello<\/h2>\n<p>Tambi\u00e9n es posible redefinir el \u00f3valo del rostro recurriendo a la <a href=\"https:\/\/www.desouches-chirurgien-esthetique.com\/es\/cirugia-estetica\/antes-despues-cirugia-cosmetica-facial\/cirugia-estetica-de-ovalo-y-cuello\/\">cirug\u00eda est\u00e9tica del \u00f3valo y el cuello<\/a>, con el lifting c\u00e9rvico-facial.<\/p><\/div>\n\t\t\t\t<\/div>","protected":false},"excerpt":{"rendered":"<p>Avec l&#8217;\u00e2ge l&#8217;ovale du visage a tendance \u00e0 perdre de sa d\u00e9finition, la la peau du cou \u00e0 se d\u00e9tendre.. Le Dr Christophe Desouches am\u00e9liore la d\u00e9finition de votre visage avec la m\u00e9decine esth\u00e9tique, sans chirurgie, et redonne de la tension \u00e0 la peau du cou. Jawline Contouring, Texas Face et Masculook Le Jawline Contouring, [&hellip;]<\/p>\n","protected":false},"author":1,"featured_media":0,"parent":17007,"menu_order":7,"comment_status":"closed","ping_status":"closed","template":"","meta":{"_et_pb_use_builder":"","_et_pb_old_content":"","_et_gb_content_width":"","footnotes":""},"dipi_cpt_category":[],"class_list":["post-17488","page","type-page","status-publish","hentry"],"_links":{"self":[{"href":"https:\/\/www.desouches-chirurgien-esthetique.com\/es\/wp-json\/wp\/v2\/pages\/17488","targetHints":{"allow":["GET"]}}],"collection":[{"href":"https:\/\/www.desouches-chirurgien-esthetique.com\/es\/wp-json\/wp\/v2\/pages"}],"about":[{"href":"https:\/\/www.desouches-chirurgien-esthetique.com\/es\/wp-json\/wp\/v2\/types\/page"}],"author":[{"embeddable":true,"href":"https:\/\/www.desouches-chirurgien-esthetique.com\/es\/wp-json\/wp\/v2\/users\/1"}],"replies":[{"embeddable":true,"href":"https:\/\/www.desouches-chirurgien-esthetique.com\/es\/wp-json\/wp\/v2\/comments?post=17488"}],"version-history":[{"count":5,"href":"https:\/\/www.desouches-chirurgien-esthetique.com\/es\/wp-json\/wp\/v2\/pages\/17488\/revisions"}],"predecessor-version":[{"id":23418829,"href":"https:\/\/www.desouches-chirurgien-esthetique.com\/es\/wp-json\/wp\/v2\/pages\/17488\/revisions\/23418829"}],"up":[{"embeddable":true,"href":"https:\/\/www.desouches-chirurgien-esthetique.com\/es\/wp-json\/wp\/v2\/pages\/17007"}],"wp:attachment":[{"href":"https:\/\/www.desouches-chirurgien-esthetique.com\/es\/wp-json\/wp\/v2\/media?parent=17488"}],"wp:term":[{"taxonomy":"dipi_cpt_category","embeddable":true,"href":"https:\/\/www.desouches-chirurgien-esthetique.com\/es\/wp-json\/wp\/v2\/dipi_cpt_category?post=17488"}],"curies":[{"name":"gracias","href":"https:\/\/api.w.org\/{rel}","templated":true}]}}