{"id":17287,"date":"2023-07-10T17:39:10","date_gmt":"2023-07-10T15:39:10","guid":{"rendered":"https:\/\/www.desouches-chirurgien-esthetique.com\/?page_id=17287"},"modified":"2023-08-19T15:54:58","modified_gmt":"2023-08-19T13:54:58","slug":"preguntas-frecuentes-medicina-estetica","status":"publish","type":"page","link":"https:\/\/www.desouches-chirurgien-esthetique.com\/es\/medecine-esthetique\/faq-medecine-esthetique\/","title":{"rendered":"Preguntas frecuentes sobre medicina est\u00e9tica"},"content":{"rendered":"<p>[et_pb_section fb_built=&#8221;1&#8243; admin_label=&#8221;section&#8221; _builder_version=&#8221;4.16&#8243; locked=&#8221;off&#8221; global_colors_info=&#8221;{}&#8221;][et_pb_row disabled_on=&#8221;off|off|off&#8221; admin_label=&#8221;row&#8221; _builder_version=&#8221;4.16&#8243; width=&#8221;100%&#8221; global_colors_info=&#8221;{}&#8221;][et_pb_column type=&#8221;4_4&#8243; _builder_version=&#8221;4.16&#8243; custom_padding=&#8221;|||&#8221; global_colors_info=&#8221;{}&#8221; custom_padding__hover=&#8221;|||&#8221;][et_pb_text _builder_version=&#8221;4.21.0&#8243; _module_preset=&#8221;default&#8221; locked=&#8221;off&#8221; global_colors_info=&#8221;{}&#8221;]<\/p>\n<p>L\u2019acte de m\u00e9decine esth\u00e9tique est \u00e0 la fois pr\u00e9cieux, capital et d\u00e9licat. Il soul\u00e8ve g\u00e9n\u00e9ralement de nombreuses questions, sur les motivations, les r\u00e9sultats, les suites. Le Dr Christophe Desouches r\u00e9pond ici aux questions les plus fr\u00e9quentes en mati\u00e8re de m\u00e9decine esth\u00e9tique, d&#8217;injection d&#8217;acide hyaluronique ou de Botox.<\/p>\n<p>[\/et_pb_text][et_pb_text _builder_version=&#8221;4.21.0&#8243; _module_preset=&#8221;default&#8221; locked=&#8221;off&#8221; global_colors_info=&#8221;{}&#8221;]<\/p>\n<h2>Questions fr\u00e9quentes sur l\u2019Acide Hyaluronique<\/h2>\n<p>Vous souhaitez recourir aux injections d\u2019Acide Hyaluronique pour votre visage ou votre silhouette mais vous vous posez des questions. D\u00e9couvrez les r\u00e9ponses du Dr Christophe Desouches aux questions les plus fr\u00e9quentes concernant l\u2019Acide Hyaluronique.<\/p>\n<p><a href=\"https:\/\/www.desouches-chirurgien-esthetique.com\/medecine-esthetique\/faq-medecine-esthetique\/questions-frequentes-acide-hyaluronique\/\">FAQ Acide Hyaluronique\u00a0 &gt;<\/a><\/p>\n<p>[\/et_pb_text][et_pb_text _builder_version=&#8221;4.21.0&#8243; _module_preset=&#8221;default&#8221; locked=&#8221;off&#8221; global_colors_info=&#8221;{}&#8221;]<\/p>\n<h2>Questions fr\u00e9quentes sur le Botox (Toxine Botulique)<\/h2>\n<p>Vous souhaitez recourir aux injections de Botox pour votre visage et vous h\u00e9sitez, vous vous posez des questions.<br \/>Voici les r\u00e9ponses du Dr Christophe Desouches, chirurgien esth\u00e9tique \u00e0 Marseille, aux questions les plus fr\u00e9quentes concernant le Botox.<\/p>\n<p><a href=\"https:\/\/www.desouches-chirurgien-esthetique.com\/medecine-esthetique\/faq-medecine-esthetique\/faq-questions-frequentes-botox-toxine-botulique\/\">FAQ Botox &gt;<\/a><\/p>\n<p>[\/et_pb_text][et_pb_text _builder_version=&#8221;4.18.0&#8243; _module_preset=&#8221;default&#8221; locked=&#8221;off&#8221; global_colors_info=&#8221;{}&#8221;]<\/p>\n<p><!--more--><\/p>\n<div class='et-learn-more clearfix'>\n\t\t\t\t\t<h3 class='heading-more'>Voir les questions fr\u00e9quentes en chirurgie esth\u00e9tique<span class='et_learnmore_arrow'><span><\/span><\/span><\/h3>\n\t\t\t\t\t<div class='learn-more-content'><h2>FAQ chirurgie esth\u00e9tique<\/h2>\n<p>Le Dr Desouches r\u00e9pond aux questions que vous vous posez concernant une \u00e9ventuelle op\u00e9ration de chirurgie esth\u00e9tique. Obtenez des r\u00e9ponses claires \u00e0 vos pr\u00e9occupations.<\/p>\n<p>Plus de d\u00e9tails sur les <a href=\"https:\/\/www.desouches-chirurgien-esthetique.com\/chirurgie-esthetique\/faq-chirurgie-esthetique\/\">questions fr\u00e9quentes de chirurgie esth\u00e9tique &gt;<\/a><\/p><\/div>\n\t\t\t\t<\/div>\n<p>[\/et_pb_text][\/et_pb_column][\/et_pb_row][\/et_pb_section]<\/p>\n","protected":false},"excerpt":{"rendered":"<p>L\u2019acte de m\u00e9decine esth\u00e9tique est \u00e0 la fois pr\u00e9cieux, capital et d\u00e9licat. Il soul\u00e8ve g\u00e9n\u00e9ralement de nombreuses questions, sur les motivations, les r\u00e9sultats, les suites. Le Dr Christophe Desouches r\u00e9pond ici aux questions les plus fr\u00e9quentes en mati\u00e8re de m\u00e9decine esth\u00e9tique, d&#8217;injection d&#8217;acide hyaluronique ou de Botox.Questions fr\u00e9quentes sur l\u2019Acide Hyaluronique Vous souhaitez recourir aux [&hellip;]<\/p>\n","protected":false},"author":1,"featured_media":0,"parent":16993,"menu_order":5,"comment_status":"closed","ping_status":"closed","template":"","meta":{"_et_pb_use_builder":"on","_et_pb_old_content":"","_et_gb_content_width":"","footnotes":""},"dipi_cpt_category":[],"class_list":["post-17287","page","type-page","status-publish","hentry"],"_links":{"self":[{"href":"https:\/\/www.desouches-chirurgien-esthetique.com\/es\/wp-json\/wp\/v2\/pages\/17287","targetHints":{"allow":["GET"]}}],"collection":[{"href":"https:\/\/www.desouches-chirurgien-esthetique.com\/es\/wp-json\/wp\/v2\/pages"}],"about":[{"href":"https:\/\/www.desouches-chirurgien-esthetique.com\/es\/wp-json\/wp\/v2\/types\/page"}],"author":[{"embeddable":true,"href":"https:\/\/www.desouches-chirurgien-esthetique.com\/es\/wp-json\/wp\/v2\/users\/1"}],"replies":[{"embeddable":true,"href":"https:\/\/www.desouches-chirurgien-esthetique.com\/es\/wp-json\/wp\/v2\/comments?post=17287"}],"version-history":[{"count":4,"href":"https:\/\/www.desouches-chirurgien-esthetique.com\/es\/wp-json\/wp\/v2\/pages\/17287\/revisions"}],"predecessor-version":[{"id":23418788,"href":"https:\/\/www.desouches-chirurgien-esthetique.com\/es\/wp-json\/wp\/v2\/pages\/17287\/revisions\/23418788"}],"up":[{"embeddable":true,"href":"https:\/\/www.desouches-chirurgien-esthetique.com\/es\/wp-json\/wp\/v2\/pages\/16993"}],"wp:attachment":[{"href":"https:\/\/www.desouches-chirurgien-esthetique.com\/es\/wp-json\/wp\/v2\/media?parent=17287"}],"wp:term":[{"taxonomy":"dipi_cpt_category","embeddable":true,"href":"https:\/\/www.desouches-chirurgien-esthetique.com\/es\/wp-json\/wp\/v2\/dipi_cpt_category?post=17287"}],"curies":[{"name":"gracias","href":"https:\/\/api.w.org\/{rel}","templated":true}]}}