{"id":16993,"date":"2023-07-07T15:38:33","date_gmt":"2023-07-07T13:38:33","guid":{"rendered":"https:\/\/www.desouches-chirurgien-esthetique.com\/?page_id=16993"},"modified":"2024-01-09T12:27:20","modified_gmt":"2024-01-09T11:27:20","slug":"medicina-estetica","status":"publish","type":"page","link":"https:\/\/www.desouches-chirurgien-esthetique.com\/es\/medecine-esthetique\/","title":{"rendered":"Medicina est\u00e9tica en Marsella y Aix-en-Provence"},"content":{"rendered":"<p><span style=\"font-weight: 400;\">La medicina est\u00e9tica, ofrecida por el Dr. Desuches en Marsella y Aix-en-Provence, es una forma suave de mejorar su apariencia sin pasar por la cirug\u00eda. Te permite sentirte mejor contigo mismo y mejorar tu calidad de vida.<\/span><\/p>\n<h2>\u00bfQu\u00e9 es la medicina est\u00e9tica?<\/h2>\n<p><span style=\"font-weight: 400;\">La medicina est\u00e9tica en Marsella, una alternativa menos invasiva a la cirug\u00eda, incluye diversas t\u00e9cnicas como inyecciones, peelings y l\u00e1ser para la depilaci\u00f3n permanente.\u00a0<\/span><span style=\"font-weight: 400;\">A diferencia de la cirug\u00eda est\u00e9tica, la medicina est\u00e9tica no implica operaciones importantes. No necesita anestesia ni tiempo de reposo despu\u00e9s del tratamiento.<\/span><\/p>\n<p><span style=\"font-weight: 400;\">Este enfoque tiene como objetivo combatir el envejecimiento facial y las arrugas, garantizando el uso experto de productos como el \u00e1cido hialur\u00f3nico y el Botox (toxina botul\u00ednica). <\/span><span style=\"font-weight: 400;\">El Dr. Desuches practica estas t\u00e9cnicas y colabora con laboratorios l\u00edderes en el campo. Es reconocido a nivel nacional y habla en varias conferencias internacionales.<\/span><\/p>\n<h3>Inyecciones en medicina est\u00e9tica en Marsella<\/h3>\n<p><span style=\"font-weight: 400;\">Las inyecciones son fundamentales en la medicina est\u00e9tica. <\/span><span style=\"font-weight: 400;\"><br \/>\n<\/span><span style=\"font-weight: 400;\">El <a href=\"https:\/\/www.desouches-chirurgien-esthetique.com\/es\/medicina-estetica\/medicina-estetica-de-la-cara-2\/cirugia-estetica-para-las-arrugas\/inyeccion-de-acido-hialuronico-cara-y-cuello\/\">inyecciones de \u00e1cido hialur\u00f3nico<\/a> se utilizan para rellenar arrugas profundas y devolver volumen al rostro, mientras que el Botox reduce las l\u00edneas de expresi\u00f3n. <\/span><span style=\"font-weight: 400;\">Estos dos tipos de inyecciones se pueden combinar para obtener resultados \u00f3ptimos.\u00a0<\/span><\/p>\n<p><span style=\"font-weight: 400;\">El Dr. Desuches, experto en medicina est\u00e9tica en Marsella, realiza un cuidadoso examen del rostro o de la zona afectada para diagnosticar y proponer la mejor soluci\u00f3n est\u00e9tica, teniendo en cuenta las caracter\u00edsticas individuales de cada paciente.<\/span><\/p>\n<div id=\"attachment_23419062\" style=\"width: 730px\" class=\"wp-caption alignnone\"><img decoding=\"async\" aria-describedby=\"caption-attachment-23419062\" class=\"wp-image-23419062 size-full\" src=\"https:\/\/www.desouches-chirurgien-esthetique.com\/wp-content\/uploads\/2024\/01\/profilosplastie-medicale-Christophe-Desouches-Marseille.png\" alt=\"perfiloplastia m\u00e9dica Christophe Desuches Marsella\" width=\"720\" height=\"720\" srcset=\"https:\/\/www.desouches-chirurgien-esthetique.com\/wp-content\/uploads\/2024\/01\/profilosplastie-medicale-Christophe-Desouches-Marseille.png 720w, https:\/\/www.desouches-chirurgien-esthetique.com\/wp-content\/uploads\/2024\/01\/profilosplastie-medicale-Christophe-Desouches-Marseille-480x480.png 480w\" sizes=\"(min-width: 0px) and (max-width: 480px) 480px, (min-width: 481px) 720px, 100vw\" \/><p id=\"caption-attachment-23419062\" class=\"wp-caption-text\">profiloplastia medica<\/p><\/div>\n<h3>\u00bfLa medicina est\u00e9tica es para m\u00ed?<\/h3>\n<p><span style=\"font-weight: 400;\">La decisi\u00f3n de recurrir a la medicina est\u00e9tica es personal y est\u00e1 motivada por diversos factores. No se limita a corregir arrugas y vol\u00famenes, sino que tambi\u00e9n influye en el lenguaje corporal y la confianza en uno mismo.\u00a0\u00a0<\/span><span style=\"font-weight: 400;\">El m\u00e9dico desempe\u00f1a un papel crucial, no s\u00f3lo en el tratamiento y supervisi\u00f3n de la atenci\u00f3n, sino tambi\u00e9n en el asesoramiento de los pacientes para garantizar que los tratamientos satisfagan sus necesidades presentes y futuras.<\/span><\/p>\n<h3>Elecci\u00f3n informada y relaci\u00f3n de confianza.<\/h3>\n<p><span style=\"font-weight: 400;\">La medicina est\u00e9tica del Dr. Desuches se caracteriza por el uso de dispositivos m\u00e9dicos de \u00faltima generaci\u00f3n, garantizando seguridad y resultados visibles. Se proporciona informaci\u00f3n previa a los pacientes para una participaci\u00f3n consciente e informada. Una relaci\u00f3n de confianza con el m\u00e9dico es fundamental, asegurando que siempre se tengan en cuenta las expectativas y dudas de los pacientes.<\/span><\/p>\n<h3>Medicina est\u00e9tica \u00bfpara qu\u00e9 expectativas?<\/h3>\n<p><span style=\"font-weight: 400;\">Entre los tratamientos ofrecidos encontramos reducci\u00f3n de arrugas, transformaci\u00f3n facial, realce de silueta y tratamientos m\u00e1s \u00edntimos. El Dr. Desuches es experto en el tratamiento de ojeras, aumento de labios y criolip\u00f3lisis.<\/span><\/p>\n<h2>Medicina est\u00e9tica de la cara<\/h2>\n<p>Ya sea para el tratamiento de arrugas, remodelar la frente, mejorar la apariencia de los p\u00e1rpados o aumentar el volumen de los labios, el Dr. Desouches ofrece soluciones para rejuvenecer y embellecer su rostro.<\/p>\n<p>&gt;&gt;&gt;M\u00e1s detalles sobre el <a href=\"https:\/\/www.desouches-chirurgien-esthetique.com\/es\/medicina-estetica\/medicina-estetica-de-la-cara-2\/\">medicina estetica facial<\/a><\/p>\n<h2>Medicina est\u00e9tica de la silueta.<\/h2>\n<p>Se encuentran disponibles procedimientos no quir\u00fargicos como el tratamiento de la celulitis con l\u00e1ser fr\u00edo (LLT), la criolip\u00f3lisis y la estimulaci\u00f3n muscular electromagn\u00e9tica para ayudarlo a lograr la figura que desea.<\/p>\n<p>&gt;&gt;&gt;M\u00e1s detalles sobre el <a href=\"https:\/\/www.desouches-chirurgien-esthetique.com\/es\/medicina-estetica\/medicina-estetica-de-la-silueta-2\/\">medicina est\u00e9tica de la silueta<\/a><\/p>\n<h2>Medicina est\u00e9tica \u00edntima<\/h2>\n<p>Ya sea para hombres o mujeres, el Dr. Desuches ofrece soluciones para mejorar la confianza en uno mismo y el bienestar en la intimidad.<\/p>\n<p>&gt;&gt;&gt;M\u00e1s detalles sobre el <a href=\"https:\/\/www.desouches-chirurgien-esthetique.com\/es\/medicina-estetica\/medicina-intima\/\">medicina estetica intima<\/a><\/p>\n<h2>Mesoterapia capilar<\/h2>\n<p>Para quienes luchan contra la ca\u00edda del cabello, el Dr. Desuches ofrece soluciones de tratamiento capilar basadas en c\u00e9lulas madre y complejos vitam\u00ednicos para restaurar el cabello natural y completo.<\/p>\n<p>&gt;&gt;&gt;M\u00e1s detalles sobre el <a href=\"https:\/\/www.desouches-chirurgien-esthetique.com\/es\/medicina-estetica\/mesoterapia\/\">mesoterapia capilar<\/a><\/p>\n<h2>Preguntas frecuentes sobre medicina est\u00e9tica<\/h2>\n<p>Si tiene alguna pregunta o inquietud sobre la cirug\u00eda est\u00e9tica, el Dr. Desuches brinda respuestas claras e informativas a sus preguntas m\u00e1s frecuentes.<\/p>\n<p>&gt;&gt;&gt;Descubre el <a href=\"https:\/\/www.desouches-chirurgien-esthetique.com\/es\/medicina-estetica\/preguntas-frecuentes-medicina-estetica\/\">preguntas frecuentes sobre medicina est\u00e9tica<\/a><\/p>\n<h2>Testimonio de un cliente<\/h2>\n<p><span style=\"font-weight: 400;\">El Dr. Desouches es sin duda el mejor en su campo y realmente valoro mis palabras. Me ha estado siguiendo desde julio de 2021, cuando me somet\u00ed a una rinoplastia medicinal (con inyecciones y me oper\u00e9 la boca y el ment\u00f3n). Mi nariz se ha movido muy poco desde entonces, al igual que mis labios y mi ment\u00f3n. Armoniza el rostro, escucha, aconseja, responde a las peticiones y es incre\u00edblemente amable y transparente al dar su opini\u00f3n, es tranquilizador y, adem\u00e1s, \u00a1los resultados son simplemente sublimes! \u00a1Gracias a \u00e9l y a su equipo! Atentamente, Ida.<\/span><\/p>\n<p><span style=\"font-weight: 400;\">&gt;&gt;&gt; Ver <a href=\"https:\/\/www.desouches-chirurgien-esthetique.com\/es\/resena-google\/\">todas las opiniones sobre medicina est\u00e9tica<\/a><\/span><\/p>\n<p><!--more--><\/p>\n<div class='et-learn-more clearfix'>\n\t\t\t\t\t<h3 class='heading-more'>Ver las posibilidades que ofrece la cirug\u00eda est\u00e9tica<span class='et_learnmore_arrow'><span><\/span><\/span><\/h3>\n\t\t\t\t\t<div class='learn-more-content'><h2>Cirug\u00eda est\u00e9tica<\/h2>\n<p>Adem\u00e1s de la medicina est\u00e9tica, el Dr. Desuches tambi\u00e9n se especializa en cirug\u00eda est\u00e9tica, ofreciendo procedimientos como aumento de senos con pr\u00f3tesis y lifting facial. Se esfuerza por comprender sus necesidades y ofrecerle soluciones personalizadas para su total satisfacci\u00f3n.<\/p>\n<p>&gt;&gt;&gt;M\u00e1s detalles sobre el <a href=\"https:\/\/www.desouches-chirurgien-esthetique.com\/es\/cirugia-estetica\/\">cirug\u00eda pl\u00e1stica<\/a><\/p><\/div>\n\t\t\t\t<\/div>","protected":false},"excerpt":{"rendered":"<p>La m\u00e9decine esth\u00e9tique, propos\u00e9e par le Dr Desouches \u00e0 Marseille et Aix-en-Provence, est une fa\u00e7on douce d\u2019embellir son apparence sans passer par la chirurgie. Elle permet de se sentir mieux dans sa peau et d\u2019am\u00e9liorer sa qualit\u00e9 de vie. Qu&#8217;est-ce que la m\u00e9decine esth\u00e9tique ? La m\u00e9decine esth\u00e9tique \u00e0 Marseille, une alternative moins invasive que [&hellip;]<\/p>\n","protected":false},"author":1,"featured_media":0,"parent":0,"menu_order":2,"comment_status":"closed","ping_status":"closed","template":"","meta":{"_et_pb_use_builder":"","_et_pb_old_content":"","_et_gb_content_width":"","footnotes":""},"dipi_cpt_category":[],"class_list":["post-16993","page","type-page","status-publish","hentry"],"_links":{"self":[{"href":"https:\/\/www.desouches-chirurgien-esthetique.com\/es\/wp-json\/wp\/v2\/pages\/16993","targetHints":{"allow":["GET"]}}],"collection":[{"href":"https:\/\/www.desouches-chirurgien-esthetique.com\/es\/wp-json\/wp\/v2\/pages"}],"about":[{"href":"https:\/\/www.desouches-chirurgien-esthetique.com\/es\/wp-json\/wp\/v2\/types\/page"}],"author":[{"embeddable":true,"href":"https:\/\/www.desouches-chirurgien-esthetique.com\/es\/wp-json\/wp\/v2\/users\/1"}],"replies":[{"embeddable":true,"href":"https:\/\/www.desouches-chirurgien-esthetique.com\/es\/wp-json\/wp\/v2\/comments?post=16993"}],"version-history":[{"count":11,"href":"https:\/\/www.desouches-chirurgien-esthetique.com\/es\/wp-json\/wp\/v2\/pages\/16993\/revisions"}],"predecessor-version":[{"id":23419066,"href":"https:\/\/www.desouches-chirurgien-esthetique.com\/es\/wp-json\/wp\/v2\/pages\/16993\/revisions\/23419066"}],"wp:attachment":[{"href":"https:\/\/www.desouches-chirurgien-esthetique.com\/es\/wp-json\/wp\/v2\/media?parent=16993"}],"wp:term":[{"taxonomy":"dipi_cpt_category","embeddable":true,"href":"https:\/\/www.desouches-chirurgien-esthetique.com\/es\/wp-json\/wp\/v2\/dipi_cpt_category?post=16993"}],"curies":[{"name":"gracias","href":"https:\/\/api.w.org\/{rel}","templated":true}]}}