{"id":16219,"date":"2023-03-01T17:09:38","date_gmt":"2023-03-01T16:09:38","guid":{"rendered":"https:\/\/www.desouches-chirurgien-esthetique.com\/?page_id=16219"},"modified":"2026-01-19T16:48:50","modified_gmt":"2026-01-19T15:48:50","slug":"plan-dual-de-aumento-de-los-senos","status":"publish","type":"page","link":"https:\/\/www.desouches-chirurgien-esthetique.com\/es\/chirurgie-esthetique\/chirurgie-esthetique-des-seins\/augmentation-mammaire-par-prothese\/augmentation-mammaire-dual-plan\/","title":{"rendered":"Aumento de senos en plan dual"},"content":{"rendered":"<h2>Una t\u00e9cnica popular para resultados naturales y armoniosos<\/h2>\n<p><span style=\"font-weight: 400;\">El aumento de senos es un procedimiento quir\u00fargico com\u00fan que busca aumentar el volumen mamario en mujeres que no est\u00e1n satisfechas con sus pechos. Sin embargo, dependiendo del contexto, el procedimiento puede producir resultados poco naturales.\u00a0<\/span><\/p>\n<p><span style=\"font-weight: 400;\">Es por esto que algunas mujeres optan por el aumento de pecho en doble plano, una t\u00e9cnica que consigue resultados m\u00e1s naturales y armoniosos.<\/span><\/p>\n<h2>Los beneficios del aumento de senos dual <span style=\"font-weight: 400;\">avi\u00f3n<\/span><\/h2>\n<p><span style=\"font-weight: 400;\">Los implantes mamarios de doble plan dan una apariencia m\u00e1s natural porque se colocan detr\u00e1s del m\u00fasculo pectoral y la gl\u00e1ndula mamaria, lo que proporciona soporte adicional para los implantes. Como resultado, el paciente se beneficiar\u00e1 de:\u00a0<\/span><\/p>\n<ul>\n<li style=\"font-weight: 400;\" aria-level=\"1\"><span style=\"font-weight: 400;\">Resultados m\u00e1s naturales y armoniosos<\/span><\/li>\n<li style=\"font-weight: 400;\" aria-level=\"1\"><span style=\"font-weight: 400;\">Reducci\u00f3n del riesgo de complicaciones<\/span><\/li>\n<li style=\"font-weight: 400;\" aria-level=\"1\"><span style=\"font-weight: 400;\">Cobertura del implante para evitar arrugas y ondas.<\/span><\/li>\n<li style=\"font-weight: 400;\" aria-level=\"1\"><span style=\"font-weight: 400;\">Correcci\u00f3n de senos ca\u00eddos y asimetr\u00edas mamarias<\/span><\/li>\n<\/ul>\n<h2>La t\u00e9cnica de aumento mamario dual <span style=\"font-weight: 400;\">avi\u00f3n<\/span><\/h2>\n<p><span style=\"font-weight: 400;\">En concreto, durante la operaci\u00f3n, el Dr. Christophe Desouches inserta una parte del implante detr\u00e1s del m\u00fasculo pectoral y otra detr\u00e1s de la gl\u00e1ndula mamaria. Este m\u00e9todo permite un resultado m\u00e1s natural y armonioso, a la vez que minimiza el riesgo de complicaciones como la concha, infecciones y rotura del implante.<\/span><\/p>\n<p><span style=\"font-weight: 400;\">Al colocar una parte del implante detr\u00e1s del m\u00fasculo pectoral, se ayuda a cubrirlo y previene la aparici\u00f3n de pliegues y ondulaciones. Al mismo tiempo, la parte inferior del implante, ubicada detr\u00e1s de la gl\u00e1ndula mamaria, ayuda a aumentar el volumen mamario y a mantener una apariencia natural.<\/span><\/p>\n<p><span style=\"font-weight: 400;\">Esta t\u00e9cnica tambi\u00e9n corrige la flacidez mamaria, la ptosis mamaria y las asimetr\u00edas mamarias. Est\u00e1 especialmente recomendado para mujeres que tienen senos subdesarrollados, que han perdido volumen despu\u00e9s del embarazo o la p\u00e9rdida de peso, o que tienen un seno asim\u00e9trico.<\/span><\/p>\n<h2>Simulaci\u00f3n 3D y aumento mamario de doble plano<\/h2>\n<p>Antes del aumento de pecho, muchas mujeres dudan sobre el volumen, la forma o la proyecci\u00f3n de los implantes.<\/p>\n<p>Gracias a la\u00a0<a href=\"https:\/\/www.desouches-chirurgien-esthetique.com\/es\/innovaciones\/simulacion-3d\/\">Simulaci\u00f3n 3D<\/a>, puede\u00a0<strong>visualiza tu resultado futuro<\/strong>\u00a0Antes del procedimiento.<br \/>\nEsta innovadora herramienta te permite comparar varias opciones y elegir con tranquilidad la pr\u00f3tesis de mama que mejor se adapta a tu figura.<\/p>\n<p>Durante la consulta, se toman varias fotos de alta definici\u00f3n para crear un modelo tridimensional de su busto. El Dr. Desouches ajusta virtualmente el tama\u00f1o, la forma y la posici\u00f3n de los implantes para proyectar un resultado realista, natural y personalizado. Puede observar el resultado desde diferentes \u00e1ngulos y definir sus preferencias antes de tomar una decisi\u00f3n.<\/p>\n<p>Este enfoque responde a las principales preguntas que usted pueda tener:<\/p>\n<ul>\n<li>\u00bfQu\u00e9 volumen de implante me conviene m\u00e1s?<\/li>\n<li>\u00bfMi escote lucir\u00e1 natural?<\/li>\n<li>\u00bfCu\u00e1l es la diferencia entre formas redondas y anat\u00f3micas?<\/li>\n<li>\u00bfEl resultado ser\u00e1 equilibrado y adaptado a mi tipo de cuerpo?<\/li>\n<\/ul>\n<p>La simulaci\u00f3n 3D proporciona un valioso apoyo para la toma de decisiones, reduce las incertidumbres y fortalece la confianza antes de la operaci\u00f3n.<br \/>\nEst\u00e1 incluido en el costo de la consulta inicial, sin cargos adicionales por el uso de la tecnolog\u00eda Quantificare 3D.<\/p>\n<p><img decoding=\"async\" class=\"aligncenter wp-image-1573\" src=\"https:\/\/www.desouches-chirurgien-esthetique.com\/wp-content\/uploads\/2021\/03\/simulation-3d-pour-la-poitrine-desouches-2.jpg\" alt=\"Simulaci\u00f3n 3D para aumento de senos\" width=\"910\" height=\"280\" srcset=\"https:\/\/www.desouches-chirurgien-esthetique.com\/wp-content\/uploads\/2021\/03\/simulation-3d-pour-la-poitrine-desouches-2.jpg 910w, https:\/\/www.desouches-chirurgien-esthetique.com\/wp-content\/uploads\/2021\/03\/simulation-3d-pour-la-poitrine-desouches-2-480x148.jpg 480w\" sizes=\"(min-width: 0px) and (max-width: 480px) 480px, (min-width: 481px) 910px, 100vw\" \/><\/p>\n<h2>\u00bfC\u00f3mo se realiza el procedimiento?<\/h2>\n<p><span style=\"font-weight: 400;\">El aumento de senos en plan dual es un procedimiento quir\u00fargico que se realiza bajo anestesia general y tiene una duraci\u00f3n aproximada de 1 a 2 horas.\u00a0<\/span><\/p>\n<p><span style=\"font-weight: 400;\">Comienza con una peque\u00f1a incisi\u00f3n que generalmente se coloca alrededor o dentro de la areola. El Dr. Christophe Desouches limita la incisi\u00f3n a solo 3 a 4 cm de longitud incluso para grandes vol\u00famenes porque utiliza un introductor tipo embudo que reduce significativamente el tama\u00f1o de las cicatrices. Gracias a esta incisi\u00f3n, crea un espacio delante del m\u00fasculo pectoral y luego desinserta la parte inferior del m\u00fasculo para crear una caja detr\u00e1s del m\u00fasculo en su parte superior. El implante colocado quedar\u00e1 as\u00ed detr\u00e1s de la gl\u00e1ndula mamaria en su parte inferior y detr\u00e1s del m\u00fasculo pectoral en su parte superior. Colocar la parte inferior del implante detr\u00e1s de la gl\u00e1ndula mamaria le da una apariencia m\u00e1s curva.<\/span><\/p>\n<p><span style=\"font-weight: 400;\">Luego inserta implantes de prueba (sizer) para seleccionar el tama\u00f1o ideal del implante. Una vez que se confirma el tama\u00f1o ideal, se retiran los medidores y se colocan los implantes mamarios permanentes. La incisi\u00f3n se cierra con puntos profundos que se reabsorben lentamente sin hilos visibles en la piel.<\/span><\/p>\n<p><span style=\"font-weight: 400;\">El tipo de implante que utiliza el Dr. Christophe Desouches es generalmente un implante redondo a base de gel cohesivo de silicona sin texturizar (implante liso) o microtexturizado.<\/span><\/p>\n<p><span style=\"font-weight: 400;\">El tiempo de recuperaci\u00f3n tras la cirug\u00eda suele ser de 1 a 2 semanas, aunque esto puede variar seg\u00fan el paciente y la extensi\u00f3n de la cirug\u00eda. Se puede experimentar dolor leve o moderado, que se alivia con analg\u00e9sicos habituales.<\/span><\/p>\n<p><span style=\"font-weight: 400;\">Es importante seguir las instrucciones postoperatorias del Dr. Christophe Desouches para una recuperaci\u00f3n r\u00e1pida y segura. Estas pueden incluir el uso de un sost\u00e9n postoperatorio, evitar la actividad f\u00edsica intensa y tomar medicamentos para el dolor o la inflamaci\u00f3n.<\/span><\/p>\n<h2>Los resultados del aumento de senos dual <span style=\"font-weight: 400;\">avi\u00f3n<\/span><\/h2>\n<p><span style=\"font-weight: 400;\">Los resultados del aumento de senos de doble plano son visibles inmediatamente, pero pueden tardar hasta 5 meses en estabilizarse.<br \/>\n<\/span><span style=\"font-weight: 400;\">Los senos aparecer\u00e1n m\u00e1s grandes, m\u00e1s firmes y m\u00e1s armoniosos con la silueta general de la paciente.<br \/>\n<\/span><span style=\"font-weight: 400;\">Adem\u00e1s, el aumento de senos en plan dual es una t\u00e9cnica segura y eficaz que brinda resultados duraderos y satisfactorios.<\/span><\/p>\n<h2>El precio del aumento de senos dual <span style=\"font-weight: 400;\">avi\u00f3n<\/span><\/h2>\n<p><span style=\"font-weight: 400;\">El costo de este procedimiento incluye los costos de hospitalizaci\u00f3n, honorarios quir\u00fargicos, costos de implantes mamarios y costos de anestesia.\u00a0<\/span><\/p>\n<p><span style=\"font-weight: 400;\">La colocaci\u00f3n de pr\u00f3tesis mamarias en gel de silicona con t\u00e9cnica dual plan, bajo anestesia general, con una noche de estancia en la cl\u00ednica, es accesible desde 4.700\u20ac.<\/span><\/p>\n<h2>\u00bfDeber\u00edas elegir este m\u00e9todo?<\/h2>\n<p><span style=\"font-weight: 400;\">El aumento de senos de plan dual es una t\u00e9cnica popular para aumentar el volumen de los senos mientras se obtiene un resultado natural y armonioso.\u00a0<\/span><\/p>\n<p><span style=\"font-weight: 400;\">Es importante considerar que la colocaci\u00f3n de implantes mamarios en plan dual requiere de una especializaci\u00f3n superior a la media, ya que es una colocaci\u00f3n de implantes m\u00e1s compleja.<br \/>\n<\/span><span style=\"font-weight: 400;\">El Dr. Christophe Desouches ha estado ofreciendo numerosos tratamientos de aumento de senos durante varios a\u00f1os. Cualquiera que sea la forma de implantes que prefiera o la posici\u00f3n deseada del implante, \u00e9l le dar\u00e1 el mejor consejo para brindarle los resultados que desea.<\/span><\/p>\n<p><span style=\"font-weight: 400;\">Si est\u00e1 considerando un aumento de senos, el Dr. Christophe Desouches est\u00e1 a su disposici\u00f3n para discutir las ventajas y desventajas de la t\u00e9cnica de doble plan. Entonces sabr\u00e1s si es la elecci\u00f3n correcta para ti, dependiendo de tus objetivos y tu morfolog\u00eda.\u00a0<\/span><\/p>\n<p><a href=\"\/es\/cirugia-estetica\/faq-cirugia-cosmetica\/preguntas-frecuentes-preguntas-frecuentes-aumento-de-los-senos\/\"><span style=\"font-weight: 400;\">Preguntas frecuentes sobre el aumento de senos<\/span><\/a><\/p>","protected":false},"excerpt":{"rendered":"<p>Une technique en vogue pour des r\u00e9sultats naturels et harmonieux L&#8217;augmentation mammaire est une intervention chirurgicale courante qui vise \u00e0 augmenter le volume des seins chez les femmes insatisfaites de leur poitrine. Cependant, selon le contexte, la proc\u00e9dure peut parfois donner des r\u00e9sultats qui manquent de naturel.\u00a0 C&#8217;est pourquoi certaines femmes optent pour l&#8217;augmentation mammaire [&hellip;]<\/p>\n","protected":false},"author":1,"featured_media":0,"parent":1362,"menu_order":3,"comment_status":"closed","ping_status":"closed","template":"","meta":{"_et_pb_use_builder":"","_et_pb_old_content":"","_et_gb_content_width":"","footnotes":""},"dipi_cpt_category":[],"class_list":["post-16219","page","type-page","status-publish","hentry"],"_links":{"self":[{"href":"https:\/\/www.desouches-chirurgien-esthetique.com\/es\/wp-json\/wp\/v2\/pages\/16219","targetHints":{"allow":["GET"]}}],"collection":[{"href":"https:\/\/www.desouches-chirurgien-esthetique.com\/es\/wp-json\/wp\/v2\/pages"}],"about":[{"href":"https:\/\/www.desouches-chirurgien-esthetique.com\/es\/wp-json\/wp\/v2\/types\/page"}],"author":[{"embeddable":true,"href":"https:\/\/www.desouches-chirurgien-esthetique.com\/es\/wp-json\/wp\/v2\/users\/1"}],"replies":[{"embeddable":true,"href":"https:\/\/www.desouches-chirurgien-esthetique.com\/es\/wp-json\/wp\/v2\/comments?post=16219"}],"version-history":[{"count":7,"href":"https:\/\/www.desouches-chirurgien-esthetique.com\/es\/wp-json\/wp\/v2\/pages\/16219\/revisions"}],"predecessor-version":[{"id":23420573,"href":"https:\/\/www.desouches-chirurgien-esthetique.com\/es\/wp-json\/wp\/v2\/pages\/16219\/revisions\/23420573"}],"up":[{"embeddable":true,"href":"https:\/\/www.desouches-chirurgien-esthetique.com\/es\/wp-json\/wp\/v2\/pages\/1362"}],"wp:attachment":[{"href":"https:\/\/www.desouches-chirurgien-esthetique.com\/es\/wp-json\/wp\/v2\/media?parent=16219"}],"wp:term":[{"taxonomy":"dipi_cpt_category","embeddable":true,"href":"https:\/\/www.desouches-chirurgien-esthetique.com\/es\/wp-json\/wp\/v2\/dipi_cpt_category?post=16219"}],"curies":[{"name":"gracias","href":"https:\/\/api.w.org\/{rel}","templated":true}]}}