{"id":16157,"date":"2022-11-18T18:24:25","date_gmt":"2022-11-18T17:24:25","guid":{"rendered":"https:\/\/www.desouches-chirurgien-esthetique.com\/?page_id=16157"},"modified":"2024-02-07T15:14:28","modified_gmt":"2024-02-07T14:14:28","slug":"una-hermosa-cicatriz-con-el-laser-urgotouch","status":"publish","type":"page","link":"https:\/\/www.desouches-chirurgien-esthetique.com\/es\/innovations\/cicatrice-laser-urgotouch\/","title":{"rendered":"Curaci\u00f3n con el L\u00e1ser UrgoTouch"},"content":{"rendered":"<h2>Para una mejor curaci\u00f3n despu\u00e9s de la cirug\u00eda.<\/h2>\n<p><span style=\"font-weight: 400;\">Las cicatrices postoperatorias pueden ser vergonzosas para muchas personas, a pesar de que son un proceso de curaci\u00f3n natural.<br \/>\n<\/span><span style=\"font-weight: 400;\">Desgraciadamente, su aspecto final depende de muchos factores como la calidad de tu piel, tu fototipo, enfermedades o tratamientos, e incluso tu estilo de vida.<br \/>\n<\/span><span style=\"font-weight: 400;\">Como resultado, 9 de cada 10 pacientes agradecer\u00edan tener una cicatriz m\u00e1s discreta.<\/span><\/p>\n<p><span style=\"font-weight: 400;\">Entonces, \u00bfqu\u00e9 soluciones hay disponibles para proteger tu piel y tu apariencia?<\/span><\/p>\n<h2>Reducci\u00f3n de cicatrices visibles con el l\u00e1ser UrgoTouch<\/h2>\n<p><span style=\"font-weight: 400;\">El l\u00e1ser UrgoTouch puede mejorar significativamente la apariencia de sus cicatrices y hacerlas menos visibles. Se puede utilizar para cualquier tipo de cirug\u00eda, incluyendo aumento de senos, abdominoplastia, levantamiento de senos y m\u00e1s.<\/span><\/p>\n<p><span style=\"font-weight: 400;\">El Dr. Christophe Desouches es uno de los primeros cirujanos est\u00e9ticos del sur de Francia en utilizar este l\u00e1ser para brindarle la mejor atenci\u00f3n y los mejores resultados posibles.<\/span><\/p>\n<div id=\"attachment_16249\" style=\"width: 510px\" class=\"wp-caption alignnone\"><img decoding=\"async\" aria-describedby=\"caption-attachment-16249\" class=\"wp-image-16249\" src=\"https:\/\/www.desouches-chirurgien-esthetique.com\/wp-content\/uploads\/2023\/03\/laser-URGOTOUCH-cicatrices-profil-incline.png\" alt=\"L\u00e1ser para perfiles inclinados URGOTOUCH\" width=\"500\" height=\"333\" srcset=\"https:\/\/www.desouches-chirurgien-esthetique.com\/wp-content\/uploads\/2023\/03\/laser-URGOTOUCH-cicatrices-profil-incline.png 500w, https:\/\/www.desouches-chirurgien-esthetique.com\/wp-content\/uploads\/2023\/03\/laser-URGOTOUCH-cicatrices-profil-incline-480x320.png 480w\" sizes=\"(min-width: 0px) and (max-width: 480px) 480px, (min-width: 481px) 500px, 100vw\" \/><p id=\"caption-attachment-16249\" class=\"wp-caption-text\">El l\u00e1ser URGOTOUCH.<\/p><\/div>\n<p>&nbsp;<\/p>\n<div id=\"attachment_23419094\" style=\"width: 706px\" class=\"wp-caption alignnone\"><img decoding=\"async\" aria-describedby=\"caption-attachment-23419094\" class=\"wp-image-23419094 size-full\" src=\"https:\/\/www.desouches-chirurgien-esthetique.com\/wp-content\/uploads\/2024\/02\/phototype-laser-urgotouch-tout-type-de-peaumarseille.jpg\" alt=\"fototipia l\u00e1ser urgotouch todo tipo de pieles\" width=\"696\" height=\"344\" srcset=\"https:\/\/www.desouches-chirurgien-esthetique.com\/wp-content\/uploads\/2024\/02\/phototype-laser-urgotouch-tout-type-de-peaumarseille.jpg 696w, https:\/\/www.desouches-chirurgien-esthetique.com\/wp-content\/uploads\/2024\/02\/phototype-laser-urgotouch-tout-type-de-peaumarseille-480x237.jpg 480w\" sizes=\"(min-width: 0px) and (max-width: 480px) 480px, (min-width: 481px) 696px, 100vw\" \/><p id=\"caption-attachment-23419094\" class=\"wp-caption-text\">Eficaz en todo tipo de piel.<\/p><\/div>\n<p>&nbsp;<\/p>\n<h3>\u00bfComo funciona?<\/h3>\n<p><span style=\"font-weight: 400;\">El l\u00e1ser UrgoTouch estimula la curaci\u00f3n al calentar el \u00e1rea objetivo inmediatamente despu\u00e9s de que se completa la cirug\u00eda. El calor generado reduce las reacciones inflamatorias, secreta prote\u00ednas espec\u00edficas y promueve la reorganizaci\u00f3n de las fibras de col\u00e1geno, lo que conduce a una curaci\u00f3n m\u00e1s armoniosa.<\/span><\/p>\n<h3>Resultados y Beneficios<\/h3>\n<ul>\n<li style=\"font-weight: 400;\" aria-level=\"1\"><span style=\"font-weight: 400;\">Al final de la operaci\u00f3n solo es necesaria la intervenci\u00f3n l\u00e1ser.<\/span><\/li>\n<li style=\"font-weight: 400;\" aria-level=\"1\"><span style=\"font-weight: 400;\">Una mejora significativa de 30 a 35% en los criterios de espesor, ancho, pigmentaci\u00f3n, elasticidad y rugosidad.<\/span><\/li>\n<li style=\"font-weight: 400;\" aria-level=\"1\"><span style=\"font-weight: 400;\">En un estudio de comparaci\u00f3n de mamas, 100% de pacientes prefirieron las cicatrices de la mama tratadas con el l\u00e1ser UrgoTouch<\/span><\/li>\n<\/ul>\n<p><span style=\"font-weight: 400;\">Tenga en cuenta que este tratamiento no se puede utilizar para mejorar una cicatriz existente, ya que act\u00faa sobre el proceso de cicatrizaci\u00f3n.<\/span><\/p>\n<div id=\"attachment_16251\" style=\"width: 807px\" class=\"wp-caption alignnone\"><img decoding=\"async\" aria-describedby=\"caption-attachment-16251\" class=\"wp-image-16251\" src=\"https:\/\/www.desouches-chirurgien-esthetique.com\/wp-content\/uploads\/2023\/03\/cicatrice-augmentation-mammaire-amelioree-avec-laser-urgotouch-1024x682.webp\" alt=\"cicatriz de aumento de senos mejorada con l\u00e1ser urgotouch\" width=\"797\" height=\"531\" \/><p id=\"caption-attachment-16251\" class=\"wp-caption-text\">Cicatrices mejoradas con el l\u00e1ser URGOTOUCH<\/p><\/div>","protected":false},"excerpt":{"rendered":"<p>Pour une meilleure cicatrisation apr\u00e8s une intervention chirurgicale Les cicatrices post-op\u00e9ratoires peuvent \u00eatre g\u00eanantes pour de nombreuses personnes, m\u00eame si elles sont un processus naturel de gu\u00e9rison. Malheureusement, leur aspect final d\u00e9pend de nombreux facteurs tels que la qualit\u00e9 de votre peau, votre phototype, d&#8217;\u00e9ventuelles maladies ou traitements, et m\u00eame de votre mode de vie. [&hellip;]<\/p>\n","protected":false},"author":1,"featured_media":0,"parent":577,"menu_order":10,"comment_status":"closed","ping_status":"closed","template":"","meta":{"_et_pb_use_builder":"","_et_pb_old_content":"","_et_gb_content_width":"","footnotes":""},"dipi_cpt_category":[],"class_list":["post-16157","page","type-page","status-publish","hentry"],"_links":{"self":[{"href":"https:\/\/www.desouches-chirurgien-esthetique.com\/es\/wp-json\/wp\/v2\/pages\/16157","targetHints":{"allow":["GET"]}}],"collection":[{"href":"https:\/\/www.desouches-chirurgien-esthetique.com\/es\/wp-json\/wp\/v2\/pages"}],"about":[{"href":"https:\/\/www.desouches-chirurgien-esthetique.com\/es\/wp-json\/wp\/v2\/types\/page"}],"author":[{"embeddable":true,"href":"https:\/\/www.desouches-chirurgien-esthetique.com\/es\/wp-json\/wp\/v2\/users\/1"}],"replies":[{"embeddable":true,"href":"https:\/\/www.desouches-chirurgien-esthetique.com\/es\/wp-json\/wp\/v2\/comments?post=16157"}],"version-history":[{"count":6,"href":"https:\/\/www.desouches-chirurgien-esthetique.com\/es\/wp-json\/wp\/v2\/pages\/16157\/revisions"}],"predecessor-version":[{"id":23419095,"href":"https:\/\/www.desouches-chirurgien-esthetique.com\/es\/wp-json\/wp\/v2\/pages\/16157\/revisions\/23419095"}],"up":[{"embeddable":true,"href":"https:\/\/www.desouches-chirurgien-esthetique.com\/es\/wp-json\/wp\/v2\/pages\/577"}],"wp:attachment":[{"href":"https:\/\/www.desouches-chirurgien-esthetique.com\/es\/wp-json\/wp\/v2\/media?parent=16157"}],"wp:term":[{"taxonomy":"dipi_cpt_category","embeddable":true,"href":"https:\/\/www.desouches-chirurgien-esthetique.com\/es\/wp-json\/wp\/v2\/dipi_cpt_category?post=16157"}],"curies":[{"name":"gracias","href":"https:\/\/api.w.org\/{rel}","templated":true}]}}