{"id":15621,"date":"2022-06-24T10:54:27","date_gmt":"2022-06-24T08:54:27","guid":{"rendered":"https:\/\/www.desouches-chirurgien-esthetique.com\/?page_id=15621"},"modified":"2023-09-18T11:13:14","modified_gmt":"2023-09-18T09:13:14","slug":"lifting-nefertiti","status":"publish","type":"page","link":"https:\/\/www.desouches-chirurgien-esthetique.com\/es\/medecine-esthetique\/medecine-esthetique-du-visage\/medecine-esthetique-de-lovale-et-du-cou\/lifting-nefertiti\/","title":{"rendered":"Nefertiti Facelift"},"content":{"rendered":"<h2>\u00bfSue\u00f1as con rejuvenecer el contorno de tu mand\u00edbula y la apariencia de tu cuello?<\/h2>\n<p><span style=\"font-weight: 400;\">Si quieres revertir los signos de la edad en el \u00f3valo de tu rostro, l\u00ednea de la mand\u00edbula y cuello, el Nefertiti Lift puede ser la soluci\u00f3n que est\u00e1s buscando.<\/span><\/p>\n<p><span style=\"font-weight: 400;\">La reina egipcia Nefertiti es universalmente reconocida como un \u00edcono de la belleza, en parte debido a su elegante y bien definida mand\u00edbula. La t\u00e9cnica est\u00e9tica que lleva su nombre, el Nefertiti Neck Lift o Lifting N\u00e9fertiti, utiliza botox para mejorar la definici\u00f3n de la mand\u00edbula y el cuello.<\/span><\/p>\n<p><span style=\"font-weight: 400;\">Los m\u00fasculos verticales que se extienden desde la base del cuello hasta la mand\u00edbula, conocidos como bandas platismales, tiran continuamente de la parte inferior de la cara. Con el paso de los a\u00f1os, esta tensi\u00f3n conduce a la flacidez de la piel, p\u00e9rdida de definici\u00f3n en la l\u00ednea de la mand\u00edbula y tensi\u00f3n en el cuello.\u00a0<\/span><\/p>\n<p><span style=\"font-weight: 400;\">El estiramiento Nefertiti evitar\u00e1 que estos m\u00fasculos se tiren hacia abajo para restaurar una apariencia m\u00e1s joven, m\u00e1s firme y contorneada, sin cirug\u00eda. Esta es una nueva t\u00e9cnica en la que se colocan m\u00faltiples inyecciones de Botox a lo largo de la mand\u00edbula inferior, as\u00ed como por el costado del cuello a lo largo de los cordones platismales.\u00a0<\/span><\/p>\n<h2>Resultados y Beneficios del Lifting Facial Nefertiti<\/h2>\n<ul>\n<li style=\"font-weight: 400;\" aria-level=\"1\"><span style=\"font-weight: 400;\">Mejor definici\u00f3n de la mand\u00edbula<\/span><\/li>\n<li style=\"font-weight: 400;\" aria-level=\"1\"><span style=\"font-weight: 400;\">Lifting de la parte inferior de la cara<\/span><\/li>\n<li style=\"font-weight: 400;\" aria-level=\"1\"><span style=\"font-weight: 400;\">Mejora la apariencia del cuello\u00a0<\/span><\/li>\n<li style=\"font-weight: 400;\" aria-level=\"1\"><span style=\"font-weight: 400;\">Armonizaci\u00f3n del equilibrio del rostro, mand\u00edbula y cuello.<\/span><\/li>\n<li style=\"font-weight: 400;\" aria-level=\"1\"><span style=\"font-weight: 400;\">Corto tiempo de procesamiento<\/span><\/li>\n<li style=\"font-weight: 400;\" aria-level=\"1\"><span style=\"font-weight: 400;\">Alternativa eficaz a los procedimientos quir\u00fargicos<\/span><\/li>\n<\/ul>\n<h2>La t\u00e9cnica de estiramiento facial de Nefertiti<\/h2>\n<p><span style=\"font-weight: 400;\">El lifting facial Nefertiti es un procedimiento que se realiza con <a href=\"\/es\/medicina-estetica\/medicina-estetica-de-la-cara-2\/cirugia-estetica-para-las-arrugas\/antiarrugas-toxina-botulinica-inyeccion-2\/\">inyecciones de b\u00f3tox<\/a> (toxina botul\u00ednica) en la parte inferior de la cara, mand\u00edbula y cuello. Botox es una sustancia que bloquear\u00e1 temporalmente los nervios de los m\u00fasculos para evitar la contracci\u00f3n. De hecho, es esta contracci\u00f3n muscular la que puede contribuir a causar arrugas y otros signos de envejecimiento.<br \/>\n<\/span><span style=\"font-weight: 400;\">Con la t\u00e9cnica de estiramiento facial Nefertiti, los m\u00fasculos objetivo son los m\u00fasculos platysma que se extienden a lo largo del cuello, fijados en la parte inferior de la cara y al nivel de las clav\u00edculas.\u00a0<\/span><\/p>\n<p><span style=\"font-weight: 400;\">Como cirujano pl\u00e1stico en Marsella, el Dr. Christophe Desouches inyecta Botox en partes espec\u00edficas de estos m\u00fasculos para lograr los beneficios deseados.<br \/>\n<\/span><span style=\"font-weight: 400;\">El resultado deseado debe ser natural y visible.<br \/>\n<\/span><span style=\"font-weight: 400;\">El impacto resultante ser\u00e1 entonces particularmente apreciable.<\/span><\/p>\n<p><span style=\"font-weight: 400;\">Generalmente, el tratamiento de esta zona requiere de 3 a 5 inyecciones en los distintos m\u00fasculos afectados. Son pr\u00e1cticamente indoloros. Se aplica una crema anest\u00e9sica y una compresa fr\u00eda antes del tratamiento de Botox para minimizar la sensaci\u00f3n de &quot;pellizco&quot;.<\/span><\/p>\n<p><span style=\"font-weight: 400;\">Los resultados son visibles despu\u00e9s de algunos d\u00edas, se asientan gradualmente durante los primeros quince d\u00edas y luego se estabilizan en la tercera semana.<\/span><\/p>\n<p><span style=\"font-weight: 400;\">Estamos considerando un posible retoque a las 4 semanas. Los efectos duran alrededor de 5 a 6 meses. Con inyecciones repetidas, los resultados tienden a persistir por m\u00e1s tiempo.<\/span><\/p>\n<p><span style=\"font-weight: 400;\">Varios estudios durante la \u00faltima d\u00e9cada y varios art\u00edculos cient\u00edficos sobre el estiramiento facial Nefertiti han demostrado que el procedimiento tiene resultados positivos.<\/span><\/p>\n<h2>Contraindicaciones<\/h2>\n<p><span style=\"font-weight: 400;\">Ciertas enfermedades neuromusculares como la miastenia grave o la esclerosis m\u00faltiple.<br \/>\n<\/span><span style=\"font-weight: 400;\">Embarazo y lactancia.<br \/>\n<\/span><span style=\"font-weight: 400;\">Hipersensibilidad conocida a la neurotoxina botul\u00ednica o a la alb\u00famina.<br \/>\n<\/span><span style=\"font-weight: 400;\">Tratamiento con aminogluc\u00f3sidos (antibi\u00f3ticos).<\/span><\/p>\n<h2>Efectos secundarios de las inyecciones de Botox<\/h2>\n<p><span style=\"font-weight: 400;\">Enrojecimiento o hematoma en los sitios de inyecci\u00f3n.<br \/>\n<\/span><span style=\"font-weight: 400;\">Trastornos de la sensibilidad con sensaci\u00f3n de tensi\u00f3n o rigidez muscular.<br \/>\n<\/span><span style=\"font-weight: 400;\">Imperfecciones de resultados corregibles durante el retoque despu\u00e9s de un mes: persistencia de l\u00edneas finas, asimetr\u00eda, levantamiento de una ceja, trastornos de la expresi\u00f3n facial.<\/span><\/p>","protected":false},"excerpt":{"rendered":"<p>Vous r\u00eavez de rajeunir le contour de votre m\u00e2choire et l\u2019apparence de votre cou ? Si vous souhaitez inverser les signes du vieillissement au niveau de l\u2019ovale de votre visage, de la ligne mandibulaire et du cou, le Lifting N\u00e9fertiti est peut \u00eatre la solution que vous recherchez. La reine \u00e9gyptienne N\u00e9fertiti est universellement reconnue [&hellip;]<\/p>\n","protected":false},"author":1,"featured_media":0,"parent":17488,"menu_order":2,"comment_status":"closed","ping_status":"closed","template":"","meta":{"_et_pb_use_builder":"","_et_pb_old_content":"","_et_gb_content_width":"","footnotes":""},"dipi_cpt_category":[],"class_list":["post-15621","page","type-page","status-publish","hentry"],"_links":{"self":[{"href":"https:\/\/www.desouches-chirurgien-esthetique.com\/es\/wp-json\/wp\/v2\/pages\/15621","targetHints":{"allow":["GET"]}}],"collection":[{"href":"https:\/\/www.desouches-chirurgien-esthetique.com\/es\/wp-json\/wp\/v2\/pages"}],"about":[{"href":"https:\/\/www.desouches-chirurgien-esthetique.com\/es\/wp-json\/wp\/v2\/types\/page"}],"author":[{"embeddable":true,"href":"https:\/\/www.desouches-chirurgien-esthetique.com\/es\/wp-json\/wp\/v2\/users\/1"}],"replies":[{"embeddable":true,"href":"https:\/\/www.desouches-chirurgien-esthetique.com\/es\/wp-json\/wp\/v2\/comments?post=15621"}],"version-history":[{"count":4,"href":"https:\/\/www.desouches-chirurgien-esthetique.com\/es\/wp-json\/wp\/v2\/pages\/15621\/revisions"}],"predecessor-version":[{"id":23418866,"href":"https:\/\/www.desouches-chirurgien-esthetique.com\/es\/wp-json\/wp\/v2\/pages\/15621\/revisions\/23418866"}],"up":[{"embeddable":true,"href":"https:\/\/www.desouches-chirurgien-esthetique.com\/es\/wp-json\/wp\/v2\/pages\/17488"}],"wp:attachment":[{"href":"https:\/\/www.desouches-chirurgien-esthetique.com\/es\/wp-json\/wp\/v2\/media?parent=15621"}],"wp:term":[{"taxonomy":"dipi_cpt_category","embeddable":true,"href":"https:\/\/www.desouches-chirurgien-esthetique.com\/es\/wp-json\/wp\/v2\/dipi_cpt_category?post=15621"}],"curies":[{"name":"gracias","href":"https:\/\/api.w.org\/{rel}","templated":true}]}}