{"id":15619,"date":"2022-06-24T10:53:50","date_gmt":"2022-06-24T08:53:50","guid":{"rendered":"https:\/\/www.desouches-chirurgien-esthetique.com\/?page_id=15619"},"modified":"2026-04-09T10:57:18","modified_gmt":"2026-04-09T08:57:18","slug":"dermapen-microneedling-marseille","status":"publish","type":"page","link":"https:\/\/www.desouches-chirurgien-esthetique.com\/es\/soins-medico-esthetiques\/dermapen-microneedling-marseille\/","title":{"rendered":"Microneedling par Dermapen"},"content":{"rendered":"<p>Le Dermapen, dispositif de microneedling de derni\u00e8re g\u00e9n\u00e9ration, r\u00e9g\u00e9n\u00e8re la peau et traite en profondeur les cicatrices de diverses origines.<br \/>\nEn r\u00e9sultent une meilleure qualit\u00e9 de peau et un aspect rajeuni.<\/p>\n<h2>Qu&#8217;est-ce que le Dermapen ?<\/h2>\n<p>Le Dermapen utilise la technique du microneedling.<br \/>\nD\u00e9velopp\u00e9 par DermapenWorld et fort de plus de 3 millions de proc\u00e9dures r\u00e9alis\u00e9es dans le monde, il est con\u00e7u pour att\u00e9nuer efficacement et en toute s\u00e9curit\u00e9 l&#8217;apparence des rides et les cicatrices du visage et du corps.<br \/>\nLe Dermapen cr\u00e9e des milliers de &#8220;micro&#8221; perforations cutan\u00e9es par seconde gr\u00e2ce \u00e0 sa cartouche de 16 aiguilles dot\u00e9e de la technologie AOVN, qui p\u00e9n\u00e8tre la peau de mani\u00e8re parfaitement verticale. Contrairement aux dermarollers traditionnels, cette insertion verticale pr\u00e9serve l&#8217;int\u00e9grit\u00e9 cutan\u00e9e et stimule le processus naturel de cicatrisation, afin de provoquer le remodelage des tissus sans formation de tissu cicatriciel.<br \/>\nLa technique du microneedling consiste \u00e0 stimuler la peau par un ensemble de mini aiguilles qui agissent sur des zones sp\u00e9cifiques du visage ou du corps.<br \/>\nCette technique de m\u00e9decine esth\u00e9tique permet de faire p\u00e9n\u00e9trer un complexe de vitamines et d&#8217;acide hyaluronique \u00e0 l&#8217;aide des mini aiguilles afin de r\u00e9parer plus efficacement le derme endommag\u00e9.<\/p>\n<div id=\"attachment_23420614\" style=\"width: 605px\" class=\"wp-caption alignnone\"><img decoding=\"async\" aria-describedby=\"caption-attachment-23420614\" class=\"wp-image-23420614 size-full\" src=\"https:\/\/www.desouches-chirurgien-esthetique.com\/wp-content\/uploads\/2026\/03\/Microneedling-avec-dermapen.webp\" alt=\"Microneedling par Dermapen\" width=\"595\" height=\"301\" srcset=\"https:\/\/www.desouches-chirurgien-esthetique.com\/wp-content\/uploads\/2026\/03\/Microneedling-avec-dermapen.webp 595w, https:\/\/www.desouches-chirurgien-esthetique.com\/wp-content\/uploads\/2026\/03\/Microneedling-avec-dermapen-480x243.webp 480w\" sizes=\"(min-width: 0px) and (max-width: 480px) 480px, (min-width: 481px) 595px, 100vw\" \/><p id=\"caption-attachment-23420614\" class=\"wp-caption-text\">Dermapen<\/p><\/div>\n<h2>Les avantages du microneedling avec Dermapen<\/h2>\n<p><strong>Eficiencia<\/strong> &#8211; Le microneedling corrige plusieurs types de d\u00e9fauts (diff\u00e9rences de coloration, irr\u00e9gularit\u00e9s, petites imperfections, cicatrices) de la surface de la peau. Il permet d&#8217;am\u00e9liorer la texture et la souplesse de l&#8217;\u00e9piderme. Les d\u00e9fauts sont att\u00e9nu\u00e9s et la peau visiblement plus lisse.<\/p>\n<p><strong>Seguridad<\/strong> &#8211; Le Dermapen utilise des cartouches d&#8217;aiguilles st\u00e9riles \u00e0 usage unique, con\u00e7ues dans un souci de s\u00e9curit\u00e9 maximale. Son syst\u00e8me de cartouche ferm\u00e9e emp\u00eache toute contamination crois\u00e9e entre les proc\u00e9dures.<\/p>\n<p><strong>Comodidad<\/strong> &#8211; C&#8217;est une technique peu invasive, parfaitement tol\u00e9r\u00e9e, et la plupart des patients peuvent reprendre leurs activit\u00e9s normales dans les 24 heures.<\/p>\n<p>Le Dr Christophe Desouches, chirurgien esth\u00e9tique \u00e0 Marseille, recommande le microneedling avec Dermapen pour les indications suivantes :<\/p>\n<ul>\n<li>Las l\u00edneas finas del rostro y el fotoenvejecimiento<\/li>\n<li>Hiperpigmentaci\u00f3n o hipopigmentaci\u00f3n<\/li>\n<li>Anomal\u00edas de decoloraci\u00f3n de la piel<\/li>\n<li>S\u00e9quelles cutan\u00e9es d&#8217;accident ou br\u00fblure<\/li>\n<li>S\u00e9quelles et cicatrices d&#8217;acn\u00e9, de varicelle ou de vergetures<\/li>\n<li>Perte d&#8217;\u00e9lasticit\u00e9 de la peau<\/li>\n<\/ul>\n<h2>D\u00e9roulement d&#8217;un microneedling avec Dermapen<\/h2>\n<p>Le microneedling est une intervention douce et sans douleur.<br \/>\nAfin de privil\u00e9gier votre confort, l&#8217;\u00e9quipe du Dr Desouches r\u00e9alise les interventions au cabinet, avec application d&#8217;une cr\u00e8me anesth\u00e9siante avant la s\u00e9ance qui dure de 15 \u00e0 20 mn.<br \/>\nLa s\u00e9ance d\u00e9bute par la r\u00e9alisation de micro-perforations sur la zone \u00e0 traiter \u00e0 l&#8217;aide du Dermapen.<br \/>\nUn complexe de vitamines et d&#8217;acide hyaluronique est appliqu\u00e9 sur la peau l\u00e9s\u00e9e permettant un passage transcutan\u00e9 de la solution.<br \/>\nApr\u00e8s la s\u00e9ance, une s\u00e9ance de LED peut \u00eatre r\u00e9alis\u00e9e pour apaiser l&#8217;inflammation et stimuler la r\u00e9g\u00e9n\u00e9ration.<\/p>\n<p>Les r\u00e9sultats se constatent apr\u00e8s deux mois, correspondant au d\u00e9lai de r\u00e9g\u00e9n\u00e9ration de la peau.<\/p>\n<p>Le nombre de s\u00e9ances d\u00e9pend de chaque patiente, elles doivent \u00eatre espac\u00e9es de quelques semaines.<br \/>\nG\u00e9n\u00e9ralement, avec trois traitements espac\u00e9s de 30 jours, vous pouvez am\u00e9liorer votre apparence de peau de mani\u00e8re significative.<\/p>\n<h2>Quel est le prix du microneedling avec Dermapen ?<\/h2>\n<p><a href=\"https:\/\/www.desouches-chirurgien-esthetique.com\/es\/honoraires\/#tarifs-soins-medico-esthetiques\">D\u00e9couvrez tous nos tarifs de s\u00e9ances de microneedling avec Dermapen &gt;<\/a><\/p>","protected":false},"excerpt":{"rendered":"<p>Le Dermapen, dispositif de microneedling de derni\u00e8re g\u00e9n\u00e9ration, r\u00e9g\u00e9n\u00e8re la peau et traite en profondeur les cicatrices de diverses origines. En r\u00e9sultent une meilleure qualit\u00e9 de peau et un aspect rajeuni. Qu&#8217;est-ce que le Dermapen ? Le Dermapen utilise la technique du microneedling. D\u00e9velopp\u00e9 par DermapenWorld et fort de plus de 3 millions de proc\u00e9dures [&hellip;]<\/p>\n","protected":false},"author":1,"featured_media":0,"parent":23420617,"menu_order":4,"comment_status":"closed","ping_status":"closed","template":"","meta":{"_et_pb_use_builder":"","_et_pb_old_content":"","_et_gb_content_width":"","footnotes":""},"dipi_cpt_category":[],"class_list":["post-15619","page","type-page","status-publish","hentry"],"_links":{"self":[{"href":"https:\/\/www.desouches-chirurgien-esthetique.com\/es\/wp-json\/wp\/v2\/pages\/15619","targetHints":{"allow":["GET"]}}],"collection":[{"href":"https:\/\/www.desouches-chirurgien-esthetique.com\/es\/wp-json\/wp\/v2\/pages"}],"about":[{"href":"https:\/\/www.desouches-chirurgien-esthetique.com\/es\/wp-json\/wp\/v2\/types\/page"}],"author":[{"embeddable":true,"href":"https:\/\/www.desouches-chirurgien-esthetique.com\/es\/wp-json\/wp\/v2\/users\/1"}],"replies":[{"embeddable":true,"href":"https:\/\/www.desouches-chirurgien-esthetique.com\/es\/wp-json\/wp\/v2\/comments?post=15619"}],"version-history":[{"count":7,"href":"https:\/\/www.desouches-chirurgien-esthetique.com\/es\/wp-json\/wp\/v2\/pages\/15619\/revisions"}],"predecessor-version":[{"id":23420691,"href":"https:\/\/www.desouches-chirurgien-esthetique.com\/es\/wp-json\/wp\/v2\/pages\/15619\/revisions\/23420691"}],"up":[{"embeddable":true,"href":"https:\/\/www.desouches-chirurgien-esthetique.com\/es\/wp-json\/wp\/v2\/pages\/23420617"}],"wp:attachment":[{"href":"https:\/\/www.desouches-chirurgien-esthetique.com\/es\/wp-json\/wp\/v2\/media?parent=15619"}],"wp:term":[{"taxonomy":"dipi_cpt_category","embeddable":true,"href":"https:\/\/www.desouches-chirurgien-esthetique.com\/es\/wp-json\/wp\/v2\/dipi_cpt_category?post=15619"}],"curies":[{"name":"gracias","href":"https:\/\/api.w.org\/{rel}","templated":true}]}}