{"id":1491,"date":"2021-03-05T19:22:58","date_gmt":"2021-03-05T18:22:58","guid":{"rendered":"https:\/\/www.desouches-chirurgien-esthetique.com\/?page_id=1491"},"modified":"2023-07-26T14:54:19","modified_gmt":"2023-07-26T12:54:19","slug":"ninfoplastia","status":"publish","type":"page","link":"https:\/\/www.desouches-chirurgien-esthetique.com\/es\/chirurgie-esthetique\/chirurgie-intime\/chirurgie-intime-du-sexe-feminin\/nymphoplastie\/","title":{"rendered":"Ninfoplastia"},"content":{"rendered":"<p>Los genitales femeninos est\u00e1n protegidos por dos pliegues de piel llamados labios mayores y dos pliegues mucosos llamados labios menores. Generalmente, los labios menores quedan ocultos por los labios mayores. Algunas mujeres tienen un<strong>\u00a0hipertrofia<\/strong> labios menores. Esto puede causar molestias durante las relaciones sexuales o al usar pantalones ajustados. Las personas con esta anomal\u00eda a menudo consideran que la apariencia es desagradable. El objetivo de esta intervenci\u00f3n es restaurar una apariencia armoniosa de los genitales con los labios menores al mismo nivel que los labios mayores.<\/p>\n<h2>La intervenci\u00f3n<\/h2>\n<p style=\"text-align: center;\"><img decoding=\"async\" class=\"aligncenter size-full wp-image-1489\" src=\"https:\/\/www.desouches-chirurgien-esthetique.com\/wp-content\/uploads\/2021\/03\/chirurgie-intime-nymphoplastie-pic1.jpg\" alt=\"Ninfoplastia\" width=\"249\" height=\"117\" \/><\/p>\n<p>El procedimiento consiste en resecar el exceso de mucosa de los labios menores m\u00e1s all\u00e1 de los labios mayores (Figura 1). Se colocan suturas absorbibles en el borde libre. La anestesia utilizada suele ser local combinada con sedaci\u00f3n intravenosa. El procedimiento suele realizarse de forma ambulatoria, con alta el mismo d\u00eda.<\/p>\n<h2>La consulta inicial<\/h2>\n<p>La consulta inicial brinda la oportunidad de examinar el agrandamiento, hablar sobre las molestias que pueda causar y explicar los resultados esperados. Tambi\u00e9n permite la evaluaci\u00f3n de cualquier afecci\u00f3n m\u00e9dica que requiera medidas de precauci\u00f3n, como el herpes genital.<\/p>\n<h2>Complicaciones<\/h2>\n<p>Cualquier cirug\u00eda, incluso menor, conlleva riesgos. Estas complicaciones son extremadamente raras y, en este caso, suelen ser leves. No se puede descartar el riesgo de reacciones a la anestesia. La complicaci\u00f3n que a veces se presenta es una infecci\u00f3n o un hematoma.<\/p>\n<p>El\u00a0<strong>ninfoplast\u00eda<\/strong>\u00a0lleva a las cicatrices. La evoluci\u00f3n de estas cicatrices es impredecible y puede ser excepcionalmente desfavorable con la aparici\u00f3n de cicatrices hipertr\u00f3ficas o retr\u00e1ctiles. Estas complicaciones de cicatrizaci\u00f3n pueden causar molestias y requerir cirug\u00eda adicional.<\/p>\n<h2>Antes de la cirug\u00eda<\/h2>\n<p>Es fundamental dejar de fumar al menos un mes antes de la cirug\u00eda, ya que el tabaco contribuye a retrasar la cicatrizaci\u00f3n. No se debe tomar aspirina durante los 10 d\u00edas previos a la cirug\u00eda. Es necesario lavarse con un jab\u00f3n antis\u00e9ptico ginecol\u00f3gico antes de la cirug\u00eda.<\/p>\n<p>El d\u00eda del procedimiento, debe contar con tiempo suficiente para llegar puntualmente sin estr\u00e9s excesivo. Es importante que alguien lo lleve a casa despu\u00e9s de su hospitalizaci\u00f3n.<\/p>\n<h2>Seguimiento postoperatorio<\/h2>\n<p>El curso postoperatorio es generalmente indoloro. Puede aparecer edema y generalmente tarda entre 3 y 5 d\u00edas en desaparecer. La abstinencia sexual es imprescindible durante 3 semanas. El resultado se estabiliza alrededor del 4\u00ba mes. Es en esta fecha que se puede evaluar el resultado final.<\/p>\n<h2>Informaci\u00f3n importante<\/h2>\n<p>Este texto proporciona informaci\u00f3n b\u00e1sica sobre los principios y el procedimiento de la cirug\u00eda de reducci\u00f3n de labios menores. Una buena comprensi\u00f3n del procedimiento y el resultado esperado es esencial antes de considerar esta intervenci\u00f3n. Hay que recalcar que el objetivo de esta cirug\u00eda es lograr una mejora y no obtener la perfecci\u00f3n. Si sus deseos son realistas, el resultado le satisfar\u00e1.<\/p>","protected":false},"excerpt":{"rendered":"<p>Les organes g\u00e9nitaux f\u00e9minin sont prot\u00e9g\u00e9s par deux replis cutan\u00e9s appel\u00e9s grandes l\u00e8vres et deux replis muqueux appel\u00e9s petites l\u00e8vres. G\u00e9n\u00e9ralement, les petites l\u00e8vres sont dissimul\u00e9es par les grandes l\u00e8vres. Certaines femmes pr\u00e9sentent une\u00a0hypertrophie des petites l\u00e8vres. Ceci peut occasionner une g\u00eane lors des rapports sexuels ou lors du port de pantalon serr\u00e9. L&#8217;aspect est [&hellip;]<\/p>\n","protected":false},"author":1,"featured_media":0,"parent":1488,"menu_order":0,"comment_status":"closed","ping_status":"closed","template":"","meta":{"_et_pb_use_builder":"","_et_pb_old_content":"","_et_gb_content_width":"","footnotes":""},"dipi_cpt_category":[],"class_list":["post-1491","page","type-page","status-publish","hentry"],"_links":{"self":[{"href":"https:\/\/www.desouches-chirurgien-esthetique.com\/es\/wp-json\/wp\/v2\/pages\/1491","targetHints":{"allow":["GET"]}}],"collection":[{"href":"https:\/\/www.desouches-chirurgien-esthetique.com\/es\/wp-json\/wp\/v2\/pages"}],"about":[{"href":"https:\/\/www.desouches-chirurgien-esthetique.com\/es\/wp-json\/wp\/v2\/types\/page"}],"author":[{"embeddable":true,"href":"https:\/\/www.desouches-chirurgien-esthetique.com\/es\/wp-json\/wp\/v2\/users\/1"}],"replies":[{"embeddable":true,"href":"https:\/\/www.desouches-chirurgien-esthetique.com\/es\/wp-json\/wp\/v2\/comments?post=1491"}],"version-history":[{"count":3,"href":"https:\/\/www.desouches-chirurgien-esthetique.com\/es\/wp-json\/wp\/v2\/pages\/1491\/revisions"}],"predecessor-version":[{"id":23418709,"href":"https:\/\/www.desouches-chirurgien-esthetique.com\/es\/wp-json\/wp\/v2\/pages\/1491\/revisions\/23418709"}],"up":[{"embeddable":true,"href":"https:\/\/www.desouches-chirurgien-esthetique.com\/es\/wp-json\/wp\/v2\/pages\/1488"}],"wp:attachment":[{"href":"https:\/\/www.desouches-chirurgien-esthetique.com\/es\/wp-json\/wp\/v2\/media?parent=1491"}],"wp:term":[{"taxonomy":"dipi_cpt_category","embeddable":true,"href":"https:\/\/www.desouches-chirurgien-esthetique.com\/es\/wp-json\/wp\/v2\/dipi_cpt_category?post=1491"}],"curies":[{"name":"gracias","href":"https:\/\/api.w.org\/{rel}","templated":true}]}}