{"id":1485,"date":"2021-03-05T19:12:07","date_gmt":"2021-03-05T18:12:07","guid":{"rendered":"https:\/\/www.desouches-chirurgien-esthetique.com\/?page_id=1485"},"modified":"2023-07-10T17:10:23","modified_gmt":"2023-07-10T15:10:23","slug":"tratamiento-eyaculacion-prematura","status":"publish","type":"page","link":"https:\/\/www.desouches-chirurgien-esthetique.com\/es\/medecine-esthetique\/medecine-intime\/medecine-intime-du-sexe-masculin\/traitement-de-lejaculation-precoce\/","title":{"rendered":"tratamiento de eyaculaci\u00f3n precoz"},"content":{"rendered":"<p class=\"intro\">Algunos hombres sufren de eyacular demasiado pronto y no pueden controlar el momento de la eyaculaci\u00f3n.<br class=\"intro\" \/>El Dr. Christophe Desouches, cirujano est\u00e9tico en Marsella, les propone un tratamiento contra la eyaculaci\u00f3n precoz en el marco de una intervenci\u00f3n para ayudarles a mejorar su libido y recuperar relaciones sexuales satisfactorias.<\/p>\n<h2>\u00bfC\u00f3mo tratar la eyaculaci\u00f3n precoz con inyecciones de \u00e1cido hialur\u00f3nico?<\/h2>\n<p>La eyaculaci\u00f3n precoz es un trastorno sexual que genera frustraci\u00f3n en la relaci\u00f3n de pareja.<\/p>\n<p>Este trastorno, que afecta aproximadamente al 20% de los hombres, se caracteriza por la eyaculaci\u00f3n que ocurre repentinamente, de forma involuntaria, dentro de los primeros 2 minutos de la relaci\u00f3n sexual.<\/p>\n<p>El objetivo de este procedimiento realizado por su cirujano est\u00e9tico en Marsella es inyectar \u00e1cido hialur\u00f3nico en el glande, lo que puede tratar la eyaculaci\u00f3n precoz.<br \/>\nDe hecho, el \u00e1cido hialur\u00f3nico, una sustancia natural y reabsorbible, reduce la sensibilidad del glande.<\/p>\n<h2>La intervenci\u00f3n<\/h2>\n<p>Esta operaci\u00f3n utiliza \u00e1cido hialur\u00f3nico, un producto natural fisiol\u00f3gicamente presente en el cuerpo, que se utiliza como voluminizador de diversas zonas del rostro y la silueta. Para un procedimiento \u00edntimo del que el paciente espera una excelente resistencia en el tiempo, el Dr. Christophe Desouches selecciona \u00e1cido hialur\u00f3nico de la mejor calidad posible.<\/p>\n<p>El objetivo de la intervenci\u00f3n es realizar esta inyecci\u00f3n de \u00e1cido hialur\u00f3nico a trav\u00e9s de una c\u00e1nula (aguja de punta redonda) de peque\u00f1o di\u00e1metro, alrededor de la coronilla del glande, de manera de aumentar la calibraci\u00f3n del glande de manera uniforme.<\/p>\n<p>Es recomendable aportar una o dos jeringas de \u00e1cido hialur\u00f3nico durante la sesi\u00f3n para obtener un resultado satisfactorio.<\/p>\n<p>La anestesia utilizada generalmente es local mediante crema.<\/p>\n<p>La operaci\u00f3n indolora tiene una duraci\u00f3n de 30 minutos a 1 hora, dependiendo de la cantidad de \u00e1cido hialur\u00f3nico a inyectar.<\/p>\n<p>Si tiene alguna duda sobre el tratamiento de la eyaculaci\u00f3n precoz, puede concertar una cita con el Dr. Christophe Desouches, cirujano est\u00e9tico afincado en Marsella, quien podr\u00e1 responderle.<\/p>\n<h2>La consulta inicial<\/h2>\n<p>La consulta inicial es una oportunidad para examinarlo, discutir su malestar y explicarle los resultados esperados.<\/p>\n<h2>Complicaciones<\/h2>\n<p>Cualquier cirug\u00eda, incluso menor, conlleva riesgos. Estas complicaciones son extremadamente raras y, en este caso, generalmente leves. No se puede descartar el riesgo de reacciones a la anestesia. Ocasionalmente, se presentan complicaciones como infecciones o hematomas.<\/p>\n<p>El edema puede persistir durante varios meses, pero generalmente es autolimitado.<\/p>\n<h2>Resultado y curso postoperatorio<\/h2>\n<p>El resultado es inmediato.<\/p>\n<p>La disminuci\u00f3n de la sensibilidad del glande se observa desde la primera relaci\u00f3n sexual, lo que permite alargar su duraci\u00f3n.<\/p>\n<p>No se observar\u00e1n molestias durante las erecciones.<\/p>\n<p>La inyecci\u00f3n de \u00e1cido hialur\u00f3nico se tolera perfectamente, no se produce rechazo y se puede reanudar la pr\u00e1ctica de todas las actividades f\u00edsicas y deportivas habituales con total seguridad.<\/p>\n<p>Dado que el \u00e1cido hialur\u00f3nico es un producto absorbible, sus efectos se desvanecen despu\u00e9s de 12 a 18 meses.El Dr. Christophe Desouches estudiar\u00e1 con usted la opci\u00f3n de inyecciones de mantenimiento cada 6 a 12 meses dependiendo de la efectividad del tratamiento.<\/p>\n<p>&nbsp;<\/p>","protected":false},"excerpt":{"rendered":"<p>Certains hommes souffrent d\u2019\u00e9jaculer trop t\u00f4t et de ne pas ma\u00eetriser le moment de l\u2019\u00e9jaculation.Le Dr Christophe Desouches, chirurgien esth\u00e9tique \u00e0 Marseille, leur propose un traitement de l&#8217;\u00e9jaculaton pr\u00e9coce dans le cadre d&#8217;une intervention, afin de les aider \u00e0 am\u00e9liorer leur libido et \u00e0 retrouver des relations sexuelles satisfaisantes. Comment traiter l\u2019\u00e9jaculation pr\u00e9coce par injection [&hellip;]<\/p>\n","protected":false},"author":1,"featured_media":0,"parent":17279,"menu_order":2,"comment_status":"closed","ping_status":"closed","template":"","meta":{"_et_pb_use_builder":"","_et_pb_old_content":"","_et_gb_content_width":"","footnotes":""},"dipi_cpt_category":[],"class_list":["post-1485","page","type-page","status-publish","hentry"],"_links":{"self":[{"href":"https:\/\/www.desouches-chirurgien-esthetique.com\/es\/wp-json\/wp\/v2\/pages\/1485","targetHints":{"allow":["GET"]}}],"collection":[{"href":"https:\/\/www.desouches-chirurgien-esthetique.com\/es\/wp-json\/wp\/v2\/pages"}],"about":[{"href":"https:\/\/www.desouches-chirurgien-esthetique.com\/es\/wp-json\/wp\/v2\/types\/page"}],"author":[{"embeddable":true,"href":"https:\/\/www.desouches-chirurgien-esthetique.com\/es\/wp-json\/wp\/v2\/users\/1"}],"replies":[{"embeddable":true,"href":"https:\/\/www.desouches-chirurgien-esthetique.com\/es\/wp-json\/wp\/v2\/comments?post=1485"}],"version-history":[{"count":1,"href":"https:\/\/www.desouches-chirurgien-esthetique.com\/es\/wp-json\/wp\/v2\/pages\/1485\/revisions"}],"predecessor-version":[{"id":1486,"href":"https:\/\/www.desouches-chirurgien-esthetique.com\/es\/wp-json\/wp\/v2\/pages\/1485\/revisions\/1486"}],"up":[{"embeddable":true,"href":"https:\/\/www.desouches-chirurgien-esthetique.com\/es\/wp-json\/wp\/v2\/pages\/17279"}],"wp:attachment":[{"href":"https:\/\/www.desouches-chirurgien-esthetique.com\/es\/wp-json\/wp\/v2\/media?parent=1485"}],"wp:term":[{"taxonomy":"dipi_cpt_category","embeddable":true,"href":"https:\/\/www.desouches-chirurgien-esthetique.com\/es\/wp-json\/wp\/v2\/dipi_cpt_category?post=1485"}],"curies":[{"name":"gracias","href":"https:\/\/api.w.org\/{rel}","templated":true}]}}