{"id":1481,"date":"2021-03-05T19:07:15","date_gmt":"2021-03-05T18:07:15","guid":{"rendered":"https:\/\/www.desouches-chirurgien-esthetique.com\/?page_id=1481"},"modified":"2023-07-10T17:04:15","modified_gmt":"2023-07-10T15:04:15","slug":"inyeccion-de-acido-hialuronico-en-el-pene","status":"publish","type":"page","link":"https:\/\/www.desouches-chirurgien-esthetique.com\/es\/medecine-esthetique\/medecine-intime\/medecine-intime-du-sexe-masculin\/injection-dacide-hyaluronique-penien\/","title":{"rendered":"Inyecci\u00f3n de \u00e1cido hialur\u00f3nico en el pene"},"content":{"rendered":"<p>Un pene peque\u00f1o puede causar molestias considerables en la vida diaria. El pene est\u00e1 cubierto por una membrana llamada vaina peneana. El objetivo de este procedimiento, realizado por su cirujano pl\u00e1stico en Marsella, es inyectar \u00e1cido hialur\u00f3nico bajo la vaina peneana y el glande.<\/p>\n<p>En algunos casos, esta faloplastia puede combinarse con una cirug\u00eda de alargamiento de pene. Puede requerir varias sesiones para lograr el resultado deseado. Permite un aumento de 20 a 30 cm de la circunferencia inicial.<\/p>\n<p>Importante: despu\u00e9s de la operaci\u00f3n, una vez estabilizados los resultados, el paciente encuentra las relaciones sexuales sin molestias, con la misma sensibilidad del pene que recupera completamente su aspecto natural.<\/p>\n<h2>La intervenci\u00f3n<\/h2>\n<p>Esta operaci\u00f3n utiliza \u00e1cido hialur\u00f3nico, un producto natural fisiol\u00f3gicamente presente en el cuerpo; que se utiliza como voluminizador para diversas zonas del rostro y la silueta. Para una penoplastia est\u00e9tica de la que el paciente espera una excelente resistencia en el tiempo, el Dr. Christophe Desouches selecciona \u00e1cido hialur\u00f3nico de la mejor calidad posible.<\/p>\n<p>El objetivo de la operaci\u00f3n es realizar esta inyecci\u00f3n de \u00e1cido hialur\u00f3nico debajo de la vaina del pene a trav\u00e9s de una c\u00e1nula (aguja de punta redonda) de peque\u00f1o di\u00e1metro, para dejar intacto el pene y los tejidos circundantes.<\/p>\n<p>El cirujano inicia la operaci\u00f3n con inyecciones peri\u00f3dicas de \u00e1cido hialur\u00f3nico desde el pene hasta el glande. El objetivo es obtener una distribuci\u00f3n armoniosa respetando la anatom\u00eda del pene.En una segunda fase, el m\u00e9dico realiza inyecciones peri\u00f3dicas de \u00e1cido hialur\u00f3nico en sentido contrario, y en los laterales, con el fin de obtener el resultado m\u00e1s equilibrado, que el paciente podr\u00e1 apreciar tanto en reposo como en erecci\u00f3n.<\/p>\n<p>Es recomendable suministrar de 5 a 10 jeringas de \u00e1cido hialur\u00f3nico durante la sesi\u00f3n para ver una mejora significativa en la circunferencia del pene.<\/p>\n<p>Se puede considerar una segunda sesi\u00f3n despu\u00e9s de 1 mes si el paciente desea m\u00e1s volumen.<\/p>\n<p>La anestesia utilizada suele ser local sin sedaci\u00f3n. El procedimiento suele realizarse de forma ambulatoria, con alta el mismo d\u00eda.<\/p>\n<p>La operaci\u00f3n indolora tiene una duraci\u00f3n de 30 minutos a 1 hora, dependiendo de la cantidad de \u00e1cido hialur\u00f3nico a inyectar.<\/p>\n<h2>La consulta inicial<\/h2>\n<p>La consulta inicial es una oportunidad para examinarlo, discutir su malestar y explicar los resultados esperados. Permite buscar antecedentes que puedan requerir reglas de precauci\u00f3n como el herpes genital o el tabaquismo.<\/p>\n<h2>Complicaciones<\/h2>\n<p>Cualquier cirug\u00eda, incluso menor, conlleva riesgos. Estas complicaciones son extremadamente raras y, en este caso, generalmente leves. No se puede descartar el riesgo de reacciones a la anestesia. Ocasionalmente, se presentan complicaciones como infecciones o hematomas.<\/p>\n<p>En casos excepcionales, puede haber necrosis cut\u00e1nea parcial. El edema puede persistir durante varios meses, pero generalmente es autolimitado.<\/p>\n<h2>Antes de la cirug\u00eda<\/h2>\n<p>Es fundamental dejar de fumar al menos dos meses antes de la cirug\u00eda, ya que el tabaco contribuye al fracaso del injerto de grasa. No se debe tomar aspirina 10 d\u00edas antes de la cirug\u00eda. Antes de la cirug\u00eda, es necesario lavarse con jab\u00f3n antis\u00e9ptico.<\/p>\n<p>El d\u00eda del procedimiento, debe contar con tiempo suficiente para llegar puntualmente sin estr\u00e9s. Es importante que alguien lo lleve a casa despu\u00e9s de su hospitalizaci\u00f3n.<\/p>\n<h2>Seguimiento postoperatorio<\/h2>\n<p>El curso postoperatorio es generalmente indoloro.<\/p>\n<p>Puede aparecer un edema significativo y generalmente tarda de 10 a 15 d\u00edas en desaparecer.<\/p>\n<p>La abstinencia sexual es imprescindible durante 4 semanas.<\/p>\n<p>La actividad profesional, si no es especialmente f\u00edsica, se puede reanudar pasadas 24 horas.<\/p>\n<p>La ganancia de circunferencia est\u00e1 en promedio entre 2 cm y 2,5 cm.<\/p>\n<p>La inyecci\u00f3n de \u00e1cido hialur\u00f3nico se tolera perfectamente, no se produce rechazo y se puede reanudar la pr\u00e1ctica de todas las actividades f\u00edsicas y deportivas habituales con total seguridad. De la misma manera, no se observar\u00e1n molestias durante las erecciones.<\/p>","protected":false},"excerpt":{"rendered":"<p>Un p\u00e9nis d&#8217;un petit volume peut entra\u00eener une g\u00eane importante au quotidien. Le p\u00e9nis est recouvert d&#8217;un \u00e9tui cutan\u00e9 appel\u00e9 fourreau p\u00e9nien. Le but de cette intervention par votre Chirurgien Esth\u00e9tique \u00e0 Marseille est de r\u00e9aliser des injections d\u2019acide hyaluronique sous le fourreau p\u00e9nien et le gland. Cette phalloplastie peut dans certains cas \u00eatre associ\u00e9e [&hellip;]<\/p>\n","protected":false},"author":1,"featured_media":0,"parent":17279,"menu_order":0,"comment_status":"closed","ping_status":"closed","template":"","meta":{"_et_pb_use_builder":"","_et_pb_old_content":"","_et_gb_content_width":"","footnotes":""},"dipi_cpt_category":[],"class_list":["post-1481","page","type-page","status-publish","hentry"],"_links":{"self":[{"href":"https:\/\/www.desouches-chirurgien-esthetique.com\/es\/wp-json\/wp\/v2\/pages\/1481","targetHints":{"allow":["GET"]}}],"collection":[{"href":"https:\/\/www.desouches-chirurgien-esthetique.com\/es\/wp-json\/wp\/v2\/pages"}],"about":[{"href":"https:\/\/www.desouches-chirurgien-esthetique.com\/es\/wp-json\/wp\/v2\/types\/page"}],"author":[{"embeddable":true,"href":"https:\/\/www.desouches-chirurgien-esthetique.com\/es\/wp-json\/wp\/v2\/users\/1"}],"replies":[{"embeddable":true,"href":"https:\/\/www.desouches-chirurgien-esthetique.com\/es\/wp-json\/wp\/v2\/comments?post=1481"}],"version-history":[{"count":1,"href":"https:\/\/www.desouches-chirurgien-esthetique.com\/es\/wp-json\/wp\/v2\/pages\/1481\/revisions"}],"predecessor-version":[{"id":1482,"href":"https:\/\/www.desouches-chirurgien-esthetique.com\/es\/wp-json\/wp\/v2\/pages\/1481\/revisions\/1482"}],"up":[{"embeddable":true,"href":"https:\/\/www.desouches-chirurgien-esthetique.com\/es\/wp-json\/wp\/v2\/pages\/17279"}],"wp:attachment":[{"href":"https:\/\/www.desouches-chirurgien-esthetique.com\/es\/wp-json\/wp\/v2\/media?parent=1481"}],"wp:term":[{"taxonomy":"dipi_cpt_category","embeddable":true,"href":"https:\/\/www.desouches-chirurgien-esthetique.com\/es\/wp-json\/wp\/v2\/dipi_cpt_category?post=1481"}],"curies":[{"name":"gracias","href":"https:\/\/api.w.org\/{rel}","templated":true}]}}