{"id":1467,"date":"2021-03-05T18:33:47","date_gmt":"2021-03-05T17:33:47","guid":{"rendered":"https:\/\/www.desouches-chirurgien-esthetique.com\/?page_id=1467"},"modified":"2023-07-10T16:43:27","modified_gmt":"2023-07-10T14:43:27","slug":"lipolisis-laser-frio","status":"publish","type":"page","link":"https:\/\/www.desouches-chirurgien-esthetique.com\/es\/medecine-esthetique\/medecine-esthetique-de-la-silhouette\/lipolyse-par-laser-froid\/","title":{"rendered":"Lip\u00f3lisis con l\u00e1ser fr\u00edo"},"content":{"rendered":"<p>Este tratamiento est\u00e1 destinado a hombres y mujeres con sobrepeso y\/o celulitis (piel de naranja), que deseen mejorar su figura a trav\u00e9s de un procedimiento suave.<\/p>\n<p>En unas pocas sesiones programadas a lo largo de uno o dos meses dentro de un <a href=\"https:\/\/www.desouches-chirurgien-esthetique.com\/es\/\">pr\u00e1ctica est\u00e9tica<\/a>, la lip\u00f3lisis con l\u00e1ser fr\u00edo proporciona una importante reducci\u00f3n de la circunferencia de cintura, caderas, muslos o cualquier zona tratada.<\/p>\n<p>Este apreciable beneficio no requiere ninguna intervenci\u00f3n invasiva, se realiza sin agujas, lo que evita cualquier hematoma, cualquier enrojecimiento, cualquier trauma. Es un tratamiento personalizado suave y eficaz.<\/p>\n<p>De hecho, no hay destrucci\u00f3n del tejido adiposo, sino solo una reducci\u00f3n de las grasas que luego se disuelven de forma natural. con un vaciado del contenido de las c\u00e9lulas grasas.<\/p>\n<h2>Zonas a tratar con lipol\u00e1ser<\/h2>\n<ul>\n<li>Abdomen<\/li>\n<li>Manijas del amor<\/li>\n<li>clavijas<\/li>\n<li>Rodillas<\/li>\n<li>Muslos<\/li>\n<li>Brazo<\/li>\n<li>Cuello<\/li>\n<li>papada<\/li>\n<li>Papada<\/li>\n<li>cara ovalada<\/li>\n<li>Alforjas<\/li>\n<li>Papada<\/li>\n<li>Caderas<\/li>\n<li>Est\u00f3mago<\/li>\n<\/ul>\n<h2>Las sesiones<\/h2>\n<p>La lip\u00f3lisis con l\u00e1ser fr\u00edo utiliza un l\u00e1ser rojo de baja intensidad durante un tiempo de aplicaci\u00f3n de treinta minutos. Las sondas son 8 y pueden tratar grandes \u00e1reas. Muy pr\u00e1ctico, una sonda puede tratar todas las \u00e1reas sensibles o inaccesibles.<\/p>\n<p>Est\u00e1s c\u00f3modamente instalado durante la sesi\u00f3n, y sentir\u00e1s un calor muy ligero en las zonas tratadas. Una sesi\u00f3n de una hora trata 2 \u00e1reas por secuencia de treinta minutos.<\/p>\n<p>La remodelaci\u00f3n de un \u00e1rea requiere un promedio de 4 a 8 secuencias de treinta minutos, repartidas en una o dos sesiones por semana, durante 4 semanas.<\/p>\n<p>Se tomar\u00e1n medidas seg\u00fan el caso cada 3-4 sesiones con reportaje fotogr\u00e1fico.<\/p>\n<h2>La consulta inicial<\/h2>\n<p>En tu primera cita con el Dr. Desouches se establecer\u00e1 un diagn\u00f3stico para estudiar las zonas a afinar, validar el inter\u00e9s del tratamiento para tu morfolog\u00eda y tomarte las medidas para fijar los objetivos en cms y peso.<\/p>\n<p>A continuaci\u00f3n, se le ofrecer\u00e1 un programa (4 a 8 sesiones de Lipolaser a raz\u00f3n de 1 a 2 sesiones por semana) y un presupuesto.<\/p>\n<h2>Complicaciones<\/h2>\n<p>No se observan complicaciones con este tipo de intervenci\u00f3n suave.<\/p>\n<h2>Despu\u00e9s de las sesiones de lipol\u00e1ser<\/h2>\n<p>Dentro de las 12 horas posteriores a la sesi\u00f3n y con el fin de evacuar la grasa liberada por el l\u00e1ser, se recomienda practicar actividad f\u00edsica durante 30 minutos.<\/p>\n<p>La mejora de la silueta y la reducci\u00f3n de la celulitis se observan en 1 mes de tratamiento. A veces pueden ser necesarias una o dos sesiones adicionales.<\/p>\n<h2>Contraindicaciones<\/h2>\n<p>Embarazo, lactancia, uso de marcapasos, hipertensi\u00f3n no controlada, disfunci\u00f3n tiroidea, enfermedades de la piel.<\/p>","protected":false},"excerpt":{"rendered":"<p>Ce traitement s\u2019adresse aux hommes et aux femmes en surpoids et\/ou souffrant de cellulites (peau d\u2019orange), qui souhaitent am\u00e9liorer leur silhouette par une proc\u00e9dure douce. En quelques s\u00e9ances programm\u00e9es sur un \u00e0 deux mois au sein d&#8217;un cabinet esth\u00e9tique, la lipolyse par laser froid procure une r\u00e9duction significative du tour de taille, de hanche, des [&hellip;]<\/p>\n","protected":false},"author":1,"featured_media":0,"parent":17275,"menu_order":0,"comment_status":"closed","ping_status":"closed","template":"","meta":{"_et_pb_use_builder":"","_et_pb_old_content":"","_et_gb_content_width":"","footnotes":""},"dipi_cpt_category":[],"class_list":["post-1467","page","type-page","status-publish","hentry"],"_links":{"self":[{"href":"https:\/\/www.desouches-chirurgien-esthetique.com\/es\/wp-json\/wp\/v2\/pages\/1467","targetHints":{"allow":["GET"]}}],"collection":[{"href":"https:\/\/www.desouches-chirurgien-esthetique.com\/es\/wp-json\/wp\/v2\/pages"}],"about":[{"href":"https:\/\/www.desouches-chirurgien-esthetique.com\/es\/wp-json\/wp\/v2\/types\/page"}],"author":[{"embeddable":true,"href":"https:\/\/www.desouches-chirurgien-esthetique.com\/es\/wp-json\/wp\/v2\/users\/1"}],"replies":[{"embeddable":true,"href":"https:\/\/www.desouches-chirurgien-esthetique.com\/es\/wp-json\/wp\/v2\/comments?post=1467"}],"version-history":[{"count":2,"href":"https:\/\/www.desouches-chirurgien-esthetique.com\/es\/wp-json\/wp\/v2\/pages\/1467\/revisions"}],"predecessor-version":[{"id":13484,"href":"https:\/\/www.desouches-chirurgien-esthetique.com\/es\/wp-json\/wp\/v2\/pages\/1467\/revisions\/13484"}],"up":[{"embeddable":true,"href":"https:\/\/www.desouches-chirurgien-esthetique.com\/es\/wp-json\/wp\/v2\/pages\/17275"}],"wp:attachment":[{"href":"https:\/\/www.desouches-chirurgien-esthetique.com\/es\/wp-json\/wp\/v2\/media?parent=1467"}],"wp:term":[{"taxonomy":"dipi_cpt_category","embeddable":true,"href":"https:\/\/www.desouches-chirurgien-esthetique.com\/es\/wp-json\/wp\/v2\/dipi_cpt_category?post=1467"}],"curies":[{"name":"gracias","href":"https:\/\/api.w.org\/{rel}","templated":true}]}}