{"id":1464,"date":"2021-03-05T18:32:16","date_gmt":"2021-03-05T17:32:16","guid":{"rendered":"https:\/\/www.desouches-chirurgien-esthetique.com\/?page_id=1464"},"modified":"2023-07-11T09:52:03","modified_gmt":"2023-07-11T07:52:03","slug":"implante-de-pantorrilla","status":"publish","type":"page","link":"https:\/\/www.desouches-chirurgien-esthetique.com\/es\/chirurgie-esthetique\/chirurgie-esthetique-de-la-silhouette\/implant-pour-mollet\/","title":{"rendered":"Implante de pantorrilla"},"content":{"rendered":"<h2>Informaci\u00f3n importante<\/h2>\n<p>Este texto proporciona informaci\u00f3n b\u00e1sica sobre los principios y el procedimiento de la cirug\u00eda de aumento de pantorrillas con pr\u00f3tesis. Es fundamental comprender bien el procedimiento y los resultados esperados antes de considerarlo. Es importante destacar que el objetivo de esta cirug\u00eda es mejorar, no perfeccionar. Si sus objetivos son realistas, el resultado le satisfar\u00e1.<\/p>\n<h2>La consulta inicial<\/h2>\n<p>La consulta inicial nos permite evaluar su estado de salud, concretar las condiciones de la intervenci\u00f3n y la ubicaci\u00f3n de las futuras cicatrices.<\/p>\n<p>Se le pedir\u00e1 que deje de fumar por completo al menos un mes antes de la fecha de la cirug\u00eda.<\/p>\n<h2>Antes de la cirug\u00eda<\/h2>\n<p>Se consultar\u00e1 con el anestesi\u00f3logo menos de un mes antes del procedimiento. No se deben tomar medicamentos que contengan aspirina en los 10 d\u00edas previos. Es fundamental ayunar (no comer ni beber nada) durante las 6 horas previas al procedimiento. Antes del procedimiento y durante los dos d\u00edas previos, se usar\u00e1 jab\u00f3n antis\u00e9ptico para ducharse.<\/p>\n<p>El d\u00eda de la cirug\u00eda, debe contar con tiempo suficiente para llegar puntualmente sin estr\u00e9s excesivo. Es importante que alguien lo lleve a casa despu\u00e9s de su hospitalizaci\u00f3n y que lo ayude durante los primeros d\u00edas despu\u00e9s de la cirug\u00eda.<\/p>\n<h2>La intervenci\u00f3n<\/h2>\n<p>El principio consiste en insertar una pr\u00f3tesis flexible a trav\u00e9s de una incisi\u00f3n delante del m\u00fasculo gastrocnemio de la pantorrilla. La pr\u00f3tesis est\u00e1 compuesta por una cubierta de silicona y un relleno de gel de silicona. La incisi\u00f3n se realiza horizontalmente en el hueco popl\u00edteo (el pliegue detr\u00e1s de la rodilla). El procedimiento se realiza bajo anestesia general. Generalmente, la hospitalizaci\u00f3n ambulatoria es suficiente.<\/p>\n<h2>Despu\u00e9s de la intervenci\u00f3n<\/h2>\n<p>Puede experimentar molestias y fatiga durante 2 a 3 d\u00edas.<\/p>\n<p>El dolor generalmente se alivia con analg\u00e9sicos convencionales. La hospitalizaci\u00f3n es de corta duraci\u00f3n. El primer vendaje se aplica despu\u00e9s de 24 a 48 horas. Si se produce drenaje, se retirar\u00e1 el drenaje en este momento. Las suturas absorbibles suelen quedar ocultas en la cicatriz y no es necesario retirarlas. Generalmente es necesario un descanso del trabajo por un per\u00edodo de una semana dependiendo de su actividad f\u00edsica. Se recomienda una suspensi\u00f3n de 2 meses de toda actividad deportiva. Es importante no exponer la cicatriz al sol durante al menos 6 meses y protegerla con una pantalla total despu\u00e9s de este per\u00edodo. El resultado final se valora a partir del 3er mes.<\/p>\n<h2>Complicaciones<\/h2>\n<p>Cualquier procedimiento quir\u00fargico, incluso realizado de forma competente y con la m\u00e1xima seguridad, conlleva riesgo de complicaciones. Existe el riesgo de reacci\u00f3n a la anestesia.<\/p>\n<p>Es importante saber que las t\u00e9cnicas anest\u00e9sicas, los productos utilizados y los m\u00e9todos de monitorizaci\u00f3n han avanzado enormemente. Ofrecen una seguridad \u00f3ptima, especialmente cuando el procedimiento se realiza fuera de urgencias y en una persona sana; sin embargo, conllevan el riesgo de complicaciones graves. La aparici\u00f3n de un hematoma alrededor de la pr\u00f3tesis en los primeros d\u00edas despu\u00e9s de la cirug\u00eda puede requerir una nueva intervenci\u00f3n. La aparici\u00f3n de una infecci\u00f3n es una complicaci\u00f3n poco frecuente. Suele aparecer en las semanas posteriores a la cirug\u00eda. Generalmente, el implante debe retirarse. Pasar\u00e1n varios meses antes de que se pueda insertar un nuevo implante.<\/p>\n<p>El fen\u00f3meno de la c\u00e1psula fibrosa alrededor del implante es una reacci\u00f3n natural del cuerpo a un cuerpo extra\u00f1o. En algunos casos este fen\u00f3meno es exagerado y conduce a una apariencia fija de la pr\u00f3tesis. La aparici\u00f3n de este casco es impredecible y puede dar lugar a una nueva intervenci\u00f3n. La rotura de la pr\u00f3tesis puede aparecer tras un traumatismo o por el desgaste normal de \u00e9sta. Esto implica la extracci\u00f3n y el reemplazo de la pr\u00f3tesis. Es posible un desplazamiento de la pr\u00f3tesis en el primer mes. En este caso, es preferible una intervenci\u00f3n breve para reposicionarlo.<\/p>\n<p>La cirug\u00eda de aumento de pantorrillas deja cicatrices. La evoluci\u00f3n de estas cicatrices es impredecible y puede ser desfavorable con la aparici\u00f3n de pigmentaciones, hipertrofia (cicatriz roja e inflamatoria) o incluso queloides (almohadilla indurada viol\u00e1cea). Estas complicaciones cicatriciales pueden comprometer la apariencia est\u00e9tica del resultado final. Si aparece una complicaci\u00f3n, es necesaria una estrecha vigilancia y es imperativo el cumplimiento de las instrucciones.<\/p>\n<p>Para obtener m\u00e1s informaci\u00f3n sobre la cirug\u00eda de aumento de pantorrillas, p\u00f3ngase en contacto con el Dr. Desouches, cirujano est\u00e9tico en Marsella.<\/p>","protected":false},"excerpt":{"rendered":"<p>Informations importantes Ce texte apporte des informations de base sur les principes et le d\u00e9roulement d&#8217;une chirurgie d&#8217;augmentation de mollet par proth\u00e8se. La bonne compr\u00e9hension du d\u00e9roulement de l&#8217;intervention et du r\u00e9sultat attendu est indispensable avant d&#8217;envisager celle-ci. Il faut bien souligner que le but cette chirurgie est d&#8217;apporter une am\u00e9lioration et non pas d&#8217;obtenir [&hellip;]<\/p>\n","protected":false},"author":1,"featured_media":0,"parent":514,"menu_order":3,"comment_status":"closed","ping_status":"closed","template":"","meta":{"_et_pb_use_builder":"","_et_pb_old_content":"","_et_gb_content_width":"","footnotes":""},"dipi_cpt_category":[],"class_list":["post-1464","page","type-page","status-publish","hentry"],"_links":{"self":[{"href":"https:\/\/www.desouches-chirurgien-esthetique.com\/es\/wp-json\/wp\/v2\/pages\/1464","targetHints":{"allow":["GET"]}}],"collection":[{"href":"https:\/\/www.desouches-chirurgien-esthetique.com\/es\/wp-json\/wp\/v2\/pages"}],"about":[{"href":"https:\/\/www.desouches-chirurgien-esthetique.com\/es\/wp-json\/wp\/v2\/types\/page"}],"author":[{"embeddable":true,"href":"https:\/\/www.desouches-chirurgien-esthetique.com\/es\/wp-json\/wp\/v2\/users\/1"}],"replies":[{"embeddable":true,"href":"https:\/\/www.desouches-chirurgien-esthetique.com\/es\/wp-json\/wp\/v2\/comments?post=1464"}],"version-history":[{"count":1,"href":"https:\/\/www.desouches-chirurgien-esthetique.com\/es\/wp-json\/wp\/v2\/pages\/1464\/revisions"}],"predecessor-version":[{"id":1465,"href":"https:\/\/www.desouches-chirurgien-esthetique.com\/es\/wp-json\/wp\/v2\/pages\/1464\/revisions\/1465"}],"up":[{"embeddable":true,"href":"https:\/\/www.desouches-chirurgien-esthetique.com\/es\/wp-json\/wp\/v2\/pages\/514"}],"wp:attachment":[{"href":"https:\/\/www.desouches-chirurgien-esthetique.com\/es\/wp-json\/wp\/v2\/media?parent=1464"}],"wp:term":[{"taxonomy":"dipi_cpt_category","embeddable":true,"href":"https:\/\/www.desouches-chirurgien-esthetique.com\/es\/wp-json\/wp\/v2\/dipi_cpt_category?post=1464"}],"curies":[{"name":"gracias","href":"https:\/\/api.w.org\/{rel}","templated":true}]}}