{"id":14608,"date":"2021-12-02T11:02:24","date_gmt":"2021-12-02T10:02:24","guid":{"rendered":"https:\/\/www.desouches-chirurgien-esthetique.com\/?page_id=14608"},"modified":"2026-01-19T16:46:45","modified_gmt":"2026-01-19T15:46:45","slug":"aumento-de-senos-minimamente-invasivo","status":"publish","type":"page","link":"https:\/\/www.desouches-chirurgien-esthetique.com\/es\/chirurgie-esthetique\/chirurgie-esthetique-des-seins\/augmentation-mammaire-par-prothese\/augmentation-mammaire-mini-invasive\/","title":{"rendered":"Aumento de senos m\u00ednimamente invasivo"},"content":{"rendered":"<h2>Una innovadora t\u00e9cnica de aumento de senos<\/h2>\n<p>El aumento mamario m\u00ednimamente invasivo es una t\u00e9cnica de \u00faltima generaci\u00f3n para la colocaci\u00f3n de implantes mamarios mediante una incisi\u00f3n muy peque\u00f1a en la mama o debajo de los brazos. El procedimiento consiste en una incisi\u00f3n en un pliegue natural de la mama para que sea dif\u00edcil notar que se ha realizado la cirug\u00eda.<br \/>\nPara reducir al m\u00ednimo las cicatrices, el cirujano utiliza, entre otras cosas, un introductor Keller (Keller Funnel). Esta tecnolog\u00eda permite introducir el implante mamario de silicona a trav\u00e9s de incisiones reducidas.<\/p>\n<p>El Dr. Christophe Desouches, que practica regularmente todos los m\u00e9todos de aumento de senos (implante de senos, lipofilling), recomienda esta t\u00e9cnica particularmente bien tolerada siempre que sea posible.<\/p>\n<h2><span style=\"color: #333333; font-size: 26px;\">Resultados y ventajas del m\u00e9todo m\u00ednimamente invasivo<\/span><\/h2>\n<p>Gracias a la pericia y experiencia del Dr. Christophe Desouches, el resultado es un aumento de senos natural que deja solo una cicatriz casi imperceptible. La comodidad del paciente mejora significativamente, se usa menos analg\u00e9sico y la recuperaci\u00f3n es m\u00e1s r\u00e1pida.<br \/>\nAdem\u00e1s, el introductor Keller evita que el implante entre en contacto con la epidermis del paciente, lo que reduce el riesgo de infecci\u00f3n.<br \/>\nFinalmente, al reducir la tensi\u00f3n y el estr\u00e9s alrededor del \u00e1rea de inserci\u00f3n, esta tecnolog\u00eda permite una inserci\u00f3n m\u00e1s indolora, tambi\u00e9n limita el dolor potencial durante la cicatrizaci\u00f3n y acelera el tiempo de recuperaci\u00f3n.<\/p>\n<h3>cicatrices muy peque\u00f1as<\/h3>\n<p>La incisi\u00f3n se realiza directamente en uno de los pliegues naturales de la piel, en la areola, debajo del seno o en la axila, para que cuando cicatrice desaparezca con el aspecto natural de la zona afectada.<br \/>\nEste m\u00e9todo m\u00ednimamente invasivo puede reducir el tama\u00f1o de las cicatrices hasta un m\u00e1ximo de 3 cm.<\/p>\n<h3>El aumento de senos m\u00ednimamente invasivo es indoloro<\/h3>\n<p>La incomodidad que resulta de la intervenci\u00f3n se reduce gracias al uso del Keller Funnel que limita las tensiones alrededor del \u00e1rea de la incisi\u00f3n. El posible dolor se debe esencialmente al aumento mamario submuscular, siendo mucho menos dolorosos los implantes delante del m\u00fasculo en posici\u00f3n subfascial.<\/p>\n<h2>Simulaci\u00f3n 3D y aumento de mama m\u00ednimamente invasivo<\/h2>\n<p>Antes del aumento de pecho, muchas mujeres dudan sobre el volumen, la forma o la proyecci\u00f3n de los implantes.<\/p>\n<p>Gracias a la\u00a0<a href=\"https:\/\/www.desouches-chirurgien-esthetique.com\/es\/innovaciones\/simulacion-3d\/\">Simulaci\u00f3n 3D<\/a>, puede\u00a0<strong>visualiza tu resultado futuro<\/strong>\u00a0Antes del procedimiento.<br \/>\nEsta innovadora herramienta te permite comparar varias opciones y elegir con tranquilidad la pr\u00f3tesis de mama que mejor se adapta a tu figura.<\/p>\n<p>Durante la consulta, se toman varias fotos de alta definici\u00f3n para crear un modelo tridimensional de su busto. El Dr. Desouches ajusta virtualmente el tama\u00f1o, la forma y la posici\u00f3n de los implantes para proyectar un resultado realista, natural y personalizado. Puede observar el resultado desde diferentes \u00e1ngulos y definir sus preferencias antes de tomar una decisi\u00f3n.<\/p>\n<p>Este enfoque responde a las principales preguntas que usted pueda tener:<\/p>\n<ul>\n<li>\u00bfQu\u00e9 volumen de implante me conviene m\u00e1s?<\/li>\n<li>\u00bfMi escote lucir\u00e1 natural?<\/li>\n<li>\u00bfCu\u00e1l es la diferencia entre formas redondas y anat\u00f3micas?<\/li>\n<li>\u00bfEl resultado ser\u00e1 equilibrado y adaptado a mi tipo de cuerpo?<\/li>\n<\/ul>\n<p>La simulaci\u00f3n 3D proporciona un valioso apoyo para la toma de decisiones, reduce las incertidumbres y fortalece la confianza antes de la operaci\u00f3n.<br \/>\nEst\u00e1 incluido en el costo de la consulta inicial, sin cargos adicionales por el uso de la tecnolog\u00eda Quantificare 3D.<\/p>\n<p><img decoding=\"async\" class=\"aligncenter wp-image-1573\" src=\"https:\/\/www.desouches-chirurgien-esthetique.com\/wp-content\/uploads\/2021\/03\/simulation-3d-pour-la-poitrine-desouches-2.jpg\" alt=\"Simulaci\u00f3n 3D para aumento de senos\" width=\"910\" height=\"280\" srcset=\"https:\/\/www.desouches-chirurgien-esthetique.com\/wp-content\/uploads\/2021\/03\/simulation-3d-pour-la-poitrine-desouches-2.jpg 910w, https:\/\/www.desouches-chirurgien-esthetique.com\/wp-content\/uploads\/2021\/03\/simulation-3d-pour-la-poitrine-desouches-2-480x148.jpg 480w\" sizes=\"(min-width: 0px) and (max-width: 480px) 480px, (min-width: 481px) 910px, 100vw\" \/><\/p>\n<h2>\u00bfC\u00f3mo se realiza un aumento mamario m\u00ednimamente invasivo?<\/h2>\n<p>El Dr. Christophe Desouches estudia la posici\u00f3n y el tama\u00f1o \u00f3ptimos de la incisi\u00f3n seg\u00fan su morfolog\u00eda y el tama\u00f1o de los implantes. Gracias a esta incisi\u00f3n crea un espacio por delante o por detr\u00e1s del m\u00fasculo pectoral para alojar el implante. Luego inserta los implantes utilizando el introductor de Keller, una tecnolog\u00eda que le permite reducir significativamente las tensiones durante la inserci\u00f3n.<br \/>\nUna vez que se colocan los implantes mamarios, la incisi\u00f3n se cierra con puntos profundos que se reabsorben lentamente sin hilos visibles en la piel.<\/p>\n<p>El tipo de implante que utiliza el Dr. Christophe Desouches es generalmente un implante redondo a base de gel cohesivo de silicona sin texturizar (implante liso).<\/p>\n<p><a href=\"\/es\/cirugia-estetica\/faq-cirugia-cosmetica\/preguntas-frecuentes-preguntas-frecuentes-aumento-de-los-senos\/\">Preguntas frecuentes sobre el aumento de senos &gt;<\/a><\/p>","protected":false},"excerpt":{"rendered":"<p>Une technique innovante d\u2019augmentation mammaire L\u2019augmentation mammaire mini-invasive est une technique de pointe pour placer des implants mammaires en r\u00e9alisant une incision tr\u00e8s courte au niveau du sein ou sous les bras. La proc\u00e9dure implique une incision dans un pli naturel de votre poitrine de sorte qu\u2019il soit difficile de remarquer qu\u2019une chirurgie ait \u00e9t\u00e9 [&hellip;]<\/p>\n","protected":false},"author":1,"featured_media":0,"parent":1362,"menu_order":2,"comment_status":"closed","ping_status":"closed","template":"","meta":{"_et_pb_use_builder":"","_et_pb_old_content":"","_et_gb_content_width":"","footnotes":""},"dipi_cpt_category":[],"class_list":["post-14608","page","type-page","status-publish","hentry"],"_links":{"self":[{"href":"https:\/\/www.desouches-chirurgien-esthetique.com\/es\/wp-json\/wp\/v2\/pages\/14608","targetHints":{"allow":["GET"]}}],"collection":[{"href":"https:\/\/www.desouches-chirurgien-esthetique.com\/es\/wp-json\/wp\/v2\/pages"}],"about":[{"href":"https:\/\/www.desouches-chirurgien-esthetique.com\/es\/wp-json\/wp\/v2\/types\/page"}],"author":[{"embeddable":true,"href":"https:\/\/www.desouches-chirurgien-esthetique.com\/es\/wp-json\/wp\/v2\/users\/1"}],"replies":[{"embeddable":true,"href":"https:\/\/www.desouches-chirurgien-esthetique.com\/es\/wp-json\/wp\/v2\/comments?post=14608"}],"version-history":[{"count":7,"href":"https:\/\/www.desouches-chirurgien-esthetique.com\/es\/wp-json\/wp\/v2\/pages\/14608\/revisions"}],"predecessor-version":[{"id":23420572,"href":"https:\/\/www.desouches-chirurgien-esthetique.com\/es\/wp-json\/wp\/v2\/pages\/14608\/revisions\/23420572"}],"up":[{"embeddable":true,"href":"https:\/\/www.desouches-chirurgien-esthetique.com\/es\/wp-json\/wp\/v2\/pages\/1362"}],"wp:attachment":[{"href":"https:\/\/www.desouches-chirurgien-esthetique.com\/es\/wp-json\/wp\/v2\/media?parent=14608"}],"wp:term":[{"taxonomy":"dipi_cpt_category","embeddable":true,"href":"https:\/\/www.desouches-chirurgien-esthetique.com\/es\/wp-json\/wp\/v2\/dipi_cpt_category?post=14608"}],"curies":[{"name":"gracias","href":"https:\/\/api.w.org\/{rel}","templated":true}]}}