{"id":1457,"date":"2021-03-05T18:16:24","date_gmt":"2021-03-05T17:16:24","guid":{"rendered":"https:\/\/www.desouches-chirurgien-esthetique.com\/?page_id=1457"},"modified":"2023-07-17T17:34:30","modified_gmt":"2023-07-17T15:34:30","slug":"lipofilling-de-los-nalgas-2","status":"publish","type":"page","link":"https:\/\/www.desouches-chirurgien-esthetique.com\/es\/chirurgie-esthetique\/chirurgie-esthetique-de-la-silhouette\/brazilian-butt-lift\/","title":{"rendered":"Levantamiento de gl\u00fateos brasile\u00f1o"},"content":{"rendered":"<p><img decoding=\"async\" class=\"aligncenter size-full wp-image-1458\" src=\"https:\/\/www.desouches-chirurgien-esthetique.com\/wp-content\/uploads\/2021\/03\/lipofilling-des-fesses.jpg\" alt=\"Lipofilling de gl\u00fateos\" width=\"800\" height=\"450\" srcset=\"https:\/\/www.desouches-chirurgien-esthetique.com\/wp-content\/uploads\/2021\/03\/lipofilling-des-fesses.jpg 800w, https:\/\/www.desouches-chirurgien-esthetique.com\/wp-content\/uploads\/2021\/03\/lipofilling-des-fesses-480x270.jpg 480w\" sizes=\"(min-width: 0px) and (max-width: 480px) 480px, (min-width: 481px) 800px, 100vw\" \/><\/p>\n<p>&nbsp;<\/p>\n<h2>El levantamiento de gl\u00fateos brasile\u00f1o por lipoestructura<\/h2>\n<p>Con la edad en personas delgadas, los gl\u00fateos tienden a perder volumen y convertirse en ptosis. Esta fusi\u00f3n de grasa es en parte responsable de la flacidez de la piel. La lipoestructura (o inyecci\u00f3n de grasa aut\u00f3loga) es un trasplante de tejido adiposo. Su objetivo es restaurar los vol\u00famenes y las formas de la parte superior de los gl\u00fateos con un efecto de elevaci\u00f3n brasile\u00f1o para restaurar su plenitud juvenil.<\/p>\n<h2>La intervenci\u00f3n<\/h2>\n<p>El objetivo del procedimiento es inyectar grasa en una zona donde hay falta despu\u00e9s de haberla tomado de donde hay exceso.<\/p>\n<p>El tejido graso se elimina mediante liposucci\u00f3n de forma suave y atraum\u00e1tica. Tras la centrifugaci\u00f3n, la parte celular de la grasa extra\u00edda se reinyecta como topping mediante microc\u00e1nulas a trav\u00e9s de incisiones puntiformes en la piel. La anestesia utilizada es generalmente local asociada a sedaci\u00f3n endovenosa. El procedimiento generalmente se realiza de forma ambulatoria, con alta el mismo d\u00eda.<\/p>\n<h2>La consulta inicial<\/h2>\n<p>La consulta inicial es una oportunidad para examinar tu figura, discutir tus motivaciones y explicar los resultados esperados.<\/p>\n<p>Permite buscar patolog\u00edas que puedan contraindicar la t\u00e9cnica (alergia a productos anest\u00e9sicos) o antecedentes que puedan requerir reglas de precauci\u00f3n (herpes labial, tabaquismo).<\/p>\n<h2>Complicaciones<\/h2>\n<p>Cualquier cirug\u00eda, incluso menor, conlleva riesgos. Estas complicaciones son extremadamente raras y, en este caso, suelen ser leves. No se puede descartar el riesgo de infecci\u00f3n o reacci\u00f3n a la anestesia.<\/p>\n<h2>Antes de la intervenci\u00f3n<\/h2>\n<p>Es fundamental dejar de fumar al menos dos meses antes de la cirug\u00eda, ya que el tabaco contribuye al fracaso del trasplante de c\u00e9lulas grasas. Est\u00e1 prohibido tomar aspirina 10 d\u00edas antes de la cirug\u00eda. Antes de la cirug\u00eda, es necesario lavarse con jab\u00f3n antis\u00e9ptico. El d\u00eda de la cirug\u00eda, debe contar con tiempo suficiente para llegar puntualmente sin estr\u00e9s excesivo. Es importante que alguien lo lleve a casa despu\u00e9s de su hospitalizaci\u00f3n y que pueda ayudarle durante los primeros d\u00edas posteriores a la cirug\u00eda.<\/p>\n<h2>Postoperatorio<\/h2>\n<p>El curso postoperatorio es generalmente indoloro. Por otro lado, un edema suele ser muy importante y generalmente tarda entre 10 y 15 d\u00edas en desaparecer. Los moretones son visibles durante una a tres semanas. La reanudaci\u00f3n de una actividad profesional es posible despu\u00e9s de una semana y de una actividad deportiva despu\u00e9s de 6 semanas. Hay una lenta reabsorci\u00f3n de grasa que se estabiliza alrededor del 6\u00ba mes. Es en esta fecha que se puede evaluar el resultado final.<\/p>\n<h2>Informaci\u00f3n importante<\/h2>\n<p>Este texto proporciona informaci\u00f3n b\u00e1sica sobre los principios y el procedimiento de la lipoestructura. Se le entregar\u00e1 una hoja de informaci\u00f3n m\u00e1s detallada durante su consulta. Una buena comprensi\u00f3n del procedimiento y el resultado esperado es esencial antes de considerar esta intervenci\u00f3n. Hay que recalcar que el objetivo de esta cirug\u00eda es lograr una mejora y no obtener la perfecci\u00f3n. Si sus deseos son realistas, el resultado lo satisfar\u00e1.<\/p>\n<section><a class=\"download\" href=\"https:\/\/www.desouches-chirurgien-esthetique.com\/wp-content\/uploads\/2021\/03\/lipostructure_fesses.pdf\">Descarga el documento en formato PDF<\/a><\/section>","protected":false},"excerpt":{"rendered":"<p>&nbsp; Le Brazilian Butt Lift par lipostructure Avec l&#8217;\u00e2ge chez les gens minces, les fesses ont tendance \u00e0 perdre du volume et \u00e0 se ptoser. Cette fonte graisseuse est en partie responsable du rel\u00e2chement cutan\u00e9. La lipostructure (ou injection de graisse autologue) est une greffe de tissus adipeux. Elle a pour but de restaurer les [&hellip;]<\/p>\n","protected":false},"author":1,"featured_media":0,"parent":514,"menu_order":1,"comment_status":"closed","ping_status":"closed","template":"","meta":{"_et_pb_use_builder":"","_et_pb_old_content":"","_et_gb_content_width":"","footnotes":""},"dipi_cpt_category":[],"class_list":["post-1457","page","type-page","status-publish","hentry"],"_links":{"self":[{"href":"https:\/\/www.desouches-chirurgien-esthetique.com\/es\/wp-json\/wp\/v2\/pages\/1457","targetHints":{"allow":["GET"]}}],"collection":[{"href":"https:\/\/www.desouches-chirurgien-esthetique.com\/es\/wp-json\/wp\/v2\/pages"}],"about":[{"href":"https:\/\/www.desouches-chirurgien-esthetique.com\/es\/wp-json\/wp\/v2\/types\/page"}],"author":[{"embeddable":true,"href":"https:\/\/www.desouches-chirurgien-esthetique.com\/es\/wp-json\/wp\/v2\/users\/1"}],"replies":[{"embeddable":true,"href":"https:\/\/www.desouches-chirurgien-esthetique.com\/es\/wp-json\/wp\/v2\/comments?post=1457"}],"version-history":[{"count":4,"href":"https:\/\/www.desouches-chirurgien-esthetique.com\/es\/wp-json\/wp\/v2\/pages\/1457\/revisions"}],"predecessor-version":[{"id":23418022,"href":"https:\/\/www.desouches-chirurgien-esthetique.com\/es\/wp-json\/wp\/v2\/pages\/1457\/revisions\/23418022"}],"up":[{"embeddable":true,"href":"https:\/\/www.desouches-chirurgien-esthetique.com\/es\/wp-json\/wp\/v2\/pages\/514"}],"wp:attachment":[{"href":"https:\/\/www.desouches-chirurgien-esthetique.com\/es\/wp-json\/wp\/v2\/media?parent=1457"}],"wp:term":[{"taxonomy":"dipi_cpt_category","embeddable":true,"href":"https:\/\/www.desouches-chirurgien-esthetique.com\/es\/wp-json\/wp\/v2\/dipi_cpt_category?post=1457"}],"curies":[{"name":"gracias","href":"https:\/\/api.w.org\/{rel}","templated":true}]}}