{"id":1406,"date":"2021-03-05T17:27:10","date_gmt":"2021-03-05T16:27:10","guid":{"rendered":"https:\/\/www.desouches-chirurgien-esthetique.com\/?page_id=1406"},"modified":"2023-09-06T17:17:22","modified_gmt":"2023-09-06T15:17:22","slug":"liposuccion","status":"publish","type":"page","link":"https:\/\/www.desouches-chirurgien-esthetique.com\/es\/chirurgie-esthetique\/chirurgie-esthetique-de-la-silhouette\/liposuccion\/","title":{"rendered":"liposucci\u00f3n"},"content":{"rendered":"<p>La liposucci\u00f3n es una t\u00e9cnica moderna y eficaz para tratar los dep\u00f3sitos de grasa que se encuentran entre el tejido de la piel y los m\u00fasculos.<\/p>\n<p>La liposucci\u00f3n es un procedimiento que se realiza para eliminar el exceso de tejido graso subcut\u00e1neo mediante succi\u00f3n. Esta t\u00e9cnica se centra principalmente en mejorar y definir la forma natural del cuerpo.<\/p>\n<p>Durante la liposucci\u00f3n, una c\u00e1nula que es un tubo de acero de punta roma se conecta a un dispositivo de succi\u00f3n para eliminar la grasa del cuerpo.<\/p>\n<p>La liposucci\u00f3n se usa para tratar el exceso de grasa en varias \u00e1reas del cuerpo. Puedes descubrir las intervenciones espec\u00edficas de:<\/p>\n<ul>\n<li><a href=\"https:\/\/www.desouches-chirurgien-esthetique.com\/es\/cirugia-estetica-de-la-silueta\/liposuccion\/liposuccion-de-vientre-2\/\">liposucci\u00f3n de vientre<\/a><\/li>\n<li><a href=\"https:\/\/www.desouches-chirurgien-esthetique.com\/es\/cirugia-estetica-de-la-silueta\/liposuccion\/liposuccion-de-muslos\/\">liposucci\u00f3n de muslos<\/a><\/li>\n<li><a href=\"https:\/\/www.desouches-chirurgien-esthetique.com\/es\/cirugia-estetica-de-la-silueta\/liposuccion\/liposuccion-de-cadera\/\">liposucci\u00f3n de cadera<\/a><\/li>\n<li><a href=\"https:\/\/www.desouches-chirurgien-esthetique.com\/es\/cirugia-estetica-de-la-silueta\/liposuccion\/liposuccion-de-pantorrillas\/\">liposucci\u00f3n de pantorrilla<\/a><\/li>\n<li><a href=\"https:\/\/www.desouches-chirurgien-esthetique.com\/es\/cirugia-estetica-de-la-silueta\/liposuccion\/vibroliposuccion\/\">vibroliposucci\u00f3n<\/a><\/li>\n<li><a href=\"https:\/\/www.desouches-chirurgien-esthetique.com\/es\/cirugia-estetica-de-la-silueta\/liposuccion\/liposuccion-ultrasonica\/\">liposucci\u00f3n ultras\u00f3nica<\/a><\/li>\n<\/ul>\n<h2>\u00bfCu\u00e1ndo se puede considerar la liposucci\u00f3n?<\/h2>\n<p>La liposucci\u00f3n elimina de forma permanente los dep\u00f3sitos de grasa localizados que no desaparecen a pesar de las dietas o el deporte. Por lo tanto, no es solo la grasa superficial debajo de la piel, que est\u00e1 presente en todo el cuerpo, sino especialmente la grasa localizada en la capa m\u00e1s profunda de la piel.<\/p>\n<p>Por lo tanto, puede considerar la liposucci\u00f3n cuando:<\/p>\n<ul>\n<li>Tienes \u00e1reas localizadas de dep\u00f3sitos de grasa que son antiest\u00e9ticas en comparaci\u00f3n con el resto de tu cuerpo;<\/li>\n<li>Quieres una mejor definici\u00f3n de tu silueta;<\/li>\n<li>Su elasticidad de la piel es suficiente.<\/li>\n<\/ul>\n<p style=\"text-align: center;\"><img decoding=\"async\" class=\"aligncenter size-full wp-image-1407\" src=\"https:\/\/www.desouches-chirurgien-esthetique.com\/wp-content\/uploads\/2021\/03\/avant-apres.jpg\" alt=\"liposucci\u00f3n\" width=\"606\" height=\"341\" srcset=\"https:\/\/www.desouches-chirurgien-esthetique.com\/wp-content\/uploads\/2021\/03\/avant-apres.jpg 606w, https:\/\/www.desouches-chirurgien-esthetique.com\/wp-content\/uploads\/2021\/03\/avant-apres-480x270.jpg 480w\" sizes=\"(min-width: 0px) and (max-width: 480px) 480px, (min-width: 481px) 606px, 100vw\" \/><\/p>\n<h2>\u00bfCu\u00e1les son los beneficios de la liposucci\u00f3n?<\/h2>\n<p>Los pacientes pueden esperar obtener un beneficio est\u00e9tico real de la liposucci\u00f3n de pantorrillas. Es una forma segura y eficaz de tratar el exceso de grasa.<\/p>\n<p>Las principales ventajas de la liposucci\u00f3n son:<\/p>\n<ul>\n<li>Elimina inmediatamente la grasa<\/li>\n<li>La silueta tiene una apariencia m\u00e1s armoniosa.<\/li>\n<li>La t\u00e9cnica requiere peque\u00f1as incisiones, que dan como resultado peque\u00f1as cicatrices.<\/li>\n<li>La operaci\u00f3n se puede realizar con anestesia local con sedaci\u00f3n, lo que conlleva menos riesgo que una operaci\u00f3n con anestesia general.<\/li>\n<\/ul>\n<h2>Las desventajas de la liposucci\u00f3n<\/h2>\n<ul>\n<li>Los resultados pueden verse afectados por el aumento de peso, el envejecimiento y el embarazo;<\/li>\n<li>\u2022 La liposucci\u00f3n no mejora la apariencia de la celulitis ni de la piel fl\u00e1cida.<\/li>\n<\/ul>\n<p>Si desea conocer la mejor soluci\u00f3n en su caso concreto, una consulta con el <a href=\"https:\/\/www.desouches-chirurgien-esthetique.com\/es\/\">Dr. Christophe Desouches, cirujano est\u00e9tico de Marsella<\/a> se requiere para un balance.<\/p>\n<h2>\u00bfEs usted un buen candidato para la liposucci\u00f3n?<\/h2>\n<p>Para algunas personas, la dieta y el ejercicio no ayudan a eliminar los dep\u00f3sitos de grasa persistentes.<\/p>\n<p>Qui\u00e9nes son los buenos candidatos para considerar la liposucci\u00f3n:<\/p>\n<ul>\n<li>Tiene poco exceso de piel y buena elasticidad. La p\u00e9rdida de elasticidad con la edad puede afectar la calidad de los resultados de la liposucci\u00f3n abdominal, pero si su piel se ha mantenido el\u00e1stica, la edad por s\u00ed sola no es una contraindicaci\u00f3n para la liposucci\u00f3n abdominal.<\/li>\n<li>\u00a0Tienes exceso de grasa localizada y estos dep\u00f3sitos no desaparecen con ejercicio ni dieta;<\/li>\n<li>Est\u00e1 en buena forma f\u00edsica, no tiene m\u00e1s de 10 kg de sobrepeso y su peso es estable;<\/li>\n<li>\u00a0\u2022 Si est\u00e1 planeando perder o ganar peso (por ejemplo, debido a un embarazo o una dieta), ahora no es el momento de considerar una liposucci\u00f3n abdominal;<\/li>\n<li>\u2022 Tenga en cuenta que la liposucci\u00f3n no elimina la celulitis ni puede tensar la piel fl\u00e1cida.<\/li>\n<\/ul>\n<p>Si goza de buena salud general, con una actitud positiva y expectativas realistas, probablemente sea un buen candidato para este procedimiento.<\/p>\n<h2>\u00bfC\u00f3mo se realiza la liposucci\u00f3n?<\/h2>\n<p>La liposucci\u00f3n elimina la grasa de su cuerpo mediante succi\u00f3n y toma de una a dos horas. Se puede realizar con anestesia local o anestesia general, con estancia ambulatoria en una cl\u00ednica.<\/p>\n<p>El Dr. Christophe Desouches seleccionar\u00e1 el m\u00e9todo m\u00e1s adecuado en funci\u00f3n de la cantidad de grasa a eliminar:<\/p>\n<ul>\n<li>Liposucci\u00f3n con el m\u00e9todo tradicional donde se conecta una c\u00e1nula fina de punta redondeada a un sistema de succi\u00f3n si la cantidad de grasa a tratar es importante;<\/li>\n<li>Vibroliposucci\u00f3n o NIL (lipoescultura infras\u00f3nica nutacional) que tiene una c\u00e1nula vibratoria para permitir seguimientos m\u00e1s cortos y mejores resultados<\/li>\n<li>\u00a0Liposucci\u00f3n suave con una c\u00e1nula conectada a una jeringa si la cantidad de grasa es moderada.<\/li>\n<\/ul>\n<h2>\u00bfC\u00f3mo ser\u00e1n las cicatrices de la liposucci\u00f3n?<\/h2>\n<ul>\n<li>Debido a que las incisiones de la liposucci\u00f3n son de 1 a 2 mm, las cicatrices son peque\u00f1as y muy discretas, la mayor\u00eda de las veces ocultas en pliegues naturales;<\/li>\n<li>La mayor\u00eda de las cicatrices de la liposucci\u00f3n se desvanecen y son apenas visibles con el tiempo. La cicatrizaci\u00f3n visible es m\u00e1s com\u00fan cuando se usan c\u00e1nulas grandes y en pacientes que tienen pigmentaci\u00f3n oscura;<\/li>\n<li>Sin embargo, la calidad de la cicatrizaci\u00f3n depende de factores gen\u00e9ticos y es posible observar cicatrizaci\u00f3n hipertr\u00f3fica en personas predispuestas a ella;<\/li>\n<li>La cicatriz rara vez se puede asociar con discrom\u00eda, que es una mancha en la piel oscura (hiperpigmentaci\u00f3n) o clara (hipopigmentada).<\/li>\n<\/ul>\n<p>Aunque las cicatrices de las incisiones en la mayor\u00eda de los casos son permanentes, se desvanecen y mejoran con el tiempo. El Dr. Christophe Desouches har\u00e1 todo lo posible para colocar cicatrices en las zonas ocultas y minimizarlas, con el objetivo de conseguir el resultado deseado con las cicatrices lo m\u00e1s discretas posibles.<\/p>\n<h2>\u00bfCu\u00e1les son las consecuencias del procedimiento de liposucci\u00f3n?<\/h2>\n<p>El Dr. Christophe Desouches trabajar\u00e1 con usted para determinar cu\u00e1nto tiempo pasar\u00e1 antes de que pueda regresar a su nivel normal de actividad deportiva y social.<\/p>\n<p>Despu\u00e9s de la cirug\u00eda, recibir\u00e1 instrucciones detalladas sobre su cuidado postoperatorio, as\u00ed como informaci\u00f3n sobre:<\/p>\n<ul>\n<li>Los s\u00edntomas normales que experimentar\u00e1;<\/li>\n<li>Signos de posibles complicaciones.<\/li>\n<\/ul>\n<h3>Inmediatamente despu\u00e9s de la liposucci\u00f3n.<\/h3>\n<p>Usa prendas especiales de compresi\u00f3n para mantener su piel comprimida. Por lo general, deben usarse durante 6 semanas.<\/p>\n<p>A medida que desaparece el efecto de la anestesia, podr\u00eda sentir algo de dolor. Si el dolor es intenso o tarda mucho en desaparecer, com\u00e9ntelo con su equipo m\u00e9dico; es posible que le receten analg\u00e9sicos fuertes durante su hospitalizaci\u00f3n. Tambi\u00e9n notar\u00e1 enrojecimiento e hinchaz\u00f3n despu\u00e9s de la cirug\u00eda. En algunos casos, la hinchaz\u00f3n persistir\u00e1 durante algunas semanas o incluso uno o dos meses. El Dr. Desouches, cirujano est\u00e9tico en Marsella, le dir\u00e1 si el dolor, el enrojecimiento o la hinchaz\u00f3n son normales o un signo de una complicaci\u00f3n.<\/p>\n<h3>Tiempo de recuperaci\u00f3n despu\u00e9s de la liposucci\u00f3n.<\/h3>\n<p>Es extremadamente importante que siga estrictamente todas las instrucciones de cuidado que se le den. Esto incluir\u00e1 consejos sobre el uso de prendas de compresi\u00f3n, la toma de antibi\u00f3ticos y el nivel de actividad f\u00edsica permitido. El Dr. Christophe Desouches, su cirujano est\u00e9tico de Marsella, tambi\u00e9n le brindar\u00e1 instrucciones detalladas sobre los s\u00edntomas normales que experimentar\u00e1 y los signos de una posible complicaci\u00f3n. Es importante saber que el tiempo de recuperaci\u00f3n var\u00eda mucho de persona a persona.<\/p>\n<h2>\u00bfCu\u00e1les son los l\u00edmites y riesgos de la liposucci\u00f3n?<\/h2>\n<p>Las complicaciones de la cirug\u00eda de liposucci\u00f3n son raras. Sus riesgos espec\u00edficos se evaluar\u00e1n durante su consulta con el Dr. Christophe Desouches.<\/p>\n<p>Todos los procedimientos quir\u00fargicos conllevan cierto grado de riesgo.<\/p>\n<p>Algunas posibles complicaciones con todas las cirug\u00edas son:<\/p>\n<ul>\n<li>Reacci\u00f3n adversa a la anestesia;<\/li>\n<li>Hematoma o seroma (acumulaci\u00f3n de sangre o l\u00edquido debajo de la piel);<\/li>\n<li>Infecci\u00f3n y sangrado;<\/li>\n<li>Trastornos de sensibilidad<\/li>\n<li>Cicatrices hipertr\u00f3ficas o hiperpigmentadas;<\/li>\n<li>Reacciones al\u00e9rgicas;<\/li>\n<li>Resultados insatisfactorios que pueden requerir intervenciones adicionales;<\/li>\n<li>Co\u00e1gulos de sangre en las piernas o los pulmones (flebitis o embolia pulmonar).<\/li>\n<\/ul>\n<p>A continuaci\u00f3n se describen otros riesgos espec\u00edficos de la liposucci\u00f3n:<\/p>\n<ul>\n<li>Asimetr\u00eda;<\/li>\n<li>Irregularidades de la piel.<\/li>\n<\/ul>\n<p>Puede reducir ciertos riesgos siguiendo los consejos e instrucciones del Dr. Christophe Desouches, cirujano en Marsella, tanto antes como despu\u00e9s de la liposucci\u00f3n.<\/p>\n<p>Para m\u00e1s informaci\u00f3n, descubre las intervenciones de:<\/p>\n<ul>\n<li><a href=\"https:\/\/www.desouches-chirurgien-esthetique.com\/es\/cirugia-estetica\/cirugia-estetica-de-la-silueta\/liposuccion\/liposuccion-de-vientre-2\/\">liposucci\u00f3n de vientre<\/a><\/li>\n<li><a href=\"https:\/\/www.desouches-chirurgien-esthetique.com\/es\/cirugia-estetica\/cirugia-estetica-de-la-silueta\/liposuccion\/liposuccion-de-muslos\/\">liposucci\u00f3n de muslos<\/a><\/li>\n<li><a href=\"https:\/\/www.desouches-chirurgien-esthetique.com\/es\/cirugia-estetica\/cirugia-estetica-de-la-silueta\/liposuccion\/liposuccion-de-cadera\/\">liposucci\u00f3n de cadera<\/a><\/li>\n<li><a href=\"https:\/\/www.desouches-chirurgien-esthetique.com\/es\/cirugia-estetica\/cirugia-estetica-de-la-silueta\/liposuccion\/liposuccion-de-pantorrillas\/\">liposucci\u00f3n de pantorrilla<\/a><\/li>\n<li><a href=\"https:\/\/www.desouches-chirurgien-esthetique.com\/es\/cirugia-estetica\/cirugia-estetica-de-la-silueta\/liposuccion\/vibroliposuccion\/\">vibroliposucci\u00f3n<\/a><\/li>\n<li><a href=\"https:\/\/www.desouches-chirurgien-esthetique.com\/es\/cirugia-estetica\/cirugia-estetica-de-la-silueta\/liposuccion\/liposuccion-ultrasonica\/\">liposucci\u00f3n ultras\u00f3nica<\/a><\/li>\n<\/ul>","protected":false},"excerpt":{"rendered":"<p>La liposuccion est une technique moderne et efficace pour traiter les amas graisseux localis\u00e9s entre le tissu cutan\u00e9 et les muscles. La liposuccion est une intervention r\u00e9alis\u00e9e pour \u00e9liminer par aspiration l\u2019exc\u00e8s de tissu adipeux sous la peau. Cette technique se focalise principalement sur l&#8217;am\u00e9lioration et la d\u00e9finition de la forme naturelle du corps. Au [&hellip;]<\/p>\n","protected":false},"author":1,"featured_media":0,"parent":514,"menu_order":0,"comment_status":"closed","ping_status":"closed","template":"","meta":{"_et_pb_use_builder":"off","_et_pb_old_content":"","_et_gb_content_width":"","footnotes":""},"dipi_cpt_category":[],"class_list":["post-1406","page","type-page","status-publish","hentry"],"_links":{"self":[{"href":"https:\/\/www.desouches-chirurgien-esthetique.com\/es\/wp-json\/wp\/v2\/pages\/1406","targetHints":{"allow":["GET"]}}],"collection":[{"href":"https:\/\/www.desouches-chirurgien-esthetique.com\/es\/wp-json\/wp\/v2\/pages"}],"about":[{"href":"https:\/\/www.desouches-chirurgien-esthetique.com\/es\/wp-json\/wp\/v2\/types\/page"}],"author":[{"embeddable":true,"href":"https:\/\/www.desouches-chirurgien-esthetique.com\/es\/wp-json\/wp\/v2\/users\/1"}],"replies":[{"embeddable":true,"href":"https:\/\/www.desouches-chirurgien-esthetique.com\/es\/wp-json\/wp\/v2\/comments?post=1406"}],"version-history":[{"count":16,"href":"https:\/\/www.desouches-chirurgien-esthetique.com\/es\/wp-json\/wp\/v2\/pages\/1406\/revisions"}],"predecessor-version":[{"id":23418811,"href":"https:\/\/www.desouches-chirurgien-esthetique.com\/es\/wp-json\/wp\/v2\/pages\/1406\/revisions\/23418811"}],"up":[{"embeddable":true,"href":"https:\/\/www.desouches-chirurgien-esthetique.com\/es\/wp-json\/wp\/v2\/pages\/514"}],"wp:attachment":[{"href":"https:\/\/www.desouches-chirurgien-esthetique.com\/es\/wp-json\/wp\/v2\/media?parent=1406"}],"wp:term":[{"taxonomy":"dipi_cpt_category","embeddable":true,"href":"https:\/\/www.desouches-chirurgien-esthetique.com\/es\/wp-json\/wp\/v2\/dipi_cpt_category?post=1406"}],"curies":[{"name":"gracias","href":"https:\/\/api.w.org\/{rel}","templated":true}]}}