{"id":1385,"date":"2021-03-05T17:14:28","date_gmt":"2021-03-05T16:14:28","guid":{"rendered":"https:\/\/www.desouches-chirurgien-esthetique.com\/?page_id=1385"},"modified":"2023-07-10T11:35:11","modified_gmt":"2023-07-10T09:35:11","slug":"intususcepcion","status":"publish","type":"page","link":"https:\/\/www.desouches-chirurgien-esthetique.com\/es\/chirurgie-esthetique\/chirurgie-esthetique-des-seins\/invagination-du-mamelon\/","title":{"rendered":"Intususcepci\u00f3n del pez\u00f3n"},"content":{"rendered":"<p>A algunas mujeres les molesta un pez\u00f3n invaginado o invertido: el extremo del seno est\u00e1 deformado y el pez\u00f3n est\u00e1 poco marcado o completamente sin relieve. Es la falta de los conductos de leche que es generalmente la causa.<\/p>\n<p>El origen puede ser m\u00faltiple: hereditario, a ra\u00edz de un embarazo o una infecci\u00f3n.<\/p>\n<p>Entonces desean encontrar una soluci\u00f3n a esta molestia est\u00e9tica de sus senos.<\/p>\n<p>Competente en cirug\u00eda est\u00e9tica del pez\u00f3n y en cirug\u00eda mamaria, el Dr. Christophe Desouches le ofrece una soluci\u00f3n adecuada en su oficina ubicada en Marsella.<\/p>\n<p>De hecho, la cirug\u00eda de invaginaci\u00f3n del pez\u00f3n, m\u00ednimamente invasiva, indolora, que no deja cicatriz visible, puede solucionar definitivamente este problema.<\/p>\n<h2>\u00bfPor qu\u00e9 someterse a una cirug\u00eda est\u00e9tica para su pez\u00f3n?<\/h2>\n<p>Las pacientes con intususcepci\u00f3n generalmente no saben que este aspecto de sus senos se puede corregir. Muchas veces es en una consulta de cirug\u00eda de mamas que surge la oportunidad, entonces se ofrece adem\u00e1s de dicha cirug\u00eda.<\/p>\n<p>Esto afecta a mujeres de todas las edades (despu\u00e9s del final de la pubertad), molestas por un pez\u00f3n poco prominente o incluso invertido.<\/p>\n<h2>\u00bfC\u00f3mo se realiza una invaginaci\u00f3n del pez\u00f3n?<\/h2>\n<p>Despu\u00e9s de una entrevista y estudio de sus senos, el Dr. Christophe Desouches le recomendar\u00e1 la mejor t\u00e9cnica para mejorar la armon\u00eda de sus senos y le brindar\u00e1 toda la informaci\u00f3n que necesita para comprender y prepararse para el procedimiento.<\/p>\n<p>La operaci\u00f3n se realiza con anestesia local con o sin sedaci\u00f3n, rara vez con anestesia general, seg\u00fan el perfil del paciente.<\/p>\n<p>Todo comienza con una preparaci\u00f3n, durante la cual el cirujano coloca marcadores que lo guiar\u00e1n.<\/p>\n<p>Luego se puede realizar la operaci\u00f3n: incisiones en la base del pez\u00f3n para seccionar los conductos l\u00e1cteos y peque\u00f1as plastias locales para dar alivio al pez\u00f3n.<\/p>\n<p>Las cicatrices suelen ser limitadas y discretas.<\/p>\n<p>Finalmente, las suturas se realizan con hilos absorbibles.<\/p>\n<p>El procedimiento es r\u00e1pido, en promedio de 30 a 60 minutos por pez\u00f3n.<\/p>\n<p>Despu\u00e9s del procedimiento ambulatorio, la paciente puede regresar a su hogar.<\/p>\n<p>Para obtener m\u00e1s informaci\u00f3n sobre la cirug\u00eda est\u00e9tica de pezones en general, el Dr. Desouches, un cirujano pl\u00e1stico calificado con sede en Marsella, podr\u00e1 responder a todas sus preguntas.<\/p>\n<h2>\u00bfCu\u00e1les son las consecuencias y resultados de la intervenci\u00f3n?<\/h2>\n<p>El procedimiento es leve y poco doloroso, y se resuelve en los primeros d\u00edas, por lo que el postoperatorio no es muy restrictivo:<\/p>\n<ul>\n<li>recuperaci\u00f3n de 2 a 3 d\u00edas<\/li>\n<li>vestirse cada 2 d\u00edas durante 2 semanas<\/li>\n<li>dormir boca arriba o de lado durante los primeros d\u00edas<\/li>\n<li>reanudaci\u00f3n de actividades deportivas 2 semanas despu\u00e9s de la intervenci\u00f3n (3 semanas para nataci\u00f3n y deportes intensos)<\/li>\n<\/ul>\n<p>El paciente puede notar una ligera disminuci\u00f3n de la sensibilidad durante los primeros d\u00edas.<\/p>\n<p>El resultado es r\u00e1pidamente visible por el relieve de los pezones.<\/p>\n<p>Despu\u00e9s de 6 a 12 meses, el resultado est\u00e9tico final es visible, pezones marcados que han recuperado volumen y, en general, sin cicatriz visible.<\/p>","protected":false},"excerpt":{"rendered":"<p>Certaines femmes sont g\u00ean\u00e9es par un mamelon invagin\u00e9 ou ombiliqu\u00e9 : le bout du sein est\u00a0 d\u00e9form\u00e9 et mamelon peu marqu\u00e9 ou totalement sans relief. C\u2019est la bri\u00e8vet\u00e9 des canaux galactophoriques qui en est g\u00e9n\u00e9ralement la cause. L\u2019origine peut \u00eatre multiple : h\u00e9r\u00e9ditaire, suite d\u2019une grossesse ou d\u2019une infection. Elles souhaitent alors trouver une solution [&hellip;]<\/p>\n","protected":false},"author":1,"featured_media":0,"parent":378,"menu_order":6,"comment_status":"closed","ping_status":"closed","template":"","meta":{"_et_pb_use_builder":"","_et_pb_old_content":"","_et_gb_content_width":"","footnotes":""},"dipi_cpt_category":[],"class_list":["post-1385","page","type-page","status-publish","hentry"],"_links":{"self":[{"href":"https:\/\/www.desouches-chirurgien-esthetique.com\/es\/wp-json\/wp\/v2\/pages\/1385","targetHints":{"allow":["GET"]}}],"collection":[{"href":"https:\/\/www.desouches-chirurgien-esthetique.com\/es\/wp-json\/wp\/v2\/pages"}],"about":[{"href":"https:\/\/www.desouches-chirurgien-esthetique.com\/es\/wp-json\/wp\/v2\/types\/page"}],"author":[{"embeddable":true,"href":"https:\/\/www.desouches-chirurgien-esthetique.com\/es\/wp-json\/wp\/v2\/users\/1"}],"replies":[{"embeddable":true,"href":"https:\/\/www.desouches-chirurgien-esthetique.com\/es\/wp-json\/wp\/v2\/comments?post=1385"}],"version-history":[{"count":1,"href":"https:\/\/www.desouches-chirurgien-esthetique.com\/es\/wp-json\/wp\/v2\/pages\/1385\/revisions"}],"predecessor-version":[{"id":1386,"href":"https:\/\/www.desouches-chirurgien-esthetique.com\/es\/wp-json\/wp\/v2\/pages\/1385\/revisions\/1386"}],"up":[{"embeddable":true,"href":"https:\/\/www.desouches-chirurgien-esthetique.com\/es\/wp-json\/wp\/v2\/pages\/378"}],"wp:attachment":[{"href":"https:\/\/www.desouches-chirurgien-esthetique.com\/es\/wp-json\/wp\/v2\/media?parent=1385"}],"wp:term":[{"taxonomy":"dipi_cpt_category","embeddable":true,"href":"https:\/\/www.desouches-chirurgien-esthetique.com\/es\/wp-json\/wp\/v2\/dipi_cpt_category?post=1385"}],"curies":[{"name":"gracias","href":"https:\/\/api.w.org\/{rel}","templated":true}]}}